{"id":8101,"date":"2026-01-19T15:49:09","date_gmt":"2026-01-19T20:49:09","guid":{"rendered":"https:\/\/bpcounsel.com\/?page_id=8101"},"modified":"2026-01-19T15:52:01","modified_gmt":"2026-01-19T20:52:01","slug":"andrew-deschler","status":"publish","type":"page","link":"https:\/\/bpcounsel.com\/es\/andrew-deschler\/","title":{"rendered":"Andrew Deschler"},"content":{"rendered":"\t\t<div data-elementor-type=\"wp-page\" data-elementor-id=\"8101\" class=\"elementor elementor-8101\" data-elementor-post-type=\"page\">\n\t\t\t\t<div class=\"elementor-element elementor-element-3dad657a e-flex e-con-boxed e-con e-parent\" data-id=\"3dad657a\" data-element_type=\"container\" data-e-type=\"container\">\n\t\t\t\t\t<div class=\"e-con-inner\">\n\t\t\t\t<div class=\"elementor-element elementor-element-108a4350 elementor-widget elementor-widget-text-editor\" data-id=\"108a4350\" data-element_type=\"widget\" data-e-type=\"widget\" data-widget_type=\"text-editor.default\">\n\t\t\t\t\t\t\t\t\t<p>Andrew Deschler creci\u00f3 en Pfafftown, Carolina del Norte, a las afueras de Winston-Salem. Obtuvo su t\u00edtulo de abogado en Campbell Law School en Raleigh, donde desempe\u00f1\u00f3 diversos cargos de liderazgo y adquiri\u00f3 amplia experiencia pr\u00e1ctica, incluyendo su labor como Subdirector del Consejo Pro Bono, la administraci\u00f3n del Tribunal Juvenil (Teen Court) para infractores menores de edad y la gesti\u00f3n de asuntos civiles a trav\u00e9s de la Cl\u00ednica Jur\u00eddica para Estudiantes Avanzados. Durante sus estudios de derecho, tambi\u00e9n realiz\u00f3 una pasant\u00eda en la Junta de Servicios Funerarios de Carolina del Norte, donde asisti\u00f3 al abogado de la agencia en audiencias de derecho administrativo relacionadas con funerarias.<\/p><p>Andrew inici\u00f3 su carrera legal como Fiscal Auxiliar del Distrito en el Condado de Rowan, donde ejerci\u00f3 la acusaci\u00f3n durante cuatro a\u00f1os. Durante ese tiempo, llev\u00f3 una amplia variedad de casos, incluidos infracciones de tr\u00e1nsito, delitos de conducci\u00f3n bajo los efectos del alcohol, asuntos de tribunal juvenil, delitos sexuales, casos de muerte vehicular y juicios con jurado. Fue designado de manera especial para encargarse de los asuntos del Tribunal Juvenil cuando Carolina del Norte elev\u00f3 la edad de jurisdicci\u00f3n juvenil de 16 a 18 a\u00f1os.<\/p><p>Tras su labor en la Fiscal\u00eda, Andrew se incorpor\u00f3 a un peque\u00f1o despacho jur\u00eddico en Concord, Carolina del Norte, donde ejerci\u00f3 la defensa penal durante dos a\u00f1os. En ese cargo, represent\u00f3 a clientes en casos que abarcaban desde infracciones de tr\u00e1nsito hasta delitos menores y graves.<\/p><p>Posteriormente, Andrew asumi\u00f3 el cargo de Director de Empoderamiento Comunitario en el Charlotte Center for Legal Advocacy, una organizaci\u00f3n sin fines de lucro. Durante casi dos a\u00f1os, lider\u00f3 un equipo legal enfocado en la eliminaci\u00f3n de antecedentes penales, asuntos relacionados con licencias de conducir y el DMV, audiencias administrativas y cuestiones de impuestos sobre la propiedad. Tras importantes recortes de financiamiento estatal y federal que afectaron a la organizaci\u00f3n y a entidades sin fines de lucro en todo el pa\u00eds, Andrew se incorpor\u00f3 al despacho Panchenko Law Firm junto a Dmitriy Panchenko, donde actualmente concentra su pr\u00e1ctica en litigios civiles.<\/p>\t\t\t\t\t\t\t\t<\/div>\n\t\t\t\t<div class=\"elementor-element elementor-element-21cdb2e elementor-widget elementor-widget-heading\" data-id=\"21cdb2e\" data-element_type=\"widget\" data-e-type=\"widget\" data-widget_type=\"heading.default\">\n\t\t\t\t\t<h3 class=\"elementor-heading-title elementor-size-default\">Education<\/h3>\t\t\t\t<\/div>\n\t\t\t\t<div class=\"elementor-element elementor-element-17973ff elementor-widget-divider--view-line elementor-widget elementor-widget-divider\" data-id=\"17973ff\" data-element_type=\"widget\" data-e-type=\"widget\" data-widget_type=\"divider.default\">\n\t\t\t\t\t\t\t<div class=\"elementor-divider\">\n\t\t\t<span class=\"elementor-divider-separator\">\n\t\t\t\t\t\t<\/span>\n\t\t<\/div>\n\t\t\t\t\t\t<\/div>\n\t\t\t\t<div class=\"elementor-element elementor-element-5251fd9 elementor-widget elementor-widget-text-editor\" data-id=\"5251fd9\" data-element_type=\"widget\" data-e-type=\"widget\" data-widget_type=\"text-editor.default\">\n\t\t\t\t\t\t\t\t\t<ul><li><a href=\"https:\/\/law.campbell.edu\/\" target=\"_blank\" rel=\"noopener\">Campbell Law School<\/a><\/li><\/ul>\t\t\t\t\t\t\t\t<\/div>\n\t\t\t\t<div class=\"elementor-element elementor-element-dd7b0ed elementor-widget elementor-widget-heading\" data-id=\"dd7b0ed\" data-element_type=\"widget\" data-e-type=\"widget\" data-widget_type=\"heading.default\">\n\t\t\t\t\t<h3 class=\"elementor-heading-title elementor-size-default\">Bar Admissions<\/h3>\t\t\t\t<\/div>\n\t\t\t\t<div class=\"elementor-element elementor-element-35306f7 elementor-widget-divider--view-line elementor-widget elementor-widget-divider\" data-id=\"35306f7\" data-element_type=\"widget\" data-e-type=\"widget\" data-widget_type=\"divider.default\">\n\t\t\t\t\t\t\t<div class=\"elementor-divider\">\n\t\t\t<span class=\"elementor-divider-separator\">\n\t\t\t\t\t\t<\/span>\n\t\t<\/div>\n\t\t\t\t\t\t<\/div>\n\t\t\t\t<div class=\"elementor-element elementor-element-9175d54 elementor-widget elementor-widget-text-editor\" data-id=\"9175d54\" data-element_type=\"widget\" data-e-type=\"widget\" data-widget_type=\"text-editor.default\">\n\t\t\t\t\t\t\t\t\t<ul>\n \t<li>Estado- Colegio de Abogados del Estado de Carolina del Norte<\/li>\n<\/ul>\t\t\t\t\t\t\t\t<\/div>\n\t\t\t\t\t<\/div>\n\t\t\t\t<\/div>\n\t\t\t\t<\/div>\n\t\t","protected":false},"excerpt":{"rendered":"<p>Andrew Deschler creci\u00f3 en Pfafftown, Carolina del Norte, a las afueras de Winston-Salem. Obtuvo su t\u00edtulo de abogado en Campbell Law School en Raleigh, donde desempe\u00f1\u00f3 diversos cargos de liderazgo y adquiri\u00f3 amplia experiencia pr\u00e1ctica, incluyendo su labor como Subdirector del Consejo Pro Bono, la administraci\u00f3n del Tribunal Juvenil (Teen Court) para infractores menores de [&hellip;]<\/p>\n","protected":false},"author":22,"featured_media":8102,"parent":0,"menu_order":0,"comment_status":"closed","ping_status":"closed","template":"","meta":{"_acf_changed":false,"anchor_text":"","footnotes":""},"class_list":["post-8101","page","type-page","status-publish","has-post-thumbnail","hentry"],"acf":[],"_links":{"self":[{"href":"https:\/\/bpcounsel.com\/es\/wp-json\/wp\/v2\/pages\/8101","targetHints":{"allow":["GET"]}}],"collection":[{"href":"https:\/\/bpcounsel.com\/es\/wp-json\/wp\/v2\/pages"}],"about":[{"href":"https:\/\/bpcounsel.com\/es\/wp-json\/wp\/v2\/types\/page"}],"author":[{"embeddable":true,"href":"https:\/\/bpcounsel.com\/es\/wp-json\/wp\/v2\/users\/22"}],"replies":[{"embeddable":true,"href":"https:\/\/bpcounsel.com\/es\/wp-json\/wp\/v2\/comments?post=8101"}],"version-history":[{"count":5,"href":"https:\/\/bpcounsel.com\/es\/wp-json\/wp\/v2\/pages\/8101\/revisions"}],"predecessor-version":[{"id":8107,"href":"https:\/\/bpcounsel.com\/es\/wp-json\/wp\/v2\/pages\/8101\/revisions\/8107"}],"wp:featuredmedia":[{"embeddable":true,"href":"https:\/\/bpcounsel.com\/es\/wp-json\/wp\/v2\/media\/8102"}],"wp:attachment":[{"href":"https:\/\/bpcounsel.com\/es\/wp-json\/wp\/v2\/media?parent=8101"}],"curies":[{"name":"wp","href":"https:\/\/api.w.org\/{rel}","templated":true}]}}