{"id":3765,"date":"2024-12-18T13:37:25","date_gmt":"2024-12-18T18:37:25","guid":{"rendered":"https:\/\/bpcounsel.com\/spartanburg\/spartanburg-compensacion-a-los-trabajadores-abogado\/"},"modified":"2025-01-26T05:20:09","modified_gmt":"2025-01-26T10:20:09","slug":"spartanburg-compensacion-a-los-trabajadores-abogado","status":"publish","type":"page","link":"https:\/\/bpcounsel.com\/es\/spartanburg\/spartanburg-compensacion-a-los-trabajadores-abogado\/","title":{"rendered":"Spartanburg Compensaci\u00f3n a los Trabajadores Abogado"},"content":{"rendered":"<h2>C\u00f3mo Panchenko Law Firm puede ayudarle con su reclamo de compensaci\u00f3n de trabajadores<\/h2>\n<p>En Panchenko Law Firm, entendemos los desaf\u00edos que vienen con la presentaci\u00f3n de una reclamaci\u00f3n de indemnizaci\u00f3n de los trabajadores. El proceso puede ser abrumador, especialmente cuando se trata de lesiones sufridas en el trabajo. Nuestros dedicados abogados de compensaci\u00f3n de trabajadores de Spartanburg est\u00e1n aqu\u00ed para proporcionarle la orientaci\u00f3n jur\u00eddica que necesita. Nos centramos en hacer el proceso de reclamaci\u00f3n lo m\u00e1s sencillo posible para que pueda concentrarse en su recuperaci\u00f3n. Nuestro equipo le ayudar\u00e1 a reunir la documentaci\u00f3n y las pruebas necesarias para respaldar su reclamaci\u00f3n. Esto incluye historiales m\u00e9dicos, informes de accidentes y declaraciones de testigos. Tambi\u00e9n nos aseguraremos de que se cumplan todos los plazos, ya que la presentaci\u00f3n a tiempo es crucial para el \u00e9xito de su caso. Al tomar estas medidas, nuestro objetivo es maximizar sus posibilidades de recibir los beneficios que se merece. Adem\u00e1s de ayudar con el proceso de reclamaciones, estamos comprometidos a defender sus derechos. Nuestros abogados son h\u00e1biles negociadores que trabajar\u00e1n diligentemente para recuperar el dinero para sus gastos m\u00e9dicos, salarios perdidos, y cualquier incapacidad parcial permanente que puede estar enfrentando. Sabemos c\u00f3mo contrarrestar las t\u00e1cticas utilizadas por las compa\u00f1\u00edas de seguros para minimizar los pagos. Cuando usted elige Panchenko Law Firm, usted gana un socio que se centra en sus mejores intereses. Le mantendremos informado durante todo el proceso, asegur\u00e1ndose de que entiende sus opciones en cada etapa. Nuestro objetivo es aliviar el estr\u00e9s asociado con su reclamo de los empleados, lo que le permite centrarse en la curaci\u00f3n y seguir adelante.<\/p>\n<p><a href=\"https:\/\/bpcounsel.com\/wp-content\/uploads\/2024\/12\/spartanburg-wc1-copy.webp\"><img fetchpriority=\"high\" decoding=\"async\" class=\"alignnone size-full wp-image-3049\" src=\"https:\/\/bpcounsel.com\/wp-content\/uploads\/2024\/12\/spartanburg-wc1-copy.webp\" alt=\"Contact us today for a work-relate injury. We are your Spartanburg Workers' Compensation Law Firm\" width=\"500\" height=\"334\" srcset=\"https:\/\/bpcounsel.com\/wp-content\/uploads\/2024\/12\/spartanburg-wc1-copy.webp 500w, https:\/\/bpcounsel.com\/wp-content\/uploads\/2024\/12\/spartanburg-wc1-copy-300x200.webp 300w\" sizes=\"(max-width: 500px) 100vw, 500px\" \/><\/a><\/p>\n<h2>Servicios legales integrales para trabajadores lesionados en Spartanburg<\/h2>\n<p>Nuestro dedicado equipo proporciona servicios legales integrales adaptados a las necesidades de aquellos que han sufrido lesiones en el lugar de trabajo. Nos enfocamos en guiarlo a trav\u00e9s del proceso de compensaci\u00f3n laboral, asegurando que reciba los beneficios a los que tiene derecho. Nuestros servicios cubren todos los aspectos de su reclamaci\u00f3n de indemnizaci\u00f3n laboral en Carolina del Sur. Desde la presentaci\u00f3n de su reclamaci\u00f3n inicial hasta la negociaci\u00f3n con las compa\u00f1\u00edas de seguros, estamos aqu\u00ed para apoyarle en cada paso del camino. Reconocemos que cada lesi\u00f3n de trabajo es \u00fanica, y nos tomamos el tiempo para entender los detalles de su caso. Esto nos ayuda a construir una base s\u00f3lida para su reclamo. Tambi\u00e9n ayudamos a entender los matices de las leyes de compensaci\u00f3n de trabajadores en Carolina del Sur. Nuestros experimentados abogados le explicar\u00e1n sus derechos y los beneficios disponibles para usted, tales como la cobertura de gastos m\u00e9dicos y salarios perdidos. Usted puede contar con nosotros para proporcionar orientaci\u00f3n jur\u00eddica clara y concisa, haciendo que el proceso sea m\u00e1s f\u00e1cil para usted. Si su caso requiere m\u00e1s acciones, como apelaciones o audiencias, estamos plenamente preparados para representarle. Nuestro compromiso es abogar ferozmente en su nombre, asegurando que su voz sea escuchada y sus derechos sean protegidos. La elecci\u00f3n de Panchenko Law Firm significa elegir un equipo que da prioridad a sus necesidades. Estamos dispuestos a luchar por la compensaci\u00f3n completa y justa que se merece de su empleador. P\u00f3ngase en contacto hoy para saber c\u00f3mo podemos ayudarle con su reclamo de compensaci\u00f3n de trabajadores en Spartanburg.<\/p>\n<h2>Pasos a seguir tras una lesi\u00f3n laboral<\/h2>\n<h3>Medidas inmediatas para proteger su derecho a una indemnizaci\u00f3n<\/h3>\n<p>Sufrir una lesi\u00f3n laboral puede ser abrumador. Sin embargo, tomar las medidas adecuadas inmediatamente despu\u00e9s del incidente es crucial para proteger sus derechos y asegurarse de que recibe la indemnizaci\u00f3n que merece. En primer lugar, conc\u00e9ntrese en su seguridad y bienestar. Si es posible, trasl\u00e1dese a un lugar seguro para evitar males mayores. A continuaci\u00f3n, informe inmediatamente de la lesi\u00f3n a su supervisor o empleador. Documentar el incidente es vital, ya que crea un registro que puede respaldar su reclamaci\u00f3n de indemnizaci\u00f3n por accidente laboral m\u00e1s adelante. Aseg\u00farate de anotar la hora, la fecha y las circunstancias de la lesi\u00f3n. Si hay testigos, rec\u00f3jalos. Esta documentaci\u00f3n exhaustiva puede ser muy valiosa a la hora de presentar su reclamaci\u00f3n y tratar con las compa\u00f1\u00edas de seguros.<\/p>\n<h3>Notificaci\u00f3n de la lesi\u00f3n y b\u00fasqueda de tratamiento m\u00e9dico<\/h3>\n<p>Tras notificar la lesi\u00f3n, acuda r\u00e1pidamente al m\u00e9dico. Aunque sus lesiones parezcan leves, es esencial que las eval\u00fae un profesional. La documentaci\u00f3n m\u00e9dica servir\u00e1 como prueba de su lesi\u00f3n y tratamiento, necesaria para su reclamaci\u00f3n de indemnizaci\u00f3n por accidente laboral. Cuando acuda al m\u00e9dico, expl\u00edquele c\u00f3mo se produjo la lesi\u00f3n y los s\u00edntomas que experimenta. Siga todos los tratamientos recomendados y lleve un registro de sus visitas m\u00e9dicas, facturas y terapias prescritas. Esta informaci\u00f3n ser\u00e1 crucial cuando solicite las prestaciones de indemnizaci\u00f3n por accidente laboral. Si sigue estos pasos, podr\u00e1 proteger eficazmente sus derechos y sentar las bases para una reclamaci\u00f3n de indemnizaci\u00f3n por accidente de trabajo exitosa. Recuerde, cuanto antes act\u00fae, mayores ser\u00e1n sus posibilidades de recibir una indemnizaci\u00f3n justa por sus lesiones y salarios perdidos.<\/p>\n<p><a href=\"https:\/\/bpcounsel.com\/wp-content\/uploads\/2024\/12\/spartanburg-wc2-copy.webp\"><img decoding=\"async\" class=\"alignnone size-full wp-image-3048\" src=\"https:\/\/bpcounsel.com\/wp-content\/uploads\/2024\/12\/spartanburg-wc2-copy.webp\" alt=\"We can help you in reporting your work place injury\" width=\"500\" height=\"334\" srcset=\"https:\/\/bpcounsel.com\/wp-content\/uploads\/2024\/12\/spartanburg-wc2-copy.webp 500w, https:\/\/bpcounsel.com\/wp-content\/uploads\/2024\/12\/spartanburg-wc2-copy-300x200.webp 300w\" sizes=\"(max-width: 500px) 100vw, 500px\" \/><\/a><\/p>\n<h2>El papel de un abogado de compensaci\u00f3n de trabajadores de Spartanburg<\/h2>\n<p>Cuando se enfrenta a una lesi\u00f3n relacionada con el trabajo, el panorama jur\u00eddico puede ser abrumador. Un abogado de compensaci\u00f3n de trabajadores de Spartanburg juega un papel crucial en la orientaci\u00f3n a trav\u00e9s del proceso. Ellos son su defensor, asegurando que sus derechos sean defendidos y que reciba los beneficios que se merece.<\/p>\n<h3>Manejo de las compa\u00f1\u00edas de seguros y la negociaci\u00f3n de acuerdos<\/h3>\n<p>Algunos empleadores tienen seguro de compensaci\u00f3n de trabajadores, pero no siempre hacen las cosas f\u00e1ciles. Tratar con las compa\u00f1\u00edas de seguros puede ser un reto. A menudo tratan de minimizar los pagos, por lo que es esencial contar con un abogado experto a su lado. Su abogado de accidentes laborales se encargar\u00e1 de todas las comunicaciones con la compa\u00f1\u00eda de seguros. Recopilar\u00e1 la documentaci\u00f3n necesaria, incluidos historiales m\u00e9dicos e informes de accidentes, para construir un caso s\u00f3lido. Al presentar una reclamaci\u00f3n bien documentada, su abogado puede negociar eficazmente un acuerdo justo que cubra sus gastos m\u00e9dicos y los salarios perdidos.<\/p>\n<h3>Preparaci\u00f3n de recursos y representaci\u00f3n en audiencias<\/h3>\n<p>Si su reclamaci\u00f3n es denegada o considera que la oferta de liquidaci\u00f3n es inadecuada, su abogado estar\u00e1 preparado para actuar. Puede prepararle para las apelaciones, ayud\u00e1ndole a entender el proceso y lo que puede esperar. En el caso de una audiencia, su abogado lo representar\u00e1, abogando por sus derechos y trabajando para asegurar la compensaci\u00f3n que necesita. Con un dedicado abogado de compensaci\u00f3n de trabajadores de Spartanburg, puede centrarse en su recuperaci\u00f3n, mientras que manejan las complejidades de su reclamo. Este apoyo es vital para navegar por el proceso legal y lograr la compensaci\u00f3n financiera que le corresponde.<\/p>\n<h2>\u00bfCu\u00e1ndo se puede presentar una demanda por lesiones personales de terceros?<\/h2>\n<p>En algunas situaciones, los trabajadores lesionados en Spartanburg pueden tener la oportunidad de perseguir un caso de lesiones personales de terceros junto con su reclamo de compensaci\u00f3n de trabajadores. Esto puede suceder cuando una parte que no sea su empleador es responsable de su lesi\u00f3n. Entender cuando esto es aplicable es crucial para maximizar su recuperaci\u00f3n financiera.<\/p>\n<h3>Situaciones en las que la compensaci\u00f3n adicional puede estar disponible<\/h3>\n<p>Hay varias situaciones en las que una reclamaci\u00f3n de terceros podr\u00eda ser una opci\u00f3n. Por ejemplo, si se lesion\u00f3 en un accidente laboral causado por un conductor negligente mientras realizaba su trabajo, puede presentar una reclamaci\u00f3n contra ese conductor. Del mismo modo, si un equipo defectuoso contribuy\u00f3 a su lesi\u00f3n, podr\u00eda presentar una demanda contra el fabricante o proveedor de dicho equipo. Estas reclamaciones adicionales pueden proporcionar una compensaci\u00f3n econ\u00f3mica que la indemnizaci\u00f3n de los trabajadores por s\u00ed sola no puede cubrir, como da\u00f1os no econ\u00f3micos por dolor y sufrimiento.<\/p>\n<h3>Diferencias entre las reclamaciones por accidentes de trabajo y las reclamaciones por da\u00f1os personales<\/h3>\n<p>Es importante reconocer las diferencias entre las reclamaciones de indemnizaci\u00f3n de los trabajadores y las reclamaciones por lesiones personales. La compensaci\u00f3n de los trabajadores proporciona beneficios independientemente de la culpa, lo que significa que usted no tiene que probar negligencia. Sin embargo, las reclamaciones por lesiones personales requieren demostrar que la negligencia de otra parte le caus\u00f3 da\u00f1os. Esta distinci\u00f3n puede afectar significativamente la cantidad y el tipo de compensaci\u00f3n que usted puede ser elegible para recibir. Consultar con un abogado experto en compensaci\u00f3n de trabajadores de Spartanburg puede ayudar a aclarar sus opciones y determinar si la b\u00fasqueda de una reclamaci\u00f3n de terceros es apropiado para su situaci\u00f3n. Al explorar todas las v\u00edas para la recuperaci\u00f3n, se puede trabajar para asegurar la compensaci\u00f3n que se merece por sus lesiones y p\u00e9rdidas.<\/p>\n<p><a href=\"https:\/\/bpcounsel.com\/wp-content\/uploads\/2024\/12\/spartanburg-wc3-copy.webp\"><img decoding=\"async\" class=\"alignnone size-full wp-image-3047\" src=\"https:\/\/bpcounsel.com\/wp-content\/uploads\/2024\/12\/spartanburg-wc3-copy.webp\" alt=\"Why you should choose Panchenko Law Firm for Your Workers' Compensation claim\" width=\"500\" height=\"334\" srcset=\"https:\/\/bpcounsel.com\/wp-content\/uploads\/2024\/12\/spartanburg-wc3-copy.webp 500w, https:\/\/bpcounsel.com\/wp-content\/uploads\/2024\/12\/spartanburg-wc3-copy-300x200.webp 300w\" sizes=\"(max-width: 500px) 100vw, 500px\" \/><\/a><\/p>\n<h2>\u00bfPor qu\u00e9 elegir Panchenko Law Firm para su caso de Compensaci\u00f3n de Trabajadores?<\/h2>\n<p>Cuando se enfrentan a las cuestiones jur\u00eddicas de los accidentes de trabajo, la selecci\u00f3n de la representaci\u00f3n legal adecuada es crucial. Nuestro equipo se centra en proporcionar un apoyo excepcional adaptado a su situaci\u00f3n \u00fanica. Nuestro equipo est\u00e1 dedicado a ayudarle a navegar las complejidades de las leyes de compensaci\u00f3n de trabajadores en Carolina del Sur.<\/p>\n<h3>Enfoque centrado en el cliente y defensa celosa<\/h3>\n<p>Nuestra empresa se enorgullece de un enfoque centrado en el cliente. Damos prioridad a sus necesidades y preocupaciones en cada paso del proceso. Usted recibir\u00e1 atenci\u00f3n personalizada de nuestros abogados experimentados que est\u00e1n comprometidos a abogar por sus derechos. Entendemos que cada caso es diferente, y nos tomamos el tiempo para escuchar su historia, evaluar sus circunstancias espec\u00edficas, y desarrollar una estrategia que tiene como objetivo el mejor resultado posible.<\/p>\n<h3>Asistencia multiling\u00fce y sin honorarios por adelantado<\/h3>\n<p>Reconocemos que la comunicaci\u00f3n es clave en asuntos legales. Nuestro personal habla varios idiomas, incluyendo ruso, ucraniano y espa\u00f1ol, asegurando que todos los clientes puedan sentirse c\u00f3modos discutiendo sus casos. Adem\u00e1s, trabajamos con honorarios condicionales. Esto significa que usted no pagar\u00e1 ning\u00fan honorario legal a menos que recuperemos con \u00e9xito la compensaci\u00f3n para usted. Este enfoque alivia la presi\u00f3n financiera y le permite centrarse en su recuperaci\u00f3n sin preocuparse por los costos iniciales. La elecci\u00f3n de Panchenko Law Firm significa tener un equipo dedicado a su lado, listo para luchar por sus derechos y asegurar la compensaci\u00f3n que se merece de su caso de lesiones en el trabajo. Perm\u00edtanos ayudarle a guiarle a trav\u00e9s del proceso de compensaci\u00f3n de los trabajadores y abogar por sus mejores intereses.<\/p>\n<p><a href=\"https:\/\/bpcounsel.com\/wp-content\/uploads\/2024\/12\/spartanburg-wc4-copy.webp\"><img loading=\"lazy\" decoding=\"async\" class=\"alignnone size-full wp-image-3046\" src=\"https:\/\/bpcounsel.com\/wp-content\/uploads\/2024\/12\/spartanburg-wc4-copy.webp\" alt=\"Contact Spartanbiurg's Workers' Compensation Lawyers today\" width=\"500\" height=\"334\" srcset=\"https:\/\/bpcounsel.com\/wp-content\/uploads\/2024\/12\/spartanburg-wc4-copy.webp 500w, https:\/\/bpcounsel.com\/wp-content\/uploads\/2024\/12\/spartanburg-wc4-copy-300x200.webp 300w\" sizes=\"(max-width: 500px) 100vw, 500px\" \/><\/a><\/p>\n<h2>P\u00f3ngase en contacto con Panchenko Law Firm para una consulta gratuita<\/h2>\n<p>Si usted ha sufrido una lesi\u00f3n en el lugar de trabajo en Spartanburg, no dude en ponerse en contacto con Panchenko Law Firm. Estamos aqu\u00ed para ayudarle a navegar el paisaje de compensaci\u00f3n de trabajadores y asegurar que sus derechos sean protegidos. Nuestros abogados experimentados entienden los desaf\u00edos que enfrentan los trabajadores lesionados y se han comprometido a proporcionar la orientaci\u00f3n jur\u00eddica que necesita. Durante su consulta gratuita, vamos a discutir los detalles de su situaci\u00f3n. Usted recibir\u00e1 atenci\u00f3n personalizada mientras evaluamos su reclamo de compensaci\u00f3n laboral. Nuestro equipo le explicar\u00e1 el proceso con claridad y delinear los pasos que debe tomar para perseguir los beneficios que se merece. Nuestra oficina cree en un enfoque centrado en el cliente. Esto significa que damos prioridad a sus necesidades y trabajar con diligencia para maximizar su compensaci\u00f3n financiera al tiempo que minimiza su estr\u00e9s. Entendemos que lidiar con facturas m\u00e9dicas y salarios perdidos puede ser abrumador. Es por eso que estamos dedicados a luchar por sus beneficios completos, para que pueda centrarse en su recuperaci\u00f3n. No espere para buscar la ayuda legal que necesita. P\u00f3ngase en contacto con nosotros hoy para programar su consulta gratuita. Deje que Panchenko Law Firm sea su defensor en la obtenci\u00f3n de la compensaci\u00f3n financiera a la que tiene derecho despu\u00e9s de su lesi\u00f3n en el lugar de trabajo. Estamos listos para ayudarle en cada paso del camino.<\/p>\n","protected":false},"excerpt":{"rendered":"<p>C\u00f3mo Panchenko Law Firm puede ayudarle con su reclamo de compensaci\u00f3n de trabajadores En Panchenko Law Firm, entendemos los desaf\u00edos que vienen con la presentaci\u00f3n de una reclamaci\u00f3n de indemnizaci\u00f3n de los trabajadores. El proceso puede ser abrumador, especialmente cuando se trata de lesiones sufridas en el trabajo. Nuestros dedicados abogados de compensaci\u00f3n de trabajadores [&hellip;]<\/p>\n","protected":false},"author":45,"featured_media":0,"parent":3744,"menu_order":0,"comment_status":"closed","ping_status":"closed","template":"","meta":{"_acf_changed":false,"anchor_text":"","footnotes":""},"class_list":["post-3765","page","type-page","status-publish","hentry"],"acf":[],"_links":{"self":[{"href":"https:\/\/bpcounsel.com\/es\/wp-json\/wp\/v2\/pages\/3765","targetHints":{"allow":["GET"]}}],"collection":[{"href":"https:\/\/bpcounsel.com\/es\/wp-json\/wp\/v2\/pages"}],"about":[{"href":"https:\/\/bpcounsel.com\/es\/wp-json\/wp\/v2\/types\/page"}],"author":[{"embeddable":true,"href":"https:\/\/bpcounsel.com\/es\/wp-json\/wp\/v2\/users\/45"}],"replies":[{"embeddable":true,"href":"https:\/\/bpcounsel.com\/es\/wp-json\/wp\/v2\/comments?post=3765"}],"version-history":[{"count":2,"href":"https:\/\/bpcounsel.com\/es\/wp-json\/wp\/v2\/pages\/3765\/revisions"}],"predecessor-version":[{"id":3767,"href":"https:\/\/bpcounsel.com\/es\/wp-json\/wp\/v2\/pages\/3765\/revisions\/3767"}],"up":[{"embeddable":true,"href":"https:\/\/bpcounsel.com\/es\/wp-json\/wp\/v2\/pages\/3744"}],"wp:attachment":[{"href":"https:\/\/bpcounsel.com\/es\/wp-json\/wp\/v2\/media?parent=3765"}],"curies":[{"name":"wp","href":"https:\/\/api.w.org\/{rel}","templated":true}]}}