{"id":3762,"date":"2024-12-18T13:37:11","date_gmt":"2024-12-18T18:37:11","guid":{"rendered":"https:\/\/bpcounsel.com\/spartanburg\/spartanburg-abogado-de-accidente-de-camion\/"},"modified":"2025-01-26T05:09:52","modified_gmt":"2025-01-26T10:09:52","slug":"spartanburg-abogado-de-accidente-de-camion","status":"publish","type":"page","link":"https:\/\/bpcounsel.com\/es\/spartanburg\/spartanburg-abogado-de-accidente-de-camion\/","title":{"rendered":"Spartanburg Abogado de Accidente de Cami\u00f3n"},"content":{"rendered":"<h2>Comprender la gravedad de los accidentes de camiones<\/h2>\n<p>Los accidentes de camiones suelen tener graves consecuencias debido al tama\u00f1o y peso de los veh\u00edculos comerciales. A diferencia de los accidentes de coche est\u00e1ndar, el impacto de una colisi\u00f3n que involucra a un cami\u00f3n puede conducir a lesiones catastr\u00f3ficas y da\u00f1os materiales significativos. Si el camionero estaba experimentando fatiga del conductor, por ejemplo, podr\u00eda tener consecuencias devastadoras en la carretera. Las v\u00edctimas a menudo se enfrentan a largos tiempos de recuperaci\u00f3n y gastos m\u00e9dicos sustanciales, por lo que es crucial para un abogado de accidentes de cami\u00f3n en Spartanburg entender la naturaleza \u00fanica de estos incidentes. La fuerza generada por un cami\u00f3n puede causar lesiones graves, incluyendo lesiones cerebrales traum\u00e1ticas, da\u00f1os en la m\u00e9dula espinal y fracturas \u00f3seas. Estas lesiones pueden conducir a discapacidades de por vida, afectando la calidad de vida de las v\u00edctimas y su capacidad para trabajar. En Spartanburg, Carolina del Sur, la prevalencia de grandes camiones comerciales en la carretera aumenta el riesgo de este tipo de accidentes, haciendo hincapi\u00e9 en la necesidad de sensibilizaci\u00f3n y medidas preventivas. Adem\u00e1s, el panorama jur\u00eddico que rodea a los accidentes de cami\u00f3n es m\u00e1s complejo que el de los t\u00edpicos accidentes de coche. M\u00faltiples partes pueden estar involucradas, incluyendo el conductor del cami\u00f3n, la empresa de transporte por carretera, y los fabricantes de veh\u00edculos. Cada parte puede tener alguna responsabilidad, lo que complica la b\u00fasqueda de una demanda v\u00e1lida por lesiones personales. Comprender estas complejidades es vital para las v\u00edctimas que buscan justicia. A la luz de estos factores, las v\u00edctimas de accidentes necesitan buscar la orientaci\u00f3n de un abogado experto en accidentes de cami\u00f3n en Spartanburg. Los profesionales del derecho con experiencia en casos de accidentes de camiones pueden navegar por las complejidades de la ley, asegurando que las v\u00edctimas reciban la compensaci\u00f3n completa y justa que se merecen.<\/p>\n<p><a href=\"https:\/\/bpcounsel.com\/wp-content\/uploads\/2024\/12\/spartanburg-truck-acc1-copy.webp\"><img fetchpriority=\"high\" decoding=\"async\" class=\"alignnone size-full wp-image-3074\" src=\"https:\/\/bpcounsel.com\/wp-content\/uploads\/2024\/12\/spartanburg-truck-acc1-copy.webp\" alt=\"Panchenko Law Firm is your Spartanburg truck accident lawyers\" width=\"500\" height=\"334\" srcset=\"https:\/\/bpcounsel.com\/wp-content\/uploads\/2024\/12\/spartanburg-truck-acc1-copy.webp 500w, https:\/\/bpcounsel.com\/wp-content\/uploads\/2024\/12\/spartanburg-truck-acc1-copy-300x200.webp 300w\" sizes=\"(max-width: 500px) 100vw, 500px\" \/><\/a><\/p>\n<h2>C\u00f3mo Panchenko Law Firm puede ayudarle<\/h2>\n<p>Cuando se enfrenta a las secuelas de un accidente de cami\u00f3n, tener un abogado con experiencia en accidentes de cami\u00f3n en Spartanburg a su lado puede hacer una diferencia significativa. En Panchenko Law Firm, entendemos las complejidades involucradas en los casos de accidentes de camiones. Nuestro equipo dedicado se compromete a ayudarle a navegar el panorama jur\u00eddico con confianza.<\/p>\n<h3>Nuestro enfoque de los casos de accidentes de camiones<\/h3>\n<p>Nuestro enfoque es directo y centrado en el cliente. Damos prioridad a sus necesidades y preocupaciones. Desde el momento en que nos contacta, nos tomamos el tiempo para escuchar su historia y entender los detalles de su situaci\u00f3n. Creemos en la preparaci\u00f3n minuciosa y la planificaci\u00f3n estrat\u00e9gica. Cada caso es \u00fanico, y adaptamos nuestras estrategias legales para adaptarse a las circunstancias que rodean su accidente. Empezamos por llevar a cabo una investigaci\u00f3n exhaustiva. Esto implica la recopilaci\u00f3n de todas las pruebas pertinentes, incluidos los informes policiales, registros m\u00e9dicos y declaraciones de testigos. Tambi\u00e9n analizamos las circunstancias del accidente para identificar a todos los posibles responsables. Nuestro objetivo es construir un caso s\u00f3lido que apoye su reclamaci\u00f3n de indemnizaci\u00f3n.<\/p>\n<h3>El papel de un abogado de accidente de cami\u00f3n en Spartanburg<\/h3>\n<p>Un abogado de Spartanburg tractor-remolque accidente de cami\u00f3n es fundamental en la defensa de sus derechos. Nos encargamos de todas las comunicaciones con las compa\u00f1\u00edas de seguros y las partes contrarias. Esto le permite centrarse en su recuperaci\u00f3n. Nuestro equipo es experto en la negociaci\u00f3n de los asentamientos que reflejan el alcance total de sus da\u00f1os, incluyendo gastos m\u00e9dicos, salarios perdidos, y el dolor y el sufrimiento. Estamos preparados para llevar su caso a los tribunales si las negociaciones no producen un acuerdo justo. Nuestros abogados tienen la experiencia para representarle eficazmente ante un juez y un jurado. Luchamos incansablemente para asegurar el mejor resultado posible para usted.<\/p>\n<h3>La investigaci\u00f3n de su accidente de cami\u00f3n<\/h3>\n<p>La investigaci\u00f3n de un accidente de cami\u00f3n requiere un buen ojo para el detalle. Nuestra firma emplea t\u00e9cnicas avanzadas para reunir pruebas. Podemos consultar a expertos en reconstrucci\u00f3n de accidentes para analizar la din\u00e1mica del choque. Esto nos ayuda a determinar c\u00f3mo ocurri\u00f3 el accidente y qui\u00e9n tiene la culpa. Adem\u00e1s, revisamos los registros de la compa\u00f1\u00eda de camiones y el cumplimiento de las normas de seguridad para descubrir cualquier violaci\u00f3n que pueda haber contribuido al accidente. Esta investigaci\u00f3n exhaustiva es esencial en la construcci\u00f3n de un caso convincente para su cami\u00f3n o demanda por accidente de coche. Nuestro equipo de lesiones personales Spartanburg entiende lo que est\u00e1 en juego en los casos de accidentes de camiones y demandas por muerte injusta. Estamos aqu\u00ed para guiarle a trav\u00e9s del proceso y abogar por sus derechos en cada paso del camino.<\/p>\n<p><a href=\"https:\/\/bpcounsel.com\/wp-content\/uploads\/2024\/12\/spartanburg-truck-acc2-copy.webp\"><img decoding=\"async\" class=\"alignnone size-full wp-image-3075\" src=\"https:\/\/bpcounsel.com\/wp-content\/uploads\/2024\/12\/spartanburg-truck-acc2-copy.webp\" alt=\"If you are in an accident with an eighteen wheeler, contact our truck accident lawyers today\" width=\"500\" height=\"334\" srcset=\"https:\/\/bpcounsel.com\/wp-content\/uploads\/2024\/12\/spartanburg-truck-acc2-copy.webp 500w, https:\/\/bpcounsel.com\/wp-content\/uploads\/2024\/12\/spartanburg-truck-acc2-copy-300x200.webp 300w\" sizes=\"(max-width: 500px) 100vw, 500px\" \/><\/a><\/p>\n<h2>C\u00f3mo saber si un conductor de cami\u00f3n tiene la culpa<\/h2>\n<p>Cuando se trata de accidentes de camiones, determinar qui\u00e9n es responsable puede ser complejo. A diferencia de los accidentes de coche t\u00edpicos, varias partes pueden compartir la responsabilidad del incidente. Esta complejidad puede afectar significativamente su capacidad para recuperar los da\u00f1os. Un abogado de lesiones personales en Spartanburg es esencial para navegar por este intrincado paisaje.<\/p>\n<h3>Posibles Partes Responsables en Casos de Accidentes de Semirremolques<\/h3>\n<p>En un caso de accidente de cami\u00f3n, varias partes podr\u00edan ser consideradas responsables. Los conductores de camiones negligentes podr\u00edan ser culpables por razones como conducci\u00f3n temeraria, conducci\u00f3n distra\u00edda o conducci\u00f3n bajo los efectos del alcohol. La compa\u00f1\u00eda de camiones tambi\u00e9n podr\u00eda ser responsable si no mantuvieron el veh\u00edculo o entrenaron incorrectamente a sus conductores. Adem\u00e1s, los fabricantes de frenos defectuosos o incluso terceras empresas de mantenimiento pueden estar implicados en el accidente. Identificar a estas partes es crucial para presentar una demanda v\u00e1lida por lesiones personales. Una investigaci\u00f3n exhaustiva es vital. Su abogado reunir\u00e1 pruebas y analizar\u00e1 las circunstancias que rodearon el accidente. Esto puede implicar revisar informes policiales, entrevistar a testigos y examinar historiales m\u00e9dicos. Al establecer una imagen clara de los hechos, su abogado puede determinar qui\u00e9n es responsable y exigirle responsabilidades.<\/p>\n<h3>La importancia del cumplimiento de la normativa sobre camiones<\/h3>\n<p>La normativa sobre transporte por carretera tiene por objeto garantizar la seguridad en las carreteras. Estas reglas gobiernan todo, desde las calificaciones del conductor hasta el mantenimiento del veh\u00edculo en la industria del transporte por carretera. Si una empresa de transporte o conductor viola estas regulaciones, puede fortalecer su caso. Por ejemplo, si un conductor estaba operando un cami\u00f3n sin una licencia de conducir comercial v\u00e1lida o la compa\u00f1\u00eda de camiones no llev\u00f3 a cabo controles de antecedentes necesarios, pueden ser declarados responsables del accidente. La comprensi\u00f3n de estas leyes de Carolina del Sur es donde un abogado con conocimientos Spartanburg brilla. Ellos se asegurar\u00e1n de que todas las leyes aplicables se consideran al evaluar la responsabilidad. Al hacerlo, le ayudar\u00e1n a obtener la m\u00e1xima compensaci\u00f3n disponible por sus lesiones y da\u00f1os. La identificaci\u00f3n de las partes responsables en los casos de accidentes de camiones es un proceso multifac\u00e9tico. Con la orientaci\u00f3n jur\u00eddica adecuada, puede navegar con eficacia esta complejidad y buscar la justicia que se merece.<\/p>\n<p><a href=\"https:\/\/bpcounsel.com\/wp-content\/uploads\/2024\/12\/spartanburg-truck-acc3-copy.webp\"><img decoding=\"async\" class=\"alignnone size-full wp-image-3076\" src=\"https:\/\/bpcounsel.com\/wp-content\/uploads\/2024\/12\/spartanburg-truck-acc3-copy.webp\" alt=\"The aftermath of a truck accident can be devistating\" width=\"500\" height=\"334\" srcset=\"https:\/\/bpcounsel.com\/wp-content\/uploads\/2024\/12\/spartanburg-truck-acc3-copy.webp 500w, https:\/\/bpcounsel.com\/wp-content\/uploads\/2024\/12\/spartanburg-truck-acc3-copy-300x200.webp 300w\" sizes=\"(max-width: 500px) 100vw, 500px\" \/><\/a><\/p>\n<h2>Lesiones y da\u00f1os comunes en accidentes de camiones<\/h2>\n<p>Los accidentes de camiones a menudo resultan en lesiones graves debido al tama\u00f1o y peso de los veh\u00edculos de dieciocho ruedas en comparaci\u00f3n con los veh\u00edculos de pasajeros. A diferencia de los accidentes de coche t\u00edpicos, el impacto de un accidente de cami\u00f3n puede dar lugar a lesiones catastr\u00f3ficas. Las v\u00edctimas pueden experimentar una serie de lesiones f\u00edsicas que pueden afectar significativamente su calidad de vida. Las lesiones m\u00e1s comunes incluyen:<\/p>\n<ul>\n<li><strong>Lesiones cerebrales traum\u00e1ticas (LCT)<\/strong>: Estas lesiones pueden producirse por la fuerza del impacto y pueden provocar discapacidades cognitivas y f\u00edsicas a largo plazo.<\/li>\n<li><strong>Lesiones medulares<\/strong>: Los da\u00f1os en la m\u00e9dula espinal pueden provocar par\u00e1lisis o p\u00e9rdida de sensibilidad, cambiando dr\u00e1sticamente la vida de la v\u00edctima.<\/li>\n<li><strong>Fracturas y huesos rotos<\/strong>: La fuerza de una colisi\u00f3n de camiones puede causar m\u00faltiples fracturas, que requieren tratamiento m\u00e9dico y rehabilitaci\u00f3n extensivos.<\/li>\n<li><strong>Lesiones internas<\/strong>: Las v\u00edctimas pueden sufrir da\u00f1os en \u00f3rganos vitales, lo que conduce a condiciones potencialmente mortales que requieren atenci\u00f3n m\u00e9dica inmediata.<\/li>\n<li><strong>Lesiones de tejidos blandos<\/strong>: El latigazo cervical y otras lesiones de tejidos blandos pueden causar dolor cr\u00f3nico y malestar, afectando a las actividades diarias.<\/li>\n<\/ul>\n<p>Adem\u00e1s de las lesiones f\u00edsicas, las v\u00edctimas de accidentes de cami\u00f3n a menudo se enfrentan a importantes cargas financieras. Los da\u00f1os recuperables en un caso de accidente de cami\u00f3n pueden incluir:<\/p>\n<ul>\n<li><strong>Gastos m\u00e9dicos<\/strong>: Esto cubre todos los costos relacionados con el tratamiento, incluyendo hospitalizaciones, cirug\u00edas, rehabilitaci\u00f3n y atenci\u00f3n continua.<\/li>\n<li><strong>Salarios perdidos<\/strong>: Si las lesiones impiden que alguien trabaje, puede reclamar una indemnizaci\u00f3n por los ingresos perdidos durante su recuperaci\u00f3n.<\/li>\n<li><strong>Dolor y sufrimiento<\/strong>: Las v\u00edctimas pueden tener derecho a una indemnizaci\u00f3n por la angustia f\u00edsica y emocional causada por sus lesiones.<\/li>\n<li><strong>Da\u00f1os materiales<\/strong>: Esto incluye el coste de reparar o sustituir el turismo da\u00f1ado y cualquier bien personal perdido en el accidente.<\/li>\n<li><strong>Gastos m\u00e9dicos futuros<\/strong>: Si las lesiones requieren cuidados a largo plazo, las v\u00edctimas pueden solicitar una indemnizaci\u00f3n por los gastos m\u00e9dicos previstos.<\/li>\n<\/ul>\n<p>La comprensi\u00f3n de los tipos de lesiones y da\u00f1os asociados con accidentes de camiones es crucial para las v\u00edctimas que buscan justicia. Consultar con un abogado de accidentes de camiones en Spartanburg puede ayudar a asegurar que todas las posibles reclamaciones sean identificadas y perseguidas con eficacia.<\/p>\n<p><img loading=\"lazy\" decoding=\"async\" class=\"alignnone wp-image-3194 size-full\" src=\"https:\/\/bpcounsel.com\/wp-content\/uploads\/2024\/12\/panchenko_law_hero.webp\" alt=\"Panchenko Law Firm | Spartanburg Truck Accident Lawyers \" width=\"500\" height=\"333\" srcset=\"https:\/\/bpcounsel.com\/wp-content\/uploads\/2024\/12\/panchenko_law_hero.webp 500w, https:\/\/bpcounsel.com\/wp-content\/uploads\/2024\/12\/panchenko_law_hero-300x200.webp 300w\" sizes=\"(max-width: 500px) 100vw, 500px\" \/><\/p>\n<h2>\u00bfPor qu\u00e9 elegir Panchenko Law Firm?<\/h2>\n<p>Cuando se enfrentan a las secuelas de un accidente de cami\u00f3n, la selecci\u00f3n de la representaci\u00f3n legal adecuada es crucial. Nos enorgullecemos de nuestro compromiso con nuestros clientes y nuestro historial de casos de lesiones personales en Spartanburg. He aqu\u00ed por qu\u00e9 nos destacamos:<\/p>\n<h3>Nuestro enfoque centrado en el cliente<\/h3>\n<p>Desde el momento en que se comunique con nosotros, nos centramos en usted. Entendemos el peaje f\u00edsico y emocional que un accidente de cami\u00f3n puede tomar. Nuestro equipo escucha sus preocupaciones y proporciona orientaci\u00f3n jur\u00eddica personalizada adaptada a su situaci\u00f3n. Damos prioridad a la comunicaci\u00f3n abierta, asegurando que est\u00e9 informado durante todo el proceso.<\/p>\n<h3>Conozca a nuestro equipo de lesiones personales en Spartanburg, Carolina del Sur<\/h3>\n<p>Nuestros abogados dedicados est\u00e1n bien versados en la ley de lesiones personales, espec\u00edficamente con los casos de accidentes de camiones. Traemos una riqueza de experiencia y conocimiento a la mesa. Nuestro equipo de lesiones personales en Spartanburg, Carolina del Sur est\u00e1 comprometido a defender sus derechos y a buscar la compensaci\u00f3n que usted merece. Trabajamos en colaboraci\u00f3n, aprovechando nuestras diversas habilidades para construir un caso fuerte en su nombre.<\/p>\n<h3>Sin costes por adelantado &#8211; Trabajamos con honorarios condicionales<\/h3>\n<p>Las preocupaciones financieras no deben disuadirlo de buscar justicia. En Panchenko Law Firm, trabajamos con honorarios condicionales. Esto significa que usted no paga nada a menos que ganemos su caso. Cubrimos todos los costos iniciales, incluyendo las investigaciones y los honorarios legales para que pueda centrarse en su recuperaci\u00f3n sin estr\u00e9s financiero a\u00f1adido. Nuestro objetivo es maximizar su compensaci\u00f3n al tiempo que minimiza su carga. La elecci\u00f3n de Panchenko Law Firm significa que usted est\u00e1 recibiendo un socio en su viaje hacia la justicia. Estamos aqu\u00ed para luchar por usted y asegurarse de que recibe la compensaci\u00f3n completa y justa que se merece despu\u00e9s de un accidente de cami\u00f3n.<\/p>\n<h2>Pasos a seguir tras un accidente de cami\u00f3n<\/h2>\n<p>Sufrir un accidente de cami\u00f3n puede ser abrumador. Las secuelas a menudo dejan a las v\u00edctimas confundidas e inseguras de qu\u00e9 hacer a continuaci\u00f3n. Tomar las medidas adecuadas inmediatamente despu\u00e9s del incidente es crucial para la construcci\u00f3n de un caso fuerte. Esto es lo que debe hacer:<\/p>\n<ol>\n<li><strong>Busque atenci\u00f3n m\u00e9dica<\/strong>: Su salud es la m\u00e1xima prioridad. Aunque te encuentres bien, algunas lesiones pueden no ser evidentes de inmediato. Acudir a un profesional m\u00e9dico le garantiza que recibir\u00e1 el tratamiento necesario y establecer\u00e1 un historial m\u00e9dico de sus lesiones.<\/li>\n<li><strong>Documenta el lugar de los hechos<\/strong>: Si puedes, recoge toda la informaci\u00f3n posible en el lugar del accidente. Haz fotograf\u00edas de los veh\u00edculos implicados en el accidente, de la zona circundante y de las lesiones visibles. Anote la hora, la fecha y las condiciones meteorol\u00f3gicas. Esta documentaci\u00f3n puede ser vital para su caso.<\/li>\n<li><strong>Recopile informaci\u00f3n de los testigos<\/strong>: Hable con los testigos presentes en el lugar del accidente. Sus testimonios pueden aportar nuevas perspectivas sobre el accidente. Aseg\u00farate de recopilar sus nombres y datos de contacto para futuras consultas.<\/li>\n<li><strong>Presente un informe policial<\/strong>: Ponte en contacto con la polic\u00eda local para informar del accidente. Un informe policial puede servir como registro oficial de lo ocurrido, lo que puede ayudarle en su reclamaci\u00f3n.<\/li>\n<li><strong>Avise a su compa\u00f1\u00eda de seguros<\/strong>: Informe a su compa\u00f1\u00eda de seguros sobre el accidente lo antes posible. Proporcionarles los detalles necesarios, pero evitar dar una declaraci\u00f3n grabada sin consultar a un abogado de lesiones personales en primer lugar.<\/li>\n<li><strong>Consulte a un abogado de accidentes de camiones en Spartanburg<\/strong>: Comun\u00edquese con un abogado calificado que se especialice en casos de accidentes de camiones. Ellos pueden guiarle a trav\u00e9s del proceso legal, ayud\u00e1ndole a entender sus derechos y opciones. Su experiencia es esencial en la navegaci\u00f3n de las complejidades de las demandas de accidentes de camiones.<\/li>\n<li><strong>Mantenga registros detallados<\/strong>: Mantenga toda la documentaci\u00f3n relacionada con el accidente, incluyendo facturas m\u00e9dicas, estimaciones de reparaci\u00f3n, y la correspondencia con los ajustadores de seguros. Esta informaci\u00f3n ser\u00e1 crucial para su caso.<\/li>\n<\/ol>\n<p>Seguir estos pasos puede ponerle en una mejor posici\u00f3n para una recuperaci\u00f3n exitosa. Recuerde, cuanto antes tome medidas, m\u00e1s fuerte ser\u00e1 su caso.<\/p>\n<p><a href=\"https:\/\/bpcounsel.com\/wp-content\/uploads\/2024\/12\/spartanburg-truck-acc4-copy.webp\"><img loading=\"lazy\" decoding=\"async\" class=\"alignnone size-full wp-image-3077\" src=\"https:\/\/bpcounsel.com\/wp-content\/uploads\/2024\/12\/spartanburg-truck-acc4-copy.webp\" alt=\"Spartanburg Truck Accident Lawyers\" width=\"500\" height=\"334\" srcset=\"https:\/\/bpcounsel.com\/wp-content\/uploads\/2024\/12\/spartanburg-truck-acc4-copy.webp 500w, https:\/\/bpcounsel.com\/wp-content\/uploads\/2024\/12\/spartanburg-truck-acc4-copy-300x200.webp 300w\" sizes=\"(max-width: 500px) 100vw, 500px\" \/><\/a><\/p>\n<h2>Programe una consulta gratuita hoy<\/h2>\n<p>Tomar los siguientes pasos puede sentirse abrumador despu\u00e9s de haber estado involucrado en un accidente de cami\u00f3n. En Panchenko Law Firm, entendemos los desaf\u00edos que usted enfrenta y estamos aqu\u00ed para ayudarle a navegar el paisaje legal. Programar una consulta gratuita con nuestros abogados experimentados en accidentes de camiones en Spartanburg es su primer paso hacia la b\u00fasqueda de justicia y una compensaci\u00f3n justa. Durante su consulta, usted tendr\u00e1 la oportunidad de discutir los detalles de su caso. Nuestro equipo escuchar\u00e1 atentamente su historia, evaluar\u00e1 las circunstancias que rodean su accidente, y le proporcionar\u00e1 una comprensi\u00f3n clara de sus opciones legales. Damos prioridad a la comunicaci\u00f3n abierta y nos esforzamos por responder a cualquier pregunta que pueda tener sobre el proceso por delante. Nuestro compromiso con usted no termina con la consulta. Trabajaremos incansablemente para construir un caso s\u00f3lido en su nombre, asegur\u00e1ndonos de que reciba la m\u00e1xima compensaci\u00f3n posible por sus lesiones y p\u00e9rdidas. Sin costes por adelantado significa que usted puede centrarse en su recuperaci\u00f3n mientras nosotros nos encargamos de los aspectos legales de su caso. No espere m\u00e1s. Cuanto antes se ponga en contacto, antes podremos empezar a trabajar en su nombre. P\u00f3ngase en contacto con Panchenko Law Firm hoy para programar su consulta gratuita. Perm\u00edtanos ayudarle a dar el primer paso hacia la recuperaci\u00f3n de su vida despu\u00e9s de un accidente de cami\u00f3n.<\/p>\n","protected":false},"excerpt":{"rendered":"<p>Comprender la gravedad de los accidentes de camiones Los accidentes de camiones suelen tener graves consecuencias debido al tama\u00f1o y peso de los veh\u00edculos comerciales. A diferencia de los accidentes de coche est\u00e1ndar, el impacto de una colisi\u00f3n que involucra a un cami\u00f3n puede conducir a lesiones catastr\u00f3ficas y da\u00f1os materiales significativos. Si el camionero [&hellip;]<\/p>\n","protected":false},"author":45,"featured_media":0,"parent":3744,"menu_order":0,"comment_status":"closed","ping_status":"closed","template":"","meta":{"_acf_changed":false,"anchor_text":"","footnotes":""},"class_list":["post-3762","page","type-page","status-publish","hentry"],"acf":[],"_links":{"self":[{"href":"https:\/\/bpcounsel.com\/es\/wp-json\/wp\/v2\/pages\/3762","targetHints":{"allow":["GET"]}}],"collection":[{"href":"https:\/\/bpcounsel.com\/es\/wp-json\/wp\/v2\/pages"}],"about":[{"href":"https:\/\/bpcounsel.com\/es\/wp-json\/wp\/v2\/types\/page"}],"author":[{"embeddable":true,"href":"https:\/\/bpcounsel.com\/es\/wp-json\/wp\/v2\/users\/45"}],"replies":[{"embeddable":true,"href":"https:\/\/bpcounsel.com\/es\/wp-json\/wp\/v2\/comments?post=3762"}],"version-history":[{"count":2,"href":"https:\/\/bpcounsel.com\/es\/wp-json\/wp\/v2\/pages\/3762\/revisions"}],"predecessor-version":[{"id":3764,"href":"https:\/\/bpcounsel.com\/es\/wp-json\/wp\/v2\/pages\/3762\/revisions\/3764"}],"up":[{"embeddable":true,"href":"https:\/\/bpcounsel.com\/es\/wp-json\/wp\/v2\/pages\/3744"}],"wp:attachment":[{"href":"https:\/\/bpcounsel.com\/es\/wp-json\/wp\/v2\/media?parent=3762"}],"curies":[{"name":"wp","href":"https:\/\/api.w.org\/{rel}","templated":true}]}}