{"id":3759,"date":"2024-12-18T13:36:27","date_gmt":"2024-12-18T18:36:27","guid":{"rendered":"https:\/\/bpcounsel.com\/spartanburg\/spartanburg-resbalon-y-caida-abogado\/"},"modified":"2025-01-26T04:59:17","modified_gmt":"2025-01-26T09:59:17","slug":"spartanburg-resbalon-y-caida-abogado","status":"publish","type":"page","link":"https:\/\/bpcounsel.com\/es\/spartanburg\/spartanburg-resbalon-y-caida-abogado\/","title":{"rendered":"Spartanburg Resbal\u00f3n y Ca\u00edda Abogado"},"content":{"rendered":"<h2>Entendiendo los Accidentes por Resbalones y Ca\u00eddas<\/h2>\n<p>Los accidentes por resbalones y ca\u00eddas ocurren cuando una persona pierde el equilibrio y se cae debido a condiciones peligrosas en la propiedad de otra persona. Estos incidentes pueden provocar lesiones importantes, como fracturas, esguinces e incluso traumatismos craneoencef\u00e1licos. Comprender las complejidades de estos casos de lesiones personales es vital para cualquiera que est\u00e9 considerando una demanda por lesiones personales relacionada con un accidente de resbal\u00f3n y ca\u00edda. Si usted o alguien que usted conoce ha sido lesionado en un incidente de este tipo, consultar con un abogado de resbalones y ca\u00eddas de Spartanburg puede ayudar a aclarar sus derechos y opciones para la recuperaci\u00f3n.<\/p>\n<h3>\u00bfQu\u00e9 constituye un accidente por resbal\u00f3n y ca\u00edda?<\/h3>\n<p>Un accidente de resbal\u00f3n y ca\u00edda normalmente implica que una persona resbale, tropiece o caiga debido a una condici\u00f3n peligrosa. Esto podr\u00eda ser cualquier cosa, desde suelos mojados a superficies irregulares o iluminaci\u00f3n inadecuada. Estos accidentes pueden ocurrir en varios lugares, incluyendo tiendas de comestibles, aceras y residencias privadas. Para establecer un caso de resbal\u00f3n y ca\u00edda, es esencial demostrar que el due\u00f1o de la propiedad no mantuvo un ambiente seguro. Un talentoso abogado de lesiones personales en Spartanburg puede ayudarle a entender lo que constituye una demanda realista de lesiones personales. Las v\u00edctimas de accidentes en Carolina del Sur merecen conocer sus derechos, y ah\u00ed es donde Panchenko Law Firm puede ayudar.<\/p>\n<h3>Causas y lugares comunes de los accidentes por resbalones y ca\u00eddas<\/h3>\n<p>Son muchos los factores que contribuyen a los accidentes por resbalones y ca\u00eddas. Los suelos mojados o resbaladizos se encuentran entre los culpables m\u00e1s comunes, a menudo como resultado de derrames, fugas o actividades de limpieza. Los pasillos en mal estado, el hielo y la nieve tambi\u00e9n pueden crear condiciones peligrosas. Adem\u00e1s, obst\u00e1culos como el desorden o el pavimento irregular pueden provocar tropiezos. Entre los lugares donde suelen producirse estos accidentes se incluyen<\/p>\n<ul>\n<li><strong>Tiendas al por menor<\/strong>: Las tiendas de comestibles y los centros comerciales suelen tener mucho tr\u00e1nsito de personas, lo que aumenta la probabilidad de accidentes.<br \/>\nRestaurantes: Los derrames y restos de comida pueden crear superficies resbaladizas.<\/li>\n<li><strong>Espacios p\u00fablicos<\/strong>: Los parques, las aceras y los aparcamientos pueden tener superficies irregulares o una iluminaci\u00f3n deficiente.<\/li>\n<li><strong>Propiedades privadas<\/strong>: Los propietarios pueden ser responsables si su propiedad no se mantiene adecuadamente.<\/li>\n<\/ul>\n<p><a href=\"https:\/\/bpcounsel.com\/wp-content\/uploads\/2024\/12\/spartanburg-slip-fall1-copy.webp\"><img fetchpriority=\"high\" decoding=\"async\" class=\"alignnone size-full wp-image-3056\" src=\"https:\/\/bpcounsel.com\/wp-content\/uploads\/2024\/12\/spartanburg-slip-fall1-copy.webp\" alt=\"Panchenko Law Firm is your Spartanburg Slip-and-Fall Lawyers\" width=\"500\" height=\"334\" srcset=\"https:\/\/bpcounsel.com\/wp-content\/uploads\/2024\/12\/spartanburg-slip-fall1-copy.webp 500w, https:\/\/bpcounsel.com\/wp-content\/uploads\/2024\/12\/spartanburg-slip-fall1-copy-300x200.webp 300w\" sizes=\"(max-width: 500px) 100vw, 500px\" \/><\/a><\/p>\n<h2>La Importancia de Contratar a un Abogado de Resbalones y Ca\u00eddas en Spartanburg<\/h2>\n<p>Cuando usted experimenta un accidente de resbal\u00f3n y ca\u00edda, las secuelas pueden ser abrumadoras. Usted puede enfrentar facturas m\u00e9dicas crecientes, salarios perdidos y angustia emocional. En tiempos tan dif\u00edciles, conseguir la ayuda de un abogado experto en resbalones y ca\u00eddas en Spartanburg se convierte en algo esencial. Estos profesionales del derecho entienden las complejidades de la ley de lesiones personales y pueden proporcionar orientaci\u00f3n crucial en todo el proceso de reclamaciones. Un abogado experto en lesiones personales evaluar\u00e1 los detalles espec\u00edficos de su caso, asegur\u00e1ndose de que usted entienda sus derechos y opciones. Ellos pueden ayudarle a navegar por el panorama jur\u00eddico, que puede ser complejo y desalentador para muchas personas. Su abogado trabajar\u00e1 diligentemente para reunir pruebas, entrevistar a testigos y construir un caso s\u00f3lido en su nombre. Esta preparaci\u00f3n minuciosa es vital para establecer la responsabilidad y asegurar la compensaci\u00f3n que usted merece. Adem\u00e1s, un abogado especializado en lesiones por ca\u00eddas negociar\u00e1 con las compa\u00f1\u00edas de seguros para conseguir un acuerdo justo. Los ajustadores de seguros a menudo tratan de minimizar los pagos, pero tener un abogado con experiencia de su lado puede nivelar el campo de juego. Ellos luchar\u00e1n por sus mejores intereses, asegur\u00e1ndose de que reciba el apoyo adecuado. La contrataci\u00f3n de un abogado de lesiones personales Spartanburg puede ayudar a proteger sus derechos y maximizar su compensaci\u00f3n. Con su experiencia y compromiso, usted puede centrarse en su recuperaci\u00f3n, mientras que manejar las complejidades de su demanda por lesiones personales.<\/p>\n<h2>Enfoque del bufete de abogados Panchenko en casos de resbalones y ca\u00eddas<\/h2>\n<p>En Panchenko Law Firm, entendemos que los accidentes de resbalones y ca\u00eddas pueden causar lesiones graves y angustia emocional significativa. Nuestro enfoque se basa en un compromiso con nuestros clientes, asegurando que usted reciba la orientaci\u00f3n jur\u00eddica y el apoyo que necesita durante este tiempo dif\u00edcil.<\/p>\n<h3>Nuestro proceso legal centrado en el cliente<\/h3>\n<p>Desde el momento en que se pone en contacto con nosotros, damos prioridad a sus necesidades. Nuestro proceso legal comienza con una consulta gratuita, donde escuchamos su historia y evaluamos los detalles de su incidente de resbal\u00f3n y ca\u00edda. Nos tomamos el tiempo necesario para entender las circunstancias que rodean su accidente, as\u00ed como el impacto que ha tenido en su vida. Esta reuni\u00f3n inicial nos permite construir una base s\u00f3lida para su caso y proporcionarle claridad sobre sus opciones legales. Una vez que tomamos su caso, nuestro equipo dedicado lleva a cabo una investigaci\u00f3n exhaustiva. Reunimos pruebas, entrevistamos a testigos y analizamos los documentos pertinentes para comprender su situaci\u00f3n. Queremos desarrollar una narrativa convincente que demuestre la negligencia del due\u00f1o de la propiedad y su derecho a una indemnizaci\u00f3n.<\/p>\n<h3>Nuestro equipo de abogados de lesiones personales en Spartanburg<\/h3>\n<p>Nuestro equipo de abogados expertos en lesiones personales est\u00e1 equipado para manejar las complejidades de los casos de resbalones y ca\u00eddas. Con a\u00f1os de experiencia en la ley de lesiones personales, estamos bien versados en los matices de la responsabilidad de los locales. Sabemos c\u00f3mo navegar el proceso legal con eficacia, asegurando que sus derechos est\u00e1n protegidos en cada paso del camino. Nuestro bufete de abogados se enorgullece de ser celosos defensores de nuestros clientes. Si usted est\u00e1 tratando con lesiones dolorosas, dolor cr\u00f3nico, u otros efectos de un accidente de resbal\u00f3n y ca\u00edda, nuestros abogados de Spartanburg quieren ayudarle a obtener una compensaci\u00f3n adecuada para su caso de responsabilidad de las premisas. Nuestro compromiso con la profesionalidad y el respeto significa que nunca se sentir\u00e1 solo en este viaje. Trabajamos incansablemente para asegurar la compensaci\u00f3n que merece por sus facturas m\u00e9dicas, salarios perdidos y angustia emocional. La elecci\u00f3n de Panchenko Law Firm significa que usted consigue un equipo legal que realmente se preocupa por su bienestar. Representamos a clientes en casos que van desde accidentes automovil\u00edsticos y abuso en hogares de ancianos hasta demandas por negligencia m\u00e9dica y homicidio culposo. Nuestra prioridad es defender ferozmente a nuestros clientes.<\/p>\n<p><a href=\"https:\/\/bpcounsel.com\/wp-content\/uploads\/2024\/12\/spartanburg-slip-fall2-copy.webp\"><img decoding=\"async\" class=\"alignnone size-full wp-image-3055\" src=\"https:\/\/bpcounsel.com\/wp-content\/uploads\/2024\/12\/spartanburg-slip-fall2-copy.webp\" alt=\"Steps to take after a slip-and-fall injury\" width=\"500\" height=\"334\" srcset=\"https:\/\/bpcounsel.com\/wp-content\/uploads\/2024\/12\/spartanburg-slip-fall2-copy.webp 500w, https:\/\/bpcounsel.com\/wp-content\/uploads\/2024\/12\/spartanburg-slip-fall2-copy-300x200.webp 300w\" sizes=\"(max-width: 500px) 100vw, 500px\" \/><\/a><\/p>\n<h2>Pasos a seguir tras un accidente por resbal\u00f3n y ca\u00edda<\/h2>\n<p>Sufrir un accidente por resbal\u00f3n y ca\u00edda puede ser abrumador. Sin embargo, tomar las medidas adecuadas inmediatamente despu\u00e9s del incidente puede influir significativamente en su capacidad para solicitar una indemnizaci\u00f3n. Esto es lo que debe hacer:<\/p>\n<h3>Documentar su accidente y lesiones<\/h3>\n<p>En primer lugar, re\u00fana pruebas en el lugar del accidente. Tome fotograf\u00edas del lugar del accidente, incluidos los peligros que contribuyeron a su ca\u00edda. Capture tambi\u00e9n im\u00e1genes de sus lesiones. Esta documentaci\u00f3n puede ser crucial para demostrar la responsabilidad m\u00e1s adelante. A continuaci\u00f3n, anote su relato del incidente mientras lo tenga fresco en la memoria. Incluye detalles como la hora, el lugar y las condiciones (como el tiempo o la luz) del accidente. Anota los testigos presentes y sus datos de contacto. Esta informaci\u00f3n puede ayudar a reforzar tu caso.<\/p>\n<h3>Buscar atenci\u00f3n m\u00e9dica y llevar un historial<\/h3>\n<p>Su salud debe ser su m\u00e1xima prioridad. Busque atenci\u00f3n m\u00e9dica inmediatamente, aunque sus lesiones parezcan leves. Algunas lesiones pueden no ser evidentes de inmediato, y un profesional m\u00e9dico puede realizar una evaluaci\u00f3n exhaustiva. Conserve todos los historiales m\u00e9dicos, facturas y documentaci\u00f3n relacionada con su tratamiento. Esta informaci\u00f3n ser\u00e1 vital para su demanda por lesiones personales. Le ayudar\u00e1 a determinar el alcance de sus lesiones y los costes asociados, como los gastos m\u00e9dicos y los salarios perdidos. Estos pasos le ayudar\u00e1n a sentar unas bases s\u00f3lidas para su caso de resbal\u00f3n y ca\u00edda. Este enfoque proactivo ayudar\u00e1 a su abogado de resbalones y ca\u00eddas de Carolina del Sur a construir una demanda s\u00f3lida en su nombre. Recuerde, cuanto antes act\u00fae, mejores ser\u00e1n sus posibilidades de recuperar la compensaci\u00f3n que se merece.<\/p>\n<h2>Construyendo su caso de resbal\u00f3n y ca\u00edda<\/h2>\n<p>Cuando usted experimenta un accidente de resbal\u00f3n y ca\u00edda, la construcci\u00f3n de un caso fuerte es esencial para recuperar la compensaci\u00f3n por sus lesiones. El proceso de reclamaci\u00f3n por lesiones personales implica varios pasos clave para las v\u00edctimas de lesiones que requieren una atenci\u00f3n cuidadosa y una documentaci\u00f3n exhaustiva.<\/p>\n<h3>Investigaci\u00f3n de las circunstancias que rodearon su accidente<\/h3>\n<p>El primer paso en la construcci\u00f3n de su caso es investigar los acontecimientos que condujeron a su ca\u00edda. Esto implica reunir pruebas sobre las condiciones que contribuyeron al accidente. Factores tales como suelos mojados, superficies irregulares, o mala iluminaci\u00f3n deben ser documentados. Nuestros abogados expertos en lesiones personales recopilar\u00e1n fotograf\u00edas, declaraciones de testigos y grabaciones de vigilancia disponibles. Esta evidencia es crucial para establecer las condiciones que condujeron a su ca\u00edda y apoyar su reclamo.<\/p>\n<h3>Determinaci\u00f3n de la responsabilidad e identificaci\u00f3n de las partes responsables<\/h3>\n<p>A continuaci\u00f3n, nos centramos en determinar la responsabilidad. Esto implica identificar qui\u00e9n es responsable de las condiciones inseguras que causaron su accidente de resbal\u00f3n y ca\u00edda. Los propietarios, los administradores o el personal de mantenimiento pueden ser responsables por no mantener un entorno seguro. Nuestro equipo legal analizar\u00e1 las circunstancias de su accidente para determinar la parte responsable. Este paso es vital, ya que afecta directamente a su capacidad para recuperar una indemnizaci\u00f3n por gastos m\u00e9dicos, salarios perdidos y otros da\u00f1os. Al investigar a fondo su accidente e identificar a las partes responsables, podemos construir un caso convincente que fortalezca su posici\u00f3n en las negociaciones o en los tribunales. Queremos defender sus derechos y asegurarnos de que reciba la compensaci\u00f3n que merece por sus lesiones.<\/p>\n<p><a href=\"https:\/\/bpcounsel.com\/wp-content\/uploads\/2024\/12\/spartanburg-slip-fall3-copy.webp\"><img decoding=\"async\" class=\"alignnone size-full wp-image-3054\" src=\"https:\/\/bpcounsel.com\/wp-content\/uploads\/2024\/12\/spartanburg-slip-fall3-copy.webp\" alt=\"Slip-and-fall compensation\" width=\"500\" height=\"334\" srcset=\"https:\/\/bpcounsel.com\/wp-content\/uploads\/2024\/12\/spartanburg-slip-fall3-copy.webp 500w, https:\/\/bpcounsel.com\/wp-content\/uploads\/2024\/12\/spartanburg-slip-fall3-copy-300x200.webp 300w\" sizes=\"(max-width: 500px) 100vw, 500px\" \/><\/a><\/p>\n<h2>C\u00f3mo obtener una indemnizaci\u00f3n por sus lesiones por resbal\u00f3n y ca\u00edda<\/h2>\n<p>Cuando sufre un accidente por resbal\u00f3n y ca\u00edda, las secuelas pueden ser abrumadoras. Es posible que tenga que hacer frente a facturas m\u00e9dicas crecientes, p\u00e9rdida de salarios y angustia emocional. Entender los da\u00f1os a los que puede tener derecho es esencial para su proceso de recuperaci\u00f3n.<\/p>\n<h3>Tipos de da\u00f1os y perjuicios a los que puede tener derecho<\/h3>\n<p>En un caso de resbal\u00f3n y ca\u00edda, las v\u00edctimas pueden buscar varias formas de compensaci\u00f3n. Estas pueden incluir:<\/p>\n<ul>\n<li><strong>Gastos m\u00e9dicos<\/strong>: Esto cubre todos los costes de su tratamiento, incluyendo visitas al hospital, cirug\u00edas, medicaci\u00f3n y rehabilitaci\u00f3n.<\/li>\n<li><strong>P\u00e9rdida de salario<\/strong>: Si sus lesiones le impiden trabajar, puede obtener una indemnizaci\u00f3n por los ingresos que pierda durante su recuperaci\u00f3n.<\/li>\n<li><strong>Dolor y sufrimiento<\/strong>: Se refiere a la angustia f\u00edsica y emocional causada por sus lesiones. Tiene en cuenta el impacto del accidente en su calidad de vida.<\/li>\n<li><strong>Da\u00f1os no econ\u00f3micos<\/strong>: Estos pueden incluir la angustia emocional y la p\u00e9rdida del disfrute de la vida, que pueden ser dif\u00edciles de cuantificar, pero son vitales para tener en cuenta.<\/li>\n<li><strong>Da\u00f1os punitivos<\/strong>: En ciertos casos, si el propietario actu\u00f3 con negligencia grave, usted podr\u00eda tener derecho a una indemnizaci\u00f3n adicional para castigar a la parte responsable.<\/li>\n<\/ul>\n<h3>Maximizar la compensaci\u00f3n de su caso de lesiones personales con Panchenko Law Firm<\/h3>\n<p>Nuestros experimentados abogados de lesiones personales conocen las complejidades de los casos de resbalones y ca\u00eddas. Nuestros abogados expertos en lesiones personales se dedican a ayudarle a recuperar la m\u00e1xima compensaci\u00f3n posible. Vamos a investigar a fondo su accidente, reunir pruebas, y construir un caso fuerte en su nombre. Nuestro equipo legal negociar\u00e1 con las compa\u00f1\u00edas de seguros para asegurar que usted reciba un acuerdo justo. Si es necesario, estamos preparados para llevar su caso a los tribunales. Con nuestra amplia experiencia en la ley de lesiones personales, estamos comprometidos a abogar por sus derechos y la b\u00fasqueda de la compensaci\u00f3n que se merece. No navegar por el proceso legal solo. P\u00f3ngase en contacto con Panchenko Law Firm hoy para discutir su caso de resbal\u00f3n y ca\u00edda y dar el primer paso hacia la recuperaci\u00f3n.<\/p>\n<p><a href=\"https:\/\/bpcounsel.com\/wp-content\/uploads\/2024\/12\/spartanburg-slip-fall4-copy.webp\"><img loading=\"lazy\" decoding=\"async\" class=\"alignnone size-full wp-image-3053\" src=\"https:\/\/bpcounsel.com\/wp-content\/uploads\/2024\/12\/spartanburg-slip-fall4-copy.webp\" alt=\"Spartanburg Slip-and-Fall lawyers\" width=\"500\" height=\"334\" srcset=\"https:\/\/bpcounsel.com\/wp-content\/uploads\/2024\/12\/spartanburg-slip-fall4-copy.webp 500w, https:\/\/bpcounsel.com\/wp-content\/uploads\/2024\/12\/spartanburg-slip-fall4-copy-300x200.webp 300w\" sizes=\"(max-width: 500px) 100vw, 500px\" \/><\/a><\/p>\n<h2>\u00bfPor qu\u00e9 elegir Panchenko Law Firm para su caso de resbal\u00f3n y ca\u00edda en Spartanburg?<\/h2>\n<p>Cuando se enfrenta a las consecuencias de un accidente de resbal\u00f3n y ca\u00edda, la elecci\u00f3n de la representaci\u00f3n legal adecuada es crucial. Nuestro equipo prioriza sus necesidades y trabaja diligentemente para ayudarle a recuperar la compensaci\u00f3n que merece. Nuestro compromiso con la representaci\u00f3n legal r\u00e1pida y profesional nos distingue en Spartanburg, Carolina del Sur. Nuestro equipo entiende los matices de la ley de lesiones personales y los desaf\u00edos espec\u00edficos que presentan los casos de accidentes de resbal\u00f3n y ca\u00edda. Estamos dedicados a proporcionar orientaci\u00f3n jur\u00eddica fiable a lo largo de todo el proceso. Usted puede esperar una comunicaci\u00f3n clara y un enfoque personalizado que se ocupa de sus circunstancias \u00fanicas. Creemos que cada cliente merece respeto y atenci\u00f3n, y nos esforzamos por construir una fuerte relaci\u00f3n abogado-cliente basada en la confianza y la transparencia. Adem\u00e1s, trabajamos con honorarios condicionales. Esto significa que usted no tendr\u00e1 que pagar honorarios legales por adelantado. S\u00f3lo cobramos cuando usted lo hace, lo que le permite centrarse en su recuperaci\u00f3n sin la carga financiera a\u00f1adida. Nuestro objetivo es maximizar su compensaci\u00f3n y minimizar su estr\u00e9s. Con nuestro experimentado equipo legal, usted puede sentirse seguro de que su caso est\u00e1 en manos capaces. La elecci\u00f3n de Panchenko Law Firm significa conseguir un socio que se ha comprometido a luchar por sus derechos y asegurar que usted reciba la justicia que se merece. Perm\u00edtanos ayudarle a navegar por las complejidades de su caso de resbal\u00f3n y ca\u00edda con experiencia y compasi\u00f3n.<\/p>\n<h2>Programe una Consulta Gratuita con un Abogado de Resbalones y Ca\u00eddas de Spartanburg<\/h2>\n<p>Si usted ha experimentado un accidente de resbal\u00f3n y ca\u00edda, la obtenci\u00f3n de orientaci\u00f3n jur\u00eddica es crucial. Nuestra firma ofrece consultas gratuitas para discutir su caso y explorar sus opciones. Durante esta reuni\u00f3n inicial, usted puede compartir los detalles de su accidente y lesiones con nuestros abogados expertos. Nuestro equipo escuchar\u00e1 atentamente, evaluar las circunstancias que rodean su incidente, y le proporcionar\u00e1 una comprensi\u00f3n clara del proceso legal por delante. Le explicaremos c\u00f3mo podemos ayudarle a navegar por las complejidades de su caso de resbal\u00f3n y ca\u00edda y ayudarle a recuperar la compensaci\u00f3n que se merece. Nunca debe sentirse presionado durante esta consulta. Es una oportunidad para que usted pueda hacer preguntas y recopilar informaci\u00f3n. Queremos que se sienta c\u00f3modo e informado acerca de sus pr\u00f3ximos pasos. Si usted decide seguir adelante con nuestra empresa, vamos a empezar a construir su caso de inmediato, centr\u00e1ndose en los detalles m\u00e1s importantes. No dude en ponerse en contacto. P\u00f3ngase en contacto con Panchenko Law Firm hoy para programar su consulta gratuita con un abogado de resbalones y ca\u00eddas de Spartanburg. D\u00e9 el primer paso para obtener la justicia y la compensaci\u00f3n que necesita para seguir adelante.<\/p>\n","protected":false},"excerpt":{"rendered":"<p>Entendiendo los Accidentes por Resbalones y Ca\u00eddas Los accidentes por resbalones y ca\u00eddas ocurren cuando una persona pierde el equilibrio y se cae debido a condiciones peligrosas en la propiedad de otra persona. Estos incidentes pueden provocar lesiones importantes, como fracturas, esguinces e incluso traumatismos craneoencef\u00e1licos. Comprender las complejidades de estos casos de lesiones personales [&hellip;]<\/p>\n","protected":false},"author":45,"featured_media":0,"parent":3744,"menu_order":0,"comment_status":"closed","ping_status":"closed","template":"","meta":{"_acf_changed":false,"anchor_text":"","footnotes":""},"class_list":["post-3759","page","type-page","status-publish","hentry"],"acf":[],"_links":{"self":[{"href":"https:\/\/bpcounsel.com\/es\/wp-json\/wp\/v2\/pages\/3759","targetHints":{"allow":["GET"]}}],"collection":[{"href":"https:\/\/bpcounsel.com\/es\/wp-json\/wp\/v2\/pages"}],"about":[{"href":"https:\/\/bpcounsel.com\/es\/wp-json\/wp\/v2\/types\/page"}],"author":[{"embeddable":true,"href":"https:\/\/bpcounsel.com\/es\/wp-json\/wp\/v2\/users\/45"}],"replies":[{"embeddable":true,"href":"https:\/\/bpcounsel.com\/es\/wp-json\/wp\/v2\/comments?post=3759"}],"version-history":[{"count":2,"href":"https:\/\/bpcounsel.com\/es\/wp-json\/wp\/v2\/pages\/3759\/revisions"}],"predecessor-version":[{"id":3761,"href":"https:\/\/bpcounsel.com\/es\/wp-json\/wp\/v2\/pages\/3759\/revisions\/3761"}],"up":[{"embeddable":true,"href":"https:\/\/bpcounsel.com\/es\/wp-json\/wp\/v2\/pages\/3744"}],"wp:attachment":[{"href":"https:\/\/bpcounsel.com\/es\/wp-json\/wp\/v2\/media?parent=3759"}],"curies":[{"name":"wp","href":"https:\/\/api.w.org\/{rel}","templated":true}]}}