{"id":3756,"date":"2024-12-18T13:36:12","date_gmt":"2024-12-18T18:36:12","guid":{"rendered":"https:\/\/bpcounsel.com\/spartanburg\/spartanburg-abogado-de-lesiones-personales\/"},"modified":"2025-01-26T04:50:16","modified_gmt":"2025-01-26T09:50:16","slug":"spartanburg-abogado-de-lesiones-personales","status":"publish","type":"page","link":"https:\/\/bpcounsel.com\/es\/spartanburg\/spartanburg-abogado-de-lesiones-personales\/","title":{"rendered":"Spartanburg Abogado de Lesiones Personales"},"content":{"rendered":"<h2>Entendiendo la Ley de Lesiones Personales en Spartanburg<\/h2>\n<p>La ley de lesiones personales es un \u00e1rea vital de la pr\u00e1ctica legal que tiene como objetivo proteger a las personas que han sufrido lesiones debido a la negligencia de otra persona o acciones il\u00edcitas. En Spartanburg, esta ley abarca una serie de situaciones, desde accidentes automovil\u00edsticos a la indemnizaci\u00f3n de los trabajadores. La comprensi\u00f3n de los matices de la ley de lesiones personales es crucial para cualquier persona que busca compensaci\u00f3n por sus lesiones. Cuando usted sufre lesiones en un accidente, el panorama jur\u00eddico puede ser abrumador. Ah\u00ed es donde entra un abogado de lesiones personales de Spartanburg. Estos abogados se especializan en navegar por el sistema legal en nombre de las v\u00edctimas de lesiones. Ellos trabajan diligentemente para reunir pruebas, construir casos fuertes, y abogar por los derechos de sus clientes.<\/p>\n<h3>Casos comunes de lesiones personales en Spartanburg<\/h3>\n<p>En Spartanburg, muchos casos de lesiones personales surgen de diversos incidentes. Los accidentes de coche a menudo dominan este paisaje, ya que pueden conducir a lesiones graves y cargas financieras significativas. Adem\u00e1s, los accidentes de resbal\u00f3n y ca\u00edda en la propiedad de otra persona puede resultar en lesiones dolorosas y costosas facturas m\u00e9dicas. Los accidentes de cami\u00f3n tambi\u00e9n presentan desaf\u00edos \u00fanicos debido a su complejidad y al potencial de lesiones graves. La negligencia m\u00e9dica es otra \u00e1rea cr\u00edtica de la ley de lesiones personales. Cuando los profesionales de la salud no proporcionan los cuidados necesarios, los pacientes pueden sufrir consecuencias devastadoras. Las demandas por homicidio culposo surgen cuando la negligencia provoca la p\u00e9rdida de un ser querido, lo que permite a las familias reclamar justicia e indemnizaci\u00f3n por su p\u00e9rdida. Por \u00faltimo, los casos de responsabilidad civil por productos defectuosos responsabilizan a los fabricantes por los productos defectuosos que causan da\u00f1os a los consumidores. En general, la comprensi\u00f3n de la ley de lesiones personales en Spartanburg es esencial para cualquier persona involucrada en un accidente grave. Tener un abogado con experiencia en lesiones personales en Spartanburg a su lado puede hacer una diferencia significativa en el resultado de su caso. Ellos le guiar\u00e1n a trav\u00e9s del proceso legal, asegur\u00e1ndose de que reciba la compensaci\u00f3n que se merece por sus lesiones y p\u00e9rdidas.<\/p>\n<p><a href=\"https:\/\/bpcounsel.com\/wp-content\/uploads\/2024\/12\/spartanburg-pi1-copy.webp\"><img fetchpriority=\"high\" decoding=\"async\" class=\"alignnone size-full wp-image-3062\" src=\"https:\/\/bpcounsel.com\/wp-content\/uploads\/2024\/12\/spartanburg-pi1-copy.webp\" alt=\"Injured in an accident? Call our Spartanburg personal injury lawyers today\" width=\"500\" height=\"334\" srcset=\"https:\/\/bpcounsel.com\/wp-content\/uploads\/2024\/12\/spartanburg-pi1-copy.webp 500w, https:\/\/bpcounsel.com\/wp-content\/uploads\/2024\/12\/spartanburg-pi1-copy-300x200.webp 300w\" sizes=\"(max-width: 500px) 100vw, 500px\" \/><\/a><\/p>\n<h2>\u00bfPor qu\u00e9 elegir Panchenko Law Firm para su caso de lesiones personales?<\/h2>\n<p>Cuando se enfrenta a las secuelas de un accidente, necesita un abogado de lesiones personales en Spartanburg que priorice sus necesidades. En Panchenko Law Firm, entendemos los desaf\u00edos que usted encuentra. Nuestro compromiso con el servicio centrado en el cliente nos distingue. Creemos en la prestaci\u00f3n de atenci\u00f3n personal a cada cliente, asegurando que sus preocupaciones se abordan con prontitud y en profundidad. Nuestra empresa se destaca debido a nuestra trayectoria excepcional en la ley de lesiones personales. Hemos representado con \u00e9xito a numerosos clientes y obtenido resultados favorables. Nuestra experiencia nos da una idea de las complejidades de las demandas por lesiones personales, lo que nos permite navegar por el panorama jur\u00eddico con eficacia.<\/p>\n<h3>Apoyo multiling\u00fce<\/h3>\n<p>Las v\u00edctimas de accidentes merecen apoyo legal en su propio idioma. Nuestro equipo multiling\u00fce de abogados de lesiones personales ofrece servicios en idiomas como espa\u00f1ol, ucraniano y ruso. La comunicaci\u00f3n r\u00e1pida y clara es fundamental en los casos de lesiones personales, as\u00ed que perm\u00edtanos abogar por usted en un idioma que entienda.<\/p>\n<h3>Atenci\u00f3n personalizada para su caso<\/h3>\n<p>Elegirnos significa que usted no es un caso m\u00e1s. Nos tomamos el tiempo para entender su situaci\u00f3n, el alcance de sus lesiones, y el impacto en su vida. Queremos abogar ferozmente en su nombre, buscando da\u00f1os y perjuicios por sus gastos m\u00e9dicos, salarios perdidos, y el dolor y el sufrimiento. Si usted recibe un acuerdo para su caso o se va a juicio, queremos ayudarle. Adem\u00e1s, no cobramos honorarios por adelantado. Usted s\u00f3lo paga si ganamos su caso, por lo que no tiene gastos de bolsillo por adelantado. Este enfoque alivia la carga financiera durante un momento dif\u00edcil y demuestra nuestra confianza en el logro de resultados para usted. Cuando usted elige Panchenko Law Firm, usted tiene acceso a un equipo dedicado de abogados de lesiones personales con \u00e1reas de pr\u00e1ctica que cubren muchos campos de la ley de lesiones personales. P\u00f3ngase en contacto con nosotros hoy mismo para saber c\u00f3mo podemos ayudarle en su caso de lesiones personales.<\/p>\n<p><a href=\"https:\/\/bpcounsel.com\/wp-content\/uploads\/2024\/12\/spartanburg-pi2-copy.webp\"><img decoding=\"async\" class=\"alignnone size-full wp-image-3061\" src=\"https:\/\/bpcounsel.com\/wp-content\/uploads\/2024\/12\/spartanburg-pi2-copy.webp\" alt=\"Our personal injury lawyers can assist you with your claim\" width=\"500\" height=\"334\" srcset=\"https:\/\/bpcounsel.com\/wp-content\/uploads\/2024\/12\/spartanburg-pi2-copy.webp 500w, https:\/\/bpcounsel.com\/wp-content\/uploads\/2024\/12\/spartanburg-pi2-copy-300x200.webp 300w\" sizes=\"(max-width: 500px) 100vw, 500px\" \/><\/a><\/p>\n<h2>C\u00f3mo ayudamos a las v\u00edctimas de lesiones personales en Spartanburg<\/h2>\n<p>Nuestro bufete de abogados de lesiones personales entiende los desaf\u00edos que enfrentan las v\u00edctimas de lesiones personales. Nuestros abogados de lesiones personales de Spartanburg se dedican a proporcionar un apoyo integral a lo largo de su viaje legal. He aqu\u00ed c\u00f3mo le ayudamos a navegar por las secuelas de su accidente.<\/p>\n<h3>Consulta inicial gratuita y evaluaci\u00f3n del caso<\/h3>\n<p>Su viaje comienza con una consulta gratuita. Durante esta reuni\u00f3n, evaluamos los detalles de su caso y discutimos sus opciones legales. Esta es su oportunidad de hacer preguntas y entender los posibles resultados. Damos prioridad a sus necesidades y nos aseguramos de que se sienta c\u00f3modo compartiendo su experiencia.<\/p>\n<h3>Recopilaci\u00f3n de pruebas y construcci\u00f3n de su caso<\/h3>\n<p>Una vez que decida seguir adelante, nuestro equipo entra en acci\u00f3n. Recopilamos meticulosamente las pruebas relevantes para su caso. Esta investigaci\u00f3n incluye registros m\u00e9dicos, informes de accidentes, declaraciones de testigos y otros documentos de apoyo. El objetivo del equipo es crear una base s\u00f3lida para su caso, asegur\u00e1ndose de que cada detalle se tiene en cuenta.<\/p>\n<h3>Negociar con las compa\u00f1\u00edas de seguros<\/h3>\n<p>Tratar con las compa\u00f1\u00edas de seguros puede ser abrumador. Los abogados experimentados de nuestra firma manejan las negociaciones, abogando por sus mejores intereses. Entendemos las t\u00e1cticas que las aseguradoras suelen utilizar para minimizar los pagos. Nuestro equipo es experto en contrarrestar estas t\u00e1cticas para asegurar la compensaci\u00f3n que usted merece.<\/p>\n<h3>Buscamos la m\u00e1xima compensaci\u00f3n por sus p\u00e9rdidas<\/h3>\n<p>Nos esforzamos por obtener la m\u00e1xima compensaci\u00f3n posible por sus p\u00e9rdidas. Esto incluye da\u00f1os econ\u00f3micos y no econ\u00f3micos. Los da\u00f1os econ\u00f3micos cubren costes tangibles como facturas m\u00e9dicas y salarios perdidos. Los da\u00f1os no econ\u00f3micos abordan el dolor y el sufrimiento que ha soportado. Trabajamos diligentemente para cuantificar estas p\u00e9rdidas y presentar un caso convincente.<\/p>\n<h3>Representaci\u00f3n ante los tribunales<\/h3>\n<p>Estamos preparados para representarle ante los tribunales si las negociaciones no dan un resultado satisfactorio. Nuestros abogados son litigantes experimentados que luchar\u00e1n por sus derechos ante un juez y un jurado. Estamos comprometidos a asegurar que su voz sea escuchada y obtener la justicia que se merece. Nuestro bufete de abogados est\u00e1 aqu\u00ed para apoyarle en cada paso del camino. Su recuperaci\u00f3n es nuestra prioridad, y estamos dedicados a ayudarle a trav\u00e9s de este dif\u00edcil momento.<\/p>\n<p><a href=\"https:\/\/bpcounsel.com\/wp-content\/uploads\/2024\/12\/spartanburg-pi3-copy.webp\"><img decoding=\"async\" class=\"alignnone size-full wp-image-3060\" src=\"https:\/\/bpcounsel.com\/wp-content\/uploads\/2024\/12\/spartanburg-pi3-copy.webp\" alt=\"Filing a personal injury claim\" width=\"500\" height=\"334\" srcset=\"https:\/\/bpcounsel.com\/wp-content\/uploads\/2024\/12\/spartanburg-pi3-copy.webp 500w, https:\/\/bpcounsel.com\/wp-content\/uploads\/2024\/12\/spartanburg-pi3-copy-300x200.webp 300w\" sizes=\"(max-width: 500px) 100vw, 500px\" \/><\/a><\/p>\n<h2>Preguntas frecuentes sobre reclamaciones por da\u00f1os personales<\/h2>\n<h3>\u00bfQu\u00e9 debo hacer si sufro lesiones en un accidente de tr\u00e1fico?<\/h3>\n<p>Si usted se encuentra herido en cualquier tipo de accidente, incluyendo un accidente de coche, su primer paso debe ser buscar atenci\u00f3n m\u00e9dica. Las v\u00edctimas de accidentes siempre deben dar prioridad a su salud. Despu\u00e9s, re\u00fana toda la informaci\u00f3n posible sobre el incidente. Esto incluye tomar fotograf\u00edas de la escena, recopilar informaci\u00f3n de contacto de los testigos y obtener una copia del informe policial si procede. Documentar sus lesiones y cualquier tratamiento m\u00e9dico tambi\u00e9n es crucial. Por \u00faltimo, p\u00f3ngase en contacto con un abogado de lesiones personales de Spartanburg para discutir sus opciones legales y derechos. Ellos le pueden guiar a trav\u00e9s del proceso y ayudarle a entender lo que la recuperaci\u00f3n financiera que usted puede tener derecho.<\/p>\n<h3>\u00bfCu\u00e1nto tiempo tengo para presentar una demanda por lesiones personales en Carolina del Sur?<\/h3>\n<p>En Carolina del Sur, el estatuto de limitaciones para presentar una demanda por lesiones personales es t\u00edpicamente de tres a\u00f1os desde el accidente. Este plazo se aplica a la mayor\u00eda de los casos de lesiones personales, incluyendo accidentes automovil\u00edsticos e incidentes de resbalones y ca\u00eddas. Sin embargo, hay excepciones, por lo que es importante consultar con un abogado con experiencia en lesiones personales Spartanburg tan pronto como sea posible. Actuar con rapidez puede ayudar a preservar la evidencia y fortalecer su caso.<\/p>\n<h3>\u00bfPuedo Buscar Da\u00f1os Punitivos?<\/h3>\n<p>S\u00ed, en ciertas circunstancias, usted puede ser capaz de perseguir da\u00f1os punitivos, adem\u00e1s de los da\u00f1os econ\u00f3micos y no econ\u00f3micos. Los da\u00f1os punitivos pretenden castigar a la parte responsable por un comportamiento particularmente imprudente o malicioso. Para tener derecho a da\u00f1os punitivos, usted debe demostrar que la otra parte actu\u00f3 con mala conducta deliberada, fraude, o una completa indiferencia por la seguridad de los dem\u00e1s. Un abogado con experiencia en lesiones personales puede evaluar su caso y aconsejarle sobre la posibilidad de reclamar da\u00f1os punitivos bas\u00e1ndose en los detalles del incidente.<\/p>\n<p><a href=\"https:\/\/bpcounsel.com\/wp-content\/uploads\/2024\/12\/spartanburg-pi4-copy.webp\"><img loading=\"lazy\" decoding=\"async\" class=\"alignnone size-full wp-image-3059\" src=\"https:\/\/bpcounsel.com\/wp-content\/uploads\/2024\/12\/spartanburg-pi4-copy.webp\" alt=\"Contact Spartanburg's personal injury lawyers today\" width=\"500\" height=\"334\" srcset=\"https:\/\/bpcounsel.com\/wp-content\/uploads\/2024\/12\/spartanburg-pi4-copy.webp 500w, https:\/\/bpcounsel.com\/wp-content\/uploads\/2024\/12\/spartanburg-pi4-copy-300x200.webp 300w\" sizes=\"(max-width: 500px) 100vw, 500px\" \/><\/a><\/p>\n<h2>Abogados de lesiones personales que luchan por usted<\/h2>\n<p>En Panchenko Law Firm, nos enorgullecemos de los resultados positivos que logramos para nuestros clientes. Nuestros abogados de lesiones personales en Spartanburg trabajan incansablemente para proporcionar una representaci\u00f3n legal excepcional, y los comentarios que recibimos reflejan nuestra dedicaci\u00f3n a sus necesidades. Si usted est\u00e1 buscando un abogado de lesiones personales en Spartanburg, deje que nuestro historial de \u00e9xito y clientes satisfechos hablen por s\u00ed mismos. Le invitamos a ponerse en contacto con nosotros para una consulta gratuita para discutir su caso y c\u00f3mo podemos ayudarle.<\/p>\n<h2>P\u00f3ngase en contacto con Panchenko Law Firm para una consulta gratuita<\/h2>\n<p>En Panchenko Law Firm, entendemos que navegar por las secuelas de un accidente puede ser abrumador. Si usted o un ser querido ha sufrido lesiones debido a la negligencia de otra persona, nuestros abogados de lesiones personales de Spartanburg est\u00e1n aqu\u00ed para ayudar. Ofrecemos una consulta gratuita para discutir su caso y delinear sus opciones legales. Durante esta consulta inicial, se reunir\u00e1 con un abogado experimentado que escuchar\u00e1 su historia, evaluar\u00e1 los detalles de su situaci\u00f3n y le proporcionar\u00e1 orientaci\u00f3n legal honesta y directa. Esta es su oportunidad para hacer preguntas y obtener una mejor comprensi\u00f3n del proceso de lesiones personales en Carolina del Sur.<\/p>\n<h3>Usted es lo primero<\/h3>\n<p>Estamos orgullosos de nuestro enfoque centrado en el cliente. Esto significa que damos prioridad a sus necesidades y preocupaciones durante todo el proceso legal. Despu\u00e9s de nuestra discusi\u00f3n, si usted decide trabajar con nosotros, vamos a reunir pruebas, negociar con las compa\u00f1\u00edas de seguros, y perseguir la compensaci\u00f3n que se merece. No espere hasta que sea demasiado tarde. Carolina del Sur tiene plazos estrictos para presentar reclamaciones por lesiones personales. P\u00f3ngase en contacto con nosotros hoy para programar su consulta inicial. Deje que nuestro experimentado equipo defienda sus derechos y le ayude en el camino hacia la recuperaci\u00f3n. Su futuro es importante, y estamos comprometidos a luchar por sus mejores intereses.<\/p>\n","protected":false},"excerpt":{"rendered":"<p>Entendiendo la Ley de Lesiones Personales en Spartanburg La ley de lesiones personales es un \u00e1rea vital de la pr\u00e1ctica legal que tiene como objetivo proteger a las personas que han sufrido lesiones debido a la negligencia de otra persona o acciones il\u00edcitas. En Spartanburg, esta ley abarca una serie de situaciones, desde accidentes automovil\u00edsticos [&hellip;]<\/p>\n","protected":false},"author":45,"featured_media":0,"parent":3744,"menu_order":0,"comment_status":"closed","ping_status":"closed","template":"","meta":{"_acf_changed":false,"anchor_text":"","footnotes":""},"class_list":["post-3756","page","type-page","status-publish","hentry"],"acf":[],"_links":{"self":[{"href":"https:\/\/bpcounsel.com\/es\/wp-json\/wp\/v2\/pages\/3756","targetHints":{"allow":["GET"]}}],"collection":[{"href":"https:\/\/bpcounsel.com\/es\/wp-json\/wp\/v2\/pages"}],"about":[{"href":"https:\/\/bpcounsel.com\/es\/wp-json\/wp\/v2\/types\/page"}],"author":[{"embeddable":true,"href":"https:\/\/bpcounsel.com\/es\/wp-json\/wp\/v2\/users\/45"}],"replies":[{"embeddable":true,"href":"https:\/\/bpcounsel.com\/es\/wp-json\/wp\/v2\/comments?post=3756"}],"version-history":[{"count":2,"href":"https:\/\/bpcounsel.com\/es\/wp-json\/wp\/v2\/pages\/3756\/revisions"}],"predecessor-version":[{"id":3758,"href":"https:\/\/bpcounsel.com\/es\/wp-json\/wp\/v2\/pages\/3756\/revisions\/3758"}],"up":[{"embeddable":true,"href":"https:\/\/bpcounsel.com\/es\/wp-json\/wp\/v2\/pages\/3744"}],"wp:attachment":[{"href":"https:\/\/bpcounsel.com\/es\/wp-json\/wp\/v2\/media?parent=3756"}],"curies":[{"name":"wp","href":"https:\/\/api.w.org\/{rel}","templated":true}]}}