{"id":3750,"date":"2024-12-18T13:35:48","date_gmt":"2024-12-18T18:35:48","guid":{"rendered":"https:\/\/bpcounsel.com\/spartanburg\/spartanburg-abogado-de-accidente-de-motocicleta\/"},"modified":"2025-01-26T04:34:02","modified_gmt":"2025-01-26T09:34:02","slug":"spartanburg-abogado-de-accidente-de-motocicleta","status":"publish","type":"page","link":"https:\/\/bpcounsel.com\/es\/spartanburg\/spartanburg-abogado-de-accidente-de-motocicleta\/","title":{"rendered":"Spartanburg Abogado de Accidente de Motocicleta"},"content":{"rendered":"<h2>Entendiendo los Riesgos: Accidentes de Motocicleta en Spartanburg<\/h2>\n<p>Conducir una motocicleta ofrece la sensaci\u00f3n de libertad y aventura, pero viene con riesgos significativos. En Spartanburg, el n\u00famero de accidentes de motocicleta ha ido en aumento, dando lugar a lesiones graves e incluso muertes. Comprender estos riesgos es crucial tanto para los conductores como para los automovilistas. Los accidentes de motocicleta ocurren a menudo debido a una variedad de factores. La conducci\u00f3n distra\u00edda, ya sea con dispositivos m\u00f3viles u otras distracciones, supone una gran amenaza. Muchos accidentes se producen cuando los conductores no ven a los motoristas, especialmente en las intersecciones. Adem\u00e1s, los comportamientos imprudentes al volante, como el exceso de velocidad o entrar y salirse del tr\u00e1fico, pueden tener consecuencias devastadoras. Las condiciones meteorol\u00f3gicas tambi\u00e9n influyen; la lluvia, la niebla o la escasa visibilidad pueden aumentar las probabilidades de accidente. Las consecuencias de un accidente de moto pueden ser graves. Los motoristas son especialmente vulnerables a lesiones catastr\u00f3ficas, como traumatismos craneoencef\u00e1licos, lesiones medulares y fracturas \u00f3seas. Estas lesiones pueden conllevar un tratamiento m\u00e9dico a largo plazo y cambios significativos en el estilo de vida, como la reducci\u00f3n de la capacidad para obtener ingresos en el futuro. El desgaste f\u00edsico y emocional puede ser abrumador y afectar tanto al lesionado como a sus familiares. Adem\u00e1s, las compa\u00f1\u00edas de seguros de los motoristas suelen negarse a ofrecer una indemnizaci\u00f3n justa y equitativa por la negligencia del conductor. Comprender estos riesgos es crucial para cualquiera que circule por carretera. La concienciaci\u00f3n puede ayudar a reducir los accidentes y proteger vidas. Si usted o alguien que usted conoce ha estado involucrado en un accidente de motocicleta en Spartanburg, Carolina del Sur, la b\u00fasqueda de asistencia legal es vital. Un abogado experto en accidentes de motocicleta puede ayudarle a navegar por las complejidades de su caso y luchar por la compensaci\u00f3n que se merece.<\/p>\n<h2>\u00bfPor qu\u00e9 elegir Panchenko Law Firm para su abogado de accidente de motocicleta en Spartanburg?<\/h2>\n<p>La selecci\u00f3n de la representaci\u00f3n legal adecuada es crucial cuando usted est\u00e1 tratando con las secuelas de un accidente de motocicleta. En Panchenko Law Firm, nos enorgullecemos de ser sus abogados de confianza en Spartanburg. Nuestro compromiso con nuestros clientes nos distingue en el panorama jur\u00eddico. Entendemos los desaf\u00edos \u00fanicos que enfrentan las v\u00edctimas de accidentes de motocicleta, y estamos dedicados a proporcionar el apoyo y la orientaci\u00f3n que necesita. Nuestro enfoque se centra en el cliente. Escuchamos sus preocupaciones y adaptar nuestras estrategias para satisfacer sus necesidades. El proceso legal puede ser abrumador, pero nuestro equipo est\u00e1 aqu\u00ed para simplificarlo. Nos centramos en una comunicaci\u00f3n clara y nos aseguramos de que est\u00e9 informado en cada paso. Usted puede confiar en que vamos a luchar en\u00e9rgicamente por sus derechos y buscar la compensaci\u00f3n que se merece. Tambi\u00e9n reconocemos la diversidad de la comunidad a la que servimos. Nuestro apoyo legal multiling\u00fce incluye ruso, espa\u00f1ol y ucraniano. Esto nos permite comunicarnos eficazmente con clientes de diversos or\u00edgenes, garantizando que las barreras ling\u00fc\u00edsticas no obstaculicen su acceso a la justicia. Una de las ventajas m\u00e1s significativas de trabajar con nosotros es nuestra pol\u00edtica de no ganar, no cobrar. No tendr\u00e1 que preocuparse por los costes iniciales. Trabajamos con honorarios condicionales, lo que significa que s\u00f3lo nos pagar\u00e1 si conseguimos una indemnizaci\u00f3n. Este enfoque le permite centrarse en la recuperaci\u00f3n, mientras que nosotros nos encargamos de las complejidades legales. Elegir Panchenko Law Firm significa elegir un equipo comprometido con su bienestar y recuperaci\u00f3n. Estamos aqu\u00ed para guiarle a trav\u00e9s de este tiempo dif\u00edcil y abogar por sus derechos. Perm\u00edtanos ser sus socios en la b\u00fasqueda de la justicia despu\u00e9s de su accidente de motocicleta.<\/p>\n<p><a href=\"https:\/\/bpcounsel.com\/wp-content\/uploads\/2024\/12\/spartanburg-motorcycle-acc1-copy.webp\"><img fetchpriority=\"high\" decoding=\"async\" class=\"alignnone size-full wp-image-3084\" src=\"https:\/\/bpcounsel.com\/wp-content\/uploads\/2024\/12\/spartanburg-motorcycle-acc1-copy.webp\" alt=\"In an accident and need a Spartanburg motorcycle accident lawyer? Contact us today\" width=\"500\" height=\"334\" srcset=\"https:\/\/bpcounsel.com\/wp-content\/uploads\/2024\/12\/spartanburg-motorcycle-acc1-copy.webp 500w, https:\/\/bpcounsel.com\/wp-content\/uploads\/2024\/12\/spartanburg-motorcycle-acc1-copy-300x200.webp 300w\" sizes=\"(max-width: 500px) 100vw, 500px\" \/><\/a><\/p>\n<h2>Navegar por el proceso legal tras un accidente de moto<\/h2>\n<p>Tras un accidente de moto, el proceso legal puede resultar abrumador. Entender los pasos a seguir puede ayudarle a recuperar el control de su situaci\u00f3n. He aqu\u00ed una gu\u00eda sencilla sobre c\u00f3mo navegar por el panorama legal despu\u00e9s de un accidente de motocicleta.<\/p>\n<h3>Qu\u00e9 hacer inmediatamente despu\u00e9s de un accidente de moto<\/h3>\n<p>Su seguridad es la m\u00e1xima prioridad. Si puede, dir\u00edjase a un lugar seguro alejado del tr\u00e1fico. Pida ayuda m\u00e9dica, aunque sus lesiones parezcan leves. A veces, el shock y la adrenalina pueden hacer que las lesiones graves sean dif\u00edciles de detectar inmediatamente despu\u00e9s de un accidente. Muchos motoristas han dado por sentado que no ten\u00edan m\u00e1s que un rasgu\u00f1o en la carretera antes de buscar atenci\u00f3n m\u00e9dica y darse cuenta de que hab\u00edan sufrido lesiones mucho m\u00e1s graves. Informa siempre del accidente a la polic\u00eda; un informe policial puede ser crucial para tu caso. Recopila informaci\u00f3n de otras partes implicadas en el lugar del accidente, incluidos nombres, datos de contacto e informaci\u00f3n del seguro. Documenta la escena con fotograf\u00edas, captando la posici\u00f3n de los veh\u00edculos, el estado de la carretera y las lesiones visibles.<\/p>\n<h3>Recopilaci\u00f3n de pruebas: C\u00f3mo construir una s\u00f3lida demanda por lesiones personales<\/h3>\n<p>La recopilaci\u00f3n de pruebas es clave para establecer la responsabilidad en su demanda. Esto incluye la obtenci\u00f3n de historiales m\u00e9dicos, informes de accidentes y declaraciones de testigos. Lleve un registro de todos los gastos relacionados, como facturas m\u00e9dicas y costes de reparaci\u00f3n. Cuanto m\u00e1s detallada sea su documentaci\u00f3n, m\u00e1s s\u00f3lido ser\u00e1 su caso. Si es posible, busque opiniones expertas de especialistas en reconstrucci\u00f3n de accidentes para apoyar su reclamo.<\/p>\n<h3>Entendiendo las Leyes de Motocicletas de Carolina del Sur y sus Derechos<\/h3>\n<p>Familiarizarse con las leyes de motocicleta de Carolina del Sur es esencial. Carolina del Sur opera bajo un sistema de culpa, lo que significa que la parte culpable es responsable de los da\u00f1os. Entendiendo la negligencia comparativa es tambien importante. Si usted es encontrado parcialmente culpable, esto puede afectar su compensaci\u00f3n. Conocer sus derechos puede darle poder durante las negociaciones con las compa\u00f1\u00edas de seguros y ayudarle a abogar por una compensaci\u00f3n justa. Navegar por el proceso legal despu\u00e9s de un accidente de motocicleta no tiene por qu\u00e9 ser un viaje solitario. Con el apoyo legal adecuado, usted puede centrarse en su recuperaci\u00f3n, mientras que nosotros nos encargamos de las complejidades de su caso. Llegar a Panchenko Law Firm para una consulta gratuita y perm\u00edtanos guiarle a trav\u00e9s del panorama jur\u00eddico.<\/p>\n<p><a href=\"https:\/\/bpcounsel.com\/wp-content\/uploads\/2024\/12\/spartanburg-motorcycle-acc2-copy.webp\"><img decoding=\"async\" class=\"alignnone size-full wp-image-3083\" src=\"https:\/\/bpcounsel.com\/wp-content\/uploads\/2024\/12\/spartanburg-motorcycle-acc2-copy.webp\" alt=\"Our motorcycle accident lawyers can help assist you with you claim and get you the compensation you deserve\" width=\"500\" height=\"334\" srcset=\"https:\/\/bpcounsel.com\/wp-content\/uploads\/2024\/12\/spartanburg-motorcycle-acc2-copy.webp 500w, https:\/\/bpcounsel.com\/wp-content\/uploads\/2024\/12\/spartanburg-motorcycle-acc2-copy-300x200.webp 300w\" sizes=\"(max-width: 500px) 100vw, 500px\" \/><\/a><\/p>\n<h2>Maximizar la compensaci\u00f3n por sus lesiones de accidente de motocicleta<\/h2>\n<p>Despu\u00e9s de un accidente de motocicleta, el objetivo es asegurar una compensaci\u00f3n completa y justa por sus lesiones. La comprensi\u00f3n de los tipos de da\u00f1os disponibles puede ayudarle a navegar este proceso con eficacia. He aqu\u00ed c\u00f3mo usted puede maximizar su compensaci\u00f3n.<\/p>\n<h3>Da\u00f1os econ\u00f3micos: Facturas m\u00e9dicas, salarios perdidos y m\u00e1s<\/h3>\n<p>Los da\u00f1os econ\u00f3micos son los costes tangibles que usted incurre debido al accidente. Esto incluye facturas m\u00e9dicas por tratamientos, fisioterapia y cualquier cuidado continuo que pueda necesitar. Lleve un registro exhaustivo de todos los gastos. Los salarios perdidos tambi\u00e9n son un aspecto importante. Si sus lesiones le impiden trabajar, merece una indemnizaci\u00f3n por los ingresos perdidos. Documente sus talones de pago y cualquier correspondencia relativa a su situaci\u00f3n laboral. Estas p\u00e9rdidas econ\u00f3micas crean una imagen clara del impacto econ\u00f3mico que el accidente ha tenido en su vida.<\/p>\n<h3>Da\u00f1os no econ\u00f3micos: Dolor, sufrimiento y angustia emocional<\/h3>\n<p>Los da\u00f1os no econ\u00f3micos cubren los aspectos m\u00e1s subjetivos de sus lesiones. Esto incluye el dolor y el sufrimiento, la angustia emocional y la p\u00e9rdida del disfrute de la vida. Aunque estos da\u00f1os pueden ser m\u00e1s dif\u00edciles de cuantificar, son igualmente importantes. Llevar un diario sobre sus experiencias diarias y c\u00f3mo el accidente ha afectado a su bienestar mental y emocional puede ser beneficioso. Estas pruebas pueden apoyar su reclamaci\u00f3n de da\u00f1os no econ\u00f3micos y ayudar a ilustrar el impacto total de sus lesiones.<\/p>\n<h3>Reclamaciones por homicidio culposo: En busca de justicia para su ser querido<\/h3>\n<p>Si un accidente de motocicleta resulta en la tr\u00e1gica p\u00e9rdida de un ser querido, una demanda por homicidio culposo puede ser apropiada. Este tipo de reclamaci\u00f3n busca una compensaci\u00f3n para los familiares supervivientes, cubriendo los gastos funerarios, la p\u00e9rdida de ingresos y la carga emocional de la p\u00e9rdida. Es crucial consultar con un abogado experimentado que pueda guiarle a trav\u00e9s de este delicado proceso y ayudarle a buscar justicia para su ser querido. Al comprender estos aspectos de la compensaci\u00f3n, puede trabajar para lograr la recuperaci\u00f3n financiera que necesita. Asociarse con un abogado experto en accidentes de motocicleta de Spartanburg puede proporcionarle la orientaci\u00f3n jur\u00eddica necesaria para navegar por estas reclamaciones con eficacia.<\/p>\n<h2>Nuestro historial probado en casos de lesiones personales<\/h2>\n<p>Nuestra firma de abogados de lesiones personales se enorgullece de nuestra historia de resultados exitosos para los clientes que han sufrido accidentes de motocicleta. Nuestros abogados de accidentes de motocicleta en Spartanburg tienen un profundo conocimiento de la ley de lesiones personales, lo que nos permite navegar por las complejidades de cada caso con eficacia. Hemos asegurado acuerdos y veredictos sustanciales para muchas v\u00edctimas de accidentes de motocicleta, lo que demuestra nuestro compromiso de lograr justicia para los afectados por la negligencia. Nuestro equipo ha manejado muchos casos de accidentes de motocicleta, desde lesiones menores hasta incidentes catastr\u00f3ficos. Cada caso es \u00fanico, y abordamos cada situaci\u00f3n con la seriedad que se merece. Nuestra meticulosa atenci\u00f3n al detalle garantiza que construyamos casos fuertes basados en pruebas s\u00f3lidas y argumentos convincentes. Creemos que nuestros clientes merecen la mejor representaci\u00f3n posible. Nuestra reputaci\u00f3n en Spartanburg habla por s\u00ed misma, ya que muchos clientes satisfechos han compartido sus experiencias positivas con nosotros. Han expresado su gratitud por nuestra dedicaci\u00f3n, comunicaci\u00f3n y capacidad para lograr resultados favorables. Historias reales de nuestros clientes ilustran el impacto que hemos tenido. Por ejemplo, un cliente, despu\u00e9s de un grave accidente de motocicleta, recibi\u00f3 una indemnizaci\u00f3n que cubri\u00f3 los gastos m\u00e9dicos y salarios perdidos. Este alivio financiero les permiti\u00f3 centrarse en la recuperaci\u00f3n en lugar de estresarse por las facturas. Nuestra probada trayectoria refleja nuestro compromiso inquebrantable de atender las necesidades de las v\u00edctimas de accidentes de motocicleta en Spartanburg. Cuando usted elige Panchenko Law Firm, usted consigue un equipo listo para luchar por sus derechos y ayudarle a asegurar la compensaci\u00f3n que usted merece.<\/p>\n<p><a href=\"https:\/\/bpcounsel.com\/wp-content\/uploads\/2024\/12\/spartanburg-motorcycle-acc3-copy.webp\"><img decoding=\"async\" class=\"alignnone size-full wp-image-3082\" src=\"https:\/\/bpcounsel.com\/wp-content\/uploads\/2024\/12\/spartanburg-motorcycle-acc3-copy.webp\" alt=\"Schedule your free case review with our Spartanburg Motorcycle Accident lawyers\" width=\"500\" height=\"334\" srcset=\"https:\/\/bpcounsel.com\/wp-content\/uploads\/2024\/12\/spartanburg-motorcycle-acc3-copy.webp 500w, https:\/\/bpcounsel.com\/wp-content\/uploads\/2024\/12\/spartanburg-motorcycle-acc3-copy-300x200.webp 300w\" sizes=\"(max-width: 500px) 100vw, 500px\" \/><\/a><\/p>\n<h2>Programar una consulta gratuita con Panchenko Law Firm<\/h2>\n<p>Nuestro bufete de abogados entiende que las secuelas de un accidente de motocicleta puede ser abrumador. Es por eso que ofrecemos una consulta gratuita y sin compromiso para ayudarle a navegar por sus pr\u00f3ximos pasos sin ning\u00fan costo por adelantado. Durante esta reuni\u00f3n inicial, usted discutir\u00e1 su situaci\u00f3n con nuestros abogados experimentados en accidentes de motocicleta en Spartanburg. Nuestro equipo escuchar\u00e1 su historia, evaluar\u00e1 los detalles de su caso y le proporcionar\u00e1 una valiosa orientaci\u00f3n legal. Nuestro objetivo es aclarar sus derechos y opciones para seguir adelante. Estamos aqu\u00ed para ayudarle, tanto si tiene preguntas sobre el proceso de reclamaci\u00f3n como si necesita asesoramiento sobre los peritos de seguros. Dar el primer paso hacia la recuperaci\u00f3n es crucial. Usted no debe enfrentar los desaf\u00edos solo. Al programar una consulta gratuita, puede obtener informaci\u00f3n sobre c\u00f3mo nuestros abogados dedicados pueden apoyarle en la b\u00fasqueda de una compensaci\u00f3n justa por sus lesiones. P\u00f3ngase en contacto con nosotros hoy para programar su consulta. Perm\u00edtanos ayudarle en su camino hacia la recuperaci\u00f3n. Su bienestar es nuestra prioridad, y estamos comprometidos a luchar por sus derechos.<\/p>\n<h2>Preguntas Frecuentes Sobre Reclamaciones de Accidentes de Motocicleta<\/h2>\n<h3>\u00bfCu\u00e1nto tiempo tengo para presentar una reclamaci\u00f3n en Carolina del Sur?<\/h3>\n<p>En Carolina del Sur, el plazo de prescripci\u00f3n para presentar una demanda por lesiones personales, incluidos los casos de accidentes de motocicleta, es t\u00edpicamente de tres a\u00f1os desde el accidente. Es crucial actuar con rapidez, ya que las pruebas pueden desvanecerse y los testigos pueden olvidar detalles importantes con el tiempo. Si se le pasa este plazo, puede perder su derecho a solicitar una indemnizaci\u00f3n por sus lesiones. Consultar con un abogado de accidentes de motocicleta Spartanburg tan pronto como sea posible puede ayudarle a navegar esta l\u00ednea de tiempo con eficacia.<\/p>\n<h3>\u00bfQu\u00e9 pasa si soy parcialmente culpable del accidente?<\/h3>\n<p>Carolina del Sur sigue una regla de negligencia comparativa modificada. Esto significa que si usted es encontrado parcialmente culpable del accidente, su compensaci\u00f3n puede ser reducida por su porcentaje de culpa. Por ejemplo, si se le considera responsable en un 20%, s\u00f3lo podr\u00e1 recuperar el 80% del total de los da\u00f1os. Es posible que no tenga derecho a ninguna indemnizaci\u00f3n si tiene m\u00e1s del 50% de culpa. Un abogado experto en accidentes de moto puede ayudarle a evaluar su caso y proteger sus derechos.<\/p>\n<p><a href=\"https:\/\/bpcounsel.com\/wp-content\/uploads\/2024\/12\/spartanburg-motorcycle-acc4-copy.webp\"><img loading=\"lazy\" decoding=\"async\" class=\"alignnone size-full wp-image-3081\" src=\"https:\/\/bpcounsel.com\/wp-content\/uploads\/2024\/12\/spartanburg-motorcycle-acc4-copy.webp\" alt=\"How Can a Motorcycle Accident Lawyer Help Me?\" width=\"500\" height=\"334\" srcset=\"https:\/\/bpcounsel.com\/wp-content\/uploads\/2024\/12\/spartanburg-motorcycle-acc4-copy.webp 500w, https:\/\/bpcounsel.com\/wp-content\/uploads\/2024\/12\/spartanburg-motorcycle-acc4-copy-300x200.webp 300w\" sizes=\"(max-width: 500px) 100vw, 500px\" \/><\/a><\/p>\n<h2>\u00bfC\u00f3mo puede ayudarme un abogado de accidentes de moto?<\/h2>\n<p>Un abogado de accidentes de motocicleta puede proporcionar una ayuda inestimable durante este tiempo dif\u00edcil. Ellos le ayudar\u00e1n con una investigaci\u00f3n exhaustiva, recopilando materiales como informes policiales y declaraciones de testigos, para construir un caso s\u00f3lido en su nombre. Adem\u00e1s, van a negociar con las compa\u00f1\u00edas de seguros para asegurarse de que recibe una compensaci\u00f3n justa por sus gastos m\u00e9dicos, salarios perdidos, y el dolor y el sufrimiento. Con su experiencia, usted puede centrarse en su recuperaci\u00f3n, mientras que le ayudan a entender sus opciones legales.<\/p>\n<h2>Mant\u00e9ngase informado: \u00daltimas noticias y art\u00edculos sobre accidentes de moto<\/h2>\n<p>Los accidentes de motocicleta pueden tener consecuencias importantes, no s\u00f3lo para los conductores, sino tambi\u00e9n para sus familias y comunidades. Mantenerse informado sobre los \u00faltimos avances en seguridad de motocicletas, leyes y estad\u00edsticas de accidentes es crucial para cualquiera que conduzca o comparta la carretera con motociclistas. Las estad\u00edsticas de accidentes de motocicleta muestran un aumento en los accidentes de motocicleta en Spartanburg y en toda Carolina del Sur. Los factores que contribuyen a este aumento incluyen la conducci\u00f3n distra\u00edda, el exceso de velocidad y las condiciones inadecuadas de la carretera. Entender estas tendencias puede ayudar a los motociclistas a tomar medidas proactivas para mejorar su seguridad. Adem\u00e1s, se est\u00e1n introduciendo nuevas leyes destinadas a mejorar la seguridad de las motocicletas. Estas leyes pueden incluir sanciones m\u00e1s estrictas para la conducci\u00f3n temeraria y requisitos de formaci\u00f3n mejorados para los nuevos conductores. Mantenerse al corriente de estos cambios garantiza que los conductores de motocicletas conozcan sus derechos y responsabilidades. Los recursos educativos, como art\u00edculos y consejos de seguridad, pueden proporcionar informaci\u00f3n valiosa sobre pr\u00e1cticas de conducci\u00f3n seguras. Llevar el equipo adecuado, realizar un mantenimiento regular de la moto y estar atento al tr\u00e1fico circundante puede reducir significativamente el riesgo de accidentes. Adem\u00e1s, es esencial conocer las opciones de cobertura del seguro. Muchos motoristas desconocen los tipos de cobertura que pueden protegerles en caso de accidente. Una informaci\u00f3n completa sobre las p\u00f3lizas de seguro puede ayudar a los motoristas a tomar decisiones con conocimiento de causa. Al mantenerse informados, los motoristas pueden afrontar mejor los retos a los que se enfrentan en la carretera. Ya se trate de la comprensi\u00f3n de las nuevas leyes, el aprendizaje acerca de las medidas de seguridad, o saber c\u00f3mo manejar una reclamaci\u00f3n por accidente, el conocimiento es poder. Para una orientaci\u00f3n personalizada, considere ponerse en contacto con un abogado de accidentes de motocicleta en Spartanburg que puede proporcionar asesoramiento jur\u00eddico especializado adaptado a su situaci\u00f3n.<\/p>\n","protected":false},"excerpt":{"rendered":"<p>Entendiendo los Riesgos: Accidentes de Motocicleta en Spartanburg Conducir una motocicleta ofrece la sensaci\u00f3n de libertad y aventura, pero viene con riesgos significativos. En Spartanburg, el n\u00famero de accidentes de motocicleta ha ido en aumento, dando lugar a lesiones graves e incluso muertes. Comprender estos riesgos es crucial tanto para los conductores como para los [&hellip;]<\/p>\n","protected":false},"author":45,"featured_media":0,"parent":3744,"menu_order":0,"comment_status":"closed","ping_status":"closed","template":"","meta":{"_acf_changed":false,"anchor_text":"","footnotes":""},"class_list":["post-3750","page","type-page","status-publish","hentry"],"acf":[],"_links":{"self":[{"href":"https:\/\/bpcounsel.com\/es\/wp-json\/wp\/v2\/pages\/3750","targetHints":{"allow":["GET"]}}],"collection":[{"href":"https:\/\/bpcounsel.com\/es\/wp-json\/wp\/v2\/pages"}],"about":[{"href":"https:\/\/bpcounsel.com\/es\/wp-json\/wp\/v2\/types\/page"}],"author":[{"embeddable":true,"href":"https:\/\/bpcounsel.com\/es\/wp-json\/wp\/v2\/users\/45"}],"replies":[{"embeddable":true,"href":"https:\/\/bpcounsel.com\/es\/wp-json\/wp\/v2\/comments?post=3750"}],"version-history":[{"count":2,"href":"https:\/\/bpcounsel.com\/es\/wp-json\/wp\/v2\/pages\/3750\/revisions"}],"predecessor-version":[{"id":3752,"href":"https:\/\/bpcounsel.com\/es\/wp-json\/wp\/v2\/pages\/3750\/revisions\/3752"}],"up":[{"embeddable":true,"href":"https:\/\/bpcounsel.com\/es\/wp-json\/wp\/v2\/pages\/3744"}],"wp:attachment":[{"href":"https:\/\/bpcounsel.com\/es\/wp-json\/wp\/v2\/media?parent=3750"}],"curies":[{"name":"wp","href":"https:\/\/api.w.org\/{rel}","templated":true}]}}