{"id":3747,"date":"2024-12-18T13:35:39","date_gmt":"2024-12-18T18:35:39","guid":{"rendered":"https:\/\/bpcounsel.com\/spartanburg\/spartanburg-abogado-de-accidente-de-coche\/"},"modified":"2025-01-26T04:23:21","modified_gmt":"2025-01-26T09:23:21","slug":"spartanburg-abogado-de-accidente-de-coche","status":"publish","type":"page","link":"https:\/\/bpcounsel.com\/es\/spartanburg\/spartanburg-abogado-de-accidente-de-coche\/","title":{"rendered":"Spartanburg Abogado de Accidente de Coche"},"content":{"rendered":"<h2>\u00bfPor qu\u00e9 elegir Panchenko Law Firm para su caso de accidente de coche?<\/h2>\n<p>Cuando usted se encuentra en las secuelas de un accidente de coche, tener un abogado de accidentes de coche Spartanburg a su lado puede hacer una diferencia significativa. En Panchenko Law Firm, estamos dedicados a proporcionarle el apoyo legal que necesita durante este tiempo dif\u00edcil. Nuestro enfoque prioriza la comprensi\u00f3n de su situaci\u00f3n \u00fanica y la defensa de sus mejores intereses. Damos prioridad a la representaci\u00f3n legal centrada en el cliente. Sus necesidades y preocupaciones est\u00e1n a la vanguardia de nuestros esfuerzos. Escuchamos su historia, entender el impacto del accidente en su vida, y adaptar nuestras estrategias para satisfacer su situaci\u00f3n. Nuestro equipo se compromete a mantenerlo informado e involucrado durante todo el proceso, asegurando que se sienta capacitado en cada paso del camino.<\/p>\n<h3>Con experiencia y aqu\u00ed para ayudar<\/h3>\n<p>Con una amplia experiencia en casos de accidentes automovil\u00edsticos en Spartanburg, hemos desarrollado un profundo conocimiento de las leyes y reglamentos locales relativos a los casos de lesiones personales. Nuestros abogados est\u00e1n bien versados en las complejidades de la ley de lesiones personales y saben c\u00f3mo emplear estrategias legales para ayudarle a recuperar los ingresos perdidos y navegar por el sistema legal de Carolina del Sur. Utilizamos este conocimiento para construir casos s\u00f3lidos que responsabilicen a las partes negligentes y busquen la compensaci\u00f3n que usted merece. Cuando usted busca apoyo legal, necesita una comunicaci\u00f3n r\u00e1pida en su idioma. Nuestro equipo reconoce que nuestros clientes provienen de diversos or\u00edgenes. Para servirle mejor, ofrecemos asistencia multiling\u00fce, garantizando que las barreras ling\u00fc\u00edsticas no obstaculicen su acceso a la justicia. Si usted habla ruso, ucraniano o espa\u00f1ol, nuestro equipo est\u00e1 aqu\u00ed para comunicarse con claridad y eficacia. Elegir a Panchenko Law Firm significa elegir a un socio legal apasionado por luchar por sus derechos. Entendemos los retos a los que se enfrenta y nos comprometemos a estar a su lado mientras busca una compensaci\u00f3n por sus lesiones y p\u00e9rdidas. Perm\u00edtanos ser su abogado de confianza en Spartanburg mientras navega por las secuelas de su accidente automovil\u00edstico.<\/p>\n<p><a href=\"https:\/\/bpcounsel.com\/wp-content\/uploads\/2024\/12\/spartanburg-car-acc1.jpg\"><img fetchpriority=\"high\" decoding=\"async\" class=\"alignnone wp-image-3090 size-full\" src=\"https:\/\/bpcounsel.com\/wp-content\/uploads\/2024\/12\/spartanburg-car-acc1.jpg\" alt=\"Steps you should take if you are in a car accident \\ Contact our Spartanburg car accident lawyers today for your free case review\" width=\"500\" height=\"334\" srcset=\"https:\/\/bpcounsel.com\/wp-content\/uploads\/2024\/12\/spartanburg-car-acc1.jpg 500w, https:\/\/bpcounsel.com\/wp-content\/uploads\/2024\/12\/spartanburg-car-acc1-300x200.jpg 300w\" sizes=\"(max-width: 500px) 100vw, 500px\" \/><\/a><\/p>\n<h2>Pasos a seguir despu\u00e9s de un accidente de coche en Spartanburg<\/h2>\n<p>Experimentar un accidente automovil\u00edstico puede ser abrumador. Es crucial conocer los pasos correctos a tomar inmediatamente despu\u00e9s del incidente para proteger su salud y su potencial demanda legal. Esto es lo que debe hacer:<\/p>\n<h3>Busque atenci\u00f3n m\u00e9dica inmediatamente<\/h3>\n<p>Su salud es la m\u00e1xima prioridad. Incluso si se siente bien, algunas lesiones menos dolorosas pueden no ser evidentes de inmediato. Buscar atenci\u00f3n m\u00e9dica de inmediato garantiza que cualquier lesi\u00f3n oculta sea diagnosticada y tratada con prontitud. Documente todas las visitas a profesionales m\u00e9dicos y los tratamientos que reciba, porque esa informaci\u00f3n ser\u00e1 vital para su reclamaci\u00f3n por lesiones personales.<\/p>\n<h3>Documentar los gastos relacionados con el accidente y reunir pruebas<\/h3>\n<p>Reunir pruebas es esencial para construir un caso s\u00f3lido. Haz fotos del lugar del accidente, de los da\u00f1os del veh\u00edculo y de las lesiones visibles. Lleve un registro de todos los gastos relacionados con el accidente, incluidas las facturas m\u00e9dicas, las reparaciones del veh\u00edculo y los salarios perdidos. Esta documentaci\u00f3n le ayudar\u00e1 a establecer el impacto financiero del accidente y a respaldar su reclamaci\u00f3n de indemnizaci\u00f3n.<\/p>\n<h3>Informe del accidente a su compa\u00f1\u00eda de seguros<\/h3>\n<p>Notifique el accidente a su compa\u00f1\u00eda de seguros lo antes posible. Facil\u00edteles detalles precisos sobre el incidente. Este paso es importante para asegurarse de que su cobertura est\u00e1 activada y de que cumple con los requisitos de notificaci\u00f3n establecidos por su p\u00f3liza.<\/p>\n<h3>Evite hablar con los peritos del seguro del otro conductor<\/h3>\n<p>Es aconsejable evitar hablar del accidente con la compa\u00f1\u00eda de seguros del otro conductor. Los peritos del seguro pueden intentar obtener declaraciones que podr\u00edan ser utilizadas en su contra m\u00e1s adelante. En su lugar, dirija todas las comunicaciones a su abogado, que puede manejar las negociaciones en su nombre. Este enfoque protege sus derechos y le ayuda a recibir una compensaci\u00f3n justa por sus lesiones y da\u00f1os. Siguiendo estos pasos puede sentar unas bases s\u00f3lidas para su caso. Recuerde, las acciones que usted toma inmediatamente despu\u00e9s de un accidente de coche, accidente de cami\u00f3n, o accidente de motocicleta puede influir significativamente en el resultado de su demanda por lesiones personales.<\/p>\n<p><a href=\"https:\/\/bpcounsel.com\/wp-content\/uploads\/2024\/12\/spartanburg-car-acc4.jpg\"><img decoding=\"async\" class=\"alignnone size-full wp-image-3089\" src=\"https:\/\/bpcounsel.com\/wp-content\/uploads\/2024\/12\/spartanburg-car-acc4.jpg\" alt=\"How our Spartanburg car accident lawyers can help you\" width=\"500\" height=\"334\" srcset=\"https:\/\/bpcounsel.com\/wp-content\/uploads\/2024\/12\/spartanburg-car-acc4.jpg 500w, https:\/\/bpcounsel.com\/wp-content\/uploads\/2024\/12\/spartanburg-car-acc4-300x200.jpg 300w\" sizes=\"(max-width: 500px) 100vw, 500px\" \/><\/a><\/p>\n<h2>C\u00f3mo Panchenko Law Firm puede ayudar a las v\u00edctimas de accidentes<\/h2>\n<p>En Panchenko Law Firm, entendemos los retos a los que se enfrenta despu\u00e9s de un accidente de coche en Carolina del Sur. Nuestro equipo dedicado est\u00e1 aqu\u00ed para guiarle a trav\u00e9s del proceso legal, proporcionando el apoyo que necesita para recuperarse de sus lesiones y buscar una compensaci\u00f3n financiera por sus p\u00e9rdidas.<\/p>\n<h3>Investigaci\u00f3n exhaustiva y recopilaci\u00f3n de pruebas<\/h3>\n<p>Nuestro enfoque comienza con una investigaci\u00f3n exhaustiva de su accidente. Reunimos pruebas cruciales para construir un caso s\u00f3lido en su nombre. Esto incluye la recopilaci\u00f3n de informes policiales, la obtenci\u00f3n de declaraciones de testigos y la documentaci\u00f3n de la escena del accidente. Nuestro objetivo es establecer la responsabilidad clara y fortalecer su reclamo. Cada detalle es importante, y no dejamos piedra sin mover en nuestra b\u00fasqueda de justicia para usted.<\/p>\n<h3>Calcular sus da\u00f1os para obtener la m\u00e1xima indemnizaci\u00f3n<\/h3>\n<p>Determinar el alcance total de sus da\u00f1os es esencial. Evaluamos meticulosamente todos los aspectos de su caso, incluyendo los gastos m\u00e9dicos, da\u00f1os a la propiedad, salarios perdidos, y los da\u00f1os no econ\u00f3micos como el dolor f\u00edsico y el sufrimiento. Nuestros abogados experimentados trabajan diligentemente para asegurar que usted reciba la m\u00e1xima compensaci\u00f3n posible bajo la ley de Carolina del Sur. Entendemos que su recuperaci\u00f3n va m\u00e1s all\u00e1 del tratamiento m\u00e9dico; abarca el impacto en su vida.<\/p>\n<h3>Negociaci\u00f3n con las compa\u00f1\u00edas de seguros en su nombre<\/h3>\n<p>Tratar con las compa\u00f1\u00edas de seguros puede ser abrumador. A menudo priorizan sus beneficios sobre su bienestar. Nuestro equipo legal asume la responsabilidad de negociar con estas compa\u00f1\u00edas por usted. Defendemos ferozmente para proteger sus derechos y buscar una compensaci\u00f3n justa por sus lesiones. Usted puede confiar en nosotros para manejar todas las comunicaciones, lo que le permite centrarse en la curaci\u00f3n y la reconstrucci\u00f3n de su vida. Nuestro bufete de abogados de lesiones personales se compromete a proporcionar apoyo legal integral despu\u00e9s de un accidente de coche. Estamos aqu\u00ed para luchar por sus derechos y asegurar que reciba la compensaci\u00f3n que se merece. Perm\u00edtanos ser su defensor legal de confianza durante este tiempo dif\u00edcil.<\/p>\n<h2>Preguntas frecuentes sobre siniestros de tr\u00e1fico<\/h2>\n<h3>\u00bfQu\u00e9 compensaci\u00f3n se puede pedir despu\u00e9s de un accidente de coche?<\/h3>\n<p>Despu\u00e9s de un accidente de coche en Spartanburg, las v\u00edctimas de accidentes automovil\u00edsticos pueden perseguir diversas formas de compensaci\u00f3n para cubrir sus p\u00e9rdidas. Esto puede incluir da\u00f1os econ\u00f3micos tales como facturas m\u00e9dicas, salarios perdidos y da\u00f1os a la propiedad. Adem\u00e1s, usted puede tener derecho a da\u00f1os no econ\u00f3micos, que abarca el dolor y el sufrimiento, angustia emocional, y la p\u00e9rdida de disfrute de la vida. Comprender el alcance total de su posible indemnizaci\u00f3n es crucial. Cada caso es \u00fanico, y las circunstancias que rodean su accidente afectar\u00e1n a la cantidad total que puede reclamar.<\/p>\n<h3>\u00bfCu\u00e1nto tiempo tiene para presentar una reclamaci\u00f3n en Carolina del Sur?<\/h3>\n<p>En Carolina del Sur, el estatuto de limitaciones para presentar una demanda por lesiones personales despu\u00e9s de un accidente de coche es generalmente de tres a\u00f1os desde el accidente. Si no se presenta dentro de este plazo puede resultar en la p\u00e9rdida de su derecho a solicitar una indemnizaci\u00f3n. Actuar con prontitud y consultar con un abogado con experiencia en accidentes de coche Spartanburg que le puede guiar a trav\u00e9s del proceso y garantizar toda la documentaci\u00f3n necesaria se presenta a tiempo. Tomar medidas tempranas puede afectar significativamente el resultado de su caso y su capacidad para recuperar los da\u00f1os.<\/p>\n<p><a href=\"https:\/\/bpcounsel.com\/wp-content\/uploads\/2024\/12\/spartanburg-car-acc2.jpg\"><img decoding=\"async\" class=\"alignnone size-full wp-image-3088\" src=\"https:\/\/bpcounsel.com\/wp-content\/uploads\/2024\/12\/spartanburg-car-acc2.jpg\" alt=\"Types of car accidents we handle\" width=\"500\" height=\"334\" srcset=\"https:\/\/bpcounsel.com\/wp-content\/uploads\/2024\/12\/spartanburg-car-acc2.jpg 500w, https:\/\/bpcounsel.com\/wp-content\/uploads\/2024\/12\/spartanburg-car-acc2-300x200.jpg 300w\" sizes=\"(max-width: 500px) 100vw, 500px\" \/><\/a><\/p>\n<h2>Tipos de accidentes de coche que manejamos<\/h2>\n<p>Nuestro bufete de abogados entiende que los accidentes de coche vienen en varias formas, presentando desaf\u00edos y el potencial de lesiones. Nuestros abogados de lesiones personales est\u00e1n equipados para manejar una amplia gama de tipos de accidentes, asegurando que usted reciba la representaci\u00f3n legal que necesita.<\/p>\n<h3>Colisiones traseras y frontales<\/h3>\n<p>Colisiones traseras ocurren a menudo debido a la conducci\u00f3n distra\u00edda o paradas repentinas. Estos accidentes pueden causar lesiones graves, como latigazo cervical y dolor de espalda. Por otro lado, las colisiones frontales son t\u00edpicamente m\u00e1s graves, a menudo resultando en lesiones cr\u00edticas o muertes. Nuestro equipo est\u00e1 bien versado en los matices de estos casos y trabaja diligentemente para reunir pruebas, evaluar la responsabilidad, y perseguir la compensaci\u00f3n que se merece.<\/p>\n<h3>Vuelcos de todoterrenos y accidentes de un solo veh\u00edculo<\/h3>\n<p>Los vuelcos de SUV pueden ocurrir debido al alto centro de gravedad del veh\u00edculo o durante giros bruscos. Estos accidentes pueden resultar en lesiones catastr\u00f3ficas para los ocupantes. Accidentes de un solo veh\u00edculo, como los causados por golpear un \u00e1rbol o barandilla, tambi\u00e9n puede dejar a las v\u00edctimas con importantes gastos m\u00e9dicos y angustia emocional. Nuestros abogados experimentados est\u00e1n preparados para investigar para construir un caso fuerte y abogar por sus derechos. Independientemente del tipo de accidente que ha experimentado, nuestro equipo est\u00e1 dedicado a ayudarle a navegar las secuelas. Nuestro objetivo es proporcionar apoyo legal integral, asegurando que usted puede centrarse en su recuperaci\u00f3n, mientras que nosotros nos encargamos de las complejidades de su caso. Si usted ha estado involucrado en cualquier accidente de coche en Spartanburg, p\u00f3ngase en contacto con nosotros para una consulta para discutir su situaci\u00f3n y explorar sus opciones de recurso legal.<\/p>\n<h2>Comprender las lesiones por accidente de coche y su impacto<\/h2>\n<p>Los accidentes de coche pueden provocar diversas lesiones, cada una con sus retos. La comprensi\u00f3n de estas lesiones es crucial para las v\u00edctimas de accidentes que buscan compensaci\u00f3n.<\/p>\n<h3>Lesiones f\u00edsicas: Del latigazo cervical al traumatismo craneoencef\u00e1lico<\/h3>\n<p>Las lesiones f\u00edsicas resultantes de los accidentes de coche pueden ir de leves a graves. Las lesiones m\u00e1s comunes incluyen el latigazo cervical, que a menudo se produce en las colisiones traseras, causando dolor de cuello y rigidez. Otras lesiones pueden consistir en fracturas \u00f3seas, da\u00f1os en los tejidos blandos o incluso lesiones de la m\u00e9dula espinal, que pueden provocar una discapacidad a largo plazo. Las lesiones cerebrales traum\u00e1ticas (LCT) son especialmente preocupantes, ya que pueden ser consecuencia de un impacto repentino. Los s\u00edntomas pueden variar mucho, desde dolores de cabeza y mareos hasta dificultades cognitivas. Es vital buscar atenci\u00f3n m\u00e9dica inmediata para tratar y documentar estas lesiones para su reclamaci\u00f3n por lesiones personales.<\/p>\n<h3>Efectos emocionales y psicol\u00f3gicos: TEPT y m\u00e1s<\/h3>\n<p>Adem\u00e1s de las lesiones f\u00edsicas, muchas v\u00edctimas de accidentes sufren efectos emocionales y psicol\u00f3gicos. El trastorno de estr\u00e9s postraum\u00e1tico (TEPT) es una consecuencia com\u00fan de los accidentes graves. Las v\u00edctimas pueden revivir el suceso traum\u00e1tico a trav\u00e9s de flashbacks o pesadillas, lo que provoca ansiedad y depresi\u00f3n. Otros impactos emocionales pueden incluir sentimientos de impotencia, ira o aislamiento. Es esencial reconocer estos efectos psicol\u00f3gicos, ya que pueden afectar significativamente a la calidad de vida de la v\u00edctima y al proceso general de recuperaci\u00f3n. Consultar con profesionales de la salud mental puede proporcionar el apoyo necesario a quienes se enfrentan a estos retos. Comprender el alcance completo de las lesiones y sus impactos es crucial para las v\u00edctimas de accidentes en Spartanburg. Este conocimiento puede ayudar a guiar sus decisiones a medida que persiguen la compensaci\u00f3n por sus lesiones y p\u00e9rdidas.<\/p>\n<p><a href=\"https:\/\/bpcounsel.com\/wp-content\/uploads\/2024\/12\/spartanburg-car-acc3.jpg\"><img loading=\"lazy\" decoding=\"async\" class=\"alignnone size-full wp-image-3087\" src=\"https:\/\/bpcounsel.com\/wp-content\/uploads\/2024\/12\/spartanburg-car-acc3.jpg\" alt=\"Why Hiring a Spartanburg Car Accident Lawyer is Crucial\" width=\"500\" height=\"334\" srcset=\"https:\/\/bpcounsel.com\/wp-content\/uploads\/2024\/12\/spartanburg-car-acc3.jpg 500w, https:\/\/bpcounsel.com\/wp-content\/uploads\/2024\/12\/spartanburg-car-acc3-300x200.jpg 300w\" sizes=\"(max-width: 500px) 100vw, 500px\" \/><\/a><\/p>\n<h2>Por qu\u00e9 contratar a un abogado de accidentes de coche Spartanburg es crucial<\/h2>\n<p>Cuando usted est\u00e1 involucrado en un accidente de coche, las secuelas pueden ser abrumadoras. La contrataci\u00f3n de un abogado de accidente de coche Spartanburg es esencial para navegar por el panorama jur\u00eddico eficaz. Un abogado con experiencia puede guiarle a trav\u00e9s de las complejidades de la ley de lesiones personales, asegur\u00e1ndose de que entiende sus derechos y opciones. Nuestros abogados de lesiones personales de Spartanburg pueden ayudarle a entender las complejidades de su caso de colisi\u00f3n de veh\u00edculos de motor. La contrataci\u00f3n de un abogado dedicado significa que usted tiene a alguien que abogar\u00e1 por sus mejores intereses. Las compa\u00f1\u00edas de seguros a menudo dan prioridad a sus beneficios sobre su bienestar. Pueden tratar de minimizar su reclamo o negarlo por completo. Un abogado de accidente de coche Spartanburg sabe c\u00f3mo contrarrestar estas t\u00e1cticas. Ellos trabajar\u00e1n diligentemente para proteger sus derechos y obtener la compensaci\u00f3n que se merece por las facturas m\u00e9dicas, salarios perdidos, y otros gastos relacionados con el accidente. Adem\u00e1s, un abogado puede ayudar a reunir pruebas y construir un caso s\u00f3lido. Esto incluye la obtenci\u00f3n de informes policiales, declaraciones de testigos e historiales m\u00e9dicos. Tambi\u00e9n negociar\u00e1 con las compa\u00f1\u00edas de seguros en su nombre, asegur\u00e1ndose de que todos los aspectos de su reclamaci\u00f3n se abordan. En resumen, la contrataci\u00f3n de un abogado de accidente de coche Spartanburg es crucial. Proporciona la representaci\u00f3n legal necesaria para navegar por el proceso de reclamaciones, protege sus derechos frente a las compa\u00f1\u00edas de seguros, y ayuda a asegurar la compensaci\u00f3n que necesita para recuperarse de su accidente. No se enfrente a esta dif\u00edcil situaci\u00f3n solo; conseguir el apoyo de un abogado con conocimientos para abogar por usted.<\/p>\n<h2>Programar una consulta gratuita con Panchenko Law Firm<\/h2>\n<p>En Panchenko Law Firm, entendemos que hacer frente a las consecuencias de un accidente de coche puede ser abrumador. Es por eso que ofrecemos una consulta gratuita para discutir su caso y explorar sus opciones. Durante esta reuni\u00f3n inicial, usted puede hacer preguntas y obtener informaci\u00f3n sobre el proceso legal. Nuestros abogados experimentados est\u00e1n aqu\u00ed para proporcionar claridad y orientaci\u00f3n adaptada a su situaci\u00f3n espec\u00edfica. Creemos en hacer la representaci\u00f3n legal de calidad accesible a todos. Esta es la raz\u00f3n por la que operamos en base a honorarios de contingencia. Usted no tendr\u00e1 que preocuparse por los costos iniciales o cargos ocultos. S\u00f3lo cobramos cuando conseguimos una indemnizaci\u00f3n para usted. Este enfoque alivia la presi\u00f3n financiera y alinea nuestros intereses con los suyos. Estamos dedicados a perseguir la m\u00e1xima compensaci\u00f3n que se merece por sus lesiones y p\u00e9rdidas. No dude en ponerse en contacto con nosotros. P\u00f3ngase en contacto con nosotros hoy para programar su consulta gratuita. Deje que nuestros abogados de accidentes de coche de Spartanburg le ayuden a navegar su demanda por lesiones personales y trabajar hacia una resoluci\u00f3n que satisfaga sus necesidades. Su recuperaci\u00f3n es nuestra prioridad, y estamos listos para estar a su lado en cada paso del camino.<\/p>\n","protected":false},"excerpt":{"rendered":"<p>\u00bfPor qu\u00e9 elegir Panchenko Law Firm para su caso de accidente de coche? Cuando usted se encuentra en las secuelas de un accidente de coche, tener un abogado de accidentes de coche Spartanburg a su lado puede hacer una diferencia significativa. En Panchenko Law Firm, estamos dedicados a proporcionarle el apoyo legal que necesita durante [&hellip;]<\/p>\n","protected":false},"author":45,"featured_media":0,"parent":3744,"menu_order":0,"comment_status":"closed","ping_status":"closed","template":"","meta":{"_acf_changed":false,"anchor_text":"","footnotes":""},"class_list":["post-3747","page","type-page","status-publish","hentry"],"acf":[],"_links":{"self":[{"href":"https:\/\/bpcounsel.com\/es\/wp-json\/wp\/v2\/pages\/3747","targetHints":{"allow":["GET"]}}],"collection":[{"href":"https:\/\/bpcounsel.com\/es\/wp-json\/wp\/v2\/pages"}],"about":[{"href":"https:\/\/bpcounsel.com\/es\/wp-json\/wp\/v2\/types\/page"}],"author":[{"embeddable":true,"href":"https:\/\/bpcounsel.com\/es\/wp-json\/wp\/v2\/users\/45"}],"replies":[{"embeddable":true,"href":"https:\/\/bpcounsel.com\/es\/wp-json\/wp\/v2\/comments?post=3747"}],"version-history":[{"count":2,"href":"https:\/\/bpcounsel.com\/es\/wp-json\/wp\/v2\/pages\/3747\/revisions"}],"predecessor-version":[{"id":3749,"href":"https:\/\/bpcounsel.com\/es\/wp-json\/wp\/v2\/pages\/3747\/revisions\/3749"}],"up":[{"embeddable":true,"href":"https:\/\/bpcounsel.com\/es\/wp-json\/wp\/v2\/pages\/3744"}],"wp:attachment":[{"href":"https:\/\/bpcounsel.com\/es\/wp-json\/wp\/v2\/media?parent=3747"}],"curies":[{"name":"wp","href":"https:\/\/api.w.org\/{rel}","templated":true}]}}