{"id":3744,"date":"2024-12-11T10:31:53","date_gmt":"2024-12-11T15:31:53","guid":{"rendered":"https:\/\/bpcounsel.com\/spartanburg\/"},"modified":"2025-01-26T03:36:53","modified_gmt":"2025-01-26T08:36:53","slug":"spartanburg","status":"publish","type":"page","link":"https:\/\/bpcounsel.com\/es\/spartanburg\/","title":{"rendered":"Spartanburg"},"content":{"rendered":"<p>Spartanburg, Carolina del Sur, es una ciudad rica en historia, cultura y oportunidades. Situada en las estribaciones de las monta\u00f1as Blue Ridge, Spartanburg es el centro neur\u00e1lgico del condado de Spartanburg y es conocida por su vibrante centro, sus instituciones educativas y sus pr\u00f3speras industrias.<\/p>\n<p>Spartanburg, cuyas ra\u00edces se remontan a la Guerra de la Independencia, cuenta con numerosos monumentos hist\u00f3ricos, como la Plantaci\u00f3n Walnut Grove y el Campo de Batalla Nacional de Cowpens. El apodo de la ciudad, \u00abHub City\u00bb, se debe a su importancia como importante nudo ferroviario a finales del siglo XIX.<\/p>\n<p>El centro de Spartanburg es una animada zona que ofrece una mezcla de tiendas locales, restaurantes y atracciones culturales. Morgan Square, el espacio central de reuni\u00f3n de la ciudad, acoge eventos como festivales de m\u00fasica, mercados agr\u00edcolas y celebraciones comunitarias. El Centro Cultural Chapman refuerza el atractivo art\u00edstico de la ciudad con sus museos, teatros y galer\u00edas.<\/p>\n<p>Spartanburg es tambi\u00e9n sede de varias instituciones educativas de prestigio, como el Wofford College, la Universidad Converse y el Spartanburg Community College. Estas instituciones contribuyen al ambiente din\u00e1mico de la ciudad y ofrecen excelentes oportunidades de aprendizaje y crecimiento.<\/p>\n<p>La econom\u00eda de la ciudad es diversa, con fuertes v\u00ednculos con la industria manufacturera, la sanidad y la log\u00edstica. Spartanburg forma parte del corredor de la I-85, lo que la convierte en un importante centro de negocios y comercio del sureste. BMW Manufacturing, situada en las proximidades, es un motor econ\u00f3mico clave y una fuente de orgullo para la comunidad.<\/p>\n<p>Para los amantes de las actividades al aire libre, Spartanburg ofrece numerosos parques, senderos e instalaciones recreativas, como el Cottonwood Trail y el Hatcher Garden. Ya sea por su rica historia, su encanto cultural o su vitalidad econ\u00f3mica, Spartanburg es una ciudad que recibe a residentes y visitantes con los brazos abiertos.<\/p>\n","protected":false},"excerpt":{"rendered":"<p>Spartanburg, Carolina del Sur, es una ciudad rica en historia, cultura y oportunidades. Situada en las estribaciones de las monta\u00f1as Blue Ridge, Spartanburg es el centro neur\u00e1lgico del condado de Spartanburg y es conocida por su vibrante centro, sus instituciones educativas y sus pr\u00f3speras industrias. Spartanburg, cuyas ra\u00edces se remontan a la Guerra de la [&hellip;]<\/p>\n","protected":false},"author":22,"featured_media":3418,"parent":0,"menu_order":0,"comment_status":"closed","ping_status":"closed","template":"","meta":{"_acf_changed":false,"anchor_text":"","footnotes":""},"class_list":["post-3744","page","type-page","status-publish","has-post-thumbnail","hentry"],"acf":[],"_links":{"self":[{"href":"https:\/\/bpcounsel.com\/es\/wp-json\/wp\/v2\/pages\/3744","targetHints":{"allow":["GET"]}}],"collection":[{"href":"https:\/\/bpcounsel.com\/es\/wp-json\/wp\/v2\/pages"}],"about":[{"href":"https:\/\/bpcounsel.com\/es\/wp-json\/wp\/v2\/types\/page"}],"author":[{"embeddable":true,"href":"https:\/\/bpcounsel.com\/es\/wp-json\/wp\/v2\/users\/22"}],"replies":[{"embeddable":true,"href":"https:\/\/bpcounsel.com\/es\/wp-json\/wp\/v2\/comments?post=3744"}],"version-history":[{"count":2,"href":"https:\/\/bpcounsel.com\/es\/wp-json\/wp\/v2\/pages\/3744\/revisions"}],"predecessor-version":[{"id":3746,"href":"https:\/\/bpcounsel.com\/es\/wp-json\/wp\/v2\/pages\/3744\/revisions\/3746"}],"wp:featuredmedia":[{"embeddable":true,"href":"https:\/\/bpcounsel.com\/es\/wp-json\/wp\/v2\/media\/3418"}],"wp:attachment":[{"href":"https:\/\/bpcounsel.com\/es\/wp-json\/wp\/v2\/media?parent=3744"}],"curies":[{"name":"wp","href":"https:\/\/api.w.org\/{rel}","templated":true}]}}