{"id":3739,"date":"2024-12-18T13:34:19","date_gmt":"2024-12-18T18:34:19","guid":{"rendered":"https:\/\/bpcounsel.com\/matthews\/matthews-abogado-de-compensacion-de-trabajadores\/"},"modified":"2025-01-26T02:49:51","modified_gmt":"2025-01-26T07:49:51","slug":"matthews-abogado-de-compensacion-de-trabajadores","status":"publish","type":"page","link":"https:\/\/bpcounsel.com\/es\/matthews\/matthews-abogado-de-compensacion-de-trabajadores\/","title":{"rendered":"Matthews Abogado de Compensaci\u00f3n de Trabajadores"},"content":{"rendered":"<h2>Entendiendo la Compensaci\u00f3n de Trabajadores en Matthews, NC<\/h2>\n<p>La compensaci\u00f3n de los trabajadores es un sistema dise\u00f1ado para proporcionar ayuda financiera a los empleados que sufren lesiones o enfermedades relacionadas con sus trabajos. En Matthews, NC, este programa es esencial para proteger a los trabajadores y asegurar que reciban el apoyo necesario. Las lesiones en el trabajo pueden ocasionar gastos m\u00e9dicos, p\u00e9rdida de salarios y otras cargas. La compensaci\u00f3n de los trabajadores es una red de seguridad que ayuda a cubrir estos costos. En Matthews, los empleados suelen tener derecho a prestaciones de compensaci\u00f3n laboral si se lesionan mientras realizan tareas relacionadas con el trabajo. Esto incluye los accidentes que ocurren en el lugar de trabajo, as\u00ed como las lesiones que se producen durante las actividades relacionadas con el trabajo fuera de las instalaciones. Es importante informar r\u00e1pidamente a la empresa de cualquier lesi\u00f3n para iniciar el proceso de reclamaci\u00f3n por da\u00f1os personales. El proceso comienza con la presentaci\u00f3n de una reclamaci\u00f3n de compensaci\u00f3n de los trabajadores, que puede ser compleja. A menudo implica presentar documentaci\u00f3n de la lesi\u00f3n, historiales m\u00e9dicos y otra informaci\u00f3n pertinente. La comprensi\u00f3n de los detalles del proceso de reclamaci\u00f3n es crucial para asegurar que usted reciba los beneficios que se merece. Reconocemos que navegar por la compensaci\u00f3n de los trabajadores puede ser abrumador. Nuestros abogados experimentados est\u00e1n aqu\u00ed para guiarlo a trav\u00e9s de cada paso, abogando por sus derechos y ayud\u00e1ndole a asegurar la compensaci\u00f3n necesaria para su recuperaci\u00f3n. Si usted est\u00e1 tratando con facturas m\u00e9dicas o salarios perdidos, estamos comprometidos a proporcionarle la representaci\u00f3n legal de calidad que necesita durante este tiempo dif\u00edcil.<\/p>\n<p><a href=\"https:\/\/bpcounsel.com\/wp-content\/uploads\/2024\/12\/matthews-wc1-copy.webp\"><img fetchpriority=\"high\" decoding=\"async\" class=\"alignnone wp-image-2983 size-full\" src=\"https:\/\/bpcounsel.com\/wp-content\/uploads\/2024\/12\/matthews-wc1-copy.webp\" alt=\"Matthews Abogado de Compensaci\u00f3n de Trabajadores\" width=\"500\" height=\"334\" srcset=\"https:\/\/bpcounsel.com\/wp-content\/uploads\/2024\/12\/matthews-wc1-copy.webp 500w, https:\/\/bpcounsel.com\/wp-content\/uploads\/2024\/12\/matthews-wc1-copy-300x200.webp 300w\" sizes=\"(max-width: 500px) 100vw, 500px\" \/><\/a><\/p>\n<h2>C\u00f3mo Panchenko Law Firm puede ayudar con su reclamo de compensaci\u00f3n de trabajadores<\/h2>\n<p>Nuestra empresa entiende que la navegaci\u00f3n de una reclamaci\u00f3n de indemnizaci\u00f3n de los trabajadores puede ser abrumador. Nuestros abogados experimentados est\u00e1n aqu\u00ed para guiarlo a trav\u00e9s de cada paso del proceso. Nos centramos en proporcionar ayuda legal personalizada para asegurar que usted reciba los beneficios que se merece. Cuando usted se pone en contacto con nosotros, comenzamos con una revisi\u00f3n exhaustiva de su situaci\u00f3n. Nos tomamos el tiempo para entender sus circunstancias \u00fanicas, incluyendo la naturaleza de su lesi\u00f3n relacionada con el trabajo y el impacto que ha tenido en su vida. Esta consulta inicial nos permite desarrollar una estrategia a medida para su reclamaci\u00f3n al seguro. Una vez que comprendamos su caso, nos encargaremos de todos los aspectos de su reclamaci\u00f3n de indemnizaci\u00f3n por accidente laboral. Esto incluye la recopilaci\u00f3n de la documentaci\u00f3n necesaria, tales como registros m\u00e9dicos e informes de accidentes, para apoyar su caso. Nuestros abogados son expertos en la comunicaci\u00f3n con las compa\u00f1\u00edas de seguros, asegurando que sus derechos est\u00e1n protegidos durante todo el proceso de reclamaci\u00f3n. Si su reclamaci\u00f3n es denegada, estamos preparados para luchar. Investigaremos las razones de la denegaci\u00f3n y trabajaremos diligentemente para apelar la decisi\u00f3n. Trataremos de asegurar los beneficios que necesita para gastos m\u00e9dicos, salarios perdidos y cualquier otra compensaci\u00f3n a la que pueda tener derecho. Adem\u00e1s de tramitar su reclamaci\u00f3n, le ofrecemos apoyo y orientaci\u00f3n continuos. Sabemos que lidiar con una lesi\u00f3n puede ser dif\u00edcil, y estamos comprometidos a mantenerlo informado e involucrado en su caso. Nuestros abogados dan prioridad a la comunicaci\u00f3n r\u00e1pida, asegurando que usted nunca se sienta solo en este proceso. La elecci\u00f3n de Panchenko Law Firm significa elegir un equipo dedicado con sus mejores intereses en el coraz\u00f3n. Estamos aqu\u00ed para abogar por usted y ayudarle a navegar por las complejidades de la ley de compensaci\u00f3n de trabajadores en Matthews, NC. Perm\u00edtanos ayudarle a obtener la compensaci\u00f3n que se merece.<\/p>\n<h2>Navegar por el proceso de reclamaci\u00f3n de indemnizaci\u00f3n por accidente laboral<\/h2>\n<p>Presentar una reclamaci\u00f3n de indemnizaci\u00f3n por accidente laboral puede resultar abrumador, especialmente en un momento dif\u00edcil. Nuestro equipo simplifica este proceso para usted. La comprensi\u00f3n de los pasos a seguir puede ayudarle a sentirse m\u00e1s seguro en la b\u00fasqueda de los beneficios que se merece.<\/p>\n<h3>Pasos para presentar una reclamaci\u00f3n de compensaci\u00f3n de trabajadores en Matthews, Carolina del Norte<\/h3>\n<ul>\n<li><strong>Informe de la lesi\u00f3n<\/strong>: Notifique a su empleador acerca de su lesi\u00f3n relacionada con el trabajo tan pronto como sea posible. Esto es crucial para iniciar su reclamo.<\/li>\n<li><strong>Busque atenci\u00f3n m\u00e9dica<\/strong>: Obtenga la atenci\u00f3n m\u00e9dica necesaria para sus lesiones. Documente todos los tratamientos y lleve un registro de las facturas m\u00e9dicas.<\/li>\n<li><strong>Rellene el formulario de reclamaci\u00f3n<\/strong>: Rellene los formularios de reclamaci\u00f3n de indemnizaci\u00f3n por accidente laboral necesarios. Aseg\u00farese de que toda la informaci\u00f3n es correcta, ya que los errores pueden retrasar su reclamaci\u00f3n.<\/li>\n<li><strong>Presente la reclamaci\u00f3n<\/strong>: Entregue el formulario de reclamaci\u00f3n cumplimentado a su empresa o a su compa\u00f1\u00eda de seguros. Guarde copias para sus archivos.<\/li>\n<li><strong>Seguimiento<\/strong>: Despu\u00e9s de presentar su reclamaci\u00f3n, haga un seguimiento para confirmar que se ha recibido y se est\u00e1 procesando.<\/li>\n<li><strong>Consulte a un abogado<\/strong>: La contrataci\u00f3n de un abogado experto en compensaci\u00f3n de trabajadores puede ayudarle a navegar por las complejidades de su caso y abogar por sus derechos.<\/li>\n<\/ul>\n<p><a href=\"https:\/\/bpcounsel.com\/wp-content\/uploads\/2024\/12\/matthews-wc2-copy.webp\"><img decoding=\"async\" class=\"alignnone wp-image-2984 size-full\" src=\"https:\/\/bpcounsel.com\/wp-content\/uploads\/2024\/12\/matthews-wc2-copy.webp\" alt=\"Navigating a workers' comp claim\" width=\"500\" height=\"334\" srcset=\"https:\/\/bpcounsel.com\/wp-content\/uploads\/2024\/12\/matthews-wc2-copy.webp 500w, https:\/\/bpcounsel.com\/wp-content\/uploads\/2024\/12\/matthews-wc2-copy-300x200.webp 300w\" sizes=\"(max-width: 500px) 100vw, 500px\" \/><\/a><\/p>\n<h3>Desaf\u00edos comunes en las reclamaciones de indemnizaci\u00f3n laboral y c\u00f3mo los superamos<\/h3>\n<p>Los trabajadores a menudo se enfrentan a obst\u00e1culos durante el proceso de reclamaci\u00f3n. Algunos desaf\u00edos comunes incluyen:<\/p>\n<ul>\n<li><strong>Denegaciones de reclamaciones<\/strong>: Las compa\u00f1\u00edas de seguros pueden denegar las reclamaciones por diversas razones. Nuestro equipo revisa su caso para identificar la mejor manera de apelar la denegaci\u00f3n.<\/li>\n<li><strong>Retraso en los pagos<\/strong>: A veces, los beneficios no se pagan con prontitud. Vamos a abogar en su nombre para acelerar el proceso de pago.<\/li>\n<li><strong>Indemnizaci\u00f3n insuficiente<\/strong>: Usted puede sentir que el acuerdo ofrecido no cubre sus p\u00e9rdidas. Trabajamos diligentemente para negociar una compensaci\u00f3n justa que refleje sus necesidades.<\/li>\n<\/ul>\n<p>En Panchenko Law Firm, nos dedicamos a guiarlo a trav\u00e9s del proceso de reclamos de compensaci\u00f3n laboral. Nuestros abogados experimentados luchar\u00e1n por sus derechos y le ayudar\u00e1n a asegurar los beneficios que usted merece. No navegue este proceso desafiante solo; perm\u00edtanos apoyarlo en cada paso del camino.<\/p>\n<h2>Tipos de prestaciones por accidentes de trabajo a las que puede tener derecho<\/h2>\n<p>Cuando sufre una lesi\u00f3n relacionada con el trabajo, es fundamental que conozca los tipos de indemnizaci\u00f3n disponibles. Las prestaciones de indemnizaci\u00f3n por accidente de trabajo est\u00e1n dise\u00f1adas para ayudarle en estos momentos dif\u00edciles. Estas son las principales categor\u00edas de indemnizaci\u00f3n a las que puede tener derecho:<\/p>\n<h3>Prestaciones por p\u00e9rdida de salario: Recuperaci\u00f3n de sus salarios perdidos<\/h3>\n<p>Usted puede calificar para los beneficios de p\u00e9rdida de salario si una lesi\u00f3n le impide trabajar. Esta indemnizaci\u00f3n suele cubrir una parte de sus ingresos perdidos mientras se recupera. En Carolina del Norte, los trabajadores pueden recibir dos tercios de su salario semanal medio, lo que puede ayudar a aliviar la tensi\u00f3n financiera durante su recuperaci\u00f3n.<\/p>\n<h3>Gastos y cuidados m\u00e9dicos: Cobertura completa<\/h3>\n<p>La indemnizaci\u00f3n por accidente de trabajo suele cubrir los gastos m\u00e9dicos relacionados con una lesi\u00f3n laboral. Puede haber sufrido desde lesiones medulares hasta da\u00f1os cerebrales. Queremos ayudarle a luchar por los mejores resultados posibles con su reclamaci\u00f3n, para recuperar la compensaci\u00f3n por estancias hospitalarias, cirug\u00edas, rehabilitaci\u00f3n y equipo m\u00e9dico necesario. Una atenci\u00f3n m\u00e9dica adecuada es vital para su recuperaci\u00f3n y puede afectar significativamente a su bienestar.<\/p>\n<h3>Prestaciones por incapacidad: Asegurar su futuro financiero<\/h3>\n<p>En los casos en que una lesi\u00f3n provoca una incapacidad de larga duraci\u00f3n, puede tener derecho a prestaciones adicionales. Si su capacidad para obtener ingresos se ve mermada por no poder ir a trabajar, las prestaciones por incapacidad le proporcionan ayuda econ\u00f3mica. Las prestaciones por incapacidad pueden ayudarle a mantener una situaci\u00f3n econ\u00f3mica estable mientras se adapta a sus nuevas circunstancias.<\/p>\n<h3>Prestaciones por defunci\u00f3n: Apoyo a las familias tras una tr\u00e1gica p\u00e9rdida<\/h3>\n<p>Si un trabajador sufre una lesi\u00f3n mortal en el trabajo, sus familiares pueden tener derecho a prestaciones por defunci\u00f3n. Estas prestaciones pueden ayudar a cubrir los gastos funerarios y proporcionar apoyo financiero a los familiares supervivientes. Usted merece conocer sus derechos y las indemnizaciones disponibles en un momento tan dif\u00edcil. Navegar por las complejidades de la compensaci\u00f3n de los trabajadores puede ser abrumador. Estamos aqu\u00ed para guiarle a trav\u00e9s del proceso y ayudarle a asegurar los beneficios que se merece.<\/p>\n<p><a href=\"https:\/\/bpcounsel.com\/wp-content\/uploads\/2024\/12\/matthews-wc3-copy.webp\"><img decoding=\"async\" class=\"alignnone wp-image-2985 size-full\" src=\"https:\/\/bpcounsel.com\/wp-content\/uploads\/2024\/12\/matthews-wc3-copy.webp\" alt=\"Compensation and Benefits you may be entitled to\" width=\"500\" height=\"334\" srcset=\"https:\/\/bpcounsel.com\/wp-content\/uploads\/2024\/12\/matthews-wc3-copy.webp 500w, https:\/\/bpcounsel.com\/wp-content\/uploads\/2024\/12\/matthews-wc3-copy-300x200.webp 300w\" sizes=\"(max-width: 500px) 100vw, 500px\" \/><\/a><\/p>\n<h2>Preguntas frecuentes sobre la indemnizaci\u00f3n por accidente de trabajo<\/h2>\n<h3>\u00bfPuede mi empleador tomar represalias contra m\u00ed por presentar una reclamaci\u00f3n?<\/h3>\n<p>La presentaci\u00f3n de una reclamaci\u00f3n de compensaci\u00f3n de trabajadores es su derecho como empleado en Matthews, Carolina del Norte. Es ilegal que los empleadores tomen represalias contra usted por buscar beneficios despu\u00e9s de una lesi\u00f3n relacionada con el trabajo. Esto significa que no pueden despedirlo, degradarlo o tomar cualquier acci\u00f3n adversa porque usted present\u00f3 una reclamaci\u00f3n. Si usted sospecha de represalias, es crucial documentar cualquier incidente y consultar con un abogado con experiencia en compensaci\u00f3n de trabajadores. Podemos ayudar a proteger sus derechos y asegurar que reciba los beneficios que se merece.<\/p>\n<h3>\u00bfQu\u00e9 pasa si mi reclamo de compensaci\u00f3n de trabajadores es negado?<\/h3>\n<p>Si su reclamo de compensaci\u00f3n de trabajadores es negado, no pierda la esperanza. Muchas reclamaciones se enfrentan a un rechazo inicial, pero eso no significa que no pueda luchar por sus derechos. Las razones comunes para la denegaci\u00f3n incluyen pruebas m\u00e9dicas insuficientes o no informar de la lesi\u00f3n con prontitud. Nuestro equipo en Panchenko Law Firm est\u00e1 listo para revisar su caso, identificar las razones de la denegaci\u00f3n, y ayudarle a navegar por el proceso de apelaci\u00f3n. Trabajaremos diligentemente para presentar un caso s\u00f3lido en su nombre.<\/p>\n<h3>\u00bfCu\u00e1nto tiempo tengo para presentar una reclamaci\u00f3n de indemnizaci\u00f3n por accidente laboral?<\/h3>\n<p>En Carolina del Norte, usted tiene t\u00edpicamente dos a\u00f1os a partir de la fecha de su lesi\u00f3n para archivar una demanda de la remuneraci\u00f3n de los trabajadores. Sin embargo, es aconsejable reportar su lesi\u00f3n a su empleador tan pronto como ocurra. Retrasar el proceso puede complicar su reclamo y puede conducir a la negaci\u00f3n. Entre en contacto con a nuestros abogados de la remuneraci\u00f3n de los trabajadores de Matthews para que la direcci\u00f3n se asegure de que usted resuelve todos los plazos y entiende los pasos necesarios. Estamos aqu\u00ed ayudarle con cada fase del proceso de las demandas.<\/p>\n<h2>Programar una consulta gratuita con Panchenko Law Firm<\/h2>\n<p>Entendemos que navegar un reclamo de compensaci\u00f3n de trabajadores puede ser abrumador. Es por eso que ofrecemos una consulta gratuita para discutir su situaci\u00f3n \u00fanica y proporcionar la ayuda legal que necesita. Durante esta reuni\u00f3n inicial, usted tendr\u00e1 la oportunidad de compartir los detalles de su lesi\u00f3n o enfermedad relacionada con el trabajo. Nuestros abogados experimentados escuchar\u00e1n atentamente y evaluar\u00e1n su caso para determinar el mejor camino a seguir. Usted puede esperar una discusi\u00f3n directa sobre sus derechos y opciones. Le explicaremos el proceso de compensaci\u00f3n de los trabajadores, incluyendo los beneficios a los que puede tener derecho, tales como beneficios por p\u00e9rdida de salario, gastos m\u00e9dicos y beneficios por incapacidad. Tambi\u00e9n vamos a abordar sus preocupaciones, en su caso, en relaci\u00f3n con el proceso de reclamaciones, asegurando que se sienta informado y capacitado. Nuestro objetivo es hacer que esta experiencia sea lo menos estresante posible. Nuestro objetivo es aclararle los pasos que debe dar y las posibles dificultades a las que puede enfrentarse. Tras la consulta, comprender\u00e1 c\u00f3mo podemos ayudarle a obtener la indemnizaci\u00f3n que merece. No dude en ponerse en contacto con nosotros. Programe su consulta gratuita hoy, y perm\u00edtanos ayudarle a navegar su reclamo de compensaci\u00f3n de trabajadores con confianza. Su bienestar es nuestra prioridad, y estamos aqu\u00ed para luchar por sus mejores intereses.<\/p>\n<p><img loading=\"lazy\" decoding=\"async\" class=\"alignnone wp-image-3191 size-full\" src=\"https:\/\/bpcounsel.com\/wp-content\/uploads\/2024\/12\/Panchenko_law_firm_working.webp\" alt=\"Panchenko Law Firm | Your Matthews workers' compensation lawyers\" width=\"500\" height=\"334\" srcset=\"https:\/\/bpcounsel.com\/wp-content\/uploads\/2024\/12\/Panchenko_law_firm_working.webp 500w, https:\/\/bpcounsel.com\/wp-content\/uploads\/2024\/12\/Panchenko_law_firm_working-300x200.webp 300w\" sizes=\"(max-width: 500px) 100vw, 500px\" \/><\/p>\n<h2>Acerca de Panchenko Law Firm<\/h2>\n<p>Nuestra empresa se enorgullece de ser un equipo dedicado de profesionales del derecho comprometidos a servir a la comunidad Matthews y sus alrededores. Nos especializamos en lesiones personales y la ley de compensaci\u00f3n de trabajadores, proporcionando representaci\u00f3n legal de calidad a los trabajadores lesionados. Dirigido por Dmitriy Panchenko, el equipo de nuestra oficina de Charlotte combina amplios conocimientos con una profunda comprensi\u00f3n del panorama jur\u00eddico local. Nos apasiona abogar por nuestros clientes y asegurarnos de que reciban los beneficios que merecen. Nuestros abogados son a la vez bien informado y accesible, por lo que es f\u00e1cil para los clientes a comunicar sus necesidades y preocupaciones. Entendemos que hacer frente a una lesi\u00f3n relacionada con el trabajo que no fue su culpa puede ser abrumador. Es por eso que nos esforzamos por simplificar el proceso legal para nuestros clientes. Desde el momento en que se ponga en contacto con nosotros, recibir\u00e1 atenci\u00f3n y orientaci\u00f3n personalizadas. Estamos aqu\u00ed para responder a sus preguntas, explicar sus derechos, y luchar por sus mejores intereses a lo largo de su reclamo de compensaci\u00f3n de trabajadores. Nuestro compromiso con la excelencia se extiende m\u00e1s all\u00e1 de la representaci\u00f3n legal. Creemos en la construcci\u00f3n de relaciones duraderas con nuestros clientes, basada en la confianza y la transparencia. Cuando usted elige Panchenko Law Firm, usted consigue un socio que estar\u00e1 a su lado durante este tiempo dif\u00edcil. Perm\u00edtanos ser su abogado, gui\u00e1ndole a trav\u00e9s de las complejidades del sistema de compensaci\u00f3n de trabajadores en Matthews, NC. Juntos, podemos trabajar para asegurar la compensaci\u00f3n y el apoyo que necesita para recuperarse y seguir adelante. \u00a1<a href=\"\/es\/contacto\/\">P\u00f3ngase en contacto con nosotros hoy!<\/a><\/p>\n","protected":false},"excerpt":{"rendered":"<p>Entendiendo la Compensaci\u00f3n de Trabajadores en Matthews, NC La compensaci\u00f3n de los trabajadores es un sistema dise\u00f1ado para proporcionar ayuda financiera a los empleados que sufren lesiones o enfermedades relacionadas con sus trabajos. En Matthews, NC, este programa es esencial para proteger a los trabajadores y asegurar que reciban el apoyo necesario. Las lesiones en [&hellip;]<\/p>\n","protected":false},"author":45,"featured_media":0,"parent":3718,"menu_order":0,"comment_status":"closed","ping_status":"closed","template":"","meta":{"_acf_changed":false,"anchor_text":"","footnotes":""},"class_list":["post-3739","page","type-page","status-publish","hentry"],"acf":[],"_links":{"self":[{"href":"https:\/\/bpcounsel.com\/es\/wp-json\/wp\/v2\/pages\/3739","targetHints":{"allow":["GET"]}}],"collection":[{"href":"https:\/\/bpcounsel.com\/es\/wp-json\/wp\/v2\/pages"}],"about":[{"href":"https:\/\/bpcounsel.com\/es\/wp-json\/wp\/v2\/types\/page"}],"author":[{"embeddable":true,"href":"https:\/\/bpcounsel.com\/es\/wp-json\/wp\/v2\/users\/45"}],"replies":[{"embeddable":true,"href":"https:\/\/bpcounsel.com\/es\/wp-json\/wp\/v2\/comments?post=3739"}],"version-history":[{"count":2,"href":"https:\/\/bpcounsel.com\/es\/wp-json\/wp\/v2\/pages\/3739\/revisions"}],"predecessor-version":[{"id":3741,"href":"https:\/\/bpcounsel.com\/es\/wp-json\/wp\/v2\/pages\/3739\/revisions\/3741"}],"up":[{"embeddable":true,"href":"https:\/\/bpcounsel.com\/es\/wp-json\/wp\/v2\/pages\/3718"}],"wp:attachment":[{"href":"https:\/\/bpcounsel.com\/es\/wp-json\/wp\/v2\/media?parent=3739"}],"curies":[{"name":"wp","href":"https:\/\/api.w.org\/{rel}","templated":true}]}}