{"id":3736,"date":"2026-02-04T08:36:54","date_gmt":"2026-02-04T13:36:54","guid":{"rendered":"https:\/\/bpcounsel.com\/matthews\/matthews-abogado-de-accidente-de-camion\/"},"modified":"2025-01-26T02:41:07","modified_gmt":"2025-01-26T07:41:07","slug":"matthews-abogado-de-accidente-de-camion","status":"publish","type":"page","link":"https:\/\/bpcounsel.com\/es\/matthews\/matthews-abogado-de-accidente-de-camion\/","title":{"rendered":"Matthews Abogado de Accidente de Cami\u00f3n"},"content":{"rendered":"<h2>Entendiendo los Accidentes de Camiones en Matthews, NC<\/h2>\n<p>Los accidentes de camiones pueden tener consecuencias devastadoras. El gran tama\u00f1o y peso de los veh\u00edculos comerciales hacen colisiones con veh\u00edculos m\u00e1s peque\u00f1os particularmente peligrosos. En Matthews, NC, estos incidentes a menudo conducen a lesiones graves y da\u00f1os materiales significativos. La comprensi\u00f3n de la naturaleza de estos accidentes y asegurar el derecho Matthews abogado de accidentes de camiones es crucial para las v\u00edctimas que buscan justicia y compensaci\u00f3n.<\/p>\n<h3>El Impacto de Accidentes de Cami\u00f3n<\/h3>\n<p>Las secuelas de un accidente de cami\u00f3n puede ser abrumadora. Las v\u00edctimas pueden enfrentar tratamientos m\u00e9dicos extensos, rehabilitaci\u00f3n, y angustia emocional. Las lesiones comunes incluyen lesiones cerebrales traum\u00e1ticas, da\u00f1os en la m\u00e9dula espinal y fracturas \u00f3seas. Estas lesiones pueden conducir a problemas de salud a largo plazo y las cargas financieras.<\/p>\n<h3>Marco legal de los accidentes de cami\u00f3n<\/h3>\n<p>Los accidentes de cami\u00f3n se rigen por un complejo conjunto de normativas locales y federales. Los conductores de camiones y las empresas de transporte por carretera deben cumplir estrictas normas de seguridad. Cuando se violan estas regulaciones, la responsabilidad puede recaer en m\u00faltiples partes, incluyendo el conductor, la empresa de transporte por carretera, e incluso los fabricantes de veh\u00edculos.<\/p>\n<h3>Importancia de la representaci\u00f3n legal<\/h3>\n<p>Navegando el paisaje legal despu\u00e9s de un accidente de cami\u00f3n puede ser desafiante. Tener un abogado Matthews experto en accidentes de camiones a su lado puede ayudarle a entender sus derechos y opciones. Ellos trabajar\u00e1n diligentemente para reunir pruebas, establecer la responsabilidad, y luchar por la m\u00e1xima compensaci\u00f3n por sus lesiones y p\u00e9rdidas. Si usted o un ser querido ha estado involucrado en un accidente de cami\u00f3n en Matthews, es esencial buscar ayuda legal. La comprensi\u00f3n de las complejidades de los casos de accidentes de camiones puede hacer una diferencia significativa en el resultado de su reclamo. No vacile alcanzar hacia fuera a los abogados experimentados que pueden dirigirle con este tiempo dif\u00edcil y abogar por sus mejores intereses.<\/p>\n<p><a href=\"https:\/\/bpcounsel.com\/wp-content\/uploads\/2024\/12\/matthews-truckacc2-copy.webp\"><img fetchpriority=\"high\" decoding=\"async\" class=\"alignnone size-full wp-image-2992\" src=\"https:\/\/bpcounsel.com\/wp-content\/uploads\/2024\/12\/matthews-truckacc2-copy.webp\" alt=\"Panchenko Law firm | Matthews' Truck Accident Lawyer\" width=\"500\" height=\"334\" srcset=\"https:\/\/bpcounsel.com\/wp-content\/uploads\/2024\/12\/matthews-truckacc2-copy.webp 500w, https:\/\/bpcounsel.com\/wp-content\/uploads\/2024\/12\/matthews-truckacc2-copy-300x200.webp 300w\" sizes=\"(max-width: 500px) 100vw, 500px\" \/><\/a><\/p>\n<h2>C\u00f3mo Panchenko Law Firm puede ayudar a las v\u00edctimas de accidentes de camiones<\/h2>\n<h3>Nuestro enfoque centrado en el cliente<\/h3>\n<p>Queremos poner a la gente en primer lugar cuando estamos representando a los clientes. Nuestro equipo de abogados de lesiones personales se dedica a proporcionar la defensa celosa de sus derechos. Entendemos los desaf\u00edos que enfrentan las v\u00edctimas de accidentes de camiones. Nuestro enfoque est\u00e1 dise\u00f1ado para hacer frente a esos desaf\u00edos de frente. Nuestro historial en casos de lesiones personales muestra c\u00f3mo nuestros abogados experimentados prefieren manejar la ley de accidentes automovil\u00edsticos. Creemos en mantener una comunicaci\u00f3n r\u00e1pida y profesional a lo largo de su caso. Nuestro objetivo es asegurarnos de que los clientes reciban una defensa apasionada que beneficie sus derechos. Es importante destacar que operamos en un no-ganar, sin honorarios. Usted paga s\u00f3lo si ganamos su caso, asegurando que las preocupaciones financieras no obstaculicen su b\u00fasqueda de la justicia.<\/p>\n<h3>C\u00f3mo navegar por el proceso de demanda por accidente de cami\u00f3n<\/h3>\n<p>El proceso legal de presentar una demanda por accidente de cami\u00f3n puede ser abrumador. Nuestros abogados experimentados est\u00e1n aqu\u00ed para guiarle. Comenzamos por presentar una demanda contra las partes negligentes, ya sean conductores de camiones con remolque, empresas de transporte u otras entidades involucradas. Nuestros abogados especializados en lesiones se encargan de los complejos procedimientos legales que pueden surgir en estos casos de accidentes de tr\u00e1fico. Nuestro equipo es experto en la recopilaci\u00f3n de pruebas cruciales para fortalecer su caso. Esto incluye la recopilaci\u00f3n de informes de accidentes, declaraciones de testigos y registros m\u00e9dicos que podr\u00edan probar la conducci\u00f3n temeraria para ayudar a la parte lesionada a recuperar la compensaci\u00f3n. Al preparar a fondo su reclamo, nuestro objetivo es maximizar sus posibilidades de recibir una compensaci\u00f3n justa por sus lesiones y p\u00e9rdidas. Con Panchenko Law Firm, puede centrarse en su recuperaci\u00f3n mientras trabajamos incansablemente para asegurar la justicia que se merece. Dado que muchas de las causas comunes de los accidentes de dieciocho ruedas est\u00e1n relacionados con la negligencia, es vital para asegurar una representaci\u00f3n agresiva para ver la otra parte responsable de sus acciones.<\/p>\n<p><a href=\"https:\/\/bpcounsel.com\/wp-content\/uploads\/2024\/12\/matthews-truckacc3-copy.webp\"><img decoding=\"async\" class=\"alignnone size-full wp-image-2991\" src=\"https:\/\/bpcounsel.com\/wp-content\/uploads\/2024\/12\/matthews-truckacc3-copy.webp\" alt=\"Legal Rights after a Truck Accident\" width=\"500\" height=\"334\" srcset=\"https:\/\/bpcounsel.com\/wp-content\/uploads\/2024\/12\/matthews-truckacc3-copy.webp 500w, https:\/\/bpcounsel.com\/wp-content\/uploads\/2024\/12\/matthews-truckacc3-copy-300x200.webp 300w\" sizes=\"(max-width: 500px) 100vw, 500px\" \/><\/a><\/p>\n<h2>Derechos Legales e Indemnizaci\u00f3n para V\u00edctimas de Accidentes de Cami\u00f3n<\/h2>\n<p>Despu\u00e9s de un accidente de cami\u00f3n, entender sus derechos legales es crucial. Las v\u00edctimas a menudo se enfrentan a retos importantes, incluyendo el aumento de las facturas m\u00e9dicas y salarios perdidos. En Panchenko Law Firm, estamos comprometidos a ayudarle a navegar estas dificultades.<\/p>\n<h3>Determinaci\u00f3n de la responsabilidad en casos de accidentes de camiones<\/h3>\n<p>Identificar qui\u00e9n es responsable de sus lesiones es esencial en un caso de accidente de cami\u00f3n. Varias partes pueden compartir la responsabilidad, incluyendo:<\/p>\n<ul>\n<li><strong>Conductores de Camiones y Compa\u00f1\u00edas de Camiones<\/strong>: Los conductores pueden ser negligentes en sus deberes, mientras que las empresas pueden ser responsables de las acciones de sus empleados.<\/li>\n<li><strong>Propietarios y mec\u00e1nicos de la carga<\/strong>: Una carga mal cargada puede provocar accidentes, al igual que los fallos mec\u00e1nicos debidos a negligencias en el mantenimiento.<\/li>\n<li><strong>Entidades gubernamentales y otros conductores<\/strong>: Las condiciones de la carretera y otros conductores tambi\u00e9n pueden contribuir a los accidentes, y la responsabilidad puede extenderse a estas partes.<\/li>\n<\/ul>\n<h3>En busca de la m\u00e1xima indemnizaci\u00f3n<\/h3>\n<p>Las v\u00edctimas de accidentes de cami\u00f3n tienen derecho a una indemnizaci\u00f3n justa por sus p\u00e9rdidas. Esto incluye:<\/p>\n<ul>\n<li><strong>Gastos M\u00e9dicos y Salarios Perdidos<\/strong>: Usted merece el reembolso de todas las facturas m\u00e9dicas incurridas y cualquier p\u00e9rdida de ingresos debido a su incapacidad para trabajar.<\/li>\n<li><strong>Dolor y sufrimiento<\/strong>: La compensaci\u00f3n por el dolor f\u00edsico y emocional causado por sus lesiones tambi\u00e9n es recuperable.<\/li>\n<li><strong>Da\u00f1os materiales y econ\u00f3micos<\/strong>: Cualquier da\u00f1o a su veh\u00edculo y otras p\u00e9rdidas econ\u00f3micas pueden ser incluidos en su reclamo.<\/li>\n<\/ul>\n<p>En Panchenko Law Firm, nuestros abogados experimentados trabajan incansablemente para asegurar la compensaci\u00f3n que se merece. Entendemos las complejidades de los casos de accidentes de camiones y estamos aqu\u00ed para abogar por sus derechos. P\u00f3ngase en contacto con nosotros hoy para discutir su situaci\u00f3n y explorar sus opciones legales.<\/p>\n<p><a href=\"https:\/\/bpcounsel.com\/wp-content\/uploads\/2024\/12\/matthews-truckacc1-copy.webp\"><img decoding=\"async\" class=\"alignnone size-full wp-image-2995\" src=\"https:\/\/bpcounsel.com\/wp-content\/uploads\/2024\/12\/matthews-truckacc1-copy.webp\" alt=\"With Panchenko Law Firm as your truck accident lawyer, we understand the complexities involved\" width=\"500\" height=\"334\" srcset=\"https:\/\/bpcounsel.com\/wp-content\/uploads\/2024\/12\/matthews-truckacc1-copy.webp 500w, https:\/\/bpcounsel.com\/wp-content\/uploads\/2024\/12\/matthews-truckacc1-copy-300x200.webp 300w\" sizes=\"(max-width: 500px) 100vw, 500px\" \/><\/a><\/p>\n<h2>Pasos a Seguir Despu\u00e9s de un Accidente de Cami\u00f3n en Matthews<\/h2>\n<h3>Acciones inmediatas para proteger sus derechos legales<\/h3>\n<p>Despu\u00e9s de un accidente de cami\u00f3n, sus primeros pasos son cruciales. Siga estas acciones para salvaguardar sus derechos y ayudar a su caso:<\/p>\n<ul>\n<li><strong>Llame al 911 y busque atenci\u00f3n m\u00e9dica<\/strong>: Su salud es la prioridad. Obtenga ayuda m\u00e9dica de inmediato, incluso si se siente bien. Algunas lesiones pueden no ser evidentes de inmediato. Documentar sus lesiones es esencial para su reclamaci\u00f3n.<\/li>\n<li><strong>Documente el lugar del accidente<\/strong>: Re\u00fana pruebas en el lugar del accidente. Haz fotos de los da\u00f1os del veh\u00edculo, del estado de la carretera y de las lesiones visibles. Si es posible, recoger informaci\u00f3n de contacto de los testigos. Esta informaci\u00f3n puede ser vital para su caso de accidente de cami\u00f3n.<\/li>\n<li><strong>Informe del accidente a su compa\u00f1\u00eda de seguros<\/strong>: Notifique a su compa\u00f1\u00eda de seguros sobre el accidente. Proporci\u00f3neles informaci\u00f3n precisa, pero evite admitir culpa o discutir detalles que podr\u00edan complicar su reclamo.<\/li>\n<\/ul>\n<h3>Por qu\u00e9 elegir Panchenko Law Firm como su abogado de accidente de cami\u00f3n Matthews<\/h3>\n<p>Seleccionar la representaci\u00f3n legal correcta es clave. En Panchenko Law Firm, ofrecemos:<\/p>\n<ul>\n<li><strong>Abogados experimentados y multiling\u00fces<\/strong>: Nuestro equipo entiende las complejidades de las leyes de accidentes de camiones y puede comunicarse eficazmente con los clientes en varios idiomas.<\/li>\n<li><strong>Licenciados en Carolina del Norte, Carolina del Sur y Florida<\/strong>: Tenemos las credenciales para representarlo a trav\u00e9s de las l\u00edneas estatales, asegurando que obtenga el mejor apoyo legal posible.<\/li>\n<li><strong>Experiencia local y conocimiento de Matthews y sus alrededores<\/strong>: Nuestra familiaridad con las leyes y regulaciones locales puede darle una ventaja en su caso. Conocemos los entresijos de la zona de Matthews, lo que nos permite ofrecer estrategias legales adaptadas a su situaci\u00f3n.<\/li>\n<\/ul>\n<p>Tomando estos pasos y eligiendo Panchenko Law Firm, usted puede proteger mejor sus derechos y perseguir la compensaci\u00f3n que usted merece.<\/p>\n<p><a href=\"https:\/\/bpcounsel.com\/wp-content\/uploads\/2024\/12\/matthews-truckacc4-copy.webp\"><img loading=\"lazy\" decoding=\"async\" class=\"alignnone size-full wp-image-2990\" src=\"https:\/\/bpcounsel.com\/wp-content\/uploads\/2024\/12\/matthews-truckacc4-copy.webp\" alt=\"Why choose Panchenko Law Firm after a truck accident\" width=\"500\" height=\"334\" srcset=\"https:\/\/bpcounsel.com\/wp-content\/uploads\/2024\/12\/matthews-truckacc4-copy.webp 500w, https:\/\/bpcounsel.com\/wp-content\/uploads\/2024\/12\/matthews-truckacc4-copy-300x200.webp 300w\" sizes=\"(max-width: 500px) 100vw, 500px\" \/><\/a><\/p>\n<h2>Programe su consulta inicial gratuita hoy<\/h2>\n<p>En Panchenko Law Firm, creemos que cada v\u00edctima de accidente de cami\u00f3n merece la oportunidad de entender sus opciones legales. Es por eso que ofrecemos una consulta sin compromiso con nuestros abogados experimentados en accidentes de camiones. Durante esta reuni\u00f3n, usted puede discutir los detalles de su caso y obtener informaci\u00f3n sobre sus derechos y compensaci\u00f3n potencial.<\/p>\n<h3>Qu\u00e9 esperar durante su consulta:<\/h3>\n<ul>\n<li><strong>Evaluaci\u00f3n Personalizada<\/strong>: Nuestros abogados escuchar\u00e1n atentamente su situaci\u00f3n, evaluando los detalles de su accidente y lesiones. Esto nos ayuda a proporcionar asesoramiento personalizado que satisfaga sus necesidades.<\/li>\n<li><strong>Explicaci\u00f3n clara de las opciones legales<\/strong>: Vamos a esbozar los pasos que puede tomar y los posibles resultados. Usted obtendr\u00e1 una mejor comprensi\u00f3n de lo que implica perseguir una demanda por accidente de cami\u00f3n.<\/li>\n<li><strong>Sin presi\u00f3n<\/strong>: Queremos que se sienta c\u00f3modo. No hay obligaci\u00f3n de contratarnos despu\u00e9s de la consulta. Nuestro objetivo es proporcionarle informaci\u00f3n valiosa para que pueda tomar decisiones informadas.<\/li>\n<\/ul>\n<p>El tiempo es esencial en los casos de accidentes de cami\u00f3n. La evidencia puede desvanecerse, y los plazos legales pueden acercarse r\u00e1pidamente. Al programar su consulta hoy, usted toma el primer paso hacia la protecci\u00f3n de sus derechos legales. P\u00f3ngase en <a href=\"https:\/\/bpcounsel.com\/es\/contacto\/\">contacto con Panchenko Law Firm hoy<\/a> para programar su consulta gratuita. Nuestro equipo est\u00e1 listo para trabajar incansablemente para usted, asegur\u00e1ndose de que usted reciba la compensaci\u00f3n que se merece. No espere, p\u00f3ngase en contacto con nosotros ahora y perm\u00edtanos ayudarle a navegar el camino hacia la justicia.<\/p>\n","protected":false},"excerpt":{"rendered":"<p>Entendiendo los Accidentes de Camiones en Matthews, NC Los accidentes de camiones pueden tener consecuencias devastadoras. El gran tama\u00f1o y peso de los veh\u00edculos comerciales hacen colisiones con veh\u00edculos m\u00e1s peque\u00f1os particularmente peligrosos. En Matthews, NC, estos incidentes a menudo conducen a lesiones graves y da\u00f1os materiales significativos. La comprensi\u00f3n de la naturaleza de estos [&hellip;]<\/p>\n","protected":false},"author":45,"featured_media":0,"parent":3718,"menu_order":0,"comment_status":"closed","ping_status":"closed","template":"","meta":{"_acf_changed":false,"anchor_text":"","footnotes":""},"class_list":["post-3736","page","type-page","status-publish","hentry"],"acf":[],"_links":{"self":[{"href":"https:\/\/bpcounsel.com\/es\/wp-json\/wp\/v2\/pages\/3736","targetHints":{"allow":["GET"]}}],"collection":[{"href":"https:\/\/bpcounsel.com\/es\/wp-json\/wp\/v2\/pages"}],"about":[{"href":"https:\/\/bpcounsel.com\/es\/wp-json\/wp\/v2\/types\/page"}],"author":[{"embeddable":true,"href":"https:\/\/bpcounsel.com\/es\/wp-json\/wp\/v2\/users\/45"}],"replies":[{"embeddable":true,"href":"https:\/\/bpcounsel.com\/es\/wp-json\/wp\/v2\/comments?post=3736"}],"version-history":[{"count":2,"href":"https:\/\/bpcounsel.com\/es\/wp-json\/wp\/v2\/pages\/3736\/revisions"}],"predecessor-version":[{"id":3738,"href":"https:\/\/bpcounsel.com\/es\/wp-json\/wp\/v2\/pages\/3736\/revisions\/3738"}],"up":[{"embeddable":true,"href":"https:\/\/bpcounsel.com\/es\/wp-json\/wp\/v2\/pages\/3718"}],"wp:attachment":[{"href":"https:\/\/bpcounsel.com\/es\/wp-json\/wp\/v2\/media?parent=3736"}],"curies":[{"name":"wp","href":"https:\/\/api.w.org\/{rel}","templated":true}]}}