{"id":3733,"date":"2024-12-18T13:34:08","date_gmt":"2024-12-18T18:34:08","guid":{"rendered":"https:\/\/bpcounsel.com\/matthews\/matthews-abogado-de-resbalones-y-caidas\/"},"modified":"2025-01-26T02:29:29","modified_gmt":"2025-01-26T07:29:29","slug":"matthews-abogado-de-resbalones-y-caidas","status":"publish","type":"page","link":"https:\/\/bpcounsel.com\/es\/matthews\/matthews-abogado-de-resbalones-y-caidas\/","title":{"rendered":"Matthews Abogado de resbalones y ca\u00eddas"},"content":{"rendered":"<h2>Bienvenido a Panchenko Law Firm: Su abogado de confianza Matthews resbalones y ca\u00eddas<\/h2>\n<p>En Panchenko Law Firm, entendemos los desaf\u00edos y las frustraciones que vienen con accidentes de resbal\u00f3n y ca\u00edda. Si usted o un ser querido ha sido lesionado debido a la negligencia, usted merece un equipo legal dedicado a abogar por sus derechos. Nuestros abogados Matthews resbal\u00f3n y ca\u00edda de lesiones se han comprometido a proporcionarle la representaci\u00f3n legal que necesita para navegar por este momento dif\u00edcil. Nuestra firma tiene un fuerte enfoque en la ley de lesiones personales, espec\u00edficamente en casos de resbalones y ca\u00eddas. Sabemos que cada caso es \u00fanico y requiere un enfoque personalizado. Nos tomamos el tiempo para escuchar su historia, evaluar las circunstancias de su accidente, y desarrollar una estrategia destinada a obtener la compensaci\u00f3n que se merece. Nuestros abogados experimentados est\u00e1n aqu\u00ed para guiarle a trav\u00e9s de cada paso del proceso.<\/p>\n<h2>Nuestros abogados de lesiones personales est\u00e1n aqu\u00ed para ayudar<\/h2>\n<p>Con una filosof\u00eda centrada en el cliente, damos prioridad a sus necesidades y preocupaciones. Desde el momento en que se comunique con nosotros, puede esperar una comunicaci\u00f3n r\u00e1pida y un apoyo compasivo. Creemos en mantenerlo informado e involucrado en su caso, asegurando que entienda sus derechos y opciones legales. Cuando usted nos elige como su Matthews resbal\u00f3n y ca\u00edda abogado, usted gana un socio que se dedica a luchar por la justicia en su nombre. Somos abogados celosos para nuestros clientes, esforz\u00e1ndose para sostener los partidos negligentes responsables de sus acciones. Perm\u00edtanos ayudarle a buscar una compensaci\u00f3n por sus gastos m\u00e9dicos, salarios perdidos y angustia emocional. P\u00f3ngase en contacto con Panchenko Law Firm hoy para programar su consulta gratuita. Juntos, podemos trabajar hacia un futuro mejor.<\/p>\n<p><a href=\"https:\/\/bpcounsel.com\/wp-content\/uploads\/2024\/12\/matthews-slip-fall1-copy.webp\"><img fetchpriority=\"high\" decoding=\"async\" class=\"alignnone size-full wp-image-3003\" src=\"https:\/\/bpcounsel.com\/wp-content\/uploads\/2024\/12\/matthews-slip-fall1-copy.webp\" alt=\"Injured due to a slip-and-fall? Panchenko Law Firm is your Matthews Personal Injury Lawyers\" width=\"500\" height=\"334\" srcset=\"https:\/\/bpcounsel.com\/wp-content\/uploads\/2024\/12\/matthews-slip-fall1-copy.webp 500w, https:\/\/bpcounsel.com\/wp-content\/uploads\/2024\/12\/matthews-slip-fall1-copy-300x200.webp 300w\" sizes=\"(max-width: 500px) 100vw, 500px\" \/><\/a><\/p>\n<h2>\u00bfPor qu\u00e9 elegir Panchenko Law Firm para su caso de resbal\u00f3n y ca\u00edda?<\/h2>\n<p>Cuando se enfrentan a las consecuencias de un accidente de resbal\u00f3n y ca\u00edda, la elecci\u00f3n de la representaci\u00f3n legal adecuada es crucial. Nuestro equipo entiende las complejidades de la ley de lesiones personales y los desaf\u00edos \u00fanicos que enfrentan las v\u00edctimas de resbalones y ca\u00eddas. Nuestro compromiso a nuestros clientes nos fija aparte como abogado principal del resbal\u00f3n-y-ca\u00edda de Matthews. Nos enorgullecemos de nuestro enfoque centrado en el cliente. Esto significa que damos prioridad a sus necesidades y preocupaciones a lo largo de todo el proceso legal. Desde el momento en que se ponga en contacto con nosotros, recibir\u00e1 apoyo compasivo y una comunicaci\u00f3n clara. Nuestros abogados experimentados se tomar\u00e1n el tiempo para escuchar su historia, evaluar su situaci\u00f3n, y esbozar el mejor camino a seguir para su caso.<\/p>\n<h3>Experiencia en casos de lesiones personales<\/h3>\n<p>Nuestra firma est\u00e1 construida sobre una base de confianza e integridad. Sabemos que los accidentes por resbalones y ca\u00eddas pueden ocasionar importantes gastos m\u00e9dicos, p\u00e9rdida de salarios y angustia emocional. Es por eso que trabajamos diligentemente para asegurar que usted reciba la compensaci\u00f3n que se merece. Nuestro equipo legal tiene un historial probado de representar con \u00e9xito a clientes en Matthews y \u00e1reas circundantes. Estamos dedicados a proporcionar servicios legales personalizados adaptados a sus necesidades espec\u00edficas. Entendemos que cada caso es diferente, y nos acercamos a cada uno con la atenci\u00f3n que merece. Usted puede contar con nosotros para defender ferozmente sus derechos y navegar por las complejidades de su reclamo. En resumen, la elecci\u00f3n de Panchenko Law Firm significa la selecci\u00f3n de un equipo que est\u00e1 comprometido con su recuperaci\u00f3n y el \u00e9xito. Perm\u00edtanos ayudarle en su camino hacia la justicia. P\u00f3ngase en contacto hoy para saber c\u00f3mo podemos ayudarle con su caso de resbal\u00f3n y ca\u00edda.<\/p>\n<p><a href=\"https:\/\/bpcounsel.com\/wp-content\/uploads\/2024\/12\/matthews-slip-fall2-copy.webp\"><img decoding=\"async\" class=\"alignnone size-full wp-image-3002\" src=\"https:\/\/bpcounsel.com\/wp-content\/uploads\/2024\/12\/matthews-slip-fall2-copy.webp\" alt=\"Understanding Slip-and-Fall Accidents in Matthews, NC\" width=\"500\" height=\"334\" srcset=\"https:\/\/bpcounsel.com\/wp-content\/uploads\/2024\/12\/matthews-slip-fall2-copy.webp 500w, https:\/\/bpcounsel.com\/wp-content\/uploads\/2024\/12\/matthews-slip-fall2-copy-300x200.webp 300w\" sizes=\"(max-width: 500px) 100vw, 500px\" \/><\/a><\/p>\n<h2>Entendiendo Accidentes de Resbal\u00f3n y Ca\u00edda en Matthews, NC<\/h2>\n<p>Accidentes de resbal\u00f3n y ca\u00edda pueden ocurrir en cualquier lugar, desde tiendas de comestibles a las aceras. A menudo son el resultado de condiciones inseguras que los propietarios no abordan. La comprensi\u00f3n de estos accidentes es crucial para cualquiera que est\u00e9 considerando una acci\u00f3n legal.<\/p>\n<h3>Causas comunes de accidentes de resbal\u00f3n y ca\u00edda<\/h3>\n<p>En Matthews, NC, varios factores contribuyen a los incidentes de resbal\u00f3n y ca\u00edda. Los pisos mojados, las superficies desiguales, y la iluminaci\u00f3n pobre son culpables comunes. Adem\u00e1s, obst\u00e1culos como el desorden o alfombras sueltas pueden crear peligros. Los propietarios tienen la responsabilidad legal de mantener unas condiciones seguras. Pueden ser responsables de las lesiones sufridas en sus instalaciones cuando descuidan este deber.<\/p>\n<h3>El impacto de las lesiones por resbalones y ca\u00eddas en su vida<\/h3>\n<p>Las lesiones por resbalones y ca\u00eddas pueden ser graves. Las v\u00edctimas a menudo se enfrentan a dolor f\u00edsico, angustia emocional y cargas financieras. Los gastos m\u00e9dicos pueden acumularse r\u00e1pidamente. La p\u00e9rdida de salario por baja laboral puede agravar el estr\u00e9s. El camino hacia la recuperaci\u00f3n puede implicar una amplia atenci\u00f3n m\u00e9dica, rehabilitaci\u00f3n y ajustes en la vida diaria. Comprender el impacto total de estos accidentes es esencial para las v\u00edctimas que buscan justicia. Nuestra firma se dedica a ayudarle a navegar por las secuelas de un incidente de resbal\u00f3n y ca\u00edda. Reconocemos sus desaf\u00edos y estamos aqu\u00ed para apoyarle en cada paso del proceso legal.<\/p>\n<h2>C\u00f3mo le ayudamos a buscar la m\u00e1xima indemnizaci\u00f3n<\/h2>\n<p>Sabemos que las v\u00edctimas a menudo necesitan apoyo financiero y atenci\u00f3n m\u00e9dica despu\u00e9s de los accidentes de resbal\u00f3n y ca\u00edda. Nuestros abogados Matthews resbalones y ca\u00eddas se esfuerzan por ayudar a los clientes a recibir la compensaci\u00f3n que merecen. Nuestro primer paso consiste en reunir pruebas cruciales para construir un caso s\u00f3lido. Esto incluye la recopilaci\u00f3n de fotograf\u00edas del accidente, la obtenci\u00f3n de declaraciones de testigos, y la revisi\u00f3n de las im\u00e1genes de vigilancia disponibles. Tambi\u00e9n trabajamos estrechamente con profesionales m\u00e9dicos para documentar sus lesiones y el tratamiento continuo que pueda necesitar. Este enfoque integral nos ayuda a establecer la responsabilidad y demostrar el alcance de sus da\u00f1os.<\/p>\n<h3>Conocimiento de la Ley de Lesiones Personales<\/h3>\n<p>A continuaci\u00f3n, nuestros abogados se centran en la elaboraci\u00f3n de una estrategia legal a medida que se alinea con su situaci\u00f3n \u00fanica. Cada caso es diferente, y nos tomamos el tiempo para entender sus necesidades y objetivos espec\u00edficos. Nuestros experimentados abogados son expertos en la negociaci\u00f3n con las compa\u00f1\u00edas de seguros. Podemos contrarrestar sus t\u00e1cticas y abogar por sus intereses, asegurando que reciba una compensaci\u00f3n justa por los gastos m\u00e9dicos, salarios perdidos y angustia emocional. Adem\u00e1s de buscar una indemnizaci\u00f3n de la parte responsable, exploramos todas las posibles v\u00edas de recuperaci\u00f3n. Esto podr\u00eda incluir la presentaci\u00f3n de reclamaciones contra los propietarios o empresas que no mantuvieron las condiciones de seguridad. Nuestro equipo se compromete a no dejar piedra sin mover en su b\u00fasqueda de justicia. Estamos aqu\u00ed para ofrecerle una representaci\u00f3n compasiva a lo largo de este tiempo dif\u00edcil. Su bienestar es nuestra prioridad, y nos esforzamos por aliviar la carga de complejidades legales para que pueda centrarse en la curaci\u00f3n. Usted puede confiar en Panchenko Law Firm para ser su defensor y socio en la b\u00fasqueda de la compensaci\u00f3n m\u00e1xima que por derecho merece.<\/p>\n<p><a href=\"https:\/\/bpcounsel.com\/wp-content\/uploads\/2024\/12\/matthews-slip-fall3-copy.webp\"><img decoding=\"async\" class=\"alignnone size-full wp-image-3001\" src=\"https:\/\/bpcounsel.com\/wp-content\/uploads\/2024\/12\/matthews-slip-fall3-copy.webp\" alt=\"Our commitment as your slip-and-fall lawyer\" width=\"500\" height=\"334\" srcset=\"https:\/\/bpcounsel.com\/wp-content\/uploads\/2024\/12\/matthews-slip-fall3-copy.webp 500w, https:\/\/bpcounsel.com\/wp-content\/uploads\/2024\/12\/matthews-slip-fall3-copy-300x200.webp 300w\" sizes=\"(max-width: 500px) 100vw, 500px\" \/><\/a><\/p>\n<h2>Nuestro compromiso con la representaci\u00f3n legal compasiva<\/h2>\n<p>Sabemos que los accidentes de resbal\u00f3n y ca\u00edda pueden conducir a cargas f\u00edsicas, emocionales y financieras significativas. Nuestro equipo se dedica a proporcionar representaci\u00f3n legal compasiva adaptada a su situaci\u00f3n \u00fanica. Damos prioridad a su bienestar y trabajamos diligentemente para asegurar que usted reciba el apoyo que necesita durante este tiempo dif\u00edcil. Nuestros abogados son celosos defensores de sus derechos. Nos tomamos el tiempo para escuchar su historia, responder a sus preguntas y abordar sus preocupaciones. Usted merece un equipo legal que entiende la ley y empatiza con las luchas que enfrentan despu\u00e9s de un accidente. Estamos comprometidos a estar all\u00ed para usted en cada paso del camino. Tambi\u00e9n reconocemos que navegar por el sistema legal puede ser abrumador, especialmente cuando se trata de gastos m\u00e9dicos y compa\u00f1\u00edas de seguros. Nuestros abogados experimentados del resbal\u00f3n-y-ca\u00edda de Matthews le dirigir\u00e1n con el proceso, ayud\u00e1ndole a entender sus derechas y opciones legales. Estamos aqu\u00ed para luchar por la compensaci\u00f3n que se merece, asegur\u00e1ndose de que sus intereses son prioritarios. Al elegir Panchenko Law Firm, usted est\u00e1 seleccionando un equipo que valora la honestidad, el respeto y la comunicaci\u00f3n efectiva. Estamos dedicados a proporcionar el m\u00e1ximo apoyo en su b\u00fasqueda de justicia y recuperaci\u00f3n. Nuestro compromiso con su caso es inquebrantable, y trabajaremos incansablemente para ayudarle a lograr el mejor resultado posible.<\/p>\n<h2>\u00c1reas que Servimos: Representaci\u00f3n legal en Matthews y m\u00e1s all\u00e1<\/h2>\n<p>Nuestra firma orgullosamente extiende servicios legales al \u00e1rea de Matthews y comunidades circundantes. Estamos dedicados a representar a clientes que han experimentado accidentes de resbal\u00f3n y ca\u00edda en varios lugares a lo largo de Carolina del Norte. Si usted vive en Matthews, Monroe, Pineville, Mint Hill, o Stallings, estamos aqu\u00ed para asistirle. Nuestros abogados Matthews entender las leyes locales y los reglamentos que afectan a las reclamaciones por lesiones personales. Estamos comprometidos a proporcionar una representaci\u00f3n legal eficaz adaptada a las necesidades espec\u00edficas de nuestros clientes en estas \u00e1reas. Nuestro conocimiento extenso del paisaje local nos permite navegar el sistema legal eficientemente, asegurando que usted recibe la compensaci\u00f3n que usted merece. Si usted o un ser querido ha sufrido una lesi\u00f3n debido a un incidente de resbal\u00f3n y ca\u00edda en Matthews o ciudades cercanas, no dude en ponerse en contacto. Nuestro equipo est\u00e1 listo para ayudarle a entender sus derechos y opciones. Creemos que cada v\u00edctima merece justicia y estamos aqu\u00ed para luchar por usted. Perm\u00edtanos ser sus defensores de confianza en Matthews y m\u00e1s all\u00e1. P\u00f3ngase en contacto con Panchenko Law Firm hoy para aprender m\u00e1s acerca de c\u00f3mo podemos ayudarle en su caso de resbal\u00f3n y ca\u00edda. Su camino a la recuperaci\u00f3n comienza aqu\u00ed.<\/p>\n<h2>Consulta Inicial Gratuita: Hable con un abogado de Matthews resbal\u00f3n y ca\u00edda hoy<\/h2>\n<p>Si usted ha sufrido lesiones de un accidente de resbal\u00f3n y ca\u00edda en Matthews, es crucial para entender sus derechos y opciones. Ofreceremos una consulta libre para discutir su caso. Esta reuni\u00f3n inicial le permite compartir los detalles de su accidente y desaf\u00edos. Nuestros abogados experimentados de la lesi\u00f3n del resbal\u00f3n-y-ca\u00edda de Matthews escuchar\u00e1n cuidadosamente su historia durante esta consulta. Nuestros abogados de lesiones personales evaluar las circunstancias que rodean su incidente y explicar c\u00f3mo los estatutos de Carolina del Norte se aplican a su situaci\u00f3n. Queremos proporcionar a las v\u00edctimas de accidentes con claridad y orientaci\u00f3n al considerar sus pr\u00f3ximos pasos. Usted merece una representaci\u00f3n compasiva y un abogado fuerte que luche por sus intereses. Entendemos que hacer frente a las facturas m\u00e9dicas, salarios perdidos, y la angustia emocional puede ser abrumador. Nuestro equipo est\u00e1 aqu\u00ed para ayudarle a navegar por estos desaf\u00edos, mientras que la b\u00fasqueda de la compensaci\u00f3n que se merece. P\u00f3ngase en contacto con nosotros hoy para programar su consulta gratuita. Perm\u00edtanos ayudarle a dar el primer paso hacia la recuperaci\u00f3n y la justicia. Su bienestar es nuestra prioridad, y estamos comprometidos a apoyarle en cada paso del camino.<\/p>\n<p><a href=\"https:\/\/bpcounsel.com\/wp-content\/uploads\/2024\/12\/matthews-slip-fall4-copy.webp\"><img loading=\"lazy\" decoding=\"async\" class=\"alignnone size-full wp-image-3000\" src=\"https:\/\/bpcounsel.com\/wp-content\/uploads\/2024\/12\/matthews-slip-fall4-copy.webp\" alt=\"How Pachenko Can Help: Your Path to Justice and Recovery\" width=\"500\" height=\"334\" srcset=\"https:\/\/bpcounsel.com\/wp-content\/uploads\/2024\/12\/matthews-slip-fall4-copy.webp 500w, https:\/\/bpcounsel.com\/wp-content\/uploads\/2024\/12\/matthews-slip-fall4-copy-300x200.webp 300w\" sizes=\"(max-width: 500px) 100vw, 500px\" \/><\/a><\/p>\n<h2>C\u00f3mo puede ayudar Panchenko: Su camino hacia la justicia y la recuperaci\u00f3n<\/h2>\n<p>Sabemos c\u00f3mo un accidente de resbal\u00f3n y ca\u00edda puede alterar su vida de manera significativa. Nuestros abogados de resbalones y ca\u00eddas de Matthews, NC est\u00e1n comprometidos a guiarlo a trav\u00e9s de las complejidades de la ley de lesiones personales. Damos prioridad a su recuperaci\u00f3n y el objetivo de asegurar la compensaci\u00f3n que se merece. Cuando usted elige nuestra firma, usted no s\u00f3lo est\u00e1 contratando abogados; usted est\u00e1 ganando un equipo dedicado que se centra en sus necesidades. Nos tomamos el tiempo para escuchar su historia y entender el impacto del accidente en su vida. Nuestros abogados experimentados est\u00e1n bien versados en las complejidades de los casos de resbalones y ca\u00eddas y otros aspectos de la ley de lesiones personales, tales como accidentes automovil\u00edsticos y negligencia m\u00e9dica. Nuestro enfoque centrado en el cliente significa que usted recibir\u00e1 atenci\u00f3n personalizada durante todo el proceso legal. Nos esforzamos por mantenerle informado en cada paso del camino, desde la recopilaci\u00f3n de pruebas hasta la negociaci\u00f3n con las compa\u00f1\u00edas de seguros. Queremos aliviar su estr\u00e9s, lo que le permite centrarse en la curaci\u00f3n. Tambi\u00e9n reconocemos que cada caso es \u00fanico. Nuestros abogados experimentados adaptar nuestras estrategias para adaptarse a su situaci\u00f3n por hacer una fuerte conexi\u00f3n con usted, maximizando sus posibilidades de obtener una compensaci\u00f3n justa por los gastos m\u00e9dicos, salarios perdidos, y la angustia emocional. Con Panchenko Law Firm, usted puede esperar una representaci\u00f3n compasiva en la corte que pone sus intereses en primer lugar. Estamos aqu\u00ed para luchar por la justicia en su nombre, asegurando que reciba el apoyo y la recuperaci\u00f3n que necesita despu\u00e9s de un accidente de resbal\u00f3n y ca\u00edda. P\u00f3ngase en contacto con nosotros hoy para una consulta gratuita y dar el primer paso hacia la recuperaci\u00f3n de su vida.<\/p>\n","protected":false},"excerpt":{"rendered":"<p>Bienvenido a Panchenko Law Firm: Su abogado de confianza Matthews resbalones y ca\u00eddas En Panchenko Law Firm, entendemos los desaf\u00edos y las frustraciones que vienen con accidentes de resbal\u00f3n y ca\u00edda. Si usted o un ser querido ha sido lesionado debido a la negligencia, usted merece un equipo legal dedicado a abogar por sus derechos. [&hellip;]<\/p>\n","protected":false},"author":45,"featured_media":0,"parent":3718,"menu_order":0,"comment_status":"closed","ping_status":"closed","template":"","meta":{"_acf_changed":false,"anchor_text":"","footnotes":""},"class_list":["post-3733","page","type-page","status-publish","hentry"],"acf":[],"_links":{"self":[{"href":"https:\/\/bpcounsel.com\/es\/wp-json\/wp\/v2\/pages\/3733","targetHints":{"allow":["GET"]}}],"collection":[{"href":"https:\/\/bpcounsel.com\/es\/wp-json\/wp\/v2\/pages"}],"about":[{"href":"https:\/\/bpcounsel.com\/es\/wp-json\/wp\/v2\/types\/page"}],"author":[{"embeddable":true,"href":"https:\/\/bpcounsel.com\/es\/wp-json\/wp\/v2\/users\/45"}],"replies":[{"embeddable":true,"href":"https:\/\/bpcounsel.com\/es\/wp-json\/wp\/v2\/comments?post=3733"}],"version-history":[{"count":2,"href":"https:\/\/bpcounsel.com\/es\/wp-json\/wp\/v2\/pages\/3733\/revisions"}],"predecessor-version":[{"id":3735,"href":"https:\/\/bpcounsel.com\/es\/wp-json\/wp\/v2\/pages\/3733\/revisions\/3735"}],"up":[{"embeddable":true,"href":"https:\/\/bpcounsel.com\/es\/wp-json\/wp\/v2\/pages\/3718"}],"wp:attachment":[{"href":"https:\/\/bpcounsel.com\/es\/wp-json\/wp\/v2\/media?parent=3733"}],"curies":[{"name":"wp","href":"https:\/\/api.w.org\/{rel}","templated":true}]}}