{"id":3730,"date":"2026-03-17T08:00:57","date_gmt":"2026-03-17T13:00:57","guid":{"rendered":"https:\/\/bpcounsel.com\/matthews\/matthews-abogado-de-lesiones-personales\/"},"modified":"2025-01-26T02:18:12","modified_gmt":"2025-01-26T07:18:12","slug":"matthews-abogado-de-lesiones-personales","status":"publish","type":"page","link":"https:\/\/bpcounsel.com\/es\/matthews\/matthews-abogado-de-lesiones-personales\/","title":{"rendered":"Matthews Abogado de Lesiones Personales"},"content":{"rendered":"<h2>\u00bfPor qu\u00e9 elegir el bufete de abogados Panchenko?<\/h2>\n<p>La elecci\u00f3n de la derecha Matthews abogado de lesiones personales puede ser una tarea desalentadora. En Panchenko Law Firm, entendemos el peso de esta decisi\u00f3n. Nuestra empresa se basa en una base de confianza, integridad y compromiso con nuestros clientes. Estamos orgullosos de nuestra capacidad para proporcionar una representaci\u00f3n legal excepcional adaptada a las necesidades \u00fanicas de cada cliente. Nuestra filosof\u00eda es sencilla: trabajamos incansablemente para defender sus derechos y maximizar su compensaci\u00f3n. Cuando usted contrata nuestros servicios, usted puede esperar un equipo legal dedicado que pone sus intereses en primer lugar. No somos s\u00f3lo abogados; somos sus socios en la navegaci\u00f3n de las complejidades de la ley de lesiones personales. Nuestra amplia experiencia en el manejo de casos de lesiones personales nos permite abordar cada caso con confianza. Nos tomamos el tiempo para escuchar los detalles del lugar del accidente, entender su situaci\u00f3n, y desarrollar una estrategia que se alinee con sus objetivos. Nuestro enfoque centrado en el cliente significa que usted nunca es s\u00f3lo un n\u00famero de caso; usted es un individuo con necesidades y preocupaciones espec\u00edficas. Adem\u00e1s, creemos en la transparencia y la comunicaci\u00f3n abierta. Siempre se le mantendr\u00e1 informado sobre el progreso de su caso, y nuestro equipo est\u00e1 disponible para responder a cualquier pregunta. Nuestro compromiso con la satisfacci\u00f3n del cliente es inquebrantable, y nos esforzamos por crear relaciones s\u00f3lidas basadas en el respeto y la confianza. Nuestro equipo est\u00e1 aqu\u00ed para ayudarle a lograr la justicia y la compensaci\u00f3n que se merece. Perm\u00edtanos ser su socio legal de confianza en Matthews, Carolina del Norte.<\/p>\n<h2>Conozca a nuestro experimentado equipo legal<\/h2>\n<p>Nuestro equipo legal est\u00e1 listo para ayudarle en su caso de lesiones personales. Dirigido por Dmitriy Panchenko, nuestros abogados aportan amplios conocimientos y experiencia en derecho de lesiones personales. Cada miembro de nuestro equipo se dedica a proporcionar una representaci\u00f3n legal excepcional a nuestros clientes y construir una conexi\u00f3n genuina con ellos para entender sus necesidades. Experimentado abogado de lesiones personales Dmitriy Panchenko tiene un historial probado de \u00e9xito. \u00c9l entiende las complejidades de los casos de lesiones personales, desde accidentes automovil\u00edsticos hasta incidentes de resbalones y ca\u00eddas. Su compromiso con los clientes es evidente en cada caso que maneja. Trabaja incansablemente para garantizar los mejores resultados posibles, asegurando que las personas lesionadas reciban la compensaci\u00f3n que merecen. Adem\u00e1s de Dmitriy, nuestro equipo incluye abogados especializados en diversos aspectos de la ley de lesiones personales. Cada abogado est\u00e1 bien versado en las complejidades jur\u00eddicas de los casos de lesiones personales. Aportan perspectivas y estrategias \u00fanicas y mejoran la capacidad del bufete para defender eficazmente a nuestros clientes. Nuestro personal es igualmente dedicado. Proporcionan un apoyo vital a lo largo del proceso legal, garantizando que la comunicaci\u00f3n con nuestros clientes sea clara y coherente. Tanto si tiene preguntas sobre su caso como si necesita ayuda con el papeleo, nuestro equipo est\u00e1 aqu\u00ed para ayudarle. Nos enorgullecemos de construir relaciones s\u00f3lidas con nuestros clientes. La confianza es la base de nuestra pr\u00e1ctica, y nos esforzamos por crear un ambiente donde los clientes se sientan c\u00f3modos discutiendo sus asuntos legales. Cada miembro de nuestro equipo legal est\u00e1 comprometido con su recuperaci\u00f3n y la justicia, trabajando diligentemente para navegar por las complejidades de su caso. Cuando usted elige Panchenko Law Firm, no s\u00f3lo la contrataci\u00f3n de un abogado, usted est\u00e1 ganando un socio legal dedicado que estar\u00e1 con usted en cada paso del camino. Juntos, trabajaremos para obtener la compensaci\u00f3n que se merece.<\/p>\n<p><a href=\"https:\/\/bpcounsel.com\/wp-content\/uploads\/2024\/12\/matthews-pi1-copy.webp\"><img fetchpriority=\"high\" decoding=\"async\" class=\"alignnone size-full wp-image-3010\" src=\"https:\/\/bpcounsel.com\/wp-content\/uploads\/2024\/12\/matthews-pi1-copy.webp\" alt=\"We specialize in personal injury claims\" width=\"500\" height=\"334\" srcset=\"https:\/\/bpcounsel.com\/wp-content\/uploads\/2024\/12\/matthews-pi1-copy.webp 500w, https:\/\/bpcounsel.com\/wp-content\/uploads\/2024\/12\/matthews-pi1-copy-300x200.webp 300w\" sizes=\"(max-width: 500px) 100vw, 500px\" \/><\/a><\/p>\n<h2>\u00c1reas de Pr\u00e1ctica de Lesiones Personales en las que nos Especializamos<\/h2>\n<p>Nos centramos en una variedad de casos de lesiones personales para proporcionar a nuestros clientes una representaci\u00f3n legal integral. Nuestros abogados experimentados pueden ayudar cuando usted est\u00e1 persiguiendo un litigio contra la parte culpable.<\/p>\n<h3>Accidentes de Coche y Accidentes de Cami\u00f3n<\/h3>\n<p>Los accidentes de coche pueden causar lesiones graves y cargas financieras significativas. Nuestro equipo legal tiene una amplia experiencia en la navegaci\u00f3n por las secuelas de los accidentes de coche y cami\u00f3n. Trabajamos incansablemente para reunir pruebas, comunicar su reclamaci\u00f3n de seguro a varias compa\u00f1\u00edas, y luchar por la compensaci\u00f3n que usted merece. Si usted est\u00e1 tratando con facturas m\u00e9dicas, salarios perdidos, o angustia emocional, estamos aqu\u00ed para ayudarle a recuperarse.<\/p>\n<h3>Resbalones y ca\u00eddas y otros casos de lesiones personales<\/h3>\n<p>Los incidentes de resbalones y ca\u00eddas pueden ocurrir en cualquier lugar, desde tiendas de comestibles hasta aceras p\u00fablicas. Si usted ha sido lesionado debido a la negligencia de otra persona, nuestros abogados dedicados est\u00e1n listos para abogar por sus derechos. Entendemos los matices de los casos de responsabilidad de las premisas y trabajaremos diligentemente para construir un caso fuerte en su nombre. Adem\u00e1s, representamos a clientes en otros asuntos de lesiones personales, incluyendo bienes ra\u00edces y demandas por muerte injusta.<\/p>\n<h3>Litigios Civiles y Compensaci\u00f3n Laboral<\/h3>\n<p>Nuestra firma tambi\u00e9n se especializa en litigios civiles, asistiendo a clientes en disputas que requieren intervenci\u00f3n legal. Si usted ha sido da\u00f1ado en el lugar de trabajo, nuestros abogados expertos pueden guiarle a trav\u00e9s del proceso de compensaci\u00f3n de trabajadores. Nuestro objetivo es asegurar los beneficios que necesita para apoyar su recuperaci\u00f3n y su futuro. Al centrarse en estas \u00e1reas de pr\u00e1ctica, nos aseguramos de que nuestros clientes reciban la experiencia legal que necesitan para navegar sus casos de lesiones personales con eficacia. Nuestro equipo siempre pone su bienestar y recuperaci\u00f3n en primer lugar.<\/p>\n<h2>Nuestro compromiso con la satisfacci\u00f3n del cliente<\/h2>\n<p>Siempre daremos prioridad a sus necesidades por encima de todo. Nuestro compromiso con la satisfacci\u00f3n del cliente es evidente en cada interacci\u00f3n. Entendemos que tratar con casos de lesiones personales puede ser abrumador. Es por eso que nos centramos en proporcionar una comunicaci\u00f3n clara y directa durante todo el proceso legal. Usted puede esperar un di\u00e1logo honesto y respetuoso de nuestro equipo, asegurando que se sienta informado y apoyado en cada paso del camino. Creemos en la transparencia. Nuestros clientes nunca se enfrentan a honorarios ocultos o cargos inesperados. Usted s\u00f3lo paga si ganamos o resolvemos su caso. Este enfoque le permite centrarse en su recuperaci\u00f3n sin el estr\u00e9s a\u00f1adido de los honorarios legales. Nuestro objetivo es trabajar incansablemente en su nombre, proporcion\u00e1ndole la representaci\u00f3n legal que se merece. Su satisfacci\u00f3n es nuestra prioridad. Nos esforzamos por superar sus expectativas y construir relaciones duraderas con nuestros clientes. Cuando usted elige Panchenko Law Firm, usted no s\u00f3lo est\u00e1 contratando a un abogado de lesiones personales, usted est\u00e1 ganando un socio legal dedicado y comprometido con su \u00e9xito.<\/p>\n<p><a href=\"https:\/\/bpcounsel.com\/wp-content\/uploads\/2024\/12\/matthews-pi2-copy.webp\"><img decoding=\"async\" class=\"alignnone size-full wp-image-3009\" src=\"https:\/\/bpcounsel.com\/wp-content\/uploads\/2024\/12\/matthews-pi2-copy.webp\" alt=\"Personal Injury Attorneys Serving the Matthews Community and Beyond\" width=\"500\" height=\"334\" srcset=\"https:\/\/bpcounsel.com\/wp-content\/uploads\/2024\/12\/matthews-pi2-copy.webp 500w, https:\/\/bpcounsel.com\/wp-content\/uploads\/2024\/12\/matthews-pi2-copy-300x200.webp 300w\" sizes=\"(max-width: 500px) 100vw, 500px\" \/><\/a><\/p>\n<h2>Abogados de Lesiones Personales Sirviendo la Comunidad de Matthews y M\u00e1s All\u00e1<\/h2>\n<p>Nuestra firma orgullosamente sirve a clientes en Matthews, Carolina del Norte, y las \u00e1reas circundantes. Nuestro compromiso con la comunidad Matthews se refleja en nuestro enfoque personalizado a la representaci\u00f3n legal. Entendemos los desaf\u00edos \u00fanicos de los residentes de Carolina del Norte y se dedican a proporcionar servicios jur\u00eddicos adaptados que satisfagan sus necesidades individuales. Nuestro alcance geogr\u00e1fico se extiende por todo el condado de Mecklenburg, incluyendo Charlotte, Monroe, Pineville, y m\u00e1s. Esto nos permite ayudar a los clientes de diversos or\u00edgenes y con diversos asuntos legales. Si usted est\u00e1 tratando con accidentes automovil\u00edsticos, incidentes de resbalones y ca\u00eddas, o litigios civiles, nuestros abogados experimentados est\u00e1n listos para abogar por sus derechos. La construcci\u00f3n de relaciones s\u00f3lidas con nuestros clientes es el n\u00facleo de nuestra pr\u00e1ctica. Damos prioridad a la comunicaci\u00f3n abierta y tomamos el tiempo para entender su situaci\u00f3n completamente. Nuestro equipo legal se compromete a trabajar incansablemente en su nombre, asegurando que se sienta apoyado durante todo el proceso. Con nuestro amplio conocimiento de la ley de lesiones personales y las regulaciones locales, nos esforzamos por ofrecer los mejores resultados posibles para cada cliente que representamos. Si usted necesita un abogado de lesiones personales Matthews que se dedica a su caso y entiende la comunidad local, no busque m\u00e1s all\u00e1 de Panchenko Law Firm. Estamos aqu\u00ed para ayudarle a navegar los desaf\u00edos por delante y asegurar la compensaci\u00f3n que se merece.<\/p>\n<h2>Consulta gratuita: Comience su viaje a la justicia<\/h2>\n<p>Creemos que cada persona lesionada merece una oportunidad de buscar justicia. Es por eso que ofrecemos una consulta gratuita para todos los clientes potenciales. Durante esta reuni\u00f3n inicial, usted tendr\u00e1 la oportunidad de discutir su caso de lesiones personales en detalle con un abogado con experiencia. Esta es su oportunidad de hacer preguntas y obtener informaci\u00f3n sobre sus opciones legales.<\/p>\n<h3>Qu\u00e9 esperar durante su consulta inicial<\/h3>\n<p>Cuando llegue para su consulta, espere un ambiente acogedor donde sus preocupaciones son prioritarias. Nuestro equipo legal escuchar\u00e1 atentamente su historia, recopilando detalles esenciales sobre las lesiones causadas por el accidente. Revisaremos cualquier documentaci\u00f3n que traiga, como registros m\u00e9dicos o informes de accidentes. Nuestro objetivo es comprender plenamente su situaci\u00f3n y proporcionarle una visi\u00f3n clara de c\u00f3mo podemos ayudarle a navegar por el proceso legal. Le explicaremos los pasos a seguir en su reclamaci\u00f3n, discutiremos los posibles resultados, y esbozaremos nuestro enfoque para asegurar la compensaci\u00f3n que se merece. Tambi\u00e9n aprender\u00e1 acerca de nuestra pol\u00edtica de no ganar, sin honorarios, lo que significa que no incurrir\u00e1 en gastos legales a menos que ganemos o resolvamos con \u00e9xito su caso.<\/p>\n<p><a href=\"https:\/\/bpcounsel.com\/wp-content\/uploads\/2024\/12\/matthews-pi3-copy.webp\"><img decoding=\"async\" class=\"alignnone size-full wp-image-3008\" src=\"https:\/\/bpcounsel.com\/wp-content\/uploads\/2024\/12\/matthews-pi3-copy.webp\" alt=\"A Panchenko Law Firm, we strive for client satisfaction\" width=\"500\" height=\"334\" srcset=\"https:\/\/bpcounsel.com\/wp-content\/uploads\/2024\/12\/matthews-pi3-copy.webp 500w, https:\/\/bpcounsel.com\/wp-content\/uploads\/2024\/12\/matthews-pi3-copy-300x200.webp 300w\" sizes=\"(max-width: 500px) 100vw, 500px\" \/><\/a><\/p>\n<h2>Nos esforzamos por satisfacer al cliente<\/h2>\n<p>Nuestra firma se enorgullece de los resultados positivos que logramos para nuestros clientes. Sus historias ponen de relieve la dedicaci\u00f3n y la experiencia que aportamos a los casos de lesiones personales. Creemos que las experiencias de los clientes son los mejores indicadores de nuestro compromiso con la justicia. Muchos de nuestros clientes se han enfrentado a retos abrumadores despu\u00e9s de accidentes. Desde accidentes de tr\u00e1fico hasta resbalones y ca\u00eddas, el camino hacia la recuperaci\u00f3n puede ser desalentador. Sin embargo, nuestros clientes expresan constantemente su gratitud por el apoyo y la representaci\u00f3n legal que recibieron. Ellos aprecian nuestro enfoque exhaustivo, que se ocupa de sus necesidades legales y proporciona consuelo emocional durante los momentos dif\u00edciles. \u00danase a nuestra comunidad de clientes exitosos que han encontrado tranquilidad y recuperaci\u00f3n con nuestra ayuda. Su historia podr\u00eda ser la siguiente. Perm\u00edtanos ayudarle a navegar su caso de lesiones personales con la misma dedicaci\u00f3n y cuidado que nuestros clientes anteriores han experimentado.<\/p>\n<h2>Asistencia multiling\u00fce: Servicios legales en su idioma<\/h2>\n<p>Creemos que proporcionar una comunicaci\u00f3n eficaz es crucial cuando se navega por casos de lesiones personales. Nuestro compromiso de servir a la comunidad de Matthews, Carolina del Norte incluye la prestaci\u00f3n de servicios jur\u00eddicos en varios idiomas. Esto asegura que todos los clientes, independientemente de su idioma, reciban el apoyo que necesitan.<\/p>\n<h3>Idiomas que hablamos: Ruso, Ucraniano, y Espa\u00f1ol<\/h3>\n<p>Nuestro experimentado equipo legal se enorgullece de ofrecer asistencia en ruso, ucraniano y espa\u00f1ol. Esta capacidad ling\u00fc\u00edstica diversa nos permite conectar con los clientes a un nivel m\u00e1s profundo, fomentando la confianza y la comprensi\u00f3n. Si usted se enfrenta a las complejidades de una demanda por accidente de coche o hacer frente a un incidente de resbal\u00f3n y ca\u00edda, estamos aqu\u00ed para guiarle a trav\u00e9s de cada paso del proceso. Podemos asegurarnos de que comprende plenamente sus derechos y opciones hablando su idioma. Creemos que ning\u00fan cliente debe sentirse perdido o abrumado debido a las barreras del idioma. Nuestro objetivo es proporcionar una representaci\u00f3n legal clara, concisa y personalizada a cada persona lesionada que asistimos. Cuando nos contacte para una consulta gratuita, puede comunicarse en el idioma con el que se sienta m\u00e1s c\u00f3modo. De esta manera, podemos centrarnos en sus necesidades individuales y trabajar sin descanso para obtener la compensaci\u00f3n que se merece. En Panchenko Law Firm, su voz importa, y estamos dedicados a hacer su viaje legal lo m\u00e1s suave posible.<\/p>\n<p><a href=\"https:\/\/bpcounsel.com\/wp-content\/uploads\/2024\/12\/matthews-pi4-copy.webp\"><img loading=\"lazy\" decoding=\"async\" class=\"alignnone size-full wp-image-3007\" src=\"https:\/\/bpcounsel.com\/wp-content\/uploads\/2024\/12\/matthews-pi4-copy.webp\" alt=\"Panchenko Law Firm | Matthews Personal Injury Lawyer\" width=\"500\" height=\"334\" srcset=\"https:\/\/bpcounsel.com\/wp-content\/uploads\/2024\/12\/matthews-pi4-copy.webp 500w, https:\/\/bpcounsel.com\/wp-content\/uploads\/2024\/12\/matthews-pi4-copy-300x200.webp 300w\" sizes=\"(max-width: 500px) 100vw, 500px\" \/><\/a><\/p>\n<h2>Contacte con Panchenko Law Firm<\/h2>\n<p>Nuestro equipo conoce la importancia de un apoyo legal accesible. Nuestro compromiso de servir a los clientes en Matthews, NC, y las \u00e1reas circundantes es inquebrantable. Estamos aqu\u00ed para ayudarle con cualquier pregunta o preocupaci\u00f3n con respecto a su caso de lesiones personales.<\/p>\n<h3>Oficinas y Horas<\/h3>\n<p>Nuestra oficina principal est\u00e1 convenientemente situado en Charlotte, Carolina del Norte, lo que nos permite servir a los clientes a trav\u00e9s de Matthews, Monroe, Pineville, y m\u00e1s all\u00e1. Nos esforzamos para acomodar su horario, ofreciendo horarios flexibles para las consultas. Estamos listos para ayudarle si usted prefiere reunirse en persona, por tel\u00e9fono, oa trav\u00e9s de una reuni\u00f3n virtual.<\/p>\n<h3>Programe su consulta gratuita hoy<\/h3>\n<p>Dar el primer paso hacia la representaci\u00f3n legal es simple. P\u00f3ngase en contacto con nosotros hoy para programar su consulta gratuita. Durante esta reuni\u00f3n inicial, usted tendr\u00e1 la oportunidad de discutir su caso con un abogado con experiencia en lesiones personales. Escucharemos sus preocupaciones, evaluaremos su situaci\u00f3n, y delinearemos los pr\u00f3ximos pasos para proseguir con su reclamo. No espere m\u00e1s. P\u00f3ngase en <a href=\"\/es\/contacto\/\">contacto<\/a> con Panchenko Law Firm ahora y perm\u00edtanos ayudarle a navegar por sus asuntos legales con confianza y cuidado. Su recuperaci\u00f3n y la justicia son nuestras principales prioridades.<\/p>\n","protected":false},"excerpt":{"rendered":"<p>\u00bfPor qu\u00e9 elegir el bufete de abogados Panchenko? La elecci\u00f3n de la derecha Matthews abogado de lesiones personales puede ser una tarea desalentadora. En Panchenko Law Firm, entendemos el peso de esta decisi\u00f3n. Nuestra empresa se basa en una base de confianza, integridad y compromiso con nuestros clientes. Estamos orgullosos de nuestra capacidad para proporcionar [&hellip;]<\/p>\n","protected":false},"author":45,"featured_media":0,"parent":3718,"menu_order":0,"comment_status":"closed","ping_status":"closed","template":"","meta":{"_acf_changed":false,"anchor_text":"","footnotes":""},"class_list":["post-3730","page","type-page","status-publish","hentry"],"acf":[],"_links":{"self":[{"href":"https:\/\/bpcounsel.com\/es\/wp-json\/wp\/v2\/pages\/3730","targetHints":{"allow":["GET"]}}],"collection":[{"href":"https:\/\/bpcounsel.com\/es\/wp-json\/wp\/v2\/pages"}],"about":[{"href":"https:\/\/bpcounsel.com\/es\/wp-json\/wp\/v2\/types\/page"}],"author":[{"embeddable":true,"href":"https:\/\/bpcounsel.com\/es\/wp-json\/wp\/v2\/users\/45"}],"replies":[{"embeddable":true,"href":"https:\/\/bpcounsel.com\/es\/wp-json\/wp\/v2\/comments?post=3730"}],"version-history":[{"count":2,"href":"https:\/\/bpcounsel.com\/es\/wp-json\/wp\/v2\/pages\/3730\/revisions"}],"predecessor-version":[{"id":3732,"href":"https:\/\/bpcounsel.com\/es\/wp-json\/wp\/v2\/pages\/3730\/revisions\/3732"}],"up":[{"embeddable":true,"href":"https:\/\/bpcounsel.com\/es\/wp-json\/wp\/v2\/pages\/3718"}],"wp:attachment":[{"href":"https:\/\/bpcounsel.com\/es\/wp-json\/wp\/v2\/media?parent=3730"}],"curies":[{"name":"wp","href":"https:\/\/api.w.org\/{rel}","templated":true}]}}