{"id":3727,"date":"2024-12-13T15:36:25","date_gmt":"2024-12-13T20:36:25","guid":{"rendered":"https:\/\/bpcounsel.com\/matthews\/matthews-lesiones-personales-bufete-de-abogados\/"},"modified":"2025-12-19T10:17:37","modified_gmt":"2025-12-19T15:17:37","slug":"matthews-lesiones-personales-bufete-de-abogados","status":"publish","type":"page","link":"https:\/\/bpcounsel.com\/es\/matthews\/matthews-lesiones-personales-bufete-de-abogados\/","title":{"rendered":"Matthews Lesiones Personales Bufete de Abogados"},"content":{"rendered":"<h2>Sobre el Bufete de abogados de Panchenko, Su Bufete de abogados de Herida Personal de Matthews<\/h2>\n<p>En Panchenko Law Firm, nuestros abogados se enorgullecen de su compromiso inquebrantable de servir a la comunidad Matthews. Nuestra firma se dedica a proporcionar la representaci\u00f3n legal excepcional para los individuos que se han da\u00f1ado debido a la negligencia de otras. Entendemos que los casos de lesiones personales pueden ser abrumadoras, y nuestro objetivo es aliviar la carga de nuestros clientes, mientras que la lucha por sus derechos. Con un enfoque en la ley de lesiones personales, trabajamos diligentemente para asegurar la compensaci\u00f3n que nuestros clientes merecen. Si usted ha estado involucrado en un accidente de coche, experimentado un incidente de resbal\u00f3n y ca\u00edda, o sufrido lesiones de un accidente de cami\u00f3n, nuestros abogados experimentados est\u00e1n aqu\u00ed para guiarlo a trav\u00e9s del proceso legal. Damos prioridad a la comunicaci\u00f3n clara y responder de manera oportuna, asegurando que se sienta apoyado en cada paso del camino.<\/p>\n<h3>Abogados de lesiones personales que usted puede confiar<\/h3>\n<p>Nuestro compromiso con la comunidad Matthews se extiende m\u00e1s all\u00e1 de la representaci\u00f3n legal. Creemos en la construcci\u00f3n de relaciones duraderas con nuestros clientes y ser un recurso de confianza durante su tiempo de necesidad. Nuestro equipo de abogados de lesiones personales es conocedor de la ley de lesiones personales y profundamente invertido en el bienestar de nuestros clientes y sus familias. Cuando usted elige Panchenko Law Firm, usted consigue un socio legal que abogar\u00e1 por usted ferozmente. Nuestra empresa est\u00e1 dispuesta a luchar por la justicia y asegurar la compensaci\u00f3n que necesita para seguir adelante con su vida. Perm\u00edtanos ser su abogado para la recuperaci\u00f3n y la paz de la mente.<\/p>\n<p><a href=\"https:\/\/bpcounsel.com\/wp-content\/uploads\/2024\/12\/matthews-pi-firm1-copy.webp\"><img fetchpriority=\"high\" decoding=\"async\" class=\"alignnone size-full wp-image-3019\" src=\"https:\/\/bpcounsel.com\/wp-content\/uploads\/2024\/12\/matthews-pi-firm1-copy.webp\" alt=\"Panchenko Law Firm, Your Matthews Personal Injury Law Firm \" width=\"500\" height=\"334\" srcset=\"https:\/\/bpcounsel.com\/wp-content\/uploads\/2024\/12\/matthews-pi-firm1-copy.webp 500w, https:\/\/bpcounsel.com\/wp-content\/uploads\/2024\/12\/matthews-pi-firm1-copy-300x200.webp 300w\" sizes=\"(max-width: 500px) 100vw, 500px\" \/><\/a><\/p>\n<h2>\u00bfPor qu\u00e9 elegir Panchenko Law Firm?<\/h2>\n<p>Nuestra empresa se destaca por varias razones cuando se navega por la ley de lesiones personales en Matthews. Siempre damos prioridad a nuestros clientes y trabajamos diligentemente para proporcionar la mejor representaci\u00f3n legal posible. Entendemos que cada caso de lesiones personales es \u00fanico. Nuestros abogados experimentados toman el tiempo para escuchar su historia y evaluar sus circunstancias individuales. Este enfoque centrado en el cliente nos permite adaptar nuestras estrategias para adaptarse a su situaci\u00f3n, asegurando que usted reciba el apoyo que necesita durante este tiempo dif\u00edcil.<\/p>\n<h3>El compromiso de nuestro bufete con los clientes<\/h3>\n<p>Por otra parte, nuestra empresa opera en un no-ganar, sin honorarios. Como tal, usted no tendr\u00e1 que hacer frente a ning\u00fan coste u honorario por adelantado a menos que obtengamos con \u00e9xito su compensaci\u00f3n. Este compromiso con su seguridad financiera le permite centrarse en la recuperaci\u00f3n, sabiendo que estamos trabajando duro en su nombre. Elegir Panchenko Law Firm significa elegir un equipo dedicado y apasionado por obtener justicia para nuestros clientes. Nuestra reputaci\u00f3n de excelencia en la ley de lesiones personales se basa en nuestra amplia experiencia y resultados probados. Luchamos incansablemente contra las compa\u00f1\u00edas de seguros y otras partes para garantizar que sus derechos legales est\u00e1n protegidos. No busque m\u00e1s para un bufete de abogados de lesiones personales Matthews que abogar\u00e1 por usted con profesionalismo e integridad. Estamos aqu\u00ed para ayudarle en cada paso del camino.<\/p>\n<h2>\u00c1reas de Pr\u00e1ctica: Especializaci\u00f3n en casos de lesiones personales<\/h2>\n<p>Nuestra firma se especializa en varias facetas de la ley de lesiones personales para asegurar que nuestros clientes reciban la representaci\u00f3n legal integral que se merecen. Nuestros abogados se dedican a abogar por los heridos debido a la negligencia de otros. Estos son los principales asuntos legales en los que nos centramos:<\/p>\n<h3>Ley de Accidentes de Coche<\/h3>\n<p>Los accidentes de coche pueden dar lugar a importantes dificultades f\u00edsicas, emocionales y financieras. Nuestro equipo est\u00e1 bien versado en la navegaci\u00f3n de las complejidades de las reclamaciones de accidentes de coche. Trabajamos incansablemente para reunir pruebas, negociar con las compa\u00f1\u00edas de seguros, y luchar por la compensaci\u00f3n que necesita para recuperarse por completo. Nuestro objetivo es ayudarle a obtener justicia por sus lesiones y p\u00e9rdidas y ver a la persona culpable llevada ante la justicia.<\/p>\n<h3>Ley de accidentes por resbalones y ca\u00eddas<\/h3>\n<p>Los accidentes por resbalones y ca\u00eddas pueden ocurrir en cualquier lugar, desde tiendas de comestibles hasta propiedades privadas. Si usted ha sido lesionado debido a condiciones inseguras, nuestros abogados est\u00e1n aqu\u00ed para ayudarle. Entendemos los matices legales involucrados en estos casos y trabajaremos diligentemente para demostrar la responsabilidad y asegurar la compensaci\u00f3n que se merece por sus lesiones y gastos relacionados.<\/p>\n<h3>Ley de Accidentes de Camiones<\/h3>\n<p>Los accidentes de camiones a menudo resultan en lesiones graves debido al tama\u00f1o y peso de los veh\u00edculos comerciales. Nuestro equipo legal tiene una amplia experiencia en el manejo de casos complejos de accidentes de camiones. Investigamos las circunstancias que rodean el accidente, incluyendo la fatiga del conductor y los problemas de mantenimiento del veh\u00edculo, para construir un caso fuerte en su nombre. Estamos comprometidos a responsabilizar a las partes negligentes y asegurar que usted reciba una compensaci\u00f3n justa. Nuestra firma se dedica a proporcionar atenci\u00f3n personalizada a cada cliente. Sus necesidades son nuestra prioridad, y nos esforzamos por lograr los mejores resultados posibles para sus casos de lesiones personales. Perm\u00edtanos guiarle a trav\u00e9s del proceso legal y luchar por sus derechos.<\/p>\n<h3><a style=\"font-size: 16px;\" href=\"https:\/\/bpcounsel.com\/wp-content\/uploads\/2024\/12\/matthews-pi-firm2-copy.webp\"><img decoding=\"async\" class=\"alignnone size-full wp-image-3020\" src=\"https:\/\/bpcounsel.com\/wp-content\/uploads\/2024\/12\/matthews-pi-firm2-copy.webp\" alt=\"Personal Injury cases our Personal Injury Law Firm specializes in\" width=\"500\" height=\"334\" srcset=\"https:\/\/bpcounsel.com\/wp-content\/uploads\/2024\/12\/matthews-pi-firm2-copy.webp 500w, https:\/\/bpcounsel.com\/wp-content\/uploads\/2024\/12\/matthews-pi-firm2-copy-300x200.webp 300w\" sizes=\"(max-width: 500px) 100vw, 500px\" \/><\/a><\/h3>\n<h2>Nuestros resultados hablan por s\u00ed solos<\/h2>\n<p>Nuestro \u00e9xito se refleja en los resultados que conseguimos para nuestros clientes. Estamos orgullosos de nuestro equipo de abogados profesionales y su profundo conocimiento de lesiones personales. Nuestro dedicado equipo legal trabaja incansablemente para construir casos s\u00f3lidos que responsabilicen a las partes negligentes. En los \u00faltimos a\u00f1os, hemos representado con \u00e9xito a clientes en varios casos de lesiones personales, incluyendo accidentes automovil\u00edsticos, incidentes de resbalones y ca\u00eddas, y accidentes de camiones. Por ejemplo, obtuvimos un acuerdo significativo para un cliente herido en un accidente de coche, cubriendo los gastos m\u00e9dicos y salarios perdidos. Otro caso fue un accidente de resbal\u00f3n y ca\u00edda en el que obtuvimos una indemnizaci\u00f3n por el dolor y el sufrimiento de nuestro cliente.<\/p>\n<h3>Preparaci\u00f3n minuciosa y defensa feroz<\/h3>\n<p>Cada caso es \u00fanico, y nos acercamos a cada situaci\u00f3n con la atenci\u00f3n que se merece. Nuestro compromiso con la preparaci\u00f3n minuciosa y la negociaci\u00f3n agresiva con las compa\u00f1\u00edas de seguros ha dado lugar a numerosos resultados favorables. Entendemos el impacto que las lesiones personales pueden tener en su vida, y nos esforzamos por proporcionar la representaci\u00f3n con experiencia que necesita para obtener justicia. Nuestro historial de acuerdos y veredictos exitosos es un testimonio de nuestra experiencia legal y dedicaci\u00f3n a nuestros clientes. Si usted se enfrenta a las secuelas de una lesi\u00f3n, puede confiar en que vamos a trabajar con diligencia para lograr el mejor resultado posible para su caso.<\/p>\n<p><a href=\"https:\/\/bpcounsel.com\/wp-content\/uploads\/2024\/12\/matthews-pi-firm3-copy.webp\"><img decoding=\"async\" class=\"alignnone size-full wp-image-3021\" src=\"https:\/\/bpcounsel.com\/wp-content\/uploads\/2024\/12\/matthews-pi-firm3-copy.webp\" alt=\"Multilingual Legal Support for Diverse Clients\" width=\"500\" height=\"334\" srcset=\"https:\/\/bpcounsel.com\/wp-content\/uploads\/2024\/12\/matthews-pi-firm3-copy.webp 500w, https:\/\/bpcounsel.com\/wp-content\/uploads\/2024\/12\/matthews-pi-firm3-copy-300x200.webp 300w\" sizes=\"(max-width: 500px) 100vw, 500px\" \/><\/a><\/p>\n<h2>Asistencia jur\u00eddica multiling\u00fce para clientes diversos<\/h2>\n<p>Reconocemos que la comunicaci\u00f3n efectiva es clave para proporcionar una representaci\u00f3n legal excepcional. Estamos orgullosos de ofrecer servicios en varios idiomas para atender a la diversa comunidad de Matthews. Nuestro equipo legal habla ruso, ucraniano, espa\u00f1ol e Ingl\u00e9s, asegurando que todos los clientes se sientan comprendidos y apoyados a lo largo de sus casos de lesiones personales. Nuestra capacidad de comunicar en su lengua preferida puede ser cr\u00edtica para su experiencia. Permite una comunicaci\u00f3n m\u00e1s clara con respecto a sus derechos legales, las complejidades de su caso, y las estrategias que empleamos para buscar la justicia en su nombre. Nuestras capacidades multiling\u00fces ayudan a salvar cualquier brecha y fomentar una relaci\u00f3n de confianza entre nuestros abogados y clientes.<\/p>\n<h3>La comunicaci\u00f3n es la clave<\/h3>\n<p>Ya se trate de un accidente de coche, un resbal\u00f3n y ca\u00edda o cualquier otro asunto de lesiones personales, nuestro equipo est\u00e1 aqu\u00ed para ayudarle en un idioma con el que se sienta c\u00f3modo. Este compromiso con la inclusi\u00f3n mejora nuestro servicio y permite a los clientes a participar plenamente con su viaje legal. Si usted o un ser querido necesita asistencia jur\u00eddica, p\u00f3ngase en contacto con nosotros hoy mismo. Estamos preparados para proporcionarle un apoyo experto adaptado a sus necesidades individuales. P\u00f3ngase en contacto con nosotros hoy mismo para hablar de su caso en el idioma que m\u00e1s le convenga.<\/p>\n<h2>Sirviendo Matthews y \u00e1reas circundantes<\/h2>\n<p>Nuestros abogados expertos en lesiones personales sirven con orgullo Matthews, NC, y las comunidades circundantes. Nuestra dedicaci\u00f3n extiende m\u00e1s all\u00e1 de los l\u00edmites de la ciudad, alcanzando a residentes en \u00e1reas cercanas como Charlotte, Monroe, Pineville, Mint Hill, y Stallings. Nuestros abogados tienen licencia en varios estados, incluyendo Carolina del Norte, Carolina del Sur y Florida. Entendemos que los casos de lesiones personales pueden surgir en cualquier lugar, y estamos comprometidos a proporcionar una representaci\u00f3n legal excepcional a los necesitados en toda la regi\u00f3n. Nuestros abogados experimentados est\u00e1n bien versados en la ley de lesiones personales de Carolina del Norte. Si usted est\u00e1 involucrado en un accidente de coche, un incidente de resbal\u00f3n y ca\u00edda, o un accidente de cami\u00f3n, estamos aqu\u00ed para ayudar. Reconocemos los desaf\u00edos \u00fanicos que enfrentan los clientes en Matthews, Carolina del Norte, y nuestro objetivo es ofrecer soluciones legales a medida que respondan a sus necesidades espec\u00edficas. Nos centramos en estas comunidades para asegurar que nuestros clientes reciban la atenci\u00f3n y el apoyo que merecen. Nuestro equipo legal se dedica a abogar por sus derechos y luchar por la compensaci\u00f3n que necesita para recuperarse de sus lesiones. Si usted est\u00e1 en Matthews, Carolina del Norte, o las \u00e1reas circundantes y necesita asistencia legal, no dude en ponerse en contacto. Estamos aqu\u00ed para apoyarle en cada paso del camino.<\/p>\n<p><a href=\"https:\/\/bpcounsel.com\/wp-content\/uploads\/2024\/12\/matthews-pi-firm4-copy.webp\"><img loading=\"lazy\" decoding=\"async\" class=\"alignnone size-full wp-image-3022\" src=\"https:\/\/bpcounsel.com\/wp-content\/uploads\/2024\/12\/matthews-pi-firm4-copy.webp\" alt=\"Injured? let Our Personal Injury Law Firm Get You What Your Deserve\" width=\"500\" height=\"334\" srcset=\"https:\/\/bpcounsel.com\/wp-content\/uploads\/2024\/12\/matthews-pi-firm4-copy.webp 500w, https:\/\/bpcounsel.com\/wp-content\/uploads\/2024\/12\/matthews-pi-firm4-copy-300x200.webp 300w\" sizes=\"(max-width: 500px) 100vw, 500px\" \/><\/a><\/p>\n<h2>Contacte con nosotros para una consulta gratuita<\/h2>\n<p>Entendemos que navegar por las secuelas de un accidente puede ser abrumador. Es por eso que ofrecemos una consulta legal gratuita para discutir su caso de lesiones personales. Si usted ha estado involucrado en un accidente de coche, un incidente de resbal\u00f3n y ca\u00edda, o un accidente de cami\u00f3n, nuestro experimentado equipo est\u00e1 aqu\u00ed para proporcionar el apoyo legal que necesita. Durante su consulta inicial, vamos a escuchar a su caso, evaluar su situaci\u00f3n, y esbozar sus derechos legales. Nuestros abogados bien informados se dedican a asegurar que usted entienda completamente sus opciones que se mueven adelante de la cita. Estamos orgullosos de nuestro enfoque centrado en el cliente y estamos comprometidos a luchar por sus mejores intereses. Para programar su consulta gratuita, p\u00f3ngase en contacto con nosotros hoy. Estamos listos para ayudar a los residentes de Matthews y los de las \u00e1reas circundantes. Perm\u00edtanos ayudarle en el camino hacia la recuperaci\u00f3n y la justicia. Su bienestar es nuestra prioridad, y estamos aqu\u00ed para apoyarle en cada paso del camino.<\/p>\n","protected":false},"excerpt":{"rendered":"<p>Sobre el Bufete de abogados de Panchenko, Su Bufete de abogados de Herida Personal de Matthews En Panchenko Law Firm, nuestros abogados se enorgullecen de su compromiso inquebrantable de servir a la comunidad Matthews. Nuestra firma se dedica a proporcionar la representaci\u00f3n legal excepcional para los individuos que se han da\u00f1ado debido a la negligencia [&hellip;]<\/p>\n","protected":false},"author":45,"featured_media":0,"parent":3718,"menu_order":0,"comment_status":"closed","ping_status":"closed","template":"","meta":{"_acf_changed":false,"anchor_text":"Personal Injury","footnotes":""},"class_list":["post-3727","page","type-page","status-publish","hentry"],"acf":[],"_links":{"self":[{"href":"https:\/\/bpcounsel.com\/es\/wp-json\/wp\/v2\/pages\/3727","targetHints":{"allow":["GET"]}}],"collection":[{"href":"https:\/\/bpcounsel.com\/es\/wp-json\/wp\/v2\/pages"}],"about":[{"href":"https:\/\/bpcounsel.com\/es\/wp-json\/wp\/v2\/types\/page"}],"author":[{"embeddable":true,"href":"https:\/\/bpcounsel.com\/es\/wp-json\/wp\/v2\/users\/45"}],"replies":[{"embeddable":true,"href":"https:\/\/bpcounsel.com\/es\/wp-json\/wp\/v2\/comments?post=3727"}],"version-history":[{"count":2,"href":"https:\/\/bpcounsel.com\/es\/wp-json\/wp\/v2\/pages\/3727\/revisions"}],"predecessor-version":[{"id":3729,"href":"https:\/\/bpcounsel.com\/es\/wp-json\/wp\/v2\/pages\/3727\/revisions\/3729"}],"up":[{"embeddable":true,"href":"https:\/\/bpcounsel.com\/es\/wp-json\/wp\/v2\/pages\/3718"}],"wp:attachment":[{"href":"https:\/\/bpcounsel.com\/es\/wp-json\/wp\/v2\/media?parent=3727"}],"curies":[{"name":"wp","href":"https:\/\/api.w.org\/{rel}","templated":true}]}}