{"id":3724,"date":"2026-02-10T10:30:29","date_gmt":"2026-02-10T15:30:29","guid":{"rendered":"https:\/\/bpcounsel.com\/matthews\/matthews-abogado-de-accidente-de-motocicleta\/"},"modified":"2025-01-25T10:55:12","modified_gmt":"2025-01-25T15:55:12","slug":"matthews-abogado-de-accidente-de-motocicleta","status":"publish","type":"page","link":"https:\/\/bpcounsel.com\/es\/matthews\/matthews-abogado-de-accidente-de-motocicleta\/","title":{"rendered":"Matthews Abogado de Accidente de Motocicleta"},"content":{"rendered":"<h2>\u00bfPor qu\u00e9 elegir Panchenko Law Firm?<\/h2>\n<p>Cuando usted est\u00e1 buscando un abogado Matthews accidente de motocicleta, usted quiere una empresa que se destaca. En Panchenko Law Firm, damos prioridad a sus necesidades y trabajamos diligentemente para asegurar la compensaci\u00f3n que se merece. Nuestros abogados experimentados entienden las complejidades de los accidentes de motocicleta y los desaf\u00edos que vienen con ellos. Adoptamos un enfoque centrado en el cliente. Esto significa que escuchamos sus preocupaciones y adaptar nuestras estrategias para usted. Nuestro equipo no s\u00f3lo est\u00e1 bien informado; nos apasiona abogar por los motociclistas. Reconocemos los retos \u00fanicos a los que se enfrenta en la carretera y estamos aqu\u00ed para luchar por sus derechos.<\/p>\n<h3>Lo que nos diferencia<\/h3>\n<p>Adem\u00e1s, operamos sobre una base de no-ganar, sin honorarios. Esto significa que puede seguir adelante con su caso sin preocuparse de los honorarios legales por adelantado. S\u00f3lo nos pagar\u00e1 si conseguimos una indemnizaci\u00f3n para usted. Este compromiso subraya nuestra confianza en nuestra capacidad para representarle eficazmente. Tambi\u00e9n estamos orgullosos de nuestro equipo multiling\u00fce. Hablamos ruso, ucraniano y espa\u00f1ol, lo que nos permite conectar con una gama m\u00e1s amplia de clientes. La comunicaci\u00f3n es clave, y nuestro objetivo es hacer que cada cliente se sienta c\u00f3modo y comprendido. Por \u00faltimo, la comunicaci\u00f3n r\u00e1pida y honesta es el n\u00facleo de nuestra pr\u00e1ctica. Usted puede esperar actualizaciones peri\u00f3dicas sobre su caso y respuestas r\u00e1pidas a sus preguntas. Estamos dedicados a mantenerlo informado en cada paso del camino. La elecci\u00f3n de Panchenko Law Firm significa elegir un equipo que est\u00e1 comprometido con su \u00e9xito y bienestar. Perm\u00edtanos ayudarle a navegar las secuelas de su accidente de motocicleta con profesionalismo y cuidado.<\/p>\n<p><a href=\"https:\/\/bpcounsel.com\/wp-content\/uploads\/2024\/12\/matthews-motorcycle-acc1-copy.webp\"><img fetchpriority=\"high\" decoding=\"async\" class=\"alignnone size-full wp-image-3033\" src=\"https:\/\/bpcounsel.com\/wp-content\/uploads\/2024\/12\/matthews-motorcycle-acc1-copy.webp\" alt=\"Matthews motorcycle accident lawyer\" width=\"500\" height=\"334\" srcset=\"https:\/\/bpcounsel.com\/wp-content\/uploads\/2024\/12\/matthews-motorcycle-acc1-copy.webp 500w, https:\/\/bpcounsel.com\/wp-content\/uploads\/2024\/12\/matthews-motorcycle-acc1-copy-300x200.webp 300w\" sizes=\"(max-width: 500px) 100vw, 500px\" \/><\/a><\/p>\n<h2>Entendiendo los Accidentes de Motocicleta en Matthews, NC<\/h2>\n<p>Los accidentes de motocicleta presentan desaf\u00edos \u00fanicos para los jinetes. Desemejante de los coches de pasajeros, las motocicletas carecen el marco protector y las caracter\u00edsticas de seguridad que pueden proteger a ocupantes contra lesiones severas. Esta vulnerabilidad hace a motociclistas m\u00e1s susceptibles a heridas graves durante colisiones. La ausencia de cinturones de seguridad y airbags significa que los motoristas a menudo se enfrentan a un mayor riesgo de lesiones cerebrales traum\u00e1ticas, fracturas \u00f3seas y otras afecciones que alteran la vida. Adem\u00e1s, muchos conductores no se percatan de la presencia de motocicletas en la carretera. La conducci\u00f3n distra\u00edda, la mala visibilidad y la negligencia de los conductores contribuyen significativamente a los accidentes de motocicleta. Muchos conductores no ven a los motociclistas hasta que es demasiado tarde, lo que provoca accidentes de tr\u00e1fico catastr\u00f3ficos. Factores como el exceso de velocidad, el desv\u00edo de carril y las paradas repentinas pueden complicar a\u00fan m\u00e1s la situaci\u00f3n de los conductores de motocicletas. Comprender estos riesgos es crucial tanto para los motoristas como para los dem\u00e1s usuarios de la carretera. Ayuda a fomentar las medidas de seguridad y la concienciaci\u00f3n. Los motoristas deben llevar siempre casco y equipo de protecci\u00f3n, mientras que los conductores deben mantenerse vigilantes y respetuosos con los motoristas que comparten la carretera. Al reconocer las causas comunes de los accidentes de motocicleta, podemos trabajar juntos para reducir el n\u00famero de incidentes y proteger a quienes disfrutan de la carretera abierta.<\/p>\n<h2>Tipos de indemnizaci\u00f3n para v\u00edctimas de accidentes de moto<\/h2>\n<p>Cuando se producen accidentes de motocicleta, las secuelas pueden ser abrumadoras. Las v\u00edctimas a menudo se enfrentan a importantes gastos m\u00e9dicos, da\u00f1os a la propiedad, y la confusi\u00f3n emocional. Comprender los tipos de indemnizaci\u00f3n disponibles es crucial para cualquier persona afectada por este tipo de incidentes. Las circunstancias de su caso y el alcance de los da\u00f1os a los veh\u00edculos implicados pueden determinar qu\u00e9 tipos de da\u00f1os se le pueden deber.<\/p>\n<h3>Da\u00f1os econ\u00f3micos: Lesiones cerebrales traum\u00e1ticas, p\u00e9rdida de ingresos y m\u00e1s<\/h3>\n<p>Las v\u00edctimas de accidentes de motocicleta con frecuencia incurren en gastos m\u00e9dicos sustanciales debido a resultar heridos en un accidente. Estos pueden incluir hospitalizaciones, cirug\u00edas, rehabilitaci\u00f3n y tratamiento continuo. La p\u00e9rdida de ingresos se convierte en una preocupaci\u00f3n acuciante si las lesiones le impiden trabajar. Los da\u00f1os econ\u00f3micos pretenden cubrir estas cargas financieras, asegurando que usted sea compensado tanto por los gastos actuales como por los futuros.<\/p>\n<h3>Da\u00f1os no econ\u00f3micos: Dolor, sufrimiento y angustia emocional<\/h3>\n<p>Adem\u00e1s de los costes tangibles, las v\u00edctimas de accidentes de moto pueden experimentar dolor y sufrimiento. Esta categor\u00eda de indemnizaci\u00f3n se refiere al impacto f\u00edsico y emocional del accidente. Abarca desde el dolor cr\u00f3nico hasta la ansiedad y la depresi\u00f3n. Los da\u00f1os no econ\u00f3micos reconocen que las lesiones van m\u00e1s all\u00e1 del \u00e1mbito f\u00edsico y afectan a la calidad de vida de las v\u00edctimas.<\/p>\n<h3>Da\u00f1os punitivos: Responsabilizar a los conductores negligentes<\/h3>\n<p>En los casos en que la negligencia de un conductor es particularmente atroz, pueden aplicarse da\u00f1os punitivos. Su objetivo no es s\u00f3lo indemnizar a la v\u00edctima, sino tambi\u00e9n castigar a la parte culpable. Mediante la imposici\u00f3n de sanciones econ\u00f3micas adicionales, la ley pretende disuadir del comportamiento imprudente en la carretera. Usted puede ser elegible para esta compensaci\u00f3n si ha sufrido debido a la flagrante indiferencia de otro conductor por la seguridad. La comprensi\u00f3n de estos tipos de compensaci\u00f3n puede ayudarle a navegar las secuelas de un accidente de motocicleta. En Panchenko Law Firm, estamos dedicados a luchar por la justicia financiera que se merece.<\/p>\n<p><a href=\"https:\/\/bpcounsel.com\/wp-content\/uploads\/2024\/12\/matthews-motorcycle-acc2-copy.webp\"><img decoding=\"async\" class=\"alignnone size-full wp-image-3032\" src=\"https:\/\/bpcounsel.com\/wp-content\/uploads\/2024\/12\/matthews-motorcycle-acc2-copy.webp\" alt=\"Motorcycle about to have an accident\" width=\"500\" height=\"334\" srcset=\"https:\/\/bpcounsel.com\/wp-content\/uploads\/2024\/12\/matthews-motorcycle-acc2-copy.webp 500w, https:\/\/bpcounsel.com\/wp-content\/uploads\/2024\/12\/matthews-motorcycle-acc2-copy-300x200.webp 300w\" sizes=\"(max-width: 500px) 100vw, 500px\" \/><\/a><\/p>\n<h2>C\u00f3mo pueden ayudar los abogados de accidentes de Matthews de Panchenko Law Firm<\/h2>\n<p>En Panchenko Law Firm, entendemos que los accidentes de motocicleta pueden conducir a lesiones graves y angustia emocional significativa. Nuestros abogados de accidentes de motocicleta Matthews se dedican a proporcionarle apoyo integral a lo largo de todo el proceso de reclamaciones. Nuestro acercamiento es cuidadoso y enfocado. Empezamos por reunir pruebas para construir un caso fuerte. Vamos a recoger los informes policiales, registros m\u00e9dicos y declaraciones de testigos. Sabemos lo crucial que es esta informaci\u00f3n para establecer los hechos que rodearon su accidente. Nuestros profesionales legales analizar\u00e1n cada detalle para asegurarse de que tenemos una base s\u00f3lida para su reclamo. Navegar por el paisaje de seguros puede ser un reto, especialmente cuando se trata de las complejidades de las reclamaciones de accidentes de motocicleta.<\/p>\n<h3>Negociaci\u00f3n con las compa\u00f1\u00edas de seguros<\/h3>\n<p>Nos encargamos del trabajo pesado, negociando con las compa\u00f1\u00edas de seguros en su nombre. Nuestro objetivo es asegurar una compensaci\u00f3n justa por sus lesiones y p\u00e9rdidas. Somos expertos en el manejo de las t\u00e1cticas que los ajustadores de seguros pueden utilizar para minimizar los pagos. Adem\u00e1s de tratar con las compa\u00f1\u00edas de seguros, estamos preparados para hacer frente a cualquier desaf\u00edo legal que pueda surgir. Ya se trate de la preparaci\u00f3n para la corte o hacer frente a los conflictos de responsabilidad, nuestro equipo est\u00e1 listo para luchar por sus derechos. Le mantenemos informado en cada paso del camino, asegur\u00e1ndonos de que entiende sus opciones y el estado de su caso. La elecci\u00f3n de Panchenko Law Firm significa tener un defensor dedicado en su esquina. Damos prioridad a sus necesidades y trabajamos sin descanso para ayudarle a recuperar la compensaci\u00f3n que se merece. Si usted o un ser querido ha estado involucrado en un accidente de motocicleta, p\u00f3ngase en contacto con nosotros hoy para discutir c\u00f3mo podemos ayudarle en su viaje hacia la justicia.<\/p>\n<h3>Nuestro compromiso con un servicio excepcional<\/h3>\n<p>Creemos que cada cliente merece respeto y atenci\u00f3n personalizada. Nuestros profesionales legales trabajan incansablemente para asegurar que usted se sienta apoyado a lo largo de su caso. Desde el momento en que nos contacte, nos centramos en la comprensi\u00f3n de su situaci\u00f3n \u00fanica y proporcionar la orientaci\u00f3n que necesita. Cuando usted elige Panchenko Law Firm, no s\u00f3lo la contrataci\u00f3n de un equipo legal, usted est\u00e1 ganando defensores que realmente quieren ver a recuperarse y tener \u00e9xito. Sus comentarios son muy valiosos para nosotros, ya que nos ayuda a seguir mejorando nuestros servicios y servir mejor a nuestra comunidad.<\/p>\n<p><a href=\"https:\/\/bpcounsel.com\/wp-content\/uploads\/2024\/12\/matthews-motorcycle-acc3-copy.webp\"><img decoding=\"async\" class=\"alignnone size-full wp-image-3031\" src=\"https:\/\/bpcounsel.com\/wp-content\/uploads\/2024\/12\/matthews-motorcycle-acc3-copy.webp\" alt=\"How Long Do I Have to File a Motorcycle Accident Lawsuit in North Carolina?\" width=\"500\" height=\"334\" srcset=\"https:\/\/bpcounsel.com\/wp-content\/uploads\/2024\/12\/matthews-motorcycle-acc3-copy.webp 500w, https:\/\/bpcounsel.com\/wp-content\/uploads\/2024\/12\/matthews-motorcycle-acc3-copy-300x200.webp 300w\" sizes=\"(max-width: 500px) 100vw, 500px\" \/><\/a><\/p>\n<h2>Preguntas Frecuentes<\/h2>\n<h3>\u00bfCu\u00e1nto tiempo tengo para presentar una demanda por accidente de motocicleta en Carolina del Norte?<\/h3>\n<p>En Carolina del Norte, el plazo de prescripci\u00f3n para presentar una demanda por accidente de motocicleta es generalmente de tres a\u00f1os a partir de la fecha del accidente. Si se le pasa esta fecha l\u00edmite, puede perder su derecho a buscar compensaci\u00f3n por sus lesiones y da\u00f1os. Es crucial actuar con prontitud. La consulta con un abogado del accidente de la motocicleta de Matthews puede ayudarle a entender las l\u00edneas de tiempo espec\u00edficas relacionadas con su caso y a asegurarse de que todo el papeleo necesario est\u00e1 archivado el tiempo.<\/p>\n<h3>\u00bfQu\u00e9 pasos debo tomar despu\u00e9s de un accidente de motocicleta?<\/h3>\n<p>Si usted est\u00e1 involucrado en un accidente de motocicleta, es necesario seguir pasos espec\u00edficos para proteger sus derechos y fortalecer su caso. En primer lugar, garantice su seguridad y busque atenci\u00f3n m\u00e9dica para cualquier lesi\u00f3n. A continuaci\u00f3n, informe del accidente a las autoridades locales y recopile toda la informaci\u00f3n posible, incluidas declaraciones de testigos y fotograf\u00edas de la escena. Documente sus lesiones y lleve un registro de tratamientos y gastos m\u00e9dicos. Por \u00faltimo, p\u00f3ngase en contacto con un abogado especializado en accidentes de moto en Matthews para que le gu\u00ede a trav\u00e9s del proceso legal y defienda sus derechos. Ellos pueden ayudarle a navegar por las complejidades de su caso y trabajar para asegurar una compensaci\u00f3n justa.<\/p>\n<p><a href=\"https:\/\/bpcounsel.com\/wp-content\/uploads\/2024\/12\/matthews-motorcycle-acc4-copy.webp\"><img loading=\"lazy\" decoding=\"async\" class=\"alignnone size-full wp-image-3030\" src=\"https:\/\/bpcounsel.com\/wp-content\/uploads\/2024\/12\/matthews-motorcycle-acc4-copy.webp\" alt=\"Hire Panchenko Law Firm as Your Matthews Motorcycle Accident Lawyer\" width=\"500\" height=\"334\" srcset=\"https:\/\/bpcounsel.com\/wp-content\/uploads\/2024\/12\/matthews-motorcycle-acc4-copy.webp 500w, https:\/\/bpcounsel.com\/wp-content\/uploads\/2024\/12\/matthews-motorcycle-acc4-copy-300x200.webp 300w\" sizes=\"(max-width: 500px) 100vw, 500px\" \/><\/a><\/p>\n<h2>Comience con Panchenko Law Firm<\/h2>\n<p>Es crucial tomar las medidas adecuadas si usted ha estado involucrado en un accidente de motocicleta en Matthews. En Panchenko Law Firm, entendemos sus desaf\u00edos despu\u00e9s de un evento tan traum\u00e1tico. Nuestro equipo est\u00e1 aqu\u00ed para ayudarle en cada paso del camino.<\/p>\n<h3>Revisi\u00f3n gratuita de casos para v\u00edctimas de accidentes de motocicleta<\/h3>\n<p>Ofrecemos una revisi\u00f3n gratuita del caso para las v\u00edctimas de accidentes de motocicleta. Esta consulta inicial nos permite evaluar su situaci\u00f3n, discutir los detalles de su accidente, y delinear sus opciones legales. Usted recibir\u00e1 atenci\u00f3n personalizada, asegurando que se sienta escuchado y apoyado durante este momento dif\u00edcil.<\/p>\n<h3>P\u00f3ngase en contacto con nosotros hoy para discutir su caso<\/h3>\n<p>No espere para buscar la justicia y la compensaci\u00f3n que se merece. P\u00f3ngase en contacto con Panchenko Law Firm hoy. Nuestro dedicado equipo est\u00e1 listo para escuchar su historia, responder a sus preguntas y guiarlo a trav\u00e9s del proceso de su caso de lesiones personales. Nos enorgullecemos de nuestra pronta comunicaci\u00f3n y compromiso con la satisfacci\u00f3n del cliente. Su recuperaci\u00f3n es nuestra prioridad.<\/p>\n","protected":false},"excerpt":{"rendered":"<p>\u00bfPor qu\u00e9 elegir Panchenko Law Firm? Cuando usted est\u00e1 buscando un abogado Matthews accidente de motocicleta, usted quiere una empresa que se destaca. En Panchenko Law Firm, damos prioridad a sus necesidades y trabajamos diligentemente para asegurar la compensaci\u00f3n que se merece. Nuestros abogados experimentados entienden las complejidades de los accidentes de motocicleta y los [&hellip;]<\/p>\n","protected":false},"author":45,"featured_media":0,"parent":3718,"menu_order":0,"comment_status":"closed","ping_status":"closed","template":"","meta":{"_acf_changed":false,"anchor_text":"","footnotes":""},"class_list":["post-3724","page","type-page","status-publish","hentry"],"acf":[],"_links":{"self":[{"href":"https:\/\/bpcounsel.com\/es\/wp-json\/wp\/v2\/pages\/3724","targetHints":{"allow":["GET"]}}],"collection":[{"href":"https:\/\/bpcounsel.com\/es\/wp-json\/wp\/v2\/pages"}],"about":[{"href":"https:\/\/bpcounsel.com\/es\/wp-json\/wp\/v2\/types\/page"}],"author":[{"embeddable":true,"href":"https:\/\/bpcounsel.com\/es\/wp-json\/wp\/v2\/users\/45"}],"replies":[{"embeddable":true,"href":"https:\/\/bpcounsel.com\/es\/wp-json\/wp\/v2\/comments?post=3724"}],"version-history":[{"count":2,"href":"https:\/\/bpcounsel.com\/es\/wp-json\/wp\/v2\/pages\/3724\/revisions"}],"predecessor-version":[{"id":3726,"href":"https:\/\/bpcounsel.com\/es\/wp-json\/wp\/v2\/pages\/3724\/revisions\/3726"}],"up":[{"embeddable":true,"href":"https:\/\/bpcounsel.com\/es\/wp-json\/wp\/v2\/pages\/3718"}],"wp:attachment":[{"href":"https:\/\/bpcounsel.com\/es\/wp-json\/wp\/v2\/media?parent=3724"}],"curies":[{"name":"wp","href":"https:\/\/api.w.org\/{rel}","templated":true}]}}