{"id":3721,"date":"2026-03-31T08:00:13","date_gmt":"2026-03-31T13:00:13","guid":{"rendered":"https:\/\/bpcounsel.com\/matthews\/matthews-abogado-de-accidente-de-coche\/"},"modified":"2025-01-25T10:47:38","modified_gmt":"2025-01-25T15:47:38","slug":"matthews-abogado-de-accidente-de-coche","status":"publish","type":"page","link":"https:\/\/bpcounsel.com\/es\/matthews\/matthews-abogado-de-accidente-de-coche\/","title":{"rendered":"Matthews Abogado de Accidente de Coche"},"content":{"rendered":"<h2>\u00bfPor qu\u00e9 elegir Panchenko Law Firm?<\/h2>\n<p>La elecci\u00f3n del abogado Matthews accidente de coche es crucial. En Panchenko Law Firm, damos prioridad a sus necesidades y derechos. Nuestro equipo entiende los desaf\u00edos que enfrenta despu\u00e9s de un accidente de coche. Estamos dedicados a proporcionar el apoyo que necesita durante este tiempo dif\u00edcil. Nuestra firma se destaca por nuestro enfoque centrado en el cliente. Escuchamos sus preocupaciones y adaptar nuestras estrategias para adaptarse a su situaci\u00f3n. Usted no es un caso m\u00e1s para nosotros; usted es un cliente valioso que merece atenci\u00f3n y respeto. Trabajamos incansablemente para construir un caso s\u00f3lido para usted. Nuestros experimentados abogados saben c\u00f3mo reunir pruebas, entrevistar testigos y navegar por las complejidades de la ley de lesiones personales. Nuestro objetivo es asegurar la m\u00e1xima compensaci\u00f3n por sus lesiones, facturas m\u00e9dicas y da\u00f1os a la propiedad. Nuestra garant\u00eda sin honorarios significa que usted no paga nada a menos que ganemos su caso. Este compromiso le permite centrarse en su recuperaci\u00f3n sin la carga a\u00f1adida de los honorarios legales. Con Panchenko Law Firm, usted puede confiar en que sus derechos legales est\u00e1n en manos capaces. Cuando usted nos elige, usted est\u00e1 eligiendo un equipo que se ha comprometido a luchar por la justicia en su nombre. Perm\u00edtanos ayudarle a navegar el proceso legal y recuperar la compensaci\u00f3n que se merece.<\/p>\n<p><a href=\"https:\/\/bpcounsel.com\/wp-content\/uploads\/2024\/12\/matthews-car-acc1-copy.webp\"><img fetchpriority=\"high\" decoding=\"async\" class=\"alignnone size-full wp-image-3040\" src=\"https:\/\/bpcounsel.com\/wp-content\/uploads\/2024\/12\/matthews-car-acc1-copy.webp\" alt=\"Injured in an accident? Contact our Matthews car accident lawyers today\" width=\"500\" height=\"334\" srcset=\"https:\/\/bpcounsel.com\/wp-content\/uploads\/2024\/12\/matthews-car-acc1-copy.webp 500w, https:\/\/bpcounsel.com\/wp-content\/uploads\/2024\/12\/matthews-car-acc1-copy-300x200.webp 300w\" sizes=\"(max-width: 500px) 100vw, 500px\" \/><\/a><\/p>\n<h2>Entendiendo las Leyes de Accidentes de Coche en Carolina del Norte<\/h2>\n<p>Navegar por el panorama legal despu\u00e9s de un accidente de coche en Carolina del Norte puede ser un reto. Entender las leyes que rigen los accidentes de coche es crucial para cualquier conductor involucrado. Aqu\u00ed, desglosamos los aspectos clave de las leyes de accidentes de coche que afectan a su caso.<\/p>\n<h3>Negligencia Contribuyente en Carolina del Norte<\/h3>\n<p>Carolina del Norte sigue una regla de negligencia contributiva. Usted puede ser prohibido de recuperar cualquier compensaci\u00f3n si usted es encontrado para ser incluso 1% culpable del accidente. Esta norma estricta puede afectar significativamente su caso de accidente de coche. Es esencial reunir pruebas que establece la culpa. Trabajando con un abogado bien informado del accidente de coche de Matthews puede ayudar a asegurarse de que sus derechos est\u00e1n protegidos y que usted tiene un caso fuerte.<\/p>\n<h3>Estatuto de limitaciones para casos de accidente de coche<\/h3>\n<p>En Carolina del Norte, el estatuto de limitaciones para archivar un pleito del accidente de coche es t\u00edpicamente tres a\u00f1os a partir de la fecha del accidente. Usted puede perder su derecho a reclamar una indemnizaci\u00f3n si se le pasa este plazo. Usted tiene que consultar r\u00e1pidamente con un abogado de lesiones personales que le puede guiar a trav\u00e9s del proceso y ayudarle a cumplir con todos los plazos necesarios.<\/p>\n<h3>Importancia de los informes policiales y las pruebas<\/h3>\n<p>Los informes policiales desempe\u00f1an un papel vital en los casos de accidentes de tr\u00e1fico. Proporcionan un relato oficial del incidente, que puede ser decisivo para determinar la culpabilidad. Adem\u00e1s, es esencial reunir pruebas como fotograf\u00edas del lugar de los hechos, declaraciones de testigos e historiales m\u00e9dicos. Esta evidencia apoya su demanda y puede influenciar perceptiblemente el resultado de su caso. Un abogado Matthews especializado en accidentes de coche puede ayudarle a obtener la documentaci\u00f3n necesaria para construir un caso convincente. La comprensi\u00f3n de estos aspectos de las leyes de accidentes de coche en Carolina del Norte puede permitirle tomar decisiones informadas despu\u00e9s de un accidente. Si usted ha estado implicado en un accidente de coche, la b\u00fasqueda de asesoramiento jur\u00eddico es crucial para proteger sus intereses y navegar con eficacia las complejidades de su caso.<\/p>\n<h2>C\u00f3mo Panchenko Law Firm apoya a las v\u00edctimas de accidentes de coche Matthews<\/h2>\n<p>Entendemos que estar involucrado en un accidente de coche puede ser abrumador. Nuestro equipo se dedica a proporcionar apoyo jur\u00eddico integral a los residentes de Matthews, Carolina del Norte. Creemos que cada cliente merece una atenci\u00f3n personalizada y una estrategia s\u00f3lida adaptada a sus necesidades.<\/p>\n<h3>Apoyo Legal Comprensivo<\/h3>\n<p>Nuestros abogados experimentados est\u00e1n aqu\u00ed para guiarlo a trav\u00e9s de cada paso del proceso legal. Le ayudaremos a entender sus derechos y opciones despu\u00e9s de un accidente. Desde el momento en que se ponga en contacto con nosotros, trabajaremos incansablemente para reunir pruebas, entrevistar a testigos y construir un caso s\u00f3lido en su nombre. Damos prioridad a una comunicaci\u00f3n clara, asegur\u00e1ndonos de que est\u00e9 informado en cada etapa.<\/p>\n<h3>Reclamaciones de seguros<\/h3>\n<p>Tratar con las compa\u00f1\u00edas de seguros puede ser una experiencia compleja y frustrante. Nuestros expertos abogados tienen un amplio conocimiento de las leyes locales y las t\u00e1cticas utilizadas por las compa\u00f1\u00edas de seguros. Nos encargaremos de todas las comunicaciones con las aseguradoras, permiti\u00e9ndole centrarse en su recuperaci\u00f3n. Nuestro objetivo es asegurar la compensaci\u00f3n que se merece por sus facturas m\u00e9dicas, da\u00f1os a la propiedad y reparaciones del veh\u00edculo.<\/p>\n<h3>Maximizar la compensaci\u00f3n por sus lesiones<\/h3>\n<p>Nuestro objetivo es ayudarle a recuperar la m\u00e1xima indemnizaci\u00f3n por sus lesiones. Evaluamos minuciosamente su caso para identificar todas las posibles fuentes de compensaci\u00f3n, incluidos los gastos m\u00e9dicos, los salarios perdidos y el dolor y el sufrimiento. Mediante el aprovechamiento de nuestra experiencia y recursos, nos esforzamos para asegurar que usted reciba un trato justo y una compensaci\u00f3n justa por su sufrimiento. Estamos comprometidos a trabajar diligentemente para nuestros clientes. P\u00f3ngase en contacto con nosotros si usted ha sido herido en un accidente de coche en Matthews. Perm\u00edtanos ayudarle a navegar el proceso legal y abogar por sus derechos.<\/p>\n<p><a href=\"https:\/\/bpcounsel.com\/wp-content\/uploads\/2024\/12\/matthews-car-acc2-copy.webp\"><img decoding=\"async\" class=\"alignnone size-full wp-image-3039\" src=\"https:\/\/bpcounsel.com\/wp-content\/uploads\/2024\/12\/matthews-car-acc2-copy.webp\" alt=\"How Panchenko Law Firm Supports Matthews Car Accident Victims\" width=\"500\" height=\"334\" srcset=\"https:\/\/bpcounsel.com\/wp-content\/uploads\/2024\/12\/matthews-car-acc2-copy.webp 500w, https:\/\/bpcounsel.com\/wp-content\/uploads\/2024\/12\/matthews-car-acc2-copy-300x200.webp 300w\" sizes=\"(max-width: 500px) 100vw, 500px\" \/><\/a><\/p>\n<h2>Preguntas frecuentes sobre reclamaciones de accidentes de coche<\/h2>\n<h3>\u00bfQu\u00e9 leyes locales de tr\u00e1fico debo ser consciente de en Matthews?<\/h3>\n<p>La comprensi\u00f3n de las leyes locales de tr\u00e1fico es crucial para cualquier persona involucrada en un accidente de coche en Matthews. Carolina del Norte sigue normas espec\u00edficas relativas a los l\u00edmites de velocidad, derecho de paso, y conducir bajo la influencia. La familiaridad con estas leyes puede ayudarle a entender sus derechos y responsabilidades en caso de accidente. La violaci\u00f3n de las leyes locales de tr\u00e1fico puede afectar el resultado de su reclamo, especialmente en casos de negligencia contribuyente.<\/p>\n<h3>\u00bfC\u00f3mo pueden los recursos locales ayudar despu\u00e9s de un accidente de coche?<\/h3>\n<p>Matthews ofrece varios recursos que pueden ser beneficiosos despu\u00e9s de un accidente de coche. La aplicaci\u00f3n de ley local puede proporcionar los informes de la polic\u00eda que son esenciales para su demanda. Adem\u00e1s, las instalaciones m\u00e9dicas cercanas pueden tratar sus lesiones con prontitud. Los servicios locales de la comunidad pueden ofrecer ayuda, tal como asesoramiento para la angustia emocional. La utilizaci\u00f3n de estos recursos puede ayudar en su recuperaci\u00f3n y fortalecer su caso.<\/p>\n<h3>\u00bfQu\u00e9 debo saber sobre la presentaci\u00f3n de reclamaciones de seguros en Matthews, NC?<\/h3>\n<p>La presentaci\u00f3n de una reclamaci\u00f3n de seguros en Matthews requiere atenci\u00f3n al detalle. Usted debe reportar el accidente a su compa\u00f1\u00eda de seguros tan pronto como sea posible. Est\u00e9 preparado para proporcionar la documentaci\u00f3n, incluyendo informes de polic\u00eda e historiales m\u00e9dicos. Comprender el proceso de reclamaciones y conocer sus derechos puede ayudarle a evitar trampas comunes. Si su reclamaci\u00f3n es denegada o infravalorada, consultar a un abogado especializado en accidentes de tr\u00e1fico de Matthews puede aclarar sus opciones legales y ayudarle a navegar por el proceso de manera eficiente.<\/p>\n<h2>Nuestro Proceso: De la consulta inicial a la resoluci\u00f3n del caso<\/h2>\n<p>Damos prioridad a un proceso \u00e1gil y eficaz para nuestros clientes despu\u00e9s de un accidente de coche. Nuestro objetivo es hacer su experiencia lo m\u00e1s suave posible, lo que le permite centrarse en la recuperaci\u00f3n, mientras que nosotros nos encargamos de las complejidades legales.<\/p>\n<h3>Consulta gratuita y sin compromiso<\/h3>\n<p>Su viaje con nosotros comienza con una consulta gratuita. Durante esta reuni\u00f3n inicial, escuchamos su historia, evaluar los detalles de su accidente de coche, y discutir sus derechos legales. Esta consulta sin obligaci\u00f3n le permite hacer preguntas y entender sus opciones sin presi\u00f3n. Queremos que se sienta c\u00f3modo e informado al tomar los pr\u00f3ximos pasos.<\/p>\n<h3>Reunir pruebas y construir un caso s\u00f3lido<\/h3>\n<p>Una vez que decide trabajar con nosotros, nuestro equipo entra en acci\u00f3n. Recopilamos pruebas cruciales para apoyar su reclamaci\u00f3n. Esto incluye obtener informes policiales, entrevistar a testigos y recopilar historiales m\u00e9dicos. Nuestros abogados son expertos en la identificaci\u00f3n de la documentaci\u00f3n necesaria para construir un caso s\u00f3lido. Nos centramos en los detalles que pueden afectar el resultado de su demanda por accidente de coche.<\/p>\n<h3>Representaci\u00f3n de clientes en procedimientos legales<\/h3>\n<p>Si su caso requiere procedimientos legales, estamos aqu\u00ed para representarle en cada paso del camino. Nuestros abogados tienen experiencia en la navegaci\u00f3n por el sistema judicial y la defensa de sus derechos. Nos encargamos de todos los aspectos de su caso, desde la presentaci\u00f3n de documentos a la negociaci\u00f3n con las compa\u00f1\u00edas de seguros. Usted puede confiar en que vamos a trabajar sin descanso para asegurar la compensaci\u00f3n que se merece por sus lesiones, gastos m\u00e9dicos y otros da\u00f1os. Entendemos los retos a los que se enfrenta despu\u00e9s de un accidente de coche. Nuestro proceso est\u00e1 dise\u00f1ado para proporcionarle el apoyo y la orientaci\u00f3n que necesita durante este dif\u00edcil momento. Perm\u00edtanos ayudarle a navegar por el panorama legal y buscar la justicia que se merece.<\/p>\n<p><a href=\"https:\/\/bpcounsel.com\/wp-content\/uploads\/2024\/12\/mathews-car-acc3-copy.webp\"><img decoding=\"async\" class=\"alignnone size-full wp-image-3038\" src=\"https:\/\/bpcounsel.com\/wp-content\/uploads\/2024\/12\/mathews-car-acc3-copy.webp\" alt=\"We have a dedicated team of attorneys to help you\" width=\"500\" height=\"334\" srcset=\"https:\/\/bpcounsel.com\/wp-content\/uploads\/2024\/12\/mathews-car-acc3-copy.webp 500w, https:\/\/bpcounsel.com\/wp-content\/uploads\/2024\/12\/mathews-car-acc3-copy-300x200.webp 300w\" sizes=\"(max-width: 500px) 100vw, 500px\" \/><\/a><\/p>\n<h2>Conozca a nuestro dedicado equipo de abogados de lesiones personales Matthews<\/h2>\n<p>Nuestro equipo de abogados de accidentes de coche Matthews se ha comprometido a proporcionar una representaci\u00f3n legal excepcional para los afectados por accidentes automovil\u00edsticos. Dirigido por Dmitriy Panchenko, nuestros abogados traen una riqueza de experiencia y conocimiento a cada caso. Entendemos los matices de la ley de lesiones personales y estamos dedicados a luchar por sus derechos. Dmitriy Panchenko no es s\u00f3lo un abogado; es un apasionado defensor de las v\u00edctimas de negligencia. \u00c9l tiene un s\u00f3lido historial de asegurar resultados favorables para los clientes en Matthews y las \u00e1reas circundantes. Su liderazgo asegura que cada caso se maneja con el m\u00e1ximo cuidado y atenci\u00f3n al detalle. Nuestro equipo legal diverso y multiling\u00fce nos permite conectar con clientes de diversos or\u00edgenes. Hablamos ruso, ucraniano y espa\u00f1ol, por lo que es m\u00e1s f\u00e1cil para los clientes a comunicar sus necesidades y preocupaciones. Esta inclusividad garantiza que cada cliente se sienta comprendido y apoyado durante todo el proceso legal. Estamos orgullosos de nuestro compromiso con una comunicaci\u00f3n r\u00e1pida y honesta. Los clientes pueden esperar respuestas oportunas cuando se comunican con preguntas o inquietudes. Nuestro equipo trabaja incansablemente para mantener a los clientes informados en cada paso del camino, asegurando que se sientan capacitados y confiados en su viaje legal. Con Panchenko Law Firm, usted no es s\u00f3lo otro caso. Usted es un cliente valioso, y estamos aqu\u00ed para luchar por la justicia y la compensaci\u00f3n que se merece. Deje que nuestro equipo dedicado le guiar\u00e1 a trav\u00e9s de las complejidades de su caso de accidente de coche, proporcionando el apoyo y la experiencia necesaria para navegar por este momento dif\u00edcil.<\/p>\n<h2>Enfoque centrado en el cliente<\/h2>\n<p>Estamos orgullosos del impacto positivo que hemos hecho en nuestros clientes. Sus experiencias hablan vol\u00famenes sobre nuestra dedicaci\u00f3n y eficacia como abogados del accidente de coche de Matthews. Cada caso es \u00fanico, y nos acercamos a cada situaci\u00f3n con una estrategia a medida. Desde la negociaci\u00f3n con las compa\u00f1\u00edas de seguros para representar a los clientes en los tribunales, nuestro equipo est\u00e1 dedicado a lograr los mejores resultados posibles. Entendemos los desaf\u00edos que siguen a un accidente y estamos aqu\u00ed para apoyarle en cada paso del camino. P\u00f3ngase en contacto con nosotros para saber c\u00f3mo podemos ayudarle a recuperar la compensaci\u00f3n que se merece. Nuestro equipo se encarga de todo, desde casos de lesiones personales hasta casos de homicidio culposo, y tambi\u00e9n luchamos para ayudar a nuestros clientes a recibir la compensaci\u00f3n que se les debe.<\/p>\n<p><a href=\"https:\/\/bpcounsel.com\/wp-content\/uploads\/2024\/12\/matthews-car-acc4-copy.webp\"><img loading=\"lazy\" decoding=\"async\" class=\"alignnone size-full wp-image-3037\" src=\"https:\/\/bpcounsel.com\/wp-content\/uploads\/2024\/12\/matthews-car-acc4-copy.webp\" alt=\"Contact Us Today for a Free Consultation with Our Matthews Car Accident Lawyers\" width=\"500\" height=\"334\" srcset=\"https:\/\/bpcounsel.com\/wp-content\/uploads\/2024\/12\/matthews-car-acc4-copy.webp 500w, https:\/\/bpcounsel.com\/wp-content\/uploads\/2024\/12\/matthews-car-acc4-copy-300x200.webp 300w\" sizes=\"(max-width: 500px) 100vw, 500px\" \/><\/a><\/p>\n<h2>P\u00f3ngase en contacto con nosotros hoy para una consulta gratuita con nuestros abogados de lesiones personales<\/h2>\n<p>Nuestra pr\u00e1ctica legal entiende que navegar por las secuelas de un accidente de coche puede ser abrumador. Nuestro equipo est\u00e1 aqu\u00ed para ayudarle en cada paso del camino. Si usted ha sido lesionado en un accidente de coche en Matthews, Carolina del Norte, no dude en ponerse en contacto con nuestros profesionales del derecho. Ofrecemos una consulta gratuita y sin compromiso para discutir su situaci\u00f3n y explorar sus opciones legales. Durante esta consulta inicial, usted tendr\u00e1 la oportunidad de compartir los detalles de su caso con nuestros abogados experimentados. Escucharemos sus preocupaciones y le proporcionaremos la orientaci\u00f3n que necesita. Nuestro objetivo es asegurar que usted se sienta informado y apoyado al comenzar su viaje hacia la recuperaci\u00f3n. Puede ponerse en contacto con nosotros por tel\u00e9fono o a trav\u00e9s de nuestro sitio web. Damos prioridad a la comunicaci\u00f3n r\u00e1pida, por lo que puede esperar o\u00edr de nosotros r\u00e1pidamente. Nuestros abogados se dedican a representar a los clientes con respeto y profesionalismo. Trabajamos incansablemente para reunir pruebas y construir un caso s\u00f3lido en su nombre. Recuerde, usted no tiene que enfrentar este proceso solo. Deje que nuestro equipo de expertos en Panchenko Law Firm ayudarle a recuperar la compensaci\u00f3n que se merece. P\u00f3ngase en contacto con nosotros hoy mismo y d\u00e9 el primer paso hacia la justicia.<\/p>\n","protected":false},"excerpt":{"rendered":"<p>\u00bfPor qu\u00e9 elegir Panchenko Law Firm? La elecci\u00f3n del abogado Matthews accidente de coche es crucial. En Panchenko Law Firm, damos prioridad a sus necesidades y derechos. Nuestro equipo entiende los desaf\u00edos que enfrenta despu\u00e9s de un accidente de coche. Estamos dedicados a proporcionar el apoyo que necesita durante este tiempo dif\u00edcil. Nuestra firma se [&hellip;]<\/p>\n","protected":false},"author":45,"featured_media":0,"parent":3718,"menu_order":0,"comment_status":"closed","ping_status":"closed","template":"","meta":{"_acf_changed":false,"anchor_text":"","footnotes":""},"class_list":["post-3721","page","type-page","status-publish","hentry"],"acf":[],"_links":{"self":[{"href":"https:\/\/bpcounsel.com\/es\/wp-json\/wp\/v2\/pages\/3721","targetHints":{"allow":["GET"]}}],"collection":[{"href":"https:\/\/bpcounsel.com\/es\/wp-json\/wp\/v2\/pages"}],"about":[{"href":"https:\/\/bpcounsel.com\/es\/wp-json\/wp\/v2\/types\/page"}],"author":[{"embeddable":true,"href":"https:\/\/bpcounsel.com\/es\/wp-json\/wp\/v2\/users\/45"}],"replies":[{"embeddable":true,"href":"https:\/\/bpcounsel.com\/es\/wp-json\/wp\/v2\/comments?post=3721"}],"version-history":[{"count":2,"href":"https:\/\/bpcounsel.com\/es\/wp-json\/wp\/v2\/pages\/3721\/revisions"}],"predecessor-version":[{"id":3723,"href":"https:\/\/bpcounsel.com\/es\/wp-json\/wp\/v2\/pages\/3721\/revisions\/3723"}],"up":[{"embeddable":true,"href":"https:\/\/bpcounsel.com\/es\/wp-json\/wp\/v2\/pages\/3718"}],"wp:attachment":[{"href":"https:\/\/bpcounsel.com\/es\/wp-json\/wp\/v2\/media?parent=3721"}],"curies":[{"name":"wp","href":"https:\/\/api.w.org\/{rel}","templated":true}]}}