{"id":3718,"date":"2026-03-16T08:00:37","date_gmt":"2026-03-16T13:00:37","guid":{"rendered":"https:\/\/bpcounsel.com\/matthews\/"},"modified":"2025-01-25T10:38:17","modified_gmt":"2025-01-25T15:38:17","slug":"matthews","status":"publish","type":"page","link":"https:\/\/bpcounsel.com\/es\/matthews\/","title":{"rendered":"Matthews"},"content":{"rendered":"<p>Enclavada en la regi\u00f3n sur del condado de Mecklenburg, Matthews, Carolina del Norte, es una vibrante ciudad suburbana que combina el encanto de un pueblo peque\u00f1o con las comodidades modernas. Situado a s\u00f3lo 12 millas al sureste de Charlotte, Matthews se ha convertido en una comunidad codiciada conocida por su ambiente agradable, excelentes escuelas, y diversas oportunidades recreativas.<\/p>\n<p>El centro hist\u00f3rico es el coraz\u00f3n de Matthews y ofrece una encantadora mezcla de tiendas locales, restaurantes \u00fanicos y lugares de inter\u00e9s cultural. El dep\u00f3sito de trenes de Matthews y la ferreter\u00eda Renfrow son s\u00f3lo algunos de los lugares que reflejan el rico patrimonio de la ciudad. Stumptown Park y Four Mile Creek Greenway ofrecen a residentes y visitantes lugares pintorescos para actividades al aire libre, desde senderismo y picnic hasta eventos comunitarios como festivales y mercados de agricultores.<\/p>\n<p>Matthews tambi\u00e9n alberga una gran variedad de atracciones familiares, como el Centro Comunitario de Matthews, donde se imparten clases de arte, actuaciones y programas educativos. Para aquellos que buscan entretenimiento, el Matthews Playhouse of the Performing Arts ofrece una gran variedad de producciones teatrales durante todo el a\u00f1o.<\/p>\n<p>Tanto si te atraen sus excelentes escuelas, sus barrios seguros o su vibrante cultura, Matthews es una comunidad pr\u00f3spera que ofrece algo para todos. Combina a la perfecci\u00f3n su rica historia con las comodidades modernas, lo que la convierte en un lugar ideal para vivir, trabajar y visitar.<\/p>\n","protected":false},"excerpt":{"rendered":"<p>Enclavada en la regi\u00f3n sur del condado de Mecklenburg, Matthews, Carolina del Norte, es una vibrante ciudad suburbana que combina el encanto de un pueblo peque\u00f1o con las comodidades modernas. Situado a s\u00f3lo 12 millas al sureste de Charlotte, Matthews se ha convertido en una comunidad codiciada conocida por su ambiente agradable, excelentes escuelas, y [&hellip;]<\/p>\n","protected":false},"author":22,"featured_media":3417,"parent":0,"menu_order":0,"comment_status":"closed","ping_status":"closed","template":"","meta":{"_acf_changed":false,"anchor_text":"","footnotes":""},"class_list":["post-3718","page","type-page","status-publish","has-post-thumbnail","hentry"],"acf":[],"_links":{"self":[{"href":"https:\/\/bpcounsel.com\/es\/wp-json\/wp\/v2\/pages\/3718","targetHints":{"allow":["GET"]}}],"collection":[{"href":"https:\/\/bpcounsel.com\/es\/wp-json\/wp\/v2\/pages"}],"about":[{"href":"https:\/\/bpcounsel.com\/es\/wp-json\/wp\/v2\/types\/page"}],"author":[{"embeddable":true,"href":"https:\/\/bpcounsel.com\/es\/wp-json\/wp\/v2\/users\/22"}],"replies":[{"embeddable":true,"href":"https:\/\/bpcounsel.com\/es\/wp-json\/wp\/v2\/comments?post=3718"}],"version-history":[{"count":2,"href":"https:\/\/bpcounsel.com\/es\/wp-json\/wp\/v2\/pages\/3718\/revisions"}],"predecessor-version":[{"id":3720,"href":"https:\/\/bpcounsel.com\/es\/wp-json\/wp\/v2\/pages\/3718\/revisions\/3720"}],"wp:featuredmedia":[{"embeddable":true,"href":"https:\/\/bpcounsel.com\/es\/wp-json\/wp\/v2\/media\/3417"}],"wp:attachment":[{"href":"https:\/\/bpcounsel.com\/es\/wp-json\/wp\/v2\/media?parent=3718"}],"curies":[{"name":"wp","href":"https:\/\/api.w.org\/{rel}","templated":true}]}}