{"id":3713,"date":"2025-01-06T08:36:00","date_gmt":"2025-01-06T13:36:00","guid":{"rendered":"https:\/\/bpcounsel.com\/charlotte\/charlotte-abogado-de-muerte-injusta\/"},"modified":"2025-01-25T01:40:48","modified_gmt":"2025-01-25T06:40:48","slug":"charlotte-abogado-de-muerte-injusta","status":"publish","type":"page","link":"https:\/\/bpcounsel.com\/es\/charlotte\/charlotte-abogado-de-muerte-injusta\/","title":{"rendered":"Charlotte Abogado de muerte injusta"},"content":{"rendered":"<h2>Entendiendo las Demandas por Muerte Injusta en Charlotte<\/h2>\n<p>Las demandas por homicidio culposo surgen cuando la muerte de una persona es el resultado de la negligencia o acto il\u00edcito de otra persona. Estos reclamos permiten a los miembros sobrevivientes de la familia buscar justicia y compensaci\u00f3n financiera por su p\u00e9rdida. El marco legal para los casos de homicidio culposo en Carolina del Norte se rige por estatutos espec\u00edficos que describen la elegibilidad y el proceso para presentar una reclamaci\u00f3n. Es imperativo encontrar un abogado de muerte injusta en Charlotte que pueda representar sus intereses en estos casos. Para establecer una demanda por homicidio culposo, se debe probar que el fallecido hubiera tenido una demanda v\u00e1lida por lesiones personales si hubiera sobrevivido. Esto significa demostrar que la parte responsable actu\u00f3 negligente o intencionadamente, provocando la muerte de la v\u00edctima. Algunos ejemplos comunes son los accidentes de tr\u00e1fico mortales, la negligencia m\u00e9dica y los incidentes en el lugar de trabajo. En Carolina del Norte, el plazo de prescripci\u00f3n para presentar una demanda por homicidio culposo suele ser de dos a\u00f1os a partir de la fecha de fallecimiento de la v\u00edctima. Este plazo es crucial, ya que si no se presenta dentro del mismo se puede perder el derecho a emprender acciones legales. Las familias que sufren la p\u00e9rdida de un ser querido a menudo se enfrentan a cargas emocionales y financieras. La contrataci\u00f3n de un abogado experto en homicidio culposo en Charlotte puede ayudar a navegar por las complejidades del sistema legal, garantizando la protecci\u00f3n de los derechos de los familiares sobrevivientes. Nuestra firma se dedica a abogar por aquellos que han sufrido debido a la negligencia de otros, esforz\u00e1ndose por lograr la justicia y la compensaci\u00f3n que las familias en duelo merecen.<\/p>\n<p><a href=\"https:\/\/bpcounsel.com\/wp-content\/uploads\/2024\/12\/charlotte-wrongful1-copy.webp\"><img fetchpriority=\"high\" decoding=\"async\" class=\"alignnone size-full wp-image-3102\" src=\"https:\/\/bpcounsel.com\/wp-content\/uploads\/2024\/12\/charlotte-wrongful1-copy.webp\" alt=\"Understanding Wrongful Death Claims in Charlotte\" width=\"500\" height=\"334\" srcset=\"https:\/\/bpcounsel.com\/wp-content\/uploads\/2024\/12\/charlotte-wrongful1-copy.webp 500w, https:\/\/bpcounsel.com\/wp-content\/uploads\/2024\/12\/charlotte-wrongful1-copy-300x200.webp 300w\" sizes=\"(max-width: 500px) 100vw, 500px\" \/><\/a><\/p>\n<h2>\u00bfQui\u00e9n puede presentar una demanda por homicidio culposo en Carolina del Norte?<\/h2>\n<p>En Carolina del Norte, individuos espec\u00edficos tienen el derecho de presentar una demanda por muerte injusta. Entender qui\u00e9n es elegible es crucial para la b\u00fasqueda de justicia y compensaci\u00f3n financiera despu\u00e9s de una tr\u00e1gica p\u00e9rdida, ya sea por un accidente de coche o peat\u00f3n o descuido de otra persona.<\/p>\n<h3>Familiares y representantes personales admisibles<\/h3>\n<p>La ley reconoce a ciertos miembros de la familia y representantes personales como elegibles para presentar una demanda por homicidio culposo. Normalmente, las siguientes personas pueden emprender acciones legales:<\/p>\n<ul>\n<li><strong>Familiares directos<\/strong>: Esto incluye al c\u00f3nyuge superviviente, hijos y padres del fallecido. Pueden solicitar una indemnizaci\u00f3n por su p\u00e9rdida, incluido el sufrimiento emocional y la ayuda econ\u00f3mica.<\/li>\n<li><strong>Representantes personales<\/strong>: Si la persona fallecida ten\u00eda testamento, el albacea nombrado en ese documento puede presentar la reclamaci\u00f3n. Si no hay testamento, el tribunal puede nombrar a un administrador para que act\u00fae en nombre del patrimonio de la persona fallecida. Este representante es responsable de llevar adelante la demanda por homicidio culposo y asegurarse de que cualquier indemnizaci\u00f3n se distribuya de acuerdo con la ley.<\/li>\n<li><strong>Miembros de la familia extensa<\/strong>: En determinadas circunstancias, los hermanos u otros familiares pueden estar legitimados para presentar una demanda, especialmente si depend\u00edan econ\u00f3micamente del fallecido.<\/li>\n<\/ul>\n<p>Es esencial actuar con rapidez. La ley de Carolina del Norte establece un plazo para la presentaci\u00f3n de reclamaciones por homicidio culposo, por lo general dentro de los dos a\u00f1os siguientes a la fecha de la muerte de la v\u00edctima. Acudir a un asesor jur\u00eddico puede ayudarle a clarificar su elegibilidad y guiarle a lo largo del proceso. Los familiares supervivientes deben tomar las medidas necesarias para que la parte responsable pueda responder por la muerte de su ser querido. Si usted cree que re\u00fane los requisitos, consultar a un abogado experto en homicidio culposo puede proporcionarle valiosos conocimientos y apoyo durante este dif\u00edcil momento.<\/p>\n<h2>C\u00f3mo reclamar una indemnizaci\u00f3n por homicidio culposo<\/h2>\n<p><img decoding=\"async\" class=\"alignnone wp-image-2828\" src=\"https:\/\/bpcounsel.com\/wp-content\/uploads\/2024\/12\/Panchenko-WrongfulDeath.webp\" alt=\"wrongful death compensation\" width=\"624\" height=\"780\" srcset=\"https:\/\/bpcounsel.com\/wp-content\/uploads\/2024\/12\/Panchenko-WrongfulDeath.webp 1600w, https:\/\/bpcounsel.com\/wp-content\/uploads\/2024\/12\/Panchenko-WrongfulDeath-240x300.webp 240w, https:\/\/bpcounsel.com\/wp-content\/uploads\/2024\/12\/Panchenko-WrongfulDeath-819x1024.webp 819w, https:\/\/bpcounsel.com\/wp-content\/uploads\/2024\/12\/Panchenko-WrongfulDeath-768x960.webp 768w, https:\/\/bpcounsel.com\/wp-content\/uploads\/2024\/12\/Panchenko-WrongfulDeath-1229x1536.webp 1229w\" sizes=\"(max-width: 624px) 100vw, 624px\" \/><\/p>\n<p>Cuando un ser querido fallece debido a la negligencia de otra persona, la carga emocional puede ser abrumadora. Adem\u00e1s del dolor, los familiares supervivientes a menudo se enfrentan a problemas econ\u00f3micos. Presentar una demanda por homicidio culposo puede ayudar a aliviar algunas de estas cargas proporcionando la compensaci\u00f3n necesaria. En Carolina del Norte, las demandas por homicidio culposo permiten a los familiares que re\u00fanan los requisitos solicitar una indemnizaci\u00f3n econ\u00f3mica por diversos da\u00f1os y perjuicios. Estos da\u00f1os pueden abarcar una serie de p\u00e9rdidas experimentadas debido a la muerte de la v\u00edctima. A continuaci\u00f3n se indican los tipos de indemnizaci\u00f3n que pueden recuperarse en una demanda por homicidio culposo:<\/p>\n<h3>Gastos m\u00e9dicos y funerarios<\/h3>\n<p>Las familias a menudo incurren en importantes gastos m\u00e9dicos antes de que un ser querido fallezca. Estos gastos, junto con los funerarios, pueden acumularse r\u00e1pidamente. Una demanda por homicidio culposo puede ayudarle a recuperar estos gastos, asegurando que no se encuentre en apuros econ\u00f3micos durante este dif\u00edcil momento.<\/p>\n<h3>P\u00e9rdida de ingresos y apoyo econ\u00f3mico<\/h3>\n<p>Si el fallecido era el principal sost\u00e9n de la familia, su muerte puede acarrear importantes dificultades econ\u00f3micas. Los familiares supervivientes pueden solicitar una indemnizaci\u00f3n por los salarios perdidos y los ingresos futuros que el fallecido les hubiera proporcionado. Este apoyo financiero es crucial para mantener la estabilidad tras una tr\u00e1gica p\u00e9rdida.<\/p>\n<h3>Dolor y sufrimiento<\/h3>\n<p>El dolor emocional causado por la p\u00e9rdida de un ser querido es inconmensurable. Aunque ninguna cantidad de dinero puede compensar realmente este sufrimiento, la ley lo reconoce como una reclamaci\u00f3n leg\u00edtima. Una demanda por homicidio culposo puede incluir da\u00f1os y perjuicios por la angustia emocional experimentada por los familiares supervivientes.<\/p>\n<h3>P\u00e9rdida de compa\u00f1\u00eda y orientaci\u00f3n<\/h3>\n<p>La relaci\u00f3n entre el fallecido y sus familiares es \u00fanica e insustituible. Puede solicitarse una indemnizaci\u00f3n por la p\u00e9rdida de compa\u00f1\u00eda, amor y orientaci\u00f3n que el fallecido habr\u00eda proporcionado. Este tipo de da\u00f1o reconoce el profundo impacto de su ausencia.<\/p>\n<h3>Da\u00f1os punitivos<\/h3>\n<p>En los casos en que la parte culpable actu\u00f3 con extrema negligencia o intenci\u00f3n de da\u00f1ar, se pueden conceder da\u00f1os punitivos. Estos da\u00f1os sirven como castigo y disuasi\u00f3n contra comportamientos similares en el futuro. No est\u00e1n destinados a compensar a la familia, sino a exigir responsabilidades a la parte culpable. Presentar una demanda por homicidio culposo puede ser complejo y emocionalmente agotador. Aseg\u00farese de contar con un abogado calificado en homicidio culposo para ayudarle a navegar este proceso. En Panchenko Law Firm, estamos dedicados a ayudarle a buscar la compensaci\u00f3n que se merece, mientras que la prestaci\u00f3n de apoyo compasivo durante este dif\u00edcil momento.<\/p>\n<p><a href=\"https:\/\/bpcounsel.com\/wp-content\/uploads\/2024\/12\/charlotte-wrongful2-copy.webp\"><img decoding=\"async\" class=\"alignnone size-full wp-image-3101\" src=\"https:\/\/bpcounsel.com\/wp-content\/uploads\/2024\/12\/charlotte-wrongful2-copy.webp\" alt=\"Charlotte wrongful death lawyers | contact us today and get justice for your family\" width=\"500\" height=\"334\" srcset=\"https:\/\/bpcounsel.com\/wp-content\/uploads\/2024\/12\/charlotte-wrongful2-copy.webp 500w, https:\/\/bpcounsel.com\/wp-content\/uploads\/2024\/12\/charlotte-wrongful2-copy-300x200.webp 300w\" sizes=\"(max-width: 500px) 100vw, 500px\" \/><\/a><\/p>\n<h2>\u00bfPor qu\u00e9 elegir al equipo de Panchenko Law Firm como sus abogados de muerte por negligencia en Charlotte?<\/h2>\n<p>Cuando se enfrentan a las secuelas de una muerte injusta, la elecci\u00f3n del abogado adecuado es fundamental. Panchenko Law Firm se destaca como un aliado de confianza para las familias en Charlotte. Nuestro equipo est\u00e1 dedicado a proporcionar una representaci\u00f3n legal compasiva y competente durante este dif\u00edcil momento.<\/p>\n<h3>Experiencia y pericia<\/h3>\n<p>Nuestros abogados tienen amplia experiencia en el manejo de casos de homicidio culposo en Carolina del Norte. Entendemos los matices de los estatutos de Carolina del Norte y los desaf\u00edos espec\u00edficos que surgen en estas situaciones delicadas. Nuestro historial probado de asegurar resultados favorables demuestra nuestro compromiso con nuestros clientes.<\/p>\n<h3>Enfoque centrado en el cliente<\/h3>\n<p>Panchenko Law Firm da prioridad a las necesidades de nuestros clientes. Nos tomamos el tiempo para escuchar y entender su situaci\u00f3n \u00fanica. Como tal, podemos adaptar nuestra estrategia legal para satisfacer sus necesidades. Creemos en la comunicaci\u00f3n abierta y le mantendremos informado durante todo el proceso. Usted puede contar con nosotros para abogar ferozmente en su nombre.<\/p>\n<h3>Apoyo compasivo<\/h3>\n<p>Reconocemos que lidiar con la p\u00e9rdida de un ser querido es una experiencia incre\u00edblemente desafiante. Nuestro equipo no s\u00f3lo proporciona apoyo legal, sino tambi\u00e9n orientaci\u00f3n emocional. Estamos aqu\u00ed para ayudarle a navegar por las complejidades de una demanda por homicidio culposo mientras usted se concentra en sanar.<\/p>\n<h3>Sin honorarios por adelantado<\/h3>\n<p>Nuestra firma opera en base a honorarios de contingencia. Esto significa que usted no pagar\u00e1 honorarios de abogado a menos que recuperemos compensaci\u00f3n. Este enfoque le permite buscar justicia sin el estr\u00e9s a\u00f1adido de los costos por adelantado.<\/p>\n<h3>Asistencia multiling\u00fce<\/h3>\n<p>Nuestro variado equipo habla varios idiomas, entre ellos ruso, ucraniano y espa\u00f1ol. Esto nos permite servir a una comunidad m\u00e1s amplia y garantizar que las barreras ling\u00fc\u00edsticas no obstaculicen su acceso a una representaci\u00f3n legal de calidad. Elija al equipo de Panchenko Law Firm como sus abogados de muerte por negligencia en Charlotte. Estamos comprometidos a ayudarle a buscar la justicia y la compensaci\u00f3n que merece por la muerte de su ser querido. Perm\u00edtanos estar a su lado durante este dif\u00edcil momento.<\/p>\n<p><a href=\"https:\/\/bpcounsel.com\/wp-content\/uploads\/2024\/12\/charlotte-wrongful3-copy.webp\"><img loading=\"lazy\" decoding=\"async\" class=\"alignnone size-full wp-image-3100\" src=\"https:\/\/bpcounsel.com\/wp-content\/uploads\/2024\/12\/charlotte-wrongful3-copy.webp\" alt=\"How to Get Started with Your Wrongful Death Claim\" width=\"500\" height=\"334\" srcset=\"https:\/\/bpcounsel.com\/wp-content\/uploads\/2024\/12\/charlotte-wrongful3-copy.webp 500w, https:\/\/bpcounsel.com\/wp-content\/uploads\/2024\/12\/charlotte-wrongful3-copy-300x200.webp 300w\" sizes=\"(max-width: 500px) 100vw, 500px\" \/><\/a><\/p>\n<h2>C\u00f3mo empezar su reclamaci\u00f3n por muerte por negligencia<\/h2>\n<p>Iniciar una demanda por homicidio culposo puede resultar abrumador, especialmente en un momento tan dif\u00edcil. Sin embargo, dar el primer paso es crucial. He aqu\u00ed c\u00f3mo puede comenzar el proceso con Panchenko Law Firm.<\/p>\n<h3>Programe una consulta inicial gratuita<\/h3>\n<p>La primera acci\u00f3n es ponerse en contacto con nuestro bufete de abogados para programar una consulta inicial gratuita. Esta reuni\u00f3n le permite discutir los detalles espec\u00edficos de su caso con nuestros abogados experimentados en muerte por negligencia en Charlotte. Durante esta consulta, usted puede hacer preguntas y describir las circunstancias que rodearon la muerte de su ser querido. Le escucharemos con atenci\u00f3n y le daremos una visi\u00f3n general de sus opciones legales.<\/p>\n<h3>Qu\u00e9 esperar durante la consulta<\/h3>\n<p>Espere un ambiente profesional pero compasivo. Nuestros abogados le guiar\u00e1n a trav\u00e9s de lo que implica una demanda por homicidio culposo. Le explicaremos el proceso legal, los posibles resultados y los tipos de indemnizaci\u00f3n a los que puede tener derecho. Tambi\u00e9n puede compartir cualquier documentaci\u00f3n relacionada con el caso, como historiales m\u00e9dicos, informes de accidentes u otra informaci\u00f3n relevante. Esto nos ayudar\u00e1 a evaluar su reclamaci\u00f3n con eficacia.<\/p>\n<h2>Preparaci\u00f3n de su caso de homicidio culposo<\/h2>\n<p>Reuniremos pruebas para apoyar su reclamaci\u00f3n si sigue adelante despu\u00e9s de la consulta. Esto puede incluir la recopilaci\u00f3n de declaraciones de testigos, recibos de gastos m\u00e9dicos e informes policiales. Nuestros abogados trabajar\u00e1n diligentemente para construir un caso s\u00f3lido que busque una compensaci\u00f3n total por sus p\u00e9rdidas. Lo mantendremos informado durante todo el proceso, asegur\u00e1ndonos de que entienda cada paso mientras buscamos justicia en su nombre. Nos dedicamos a ayudar a las familias a navegar por las complejidades de las demandas por homicidio culposo. Perm\u00edtanos ayudarle a buscar la justicia y la compensaci\u00f3n que su familia merece.<\/p>\n<p><img loading=\"lazy\" decoding=\"async\" class=\"alignnone wp-image-3188 size-full\" src=\"https:\/\/bpcounsel.com\/wp-content\/uploads\/2024\/12\/Branding-session-575.webp\" alt=\"Panchenko Law Firm | Charlotte wrongful death lawyers\" width=\"500\" height=\"333\" srcset=\"https:\/\/bpcounsel.com\/wp-content\/uploads\/2024\/12\/Branding-session-575.webp 500w, https:\/\/bpcounsel.com\/wp-content\/uploads\/2024\/12\/Branding-session-575-300x200.webp 300w\" sizes=\"(max-width: 500px) 100vw, 500px\" \/><\/p>\n<h2>P\u00f3ngase en contacto con Panchenko Law Firm hoy mismo<\/h2>\n<p>Si usted o un ser querido ha experimentado la p\u00e9rdida devastadora de un miembro de la familia debido a la negligencia de otra persona, es crucial tomar acci\u00f3n por muerte injusta. Entendemos la carga emocional y financiera que un accidente fatal puede imponer a los familiares sobrevivientes. Nuestro equipo de abogados especializados en homicidio culposo en Charlotte est\u00e1 aqu\u00ed para guiarlo en este dif\u00edcil momento. Buscar ayuda es el primer paso para obtener justicia. P\u00f3ngase en contacto con nosotros hoy mismo para programar una consulta legal gratuita. Durante esta reuni\u00f3n inicial, discutiremos los detalles espec\u00edficos de su caso, responderemos a cualquier pregunta que pueda tener y describiremos sus posibles opciones legales. Nuestros abogados le proporcionar\u00e1n la informaci\u00f3n que necesita para tomar decisiones informadas. Estamos orgullosos de servir a clientes en Charlotte y sus alrededores, incluyendo Monroe, Pineville, Mint Hill, Stallings, y Matthews. Nuestro compromiso con el apoyo multiling\u00fce significa que las barreras del idioma no impedir\u00e1n su acceso a la justicia. No espere para buscar la compensaci\u00f3n que merece por la muerte injusta de su ser querido. Llame a Panchenko Law Firm hoy al <a href=\"tel:+17049007675\"><i class=\"fa fa-phone-alt\"><\/i>(704) 900-7675<\/a>, y perm\u00edtanos ayudarle a navegar por este dif\u00edcil proceso con compasi\u00f3n y experiencia. Su familia merece justicia, y estamos a su lado para ayudarle a luchar por ella.<\/p>\n","protected":false},"excerpt":{"rendered":"<p>Entendiendo las Demandas por Muerte Injusta en Charlotte Las demandas por homicidio culposo surgen cuando la muerte de una persona es el resultado de la negligencia o acto il\u00edcito de otra persona. Estos reclamos permiten a los miembros sobrevivientes de la familia buscar justicia y compensaci\u00f3n financiera por su p\u00e9rdida. El marco legal para los [&hellip;]<\/p>\n","protected":false},"author":45,"featured_media":0,"parent":3663,"menu_order":0,"comment_status":"closed","ping_status":"closed","template":"","meta":{"_acf_changed":false,"anchor_text":"","footnotes":""},"class_list":["post-3713","page","type-page","status-publish","hentry"],"acf":[],"_links":{"self":[{"href":"https:\/\/bpcounsel.com\/es\/wp-json\/wp\/v2\/pages\/3713","targetHints":{"allow":["GET"]}}],"collection":[{"href":"https:\/\/bpcounsel.com\/es\/wp-json\/wp\/v2\/pages"}],"about":[{"href":"https:\/\/bpcounsel.com\/es\/wp-json\/wp\/v2\/types\/page"}],"author":[{"embeddable":true,"href":"https:\/\/bpcounsel.com\/es\/wp-json\/wp\/v2\/users\/45"}],"replies":[{"embeddable":true,"href":"https:\/\/bpcounsel.com\/es\/wp-json\/wp\/v2\/comments?post=3713"}],"version-history":[{"count":3,"href":"https:\/\/bpcounsel.com\/es\/wp-json\/wp\/v2\/pages\/3713\/revisions"}],"predecessor-version":[{"id":3961,"href":"https:\/\/bpcounsel.com\/es\/wp-json\/wp\/v2\/pages\/3713\/revisions\/3961"}],"up":[{"embeddable":true,"href":"https:\/\/bpcounsel.com\/es\/wp-json\/wp\/v2\/pages\/3663"}],"wp:attachment":[{"href":"https:\/\/bpcounsel.com\/es\/wp-json\/wp\/v2\/media?parent=3713"}],"curies":[{"name":"wp","href":"https:\/\/api.w.org\/{rel}","templated":true}]}}