{"id":3696,"date":"2024-12-13T15:35:53","date_gmt":"2024-12-13T20:35:53","guid":{"rendered":"https:\/\/bpcounsel.com\/charlotte\/charlotte-compensacion-a-los-trabajadores-abogado\/"},"modified":"2025-01-29T16:27:24","modified_gmt":"2025-01-29T21:27:24","slug":"charlotte-compensacion-a-los-trabajadores-abogado","status":"publish","type":"page","link":"https:\/\/bpcounsel.com\/es\/charlotte\/charlotte-compensacion-a-los-trabajadores-abogado\/","title":{"rendered":"Charlotte Compensaci\u00f3n a los Trabajadores Abogado"},"content":{"rendered":"<h2>\u00bfPor qu\u00e9 elegir Panchenko Law Firm para su caso de compensaci\u00f3n de trabajadores?<\/h2>\n<p>La elecci\u00f3n del abogado de compensaci\u00f3n de trabajadores de Charlotte derecho legal para su caso es crucial. En Panchenko Law Firm, entendemos los desaf\u00edos que enfrentan los trabajadores lesionados en Charlotte y m\u00e1s all\u00e1. Nuestro experimentado equipo se dedica a proporcionar apoyo integral a lo largo de todo el proceso. Nos centramos en el cliente. Esto significa que sus necesidades y preocupaciones son lo primero. Nuestros abogados est\u00e1n comprometidos con la comunicaci\u00f3n clara y respuestas r\u00e1pidas. Usted puede esperar o\u00edr de nosotros el mismo d\u00eda que se comunique con preguntas. Creemos que mantenerse informado es esencial para su tranquilidad durante este tiempo estresante.<\/p>\n<h2>\u00bfNecesita un abogado de compensaci\u00f3n laboral en Charlotte?<\/h2>\n<p>Si usted ha experimentado una lesi\u00f3n en el trabajo o enfermedad profesional, es posible que se pregunte si es necesario contratar a un abogado de compensaci\u00f3n de trabajadores de Charlotte. La respuesta a menudo depende de los detalles de su situaci\u00f3n. Estos son algunos escenarios en los que consultar con un abogado de compensaci\u00f3n de trabajadores puede ser beneficioso. En primer lugar, si su reclamaci\u00f3n ha sido denegada, es vital que busque ayuda legal. Un abogado experto en indemnizaci\u00f3n por accidente de trabajo puede ayudarle a entender las razones de la denegaci\u00f3n y guiarle a trav\u00e9s del proceso de apelaci\u00f3n. Tambi\u00e9n puede reunir la documentaci\u00f3n necesaria para respaldar su caso, aumentando sus posibilidades de recibir las prestaciones que merece. En segundo lugar, si no est\u00e1 seguro del alcance de sus prestaciones, un abogado puede aclararle a qu\u00e9 tiene derecho seg\u00fan la legislaci\u00f3n de Carolina del Norte. Las prestaciones de compensaci\u00f3n laboral pueden cubrir gastos m\u00e9dicos, salarios perdidos y pagos por incapacidad. Un abogado con experiencia en compensaci\u00f3n de trabajadores le ayudar\u00e1 a navegar por estas complejidades y asegurarse de que recibe una compensaci\u00f3n justa.<\/p>\n<h3>Un abogado puede defenderle<\/h3>\n<p>Adem\u00e1s, si su empleador o la compa\u00f1\u00eda de seguros le presiona para llegar a un acuerdo por menos de lo que se merece, contar con la ayuda de un abogado es crucial. Las compa\u00f1\u00edas de seguros a menudo tratan de minimizar los pagos en las reclamaciones por lesiones personales. Un abogado especializado en indemnizaciones por accidentes laborales defender\u00e1 sus derechos y luchar\u00e1 por conseguir la m\u00e1xima indemnizaci\u00f3n. Por \u00faltimo, si se trata de un caso complicado, como uno que implica a varias partes o lesiones graves, la representaci\u00f3n legal es a\u00fan m\u00e1s importante. Un abogado puede ayudarle a comprender sus opciones y a elaborar estrategias eficaces. En resumen, aunque no todos los casos requieren representaci\u00f3n legal, la contrataci\u00f3n de un abogado de compensaci\u00f3n de trabajadores de Charlotte puede proporcionar la experiencia y el apoyo necesarios para navegar su reclamo con \u00e9xito. Si usted se enfrenta a alguna de las situaciones mencionadas anteriormente, puede ser el momento de consultar con un abogado experto que se especializa en la ley de compensaci\u00f3n de los trabajadores.<\/p>\n<p><a href=\"https:\/\/bpcounsel.com\/wp-content\/uploads\/2024\/12\/charlotte-wc1-copy.webp\"><img fetchpriority=\"high\" decoding=\"async\" class=\"alignnone size-full wp-image-3120\" src=\"https:\/\/bpcounsel.com\/wp-content\/uploads\/2024\/12\/charlotte-wc1-copy.webp\" alt=\"Injured on the job and need a Charlotte Workers' Compensation Lawyer?\" width=\"500\" height=\"334\" srcset=\"https:\/\/bpcounsel.com\/wp-content\/uploads\/2024\/12\/charlotte-wc1-copy.webp 500w, https:\/\/bpcounsel.com\/wp-content\/uploads\/2024\/12\/charlotte-wc1-copy-300x200.webp 300w\" sizes=\"(max-width: 500px) 100vw, 500px\" \/><\/a><\/p>\n<h2>Navegando el Proceso de Compensaci\u00f3n de Trabajadores<\/h2>\n<p>El proceso de compensaci\u00f3n de los trabajadores en Carolina del Norte puede resultar abrumador, especialmente para aquellos que ya est\u00e1n lidiando con las secuelas de una lesi\u00f3n en el lugar de trabajo. Entender los pasos a seguir es crucial para asegurar los beneficios que usted merece. Guiamos a los trabajadores lesionados a trav\u00e9s de cada fase de este proceso. En primer lugar, debe comunicar su lesi\u00f3n a la empresa lo antes posible. No hacerlo puede poner en peligro su reclamaci\u00f3n. Despu\u00e9s de informar, su empleador debe proporcionarle los formularios necesarios para presentar una reclamaci\u00f3n de compensaci\u00f3n de trabajadores. Esta reclamaci\u00f3n debe presentarse a la Comisi\u00f3n Industrial de Carolina del Norte, que supervisa el sistema de compensaci\u00f3n de los trabajadores en Carolina del Norte.<\/p>\n<h3>Documentaci\u00f3n m\u00e9dica<\/h3>\n<p>A continuaci\u00f3n, tendr\u00e1 que presentar un historial m\u00e9dico que documente su lesi\u00f3n y la atenci\u00f3n m\u00e9dica que ha recibido. Estos registros son vitales para establecer una reclamaci\u00f3n v\u00e1lida de compensaci\u00f3n de trabajadores. Nuestro equipo puede ayudarle a reunir y organizar estos documentos, asegur\u00e1ndose de que todo se presenta correctamente y a tiempo. Una vez presentada su reclamaci\u00f3n, la compa\u00f1\u00eda de seguros la revisar\u00e1. Pueden solicitar informaci\u00f3n adicional o incluso cuestionar sus facturas m\u00e9dicas. Aqu\u00ed es donde contar con un abogado experto en indemnizaci\u00f3n por accidente laboral puede marcar una diferencia significativa. Abogaremos en su nombre, tratando con la compa\u00f1\u00eda de seguros y asegurando que sus derechos est\u00e9n protegidos.<\/p>\n<h3>Recibir prestaciones<\/h3>\n<p>Si se aprueba su solicitud, empezar\u00e1 a recibir las prestaciones, que pueden incluir la cobertura de los gastos de atenci\u00f3n m\u00e9dica, los salarios perdidos y las prestaciones por incapacidad. Sin embargo, si su solicitud es denegada, podemos ayudarle a recurrir la decisi\u00f3n. Navegar por el proceso de apelaci\u00f3n puede ser complejo, pero con nuestro apoyo, usted puede perseguir los beneficios a los que tiene derecho. El proceso de compensaci\u00f3n de trabajadores implica varios pasos clave: informar de su lesi\u00f3n, presentar una reclamaci\u00f3n, proporcionar documentaci\u00f3n m\u00e9dica y, potencialmente, apelar una reclamaci\u00f3n denegada. Con el apoyo legal adecuado, puede navegar por este proceso sin problemas y centrarse en su recuperaci\u00f3n. Estamos comprometidos a ayudarle en cada paso del camino.<\/p>\n<h2>Accidentes de trabajo comunes cubiertos por la Compensaci\u00f3n de Trabajadores<\/h2>\n<p><img decoding=\"async\" class=\"alignnone wp-image-3957 \" src=\"https:\/\/bpcounsel.com\/wp-content\/uploads\/2025\/01\/Panchenkc-Spanish-WorkersComp-copy.webp\" alt=\"\" width=\"418\" height=\"1045\" srcset=\"https:\/\/bpcounsel.com\/wp-content\/uploads\/2025\/01\/Panchenkc-Spanish-WorkersComp-copy.webp 800w, https:\/\/bpcounsel.com\/wp-content\/uploads\/2025\/01\/Panchenkc-Spanish-WorkersComp-copy-120x300.webp 120w, https:\/\/bpcounsel.com\/wp-content\/uploads\/2025\/01\/Panchenkc-Spanish-WorkersComp-copy-410x1024.webp 410w, https:\/\/bpcounsel.com\/wp-content\/uploads\/2025\/01\/Panchenkc-Spanish-WorkersComp-copy-768x1920.webp 768w, https:\/\/bpcounsel.com\/wp-content\/uploads\/2025\/01\/Panchenkc-Spanish-WorkersComp-copy-614x1536.webp 614w\" sizes=\"(max-width: 418px) 100vw, 418px\" \/><\/p>\n<p>Las lesiones en el lugar de trabajo pueden variar mucho, pero algunos tipos son m\u00e1s frecuentes y a menudo dan lugar a reclamaciones de prestaciones de compensaci\u00f3n de los trabajadores. Entender estas lesiones comunes puede ayudarle a reconocer sus derechos si se lesiona en el trabajo.<\/p>\n<h3>Tipos de lesiones laborales<\/h3>\n<ul>\n<li><strong>Accidentes por resbalones y ca\u00eddas<\/strong>: Estos incidentes figuran entre las lesiones m\u00e1s comunes en el lugar de trabajo. Pueden producirse por suelos mojados, superficies irregulares o pasillos desordenados. Las lesiones por resbalones y ca\u00eddas pueden ir desde contusiones leves a fracturas graves.<\/li>\n<li><strong>Lesiones por levantar objetos pesados<\/strong>: Muchos trabajadores sufren lesiones al levantar objetos pesados. Estas lesiones pueden incluir distensiones, esguinces o incluso afecciones m\u00e1s graves, como hernias discales. Unas t\u00e9cnicas y un equipo adecuados para levantar objetos pueden ayudar a reducir estos riesgos.<\/li>\n<li><strong>Accidentes de tr\u00e1fico<\/strong>: Los empleados que conducen como parte de su trabajo corren el riesgo de sufrir accidentes relacionados con veh\u00edculos. Tanto si se trata de un conductor de reparto como de un empleado que viaja por negocios, las lesiones sufridas en un accidente de tr\u00e1fico pueden dar lugar a importantes reclamaciones.<\/li>\n<li><strong>Lesiones relacionadas con maquinaria<\/strong>: Los trabajadores en la fabricaci\u00f3n y la construcci\u00f3n a menudo operan maquinaria pesada, que puede conducir a lesiones graves. Estas pueden incluir cortes, lesiones por aplastamiento o amputaciones si no se siguen los protocolos de seguridad.<\/li>\n<li><strong>Quemaduras<\/strong>: Los empleados de diversas industrias, como la alimentaria o la manufacturera, pueden correr el riesgo de sufrir quemaduras por superficies calientes, productos qu\u00edmicos o fuentes el\u00e9ctricas. Estas lesiones pueden ser dolorosas y requerir un tratamiento m\u00e9dico exhaustivo.<\/li>\n<li><strong>Lesiones por movimientos repetitivos<\/strong>: Estas lesiones se producen con el tiempo debido a tareas repetitivas, como mecanografiar o trabajar en cadenas de montaje. Afecciones como el s\u00edndrome del t\u00fanel carpiano y la tendinitis entran en esta categor\u00eda y pueden afectar gravemente a la capacidad laboral de un empleado.<\/li>\n<\/ul>\n<p>Reconocer estas lesiones comunes puede ayudarle a entender si usted puede ser elegible para recibir beneficios de compensaci\u00f3n laboral. Si usted ha sufrido una lesi\u00f3n relacionada con el trabajo, consultar con un abogado de compensaci\u00f3n de trabajadores de Charlotte puede proporcionar claridad sobre sus derechos y los pr\u00f3ximos pasos a seguir.<\/p>\n<h2>C\u00f3mo superar los retos en su reclamaci\u00f3n de indemnizaci\u00f3n por accidente laboral<\/h2>\n<p>Presentar una reclamaci\u00f3n de indemnizaci\u00f3n por accidente laboral puede presentar diversos obst\u00e1culos. Los trabajadores lesionados a menudo se enfrentan a obst\u00e1culos que pueden retrasar o incluso denegar sus reclamaciones. Entender estos retos es crucial para navegar por el proceso con eficacia. Uno de los problemas m\u00e1s comunes es la denegaci\u00f3n de la solicitud. Si su solicitud es rechazada, es esencial que revise las razones aducidas por la compa\u00f1\u00eda de seguros. Entre los motivos m\u00e1s comunes de denegaci\u00f3n se encuentran la insuficiencia de pruebas m\u00e9dicas, el incumplimiento de los plazos o la falta de notificaci\u00f3n r\u00e1pida de la lesi\u00f3n. Si le deniegan la solicitud, tiene opciones. Puede presentar un recurso ante la Comisi\u00f3n Industrial de Carolina del Norte. Este proceso le permite presentar pruebas adicionales o aclarar cualquier malentendido.<\/p>\n<h3>Tratar con las compa\u00f1\u00edas de seguros<\/h3>\n<p>Otro reto es tratar con las compa\u00f1\u00edas de seguros. Estas entidades a menudo dan prioridad a su cuenta de resultados sobre las necesidades de los trabajadores lesionados. Pueden intentar minimizar sus prestaciones o presionarle para que acepte una indemnizaci\u00f3n baja. Tener a su lado a un abogado con experiencia en indemnizaciones por accidentes de trabajo puede ayudarle a nivelar el terreno de juego. Su abogado puede negociar con la compa\u00f1\u00eda de seguros en su nombre, asegur\u00e1ndose de que usted reciba la compensaci\u00f3n m\u00e1xima que se merece.<\/p>\n<h3>Complicaciones de la Ley de Compensaci\u00f3n de Trabajadores<\/h3>\n<p>Adem\u00e1s, navegar por las complejidades de la ley de compensaci\u00f3n de trabajadores puede ser abrumador. Cada estado tiene regulaciones espec\u00edficas, y Carolina del Norte no es una excepci\u00f3n. La comprensi\u00f3n de estas leyes es vital para el \u00e9xito de su reclamo. Un abogado especializado en compensaci\u00f3n de trabajadores puede guiarle a trav\u00e9s del panorama legal, ayud\u00e1ndole a entender sus derechos y asegur\u00e1ndose de que sigue los procedimientos correctos. Aunque pueden surgir problemas en su reclamaci\u00f3n de indemnizaci\u00f3n por accidente laboral, no tiene por qu\u00e9 afrontarlos solo. Buscar apoyo legal puede proporcionarle la orientaci\u00f3n y la defensa necesarias para superar los obst\u00e1culos y obtener las prestaciones a las que tiene derecho.<\/p>\n<p><a href=\"https:\/\/bpcounsel.com\/wp-content\/uploads\/2024\/12\/charlotte-wc2-copy.webp\"><img decoding=\"async\" class=\"alignnone size-full wp-image-3119\" src=\"https:\/\/bpcounsel.com\/wp-content\/uploads\/2024\/12\/charlotte-wc2-copy.webp\" alt=\"Panchenko Law Firm is your trusted Charlotte Workers' Compensation Lawyers\" width=\"500\" height=\"334\" srcset=\"https:\/\/bpcounsel.com\/wp-content\/uploads\/2024\/12\/charlotte-wc2-copy.webp 500w, https:\/\/bpcounsel.com\/wp-content\/uploads\/2024\/12\/charlotte-wc2-copy-300x200.webp 300w\" sizes=\"(max-width: 500px) 100vw, 500px\" \/><\/a><\/p>\n<h2>C\u00f3mo Panchenko Law Firm apoya a los trabajadores lesionados<\/h2>\n<p>Las necesidades de los trabajadores lesionados son nuestra mayor prioridad. Nos especializamos en casos de lesiones personales y somos feroces defensores de nuestros clientes. Nuestro equipo dedicado entiende los desaf\u00edos que enfrenta despu\u00e9s de una lesi\u00f3n en el lugar de trabajo. Estamos aqu\u00ed para proporcionar apoyo integral en todo el proceso de compensaci\u00f3n de trabajadores.<\/p>\n<h3>Nuestro enfoque centrado en el cliente<\/h3>\n<p>Creemos que cada cliente merece una atenci\u00f3n personalizada. Desde el momento en que nos contacta, nos centramos en su situaci\u00f3n espec\u00edfica. Nuestros abogados se toman el tiempo para escuchar y entender sus circunstancias \u00fanicas. Le guiamos a trav\u00e9s de cada paso, asegur\u00e1ndonos de que est\u00e9 informado y capacitado. Este enfoque le ayuda a navegar las complejidades de su caso de compensaci\u00f3n de trabajadores con confianza.<\/p>\n<h3>Apoyo jur\u00eddico multiling\u00fce<\/h3>\n<p>Nuestro bufete reconoce la diversidad de la poblaci\u00f3n activa de Charlotte. Para servir mejor a nuestros clientes, ofrecemos apoyo multiling\u00fce. Ya sea que hable ruso, espa\u00f1ol u otro idioma, contamos con los recursos para comunicarnos eficazmente. Esto asegura que las barreras ling\u00fc\u00edsticas no obstaculicen su capacidad para buscar una compensaci\u00f3n justa por sus lesiones.<\/p>\n<h3>Si no gana, no paga: Nuestra base de honorarios condicionales<\/h3>\n<p>Trabajamos con honorarios condicionales. Esto significa que usted no nos paga nada a menos que obtengamos una indemnizaci\u00f3n para usted. Esta estructura le permite centrarse en su recuperaci\u00f3n sin el estr\u00e9s a\u00f1adido de los honorarios legales por adelantado. Refleja nuestro compromiso con su caso y nuestra confianza en el logro de resultados positivos para nuestros clientes. En resumen, Panchenko Law Firm se dedica a apoyar a los trabajadores lesionados en Charlotte. Nuestro enfoque personalizado, capacidades multiling\u00fces, y la pol\u00edtica de no-ganar-no-honorarios nos distinguen. Perm\u00edtanos ayudarle a obtener los beneficios de compensaci\u00f3n laboral que se merece.<\/p>\n<p><a href=\"https:\/\/bpcounsel.com\/wp-content\/uploads\/2024\/12\/charlotte-wc4-copy.webp\"><img loading=\"lazy\" decoding=\"async\" class=\"alignnone size-full wp-image-3121\" src=\"https:\/\/bpcounsel.com\/wp-content\/uploads\/2024\/12\/charlotte-wc4-copy.webp\" alt=\"Need help with your claim? Call our workers' compensation attorneys today\" width=\"500\" height=\"334\" srcset=\"https:\/\/bpcounsel.com\/wp-content\/uploads\/2024\/12\/charlotte-wc4-copy.webp 500w, https:\/\/bpcounsel.com\/wp-content\/uploads\/2024\/12\/charlotte-wc4-copy-300x200.webp 300w\" sizes=\"(max-width: 500px) 100vw, 500px\" \/><\/a><\/p>\n<h2>Preguntas frecuentes sobre la indemnizaci\u00f3n por accidente laboral<\/h2>\n<p>Al navegar por el sistema de compensaci\u00f3n de trabajadores, muchos trabajadores lesionados tienen preguntas. Entender sus derechos y el proceso puede tener un impacto significativo en su caso. Aqu\u00ed est\u00e1n algunas preguntas comunes que encontramos con respecto a la compensaci\u00f3n de trabajadores en Carolina del Norte.<\/p>\n<h3>\u00bfQu\u00e9 debo hacer despu\u00e9s de una lesi\u00f3n en el lugar de trabajo?<\/h3>\n<p>Si usted sufre una lesi\u00f3n relacionada con el trabajo, su primera prioridad debe ser buscar atenci\u00f3n m\u00e9dica. Aseg\u00farese de informar inmediatamente de la lesi\u00f3n a su supervisor. Documente el incidente y lleve un registro detallado de su tratamiento m\u00e9dico. Esta informaci\u00f3n ser\u00e1 vital para su reclamaci\u00f3n de indemnizaci\u00f3n por accidente laboral. Recuerde que es crucial informar a tiempo. Retrasar su informe puede complicar su reclamaci\u00f3n e incluso puede llevar a una denegaci\u00f3n.<\/p>\n<h3>\u00bfCu\u00e1nto dura el proceso de indemnizaci\u00f3n por accidente laboral?<\/h3>\n<p>La duraci\u00f3n del proceso de compensaci\u00f3n de trabajadores puede variar ampliamente. Factores como la complejidad de su caso, la gravedad de sus lesiones, y la capacidad de respuesta de la compa\u00f1\u00eda de seguros juegan un papel importante. Por lo general, una vez que usted presenta su reclamaci\u00f3n de compensaci\u00f3n de trabajadores, puede esperar una respuesta de la compa\u00f1\u00eda de seguros de compensaci\u00f3n de trabajadores dentro de los 14 d\u00edas. Sin embargo, si surgen disputas, el proceso puede llevar m\u00e1s tiempo. Contar con un abogado con experiencia en compensaci\u00f3n de trabajadores puede ayudar a acelerar el proceso y asegurar que sus derechos est\u00e9n protegidos durante todo el proceso. Estamos comprometidos a guiarle a trav\u00e9s de cada paso del proceso de compensaci\u00f3n de trabajadores. Si tiene m\u00e1s preguntas o necesita ayuda, p\u00f3ngase en contacto con nosotros de inmediato.<\/p>\n<p><img loading=\"lazy\" decoding=\"async\" class=\"alignnone wp-image-3185 size-full\" src=\"https:\/\/bpcounsel.com\/wp-content\/uploads\/2024\/12\/Panchenko_law_firm_sunlight.webp\" alt=\"Panchenko Law Firm | Charlotte Workers' Compensation Lawyers\" width=\"500\" height=\"333\" srcset=\"https:\/\/bpcounsel.com\/wp-content\/uploads\/2024\/12\/Panchenko_law_firm_sunlight.webp 500w, https:\/\/bpcounsel.com\/wp-content\/uploads\/2024\/12\/Panchenko_law_firm_sunlight-300x200.webp 300w\" sizes=\"(max-width: 500px) 100vw, 500px\" \/><\/p>\n<h2>P\u00f3ngase en contacto con Panchenko Law Firm hoy<\/h2>\n<p>Si usted ha experimentado una lesi\u00f3n en el lugar de trabajo o est\u00e1 lidiando con las secuelas de un incidente en el trabajo, es crucial buscar asistencia legal con prontitud. Aqu\u00ed, entendemos las complejidades del sistema de compensaci\u00f3n de trabajadores en Carolina del Norte. Nuestro experimentado equipo est\u00e1 listo para ayudarle a navegar el proceso y asegurar los beneficios que se merece. Llegar a nosotros es simple. Puede llamar a nuestra oficina o rellenar nuestro formulario de contacto en l\u00ednea. Ofrecemos una consulta gratuita para evaluar su caso y proporcionarle la informaci\u00f3n que necesita para tomar decisiones informadas. Durante esta reuni\u00f3n inicial, vamos a discutir los detalles de su situaci\u00f3n, describir sus opciones, y explicar c\u00f3mo podemos ayudarle en la b\u00fasqueda de una reclamaci\u00f3n de compensaci\u00f3n de trabajadores v\u00e1lida. Nuestra firma sirve Charlotte y las \u00e1reas circundantes, incluyendo Monroe, Pineville, Mint Hill, Stallings, y Matthews. Estamos dedicados a apoyar a los trabajadores lesionados en toda la regi\u00f3n. No deje que el estr\u00e9s de una lesi\u00f3n en el lugar de trabajo le abrume. P\u00f3ngase en contacto con Panchenko Law Firm hoy, y perm\u00edtanos ayudarle a dar el primer paso para recibir la compensaci\u00f3n que le corresponde.<\/p>\n","protected":false},"excerpt":{"rendered":"<p>\u00bfPor qu\u00e9 elegir Panchenko Law Firm para su caso de compensaci\u00f3n de trabajadores? La elecci\u00f3n del abogado de compensaci\u00f3n de trabajadores de Charlotte derecho legal para su caso es crucial. En Panchenko Law Firm, entendemos los desaf\u00edos que enfrentan los trabajadores lesionados en Charlotte y m\u00e1s all\u00e1. Nuestro experimentado equipo se dedica a proporcionar apoyo [&hellip;]<\/p>\n","protected":false},"author":45,"featured_media":0,"parent":3663,"menu_order":0,"comment_status":"closed","ping_status":"closed","template":"","meta":{"_acf_changed":false,"anchor_text":"","footnotes":""},"class_list":["post-3696","page","type-page","status-publish","hentry"],"acf":[],"_links":{"self":[{"href":"https:\/\/bpcounsel.com\/es\/wp-json\/wp\/v2\/pages\/3696","targetHints":{"allow":["GET"]}}],"collection":[{"href":"https:\/\/bpcounsel.com\/es\/wp-json\/wp\/v2\/pages"}],"about":[{"href":"https:\/\/bpcounsel.com\/es\/wp-json\/wp\/v2\/types\/page"}],"author":[{"embeddable":true,"href":"https:\/\/bpcounsel.com\/es\/wp-json\/wp\/v2\/users\/45"}],"replies":[{"embeddable":true,"href":"https:\/\/bpcounsel.com\/es\/wp-json\/wp\/v2\/comments?post=3696"}],"version-history":[{"count":4,"href":"https:\/\/bpcounsel.com\/es\/wp-json\/wp\/v2\/pages\/3696\/revisions"}],"predecessor-version":[{"id":3960,"href":"https:\/\/bpcounsel.com\/es\/wp-json\/wp\/v2\/pages\/3696\/revisions\/3960"}],"up":[{"embeddable":true,"href":"https:\/\/bpcounsel.com\/es\/wp-json\/wp\/v2\/pages\/3663"}],"wp:attachment":[{"href":"https:\/\/bpcounsel.com\/es\/wp-json\/wp\/v2\/media?parent=3696"}],"curies":[{"name":"wp","href":"https:\/\/api.w.org\/{rel}","templated":true}]}}