{"id":3684,"date":"2024-12-13T15:35:29","date_gmt":"2024-12-13T20:35:29","guid":{"rendered":"https:\/\/bpcounsel.com\/charlotte\/charlotte-abogado-de-responsabilidad-de-locales\/"},"modified":"2026-01-20T09:59:50","modified_gmt":"2026-01-20T14:59:50","slug":"charlotte-abogado-de-responsabilidad-de-locales","status":"publish","type":"page","link":"https:\/\/bpcounsel.com\/es\/charlotte\/charlotte-abogado-de-responsabilidad-de-locales\/","title":{"rendered":"Charlotte Abogado de Responsabilidad de Locales"},"content":{"rendered":"<h2>Entendiendo la Responsabilidad de Premisas en Carolina del Norte<\/h2>\n<p>La responsabilidad de las premisas se refiere a la responsabilidad legal de los due\u00f1os de propiedades de mantener condiciones seguras en sus premisas. Bajo la ley de Carolina del Norte, se espera que los due\u00f1os de propiedades aseguren que sus propiedades est\u00e9n libres de condiciones peligrosas que puedan causar lesiones. Esto incluye viviendas residenciales, establecimientos comerciales y espacios p\u00fablicos. Los propietarios pueden ser considerados responsables de las lesiones sufridas por los visitantes o inquilinos si no cumplen con este deber. En Carolina del Norte, la ley de responsabilidad de las instalaciones se basa en la idea de que las personas tienen derecho a instalaciones razonablemente seguras, mientras que en la propiedad de otra persona.<\/p>\n<p><img fetchpriority=\"high\" decoding=\"async\" class=\"alignnone wp-image-2998 size-full\" src=\"https:\/\/bpcounsel.com\/wp-content\/uploads\/2024\/12\/premises-injury.webp\" alt=\"A man is lying on the ground after a slip-and-fall accident due to negligence\" width=\"500\" height=\"332\" srcset=\"https:\/\/bpcounsel.com\/wp-content\/uploads\/2024\/12\/premises-injury.webp 500w, https:\/\/bpcounsel.com\/wp-content\/uploads\/2024\/12\/premises-injury-300x199.webp 300w\" sizes=\"(max-width: 500px) 100vw, 500px\" \/><\/p>\n<h3>C\u00f3mo saber si tiene una reclamaci\u00f3n por responsabilidad de las instalaciones<\/h3>\n<p>Es posible que tenga una reclamaci\u00f3n v\u00e1lida por responsabilidad de las instalaciones si sufre lesiones debido a una condici\u00f3n peligrosa, como suelos en mal estado, seguridad inadecuada o sustancias peligrosas. Es esencial demostrar que el propietario del local conoc\u00eda el peligro o deber\u00eda haberlo conocido razonablemente y no tom\u00f3 las medidas adecuadas para solucionarlo. Comprender los matices de la responsabilidad de los locales puede ser complejo. Los diferentes tipos de visitantes, como los invitados, los titulares de licencias y los intrusos, tienen diferentes niveles de protecci\u00f3n en virtud de la ley. Un abogado con experiencia en responsabilidad de las premisas puede ayudarle a navegar estas distinciones y construir un caso fuerte para buscar compensaci\u00f3n por sus lesiones. Si usted cree que ha sido lesionado debido a la negligencia de un propietario, es crucial consultar con un abogado experto que pueda guiarle a trav\u00e9s del proceso legal y defender sus derechos.<\/p>\n<h2>Por qu\u00e9 necesita un abogado de responsabilidad de locales en Charlotte<\/h2>\n<p>Entender sus derechos es crucial cuando usted sufre lesiones en la propiedad de otra persona. Un abogado de responsabilidad de las premisas de Charlotte es fundamental para ayudarle a navegar por el panorama jur\u00eddico. Estos abogados se especializan en probar negligencia y asegurar que los due\u00f1os de propiedades sean responsables por condiciones inseguras. Probar la negligencia en un caso de responsabilidad de las instalaciones requiere algo m\u00e1s que demostrar que se produjo un accidente. Tendr\u00e1 que demostrar que el propietario no mantuvo un entorno razonablemente seguro. Esto podr\u00eda implicar demostrar que el propietario sab\u00eda de una condici\u00f3n peligrosa, como pisos mal mantenidos o seguridad inadecuada, y no hizo nada para remediarlo. Un abogado con experiencia en responsabilidad de las instalaciones puede reunir pruebas, incluidas declaraciones de testigos y opiniones de expertos, para reforzar su caso. Adem\u00e1s, buscar asesoramiento jur\u00eddico r\u00e1pidamente puede marcar una diferencia significativa en el resultado de su reclamaci\u00f3n. Las compa\u00f1\u00edas de seguros a menudo intentan minimizar los pagos. Sin una representaci\u00f3n adecuada, es posible que se conforme con menos de lo que merece. Un abogado experto defender\u00e1 sus derechos y trabajar\u00e1 diligentemente para obtener una indemnizaci\u00f3n completa y justa por sus lesiones.<\/p>\n<p><img decoding=\"async\" class=\"alignnone wp-image-2980 size-full\" src=\"https:\/\/bpcounsel.com\/wp-content\/uploads\/2024\/12\/lawyers-discuss-law-stuff.webp\" alt=\"Premises liability lawyers research how to secure the maximum compensation for their client\" width=\"500\" height=\"333\" srcset=\"https:\/\/bpcounsel.com\/wp-content\/uploads\/2024\/12\/lawyers-discuss-law-stuff.webp 500w, https:\/\/bpcounsel.com\/wp-content\/uploads\/2024\/12\/lawyers-discuss-law-stuff-300x200.webp 300w\" sizes=\"(max-width: 500px) 100vw, 500px\" \/><\/p>\n<h3>No ceda sus derechos a un propietario<\/h3>\n<p>En Carolina del Norte, las leyes de responsabilidad de las premisas pueden ser complejas, particularmente con las reglas de negligencia contribuyente del estado. Si usted es encontrado culpable, aunque sea parcialmente, de su accidente, usted podr\u00eda ser excluido de recuperar cualquier da\u00f1o. Un abogado experto le ayudar\u00e1 a entender estas leyes y c\u00f3mo se aplican a su situaci\u00f3n. La contrataci\u00f3n de un abogado de responsabilidad de las premisas de Charlotte es esencial para navegar con eficacia las complejidades de su caso. Ellos pueden ayudar a probar la negligencia, proteger sus derechos y maximizar la recuperaci\u00f3n financiera. No dude en solicitar asistencia legal si ha sufrido lesiones en la propiedad de otra persona.<\/p>\n<h2>Panchenko Law Firm: Sus Abogados de Confianza en Charlotte en Responsabilidad de Premisas<\/h2>\n<p>En Panchenko Law Firm, nos enorgullecemos de nuestro enfoque centrado en el cliente. Entendemos que cada caso es \u00fanico y requiere atenci\u00f3n personalizada. Nuestro equipo de abogados con experiencia en responsabilidad de las premisas en Charlotte se dedica a proporcionar apoyo jur\u00eddico a medida para cada cliente. Escuchamos sus preocupaciones y trabajamos diligentemente para atender sus necesidades espec\u00edficas. Nuestro compromiso es guiarlo a trav\u00e9s del proceso legal mientras nos aseguramos de que se sienta apoyado en cada paso del camino. Adem\u00e1s, ofrecemos asistencia jur\u00eddica multiling\u00fce. Nuestro personal habla varios idiomas, incluyendo ruso, ucraniano y espa\u00f1ol. Esta capacidad nos permite comunicarnos eficazmente con una clientela diversa. Creemos que una comunicaci\u00f3n clara es esencial para establecer la confianza y comprender mejor su situaci\u00f3n. Si usted est\u00e1 tratando con un accidente de resbal\u00f3n y ca\u00edda o un caso m\u00e1s complejo de responsabilidad de las premisas, nuestros abogados est\u00e1n aqu\u00ed para ayudarle a navegar los desaf\u00edos que se avecinan. La elecci\u00f3n de la representaci\u00f3n legal adecuada es crucial. Con Panchenko Law Firm, usted gana un equipo de profesionales dedicados que son celosos defensores de sus derechos. Estamos comprometidos a luchar por la compensaci\u00f3n que se merece al tiempo que garantiza que se sienta informado y capacitado a trav\u00e9s del proceso. Perm\u00edtanos ayudarle a buscar justicia y recuperarse de su accidente de responsabilidad de locales.<\/p>\n<h2>C\u00f3mo le ayudamos a recuperar la compensaci\u00f3n<\/h2>\n<p><img decoding=\"async\" class=\"alignnone wp-image-3950 \" src=\"https:\/\/bpcounsel.com\/wp-content\/uploads\/2025\/01\/localeswebp.webp\" alt=\"compensacion por responsibilidad de locales\" width=\"570\" height=\"659\" srcset=\"https:\/\/bpcounsel.com\/wp-content\/uploads\/2025\/01\/localeswebp.webp 800w, https:\/\/bpcounsel.com\/wp-content\/uploads\/2025\/01\/localeswebp-259x300.webp 259w, https:\/\/bpcounsel.com\/wp-content\/uploads\/2025\/01\/localeswebp-768x888.webp 768w\" sizes=\"(max-width: 570px) 100vw, 570px\" \/><\/p>\n<p>En Panchenko Law Firm, nuestros abogados de responsabilidad de locales en Charlotte est\u00e1n comprometidos a ayudarle a recuperar la compensaci\u00f3n total que se merece despu\u00e9s de un accidente. Entendemos que cada caso es \u00fanico y adaptamos nuestro enfoque para satisfacer sus necesidades. A continuaci\u00f3n le explicamos c\u00f3mo le ayudamos en el proceso de recuperaci\u00f3n.<\/p>\n<h3>Tipos de da\u00f1os que puede reclamar<\/h3>\n<p>Usted puede tener derecho a varios da\u00f1os al perseguir un caso de responsabilidad de las premisas. Estos pueden incluir:<\/p>\n<ul>\n<li><strong>Gastos M\u00e9dicos<\/strong>: Esto cubre todos los costos de su tratamiento, incluyendo facturas de hospital, medicamentos y rehabilitaci\u00f3n.<\/li>\n<li><strong>Salarios perdidos<\/strong>: Si sus lesiones le impiden trabajar, puede reclamar una indemnizaci\u00f3n por los ingresos perdidos durante la recuperaci\u00f3n.<\/li>\n<li><strong>Dolor y sufrimiento<\/strong>: Cubre el dolor f\u00edsico y la angustia emocional causados por las lesiones.<\/li>\n<li><strong>Da\u00f1os materiales<\/strong>: Si sus bienes personales resultaron da\u00f1ados en el incidente, puede solicitar una indemnizaci\u00f3n por reparaciones o sustituciones.<\/li>\n<\/ul>\n<p>Nuestro equipo evaluar\u00e1 a fondo su situaci\u00f3n para identificar todos los da\u00f1os potenciales. Trabajaremos diligentemente para recopilar pruebas que respalden sus reclamaciones y demuestren el alcance de sus p\u00e9rdidas.<\/p>\n<h3>Navegando las Leyes de Negligencia Contribuyente de Carolina del Norte<\/h3>\n<p>Carolina del Norte sigue una regla estricta de negligencia contributiva. Esto significa que usted necesita tener un abogado con experiencia en responsabilidad de las premisas de su lado para que no se encuentre que es incluso parcialmente culpable de su accidente. Nuestros abogados investigar\u00e1n las circunstancias que rodean su caso. Reuniremos pruebas, como declaraciones de testigos e informes de incidentes, para establecer la responsabilidad. Tratamos de demostrar que la negligencia del due\u00f1o de la propiedad caus\u00f3 directamente sus lesiones, lo que le permite recuperar la compensaci\u00f3n que se merece. Con nuestra experiencia, usted puede sentirse seguro de que estamos trabajando incansablemente para proteger sus derechos y abogar por sus mejores intereses. P\u00f3ngase en contacto con nosotros hoy para discutir su caso y aprender c\u00f3mo podemos ayudarle en su b\u00fasqueda de la justicia.<\/p>\n<h2>Nuestro historial probado en casos de responsabilidad de locales<\/h2>\n<p>En Panchenko Law Firm, nos enorgullecemos de nuestro exitoso historial en el manejo de casos de responsabilidad de locales y lesiones personales. Nuestro experimentado equipo de abogados especializados en responsabilidad civil de locales en Charlotte ha logrado importantes acuerdos y veredictos para clientes que han sufrido lesiones debido a la negligencia del propietario. Entendemos las complejidades de las leyes de responsabilidad de locales en Carolina del Norte y estamos comprometidos a luchar por los derechos de las personas lesionadas.<\/p>\n<h2>Tomar medidas legales r\u00e1pidas: Proteja sus derechos<\/h2>\n<p>En Carolina del Norte, el tiempo es esencial cuando se trata de reclamaciones de responsabilidad de locales. El plazo de prescripci\u00f3n para presentar una reclamaci\u00f3n de este tipo suele ser de tres a\u00f1os a partir del accidente. Esto significa que si usted espera demasiado tiempo para tomar medidas, corre el riesgo de perder su derecho a solicitar una indemnizaci\u00f3n por sus lesiones. Comprender este plazo es crucial. Debe actuar con rapidez para proteger sus derechos y asegurarse de que tiene la mejor oportunidad de obtener una indemnizaci\u00f3n por da\u00f1os y perjuicios. Tras un accidente, debe reunir pruebas lo antes posible. Esto puede incluir fotograf\u00edas de la escena, declaraciones de testigos y cualquier documentaci\u00f3n relevante relacionada con el incidente. Cuanto antes comience este proceso, m\u00e1s probabilidades tendr\u00e1 de construir un caso s\u00f3lido. Los retrasos pueden conducir a la p\u00e9rdida de pruebas y debilitar las reclamaciones. Adem\u00e1s, ponerse en contacto con un abogado de responsabilidad de las premisas Charlotte puede proporcionar orientaci\u00f3n legal para navegar su caso de manera efectiva. Un abogado con experiencia puede ayudarle a entender sus opciones, evaluar la solidez de su reclamaci\u00f3n y asegurarse de que toda la documentaci\u00f3n necesaria se presenta a tiempo. Este enfoque proactivo puede marcar una diferencia significativa en el resultado de su caso. Recuerde que debe demostrarse la negligencia del propietario para obtener una indemnizaci\u00f3n. Esto suele requerir una investigaci\u00f3n exhaustiva y conocimientos jur\u00eddicos. Si act\u00faa con rapidez, estar\u00e1 protegiendo sus derechos y sentando las bases para que su demanda prospere. No espere; p\u00f3ngase en contacto hoy mismo con un abogado cualificado especializado en responsabilidad civil de las instalaciones para analizar su situaci\u00f3n y explorar sus opciones para obtener una indemnizaci\u00f3n.<\/p>\n<p><a href=\"https:\/\/bpcounsel.com\/wp-content\/uploads\/2026\/01\/premises-acc-v2.webp\"><img loading=\"lazy\" decoding=\"async\" class=\"alignnone wp-image-8201 size-full\" src=\"https:\/\/bpcounsel.com\/wp-content\/uploads\/2026\/01\/premises-acc-v2.webp\" alt=\"Premises Liability Lawyers in Charlotte NC\" width=\"600\" height=\"400\" srcset=\"https:\/\/bpcounsel.com\/wp-content\/uploads\/2026\/01\/premises-acc-v2.webp 600w, https:\/\/bpcounsel.com\/wp-content\/uploads\/2026\/01\/premises-acc-v2-300x200.webp 300w\" sizes=\"(max-width: 600px) 100vw, 600px\" \/><\/a><\/p>\n<h2>Programe su consulta gratuita hoy<\/h2>\n<p>Cuando se comunique con Panchenko Law Firm para una consulta gratuita, damos prioridad a sus necesidades y preocupaciones. Entendemos que cada caso de responsabilidad de las premisas es \u00fanico, y estamos aqu\u00ed para escuchar su historia. Durante esta reuni\u00f3n inicial, usted puede esperar una discusi\u00f3n a fondo sobre los detalles de su accidente y las lesiones que sufri\u00f3. Nuestros experimentados abogados de responsabilidad de locales evaluar\u00e1n su caso y le explicar\u00e1n sus opciones legales. Tambi\u00e9n tendr\u00e1 la oportunidad de hacer cualquier pregunta que pueda tener. Nuestro objetivo es aclarar las leyes de responsabilidad de las premisas en Carolina del Norte y c\u00f3mo se aplican a su situaci\u00f3n. Nuestros abogados esbozar\u00e1n los da\u00f1os potenciales a los que puede tener derecho y discutir\u00e1n los pasos que podemos tomar para ayudarle a recuperar la compensaci\u00f3n. Esta consulta es totalmente gratuita y no conlleva ninguna obligaci\u00f3n. Queremos que se sienta c\u00f3modo e informado mientras navega por este proceso. Nuestro equipo est\u00e1 dedicado a proporcionarle el apoyo que necesita durante este tiempo dif\u00edcil. Programe su consulta gratuita hoy, y perm\u00edtanos ayudarle a dar el primer paso hacia la obtenci\u00f3n de sus derechos y la b\u00fasqueda de la justicia.<\/p>\n","protected":false},"excerpt":{"rendered":"<p>Entendiendo la Responsabilidad de Premisas en Carolina del Norte La responsabilidad de las premisas se refiere a la responsabilidad legal de los due\u00f1os de propiedades de mantener condiciones seguras en sus premisas. Bajo la ley de Carolina del Norte, se espera que los due\u00f1os de propiedades aseguren que sus propiedades est\u00e9n libres de condiciones peligrosas [&hellip;]<\/p>\n","protected":false},"author":45,"featured_media":0,"parent":3663,"menu_order":0,"comment_status":"closed","ping_status":"closed","template":"","meta":{"_acf_changed":false,"anchor_text":"","footnotes":""},"class_list":["post-3684","page","type-page","status-publish","hentry"],"acf":[],"_links":{"self":[{"href":"https:\/\/bpcounsel.com\/es\/wp-json\/wp\/v2\/pages\/3684","targetHints":{"allow":["GET"]}}],"collection":[{"href":"https:\/\/bpcounsel.com\/es\/wp-json\/wp\/v2\/pages"}],"about":[{"href":"https:\/\/bpcounsel.com\/es\/wp-json\/wp\/v2\/types\/page"}],"author":[{"embeddable":true,"href":"https:\/\/bpcounsel.com\/es\/wp-json\/wp\/v2\/users\/45"}],"replies":[{"embeddable":true,"href":"https:\/\/bpcounsel.com\/es\/wp-json\/wp\/v2\/comments?post=3684"}],"version-history":[{"count":4,"href":"https:\/\/bpcounsel.com\/es\/wp-json\/wp\/v2\/pages\/3684\/revisions"}],"predecessor-version":[{"id":8204,"href":"https:\/\/bpcounsel.com\/es\/wp-json\/wp\/v2\/pages\/3684\/revisions\/8204"}],"up":[{"embeddable":true,"href":"https:\/\/bpcounsel.com\/es\/wp-json\/wp\/v2\/pages\/3663"}],"wp:attachment":[{"href":"https:\/\/bpcounsel.com\/es\/wp-json\/wp\/v2\/media?parent=3684"}],"curies":[{"name":"wp","href":"https:\/\/api.w.org\/{rel}","templated":true}]}}