{"id":3681,"date":"2025-08-08T09:35:22","date_gmt":"2025-08-08T14:35:22","guid":{"rendered":"https:\/\/bpcounsel.com\/charlotte\/abogado-de-lesiones-personales-en-charlotte\/"},"modified":"2026-01-20T09:57:37","modified_gmt":"2026-01-20T14:57:37","slug":"abogado-de-lesiones-personales-en-charlotte","status":"publish","type":"page","link":"https:\/\/bpcounsel.com\/es\/charlotte\/abogado-de-lesiones-personales-en-charlotte\/","title":{"rendered":"Abogado de lesiones personales en Charlotte"},"content":{"rendered":"<h2>Entendiendo la Ley de Lesiones Personales en Charlotte<\/h2>\n<p>La ley de lesiones personales en Charlotte abarca una serie de principios legales dise\u00f1ados para proteger a las personas que han sufrido una lesi\u00f3n causada por la negligencia de otra persona. Esta \u00e1rea de la ley tiene como objetivo proporcionar a las partes lesionadas la oportunidad de buscar una compensaci\u00f3n adecuada por sus p\u00e9rdidas, incluyendo gastos m\u00e9dicos, p\u00e9rdida de ingresos y angustia emocional. En Panchenko Law Firm, nuestros abogados de lesiones personales en Charlotte est\u00e1n comprometidos a ayudar a los clientes a entender sus derechos y opciones bajo la ley de lesiones personales. Nuestro experimentado equipo de abogados est\u00e1 aqu\u00ed para proporcionarle la asistencia legal que necesita para recuperar la compensaci\u00f3n y seguir adelante con su vida. Si usted est\u00e1 tratando con un accidente de conducir ebrio, un resbal\u00f3n y ca\u00edda, o cualquier otro tipo de caso de lesiones personales, estamos aqu\u00ed para abogar por sus mejores intereses. En Carolina del Norte, los casos de lesiones personales se basan en el concepto de negligencia. Para establecer una reclamaci\u00f3n v\u00e1lida, una parte lesionada debe demostrar que la parte responsable no actu\u00f3 con cuidado razonable, lo que condujo a la lesi\u00f3n. Esto puede implicar varios escenarios, desde accidentes de coche y motocicleta hasta incidentes de resbalones y ca\u00eddas. La comprensi\u00f3n de los matices de la ley de lesiones personales es crucial para cualquier persona que navega por las secuelas de un accidente. En Charlotte, el proceso legal puede ser intrincado. Factores tales como la presencia de lesiones graves, las circunstancias que rodearon el incidente, y las acciones de todas las partes involucradas juegan un papel importante en la determinaci\u00f3n del resultado de una demanda por lesiones personales. La contrataci\u00f3n de un abogado con experiencia en lesiones personales puede ayudar a aclarar estas complejidades y guiarle a trav\u00e9s del sistema legal de manera eficaz.<\/p>\n<p><img fetchpriority=\"high\" decoding=\"async\" class=\"alignnone wp-image-2979 size-full\" src=\"https:\/\/bpcounsel.com\/wp-content\/uploads\/2024\/12\/lawyer-reads-through-law-books.webp\" alt=\"an experienced personal injury lawyer studies through case books\" width=\"500\" height=\"333\" srcset=\"https:\/\/bpcounsel.com\/wp-content\/uploads\/2024\/12\/lawyer-reads-through-law-books.webp 500w, https:\/\/bpcounsel.com\/wp-content\/uploads\/2024\/12\/lawyer-reads-through-law-books-300x200.webp 300w\" sizes=\"(max-width: 500px) 100vw, 500px\" \/><\/p>\n<h2>\u00bfPor qu\u00e9 elegir Panchenko Law Firm?<\/h2>\n<p>Cuando usted necesita un abogado de lesiones personales en Charlotte, la selecci\u00f3n de la representaci\u00f3n legal adecuada es crucial. Nos enorgullecemos de nuestro enfoque centrado en el cliente, que est\u00e1 dise\u00f1ado para poner sus necesidades en primer lugar. Entendemos que los casos de lesiones personales pueden ser abrumadoras. Es por eso que nos centramos en proporcionar una orientaci\u00f3n clara y apoyo a lo largo de todo el proceso legal. Nuestros resultados probados hablan por s\u00ed mismos. Tenemos un s\u00f3lido historial de representaci\u00f3n de las v\u00edctimas, y ayudarles a asegurar una compensaci\u00f3n justa por sus lesiones. Conocemos los entresijos de la ley de lesiones personales, y estamos comprometidos a luchar por sus derechos contra las compa\u00f1\u00edas de seguros y las partes negligentes. Adem\u00e1s, nuestro bufete ofrece asistencia jur\u00eddica multiling\u00fce. Tanto si habla ingl\u00e9s, ruso, ucraniano o espa\u00f1ol, podemos comunicarnos eficazmente con usted. As\u00ed nos aseguramos de que comprenda perfectamente sus opciones y los pasos que damos en su nombre. Una de las ventajas m\u00e1s significativas de trabajar con nosotros es nuestra pol\u00edtica de \u00abno ganar, no cobrar\u00bb. Trabajamos con honorarios condicionales, lo que significa que usted no paga a menos que ganemos su caso. Este enfoque le permite seguir su demanda por lesiones personales sin la carga de los honorarios legales por adelantado. La elecci\u00f3n de Panchenko Law Firm significa elegir un equipo que da prioridad a sus mejores intereses. Estamos dedicados a asegurar la compensaci\u00f3n que se merece y hacer que el proceso legal lo m\u00e1s suave posible. Perm\u00edtanos ser sus defensores en estos momentos dif\u00edciles.<\/p>\n<h2>Nuestros experimentados abogados de lesiones personales<\/h2>\n<p>En Panchenko Law Firm, nuestro equipo de abogados expertos en lesiones personales se dedica a representar a los clientes con la m\u00e1xima profesionalidad y cuidado. Cada abogado aporta una riqueza de experiencia y un compromiso para lograr los mejores resultados posibles para nuestros clientes.<\/p>\n<p>Juntos, nuestros abogados trabajan en colaboraci\u00f3n para proporcionar asistencia jur\u00eddica integral. Nos enorgullecemos de nuestro enfoque centrado en el cliente, siempre dando prioridad a las necesidades y los mejores intereses de aquellos a quienes representamos. Cuando usted elige Panchenko Law Firm, usted gana un equipo de abogados con experiencia en lesiones personales comprometidos con la defensa de sus derechos y ayudarle a recuperar la compensaci\u00f3n que se merece.<\/p>\n<h2>Servicios legales completos ofrecidos<\/h2>\n<p><img decoding=\"async\" class=\"alignnone wp-image-3946 \" src=\"https:\/\/bpcounsel.com\/wp-content\/uploads\/2025\/01\/LegalServicesSpanish.webp\" alt=\"servicios legales integrales\" width=\"541\" height=\"598\" srcset=\"https:\/\/bpcounsel.com\/wp-content\/uploads\/2025\/01\/LegalServicesSpanish.webp 800w, https:\/\/bpcounsel.com\/wp-content\/uploads\/2025\/01\/LegalServicesSpanish-271x300.webp 271w, https:\/\/bpcounsel.com\/wp-content\/uploads\/2025\/01\/LegalServicesSpanish-768x849.webp 768w\" sizes=\"(max-width: 541px) 100vw, 541px\" \/><\/p>\n<p>Ofrecemos una amplia gama de servicios legales adaptados para satisfacer las necesidades de nuestros clientes en Charlotte y sus alrededores. Nuestra atenci\u00f3n se centra en la ley de lesiones personales, y estamos comprometidos a ayudarle a navegar por el panorama jur\u00eddico con claridad y confianza.<\/p>\n<h3>Ley de Accidentes de Coche: Navegando las complejidades<\/h3>\n<p>Los accidentes automovil\u00edsticos pueden ser abrumadores, dejando a las v\u00edctimas con lesiones graves y cargas financieras. Nuestros experimentados abogados de accidentes automovil\u00edsticos en Charlotte entienden las complejidades de las reclamaciones por accidentes automovil\u00edsticos. Los abogados de accidentes automovil\u00edsticos pueden reunir pruebas, negociar con las compa\u00f1\u00edas de seguros y defender ferozmente sus derechos. Si usted ha sufrido de un conductor negligente, un conductor ebrio, o un motociclista, estamos aqu\u00ed para ayudarle a buscar la compensaci\u00f3n que se merece.<\/p>\n<h3>Ley de Accidentes de Bicicleta: Conozca sus derechos iguales<\/h3>\n<p>Los ciclistas tienen los mismos derechos que los conductores. Las bicicletas tienen que ser montados en la carretera junto a los veh\u00edculos de motor, por lo que es fundamental para que usted sepa sus derechos en comparaci\u00f3n con los conductores. Nuestro experimentado equipo puede ayudarle a navegar por las complejidades de este complicado aspecto de la ley de lesiones personales.<\/p>\n<h3>Accidentes por resbalones y ca\u00eddas: C\u00f3mo obtener una indemnizaci\u00f3n justa<\/h3>\n<p>Los accidentes por resbalones y ca\u00eddas pueden ocurrir en cualquier lugar, desde tiendas de comestibles hasta propiedades privadas. Si usted ha sido lesionado debido a la negligencia de otra persona, nuestro equipo est\u00e1 preparado para ayudarle. Vamos a investigar las circunstancias que rodearon su accidente, establecer la responsabilidad, y trabajar con diligencia para asegurar una compensaci\u00f3n justa para su tratamiento m\u00e9dico, salarios perdidos, y el dolor y el sufrimiento.<\/p>\n<h3>Accidentes de Peatones: No deje que los conductores le intimiden<\/h3>\n<p>Si usted ha estado involucrado en un accidente como peat\u00f3n, usted podr\u00eda estar enfrentando graves gastos m\u00e9dicos y un largo tiempo de recuperaci\u00f3n. Perm\u00edtanos abogar en su nombre para obtener la compensaci\u00f3n que se le debe. Estamos dedicados a conseguir a nuestros clientes los da\u00f1os compensatorios que se merecen, y ayudar a suavizar su proceso de recuperaci\u00f3n.<\/p>\n<h3>Ley de Accidentes de Camiones: Responsabilizar a las partes<\/h3>\n<p>Los accidentes de camiones a menudo implican m\u00faltiples partes y regulaciones complejas. Nuestro equipo legal se especializa en casos de accidentes de camiones, asegur\u00e1ndose de que todas las partes responsables, incluidas las empresas de transporte por carretera y los conductores de camiones negligentes, son responsables. Analizamos meticulosamente los detalles de cada caso para construir una demanda s\u00f3lida que apoye su b\u00fasqueda de apoyo financiero y recuperaci\u00f3n.<\/p>\n<h3>Accidentes de moto: Compartir la carretera<\/h3>\n<p>S\u00f3lo porque una motocicleta es m\u00e1s peque\u00f1o que un coche, eso no significa que los pilotos tienen menos derechos. Si usted ha estado involucrado en un accidente de motocicleta, p\u00f3ngase en contacto con nosotros para concertar una consulta legal gratuita para que podamos discutir su caso. Usted puede tener derecho a da\u00f1os y perjuicios debido a la negligencia de otra persona.<\/p>\n<h3>Reclamaciones por homicidio culposo: Buscando justicia para sus seres queridos<\/h3>\n<p>Perder a un ser querido o a un familiar debido a lesiones fatales por la negligencia de otra persona es devastador. Nuestros abogados compasivos se dedican a ayudar a las familias a navegar el proceso de reclamaci\u00f3n por muerte injusta. Entendemos la carga emocional que esto puede tener y trabajaremos incansablemente para asegurar que usted reciba la justicia y la compensaci\u00f3n necesaria para honrar la memoria de su ser querido.<\/p>\n<h3>Compensaci\u00f3n de Trabajadores: Obtenga lo que se le debe<\/h3>\n<p>Las leyes de compensaci\u00f3n de trabajadores son complicadas, y es mejor no tratar de descifrarlas solo. Perm\u00edtanos ayudarle con nuestro experimentado equipo de abogados de compensaci\u00f3n de trabajadores. Podemos abogar en su nombre con su empleador, ayud\u00e1ndole a asegurar el dinero que le corresponde en caso de una lesi\u00f3n o enfermedad relacionada con el trabajo. Estamos comprometidos a proporcionar servicios legales integrales que dan prioridad a su bienestar y recuperaci\u00f3n. Ya sea que est\u00e9 lidiando con un accidente automovil\u00edstico, un incidente de resbal\u00f3n y ca\u00edda, un accidente de cami\u00f3n o una demanda por homicidio culposo, puede contar con nosotros para ser su defensor en cada paso del camino.<\/p>\n<p><img decoding=\"async\" class=\"alignnone wp-image-2746 size-full\" src=\"https:\/\/bpcounsel.com\/wp-content\/uploads\/2024\/12\/work-injury-personal-injury-claim.jpg\" alt=\"Worker hurt on the job needing the help of a personal injury lawyer\" width=\"600\" height=\"399\" srcset=\"https:\/\/bpcounsel.com\/wp-content\/uploads\/2024\/12\/work-injury-personal-injury-claim.jpg 600w, https:\/\/bpcounsel.com\/wp-content\/uploads\/2024\/12\/work-injury-personal-injury-claim-300x200.jpg 300w\" sizes=\"(max-width: 600px) 100vw, 600px\" \/><\/p>\n<h2>Nuestro compromiso con su bienestar<\/h2>\n<p>Por encima de todo, su bienestar es nuestra m\u00e1xima prioridad. Entendemos que lidiar con las secuelas de un accidente puede ser abrumador. Es por eso que nos centramos en proporcionar asistencia legal compasiva y completa. Nuestro equipo se dedica a guiarle a trav\u00e9s de cada paso de su caso de lesiones personales, asegur\u00e1ndose de que se sienta apoyado e informado. Nos enorgullecemos de la comunicaci\u00f3n r\u00e1pida y honesta. Usted puede esperar saber de nosotros el mismo d\u00eda que se comunique con preguntas o inquietudes. Nuestros abogados est\u00e1n aqu\u00ed para aclarar el proceso legal, explicar sus opciones, y mantenerlo informado sobre el progreso de su caso. Creemos que la transparencia es clave para construir la confianza y fomentar una fuerte relaci\u00f3n abogado-cliente. Por otra parte, nuestra defensa celosa de acuerdos justos nos distingue. Somos implacables en nuestra b\u00fasqueda de justicia para nuestros clientes. Ya sea negociando con los ajustadores de seguros o litigando en los tribunales, luchamos por la compensaci\u00f3n monetaria que usted se merece. De los accidentes de camiones comerciales a lesiones que alteran la vida, queremos ayudarle a obtener lo que se le debe. Su recuperaci\u00f3n es nuestra misi\u00f3n, y estamos comprometidos a ver a trav\u00e9s de ella. Perm\u00edtanos manejar las complejidades legales mientras usted se concentra en su curaci\u00f3n.<\/p>\n<h2>\u00c1reas de servicio<\/h2>\n<h3>Al servicio de Charlotte y sus alrededores<\/h3>\n<p>Estamos orgullosos de servir a clientes en Charlotte y sus comunidades vecinas. Nuestro compromiso se extiende a las personas que buscan asistencia legal en un radio de 50 millas. Ya sea que resida en la bulliciosa Charlotte o en los pueblos cercanos m\u00e1s tranquilos, nuestros experimentados abogados de lesiones personales est\u00e1n listos para brindarle el apoyo que necesita.<\/p>\n<h3>Alcance geogr\u00e1fico: Monroe, Pineville, Mint Hill, Stallings, Matthews<\/h3>\n<p>Nuestros servicios legales est\u00e1n disponibles en varios lugares clave, incluyendo Monroe, Pineville, Mint Hill, Stallings, y Matthews. Cada una de estas \u00e1reas tiene sus propias caracter\u00edsticas \u00fanicas, pero todos comparten una necesidad com\u00fan de representaci\u00f3n legal confiable en asuntos de lesiones personales. No importa d\u00f3nde se encuentre, si usted ha experimentado un accidente de coche, resbal\u00f3n y ca\u00edda incidente, o cualquier otra lesi\u00f3n personal, estamos aqu\u00ed para ayudar. Nuestro equipo se dedica a comprender las leyes locales y los matices que pueden afectar a su caso. Nuestro objetivo es ofrecer asistencia jur\u00eddica adaptada a todos nuestros clientes, asegurando que usted reciba el mejor resultado posible. Si necesita un abogado de lesiones personales en Charlotte, no dude en ponerse en contacto con nosotros. Estamos listos para defender sus derechos y ayudarle a navegar por el panorama jur\u00eddico, sin importar d\u00f3nde se encuentre dentro de nuestra \u00e1rea de servicio.<\/p>\n<p><a href=\"https:\/\/bpcounsel.com\/wp-content\/uploads\/2026\/01\/pi-acc-v2-1.webp\"><img loading=\"lazy\" decoding=\"async\" class=\"alignnone wp-image-8196 size-full\" src=\"https:\/\/bpcounsel.com\/wp-content\/uploads\/2026\/01\/pi-acc-v2-1.webp\" alt=\"The Panchenko Law Firm | Charlotte personal injury lawyers\" width=\"600\" height=\"400\" srcset=\"https:\/\/bpcounsel.com\/wp-content\/uploads\/2026\/01\/pi-acc-v2-1.webp 600w, https:\/\/bpcounsel.com\/wp-content\/uploads\/2026\/01\/pi-acc-v2-1-300x200.webp 300w\" sizes=\"(max-width: 600px) 100vw, 600px\" \/><\/a><\/p>\n<h2>Preguntas Frecuentes<\/h2>\n<h3>\u00bfCu\u00e1l es el estatuto de limitaciones para lesiones personales en Carolina del Norte?<\/h3>\n<p>En Carolina del Norte, el estatuto de limitaciones para demandas por lesiones personales es de tres a\u00f1os a partir de la fecha del accidente. Esto significa que usted tiene tres a\u00f1os para presentar una demanda por lesiones personales despu\u00e9s de que ocurra un incidente. Si no inicia su demanda dentro de este plazo, puede perder su derecho a solicitar una indemnizaci\u00f3n por sus lesiones. Es crucial actuar con prontitud y consultar con un abogado con experiencia en lesiones personales para asegurarse de que su caso sea presentado a tiempo.<\/p>\n<h3>\u00bfC\u00f3mo afecta a mi caso la negligencia contributiva?<\/h3>\n<p>Carolina del Norte sigue una regla de negligencia contributiva. Esto significa que si usted se encuentra para ser incluso parcialmente culpable del accidente, usted puede ser excluido de recuperar cualquier compensaci\u00f3n. Por ejemplo, si usted estuvo involucrado en un accidente de auto y la corte determina que usted fue 1% responsable, usted no puede recuperar da\u00f1os de la otra parte. Entender esta ley es vital, ya que puede tener un impacto significativo en su demanda por lesiones personales. Contar con una representaci\u00f3n legal cualificada puede ayudarle a navegar por estas complejas cuestiones y construir un caso s\u00f3lido a su favor.<\/p>\n<h2>P\u00f3ngase en contacto con nosotros para una consulta legal gratuita<\/h2>\n<p>Entendemos que navegar por las secuelas de una lesi\u00f3n personal puede ser abrumador. Si usted ha sido lesionado debido a la negligencia de otra persona, nuestro equipo est\u00e1 aqu\u00ed para ayudarle. Ofrecemos una consulta legal gratuita para discutir su situaci\u00f3n y evaluar su posible demanda por lesiones personales. Durante esta reuni\u00f3n inicial, usted puede compartir los detalles de su caso, y nosotros le proporcionaremos informaci\u00f3n legal. Nuestros experimentados abogados de lesiones personales le indicar\u00e1n los pasos a seguir y le ayudar\u00e1n a entender sus derechos. Nuestro objetivo es proporcionarle el conocimiento que necesita para tomar decisiones informadas sobre sus opciones legales. No hay obligaci\u00f3n de proceder despu\u00e9s de la consulta. Simplemente, queremos asegurarnos de que tiene acceso a la asistencia jur\u00eddica que se merece. Si usted est\u00e1 tratando con el costo de la atenci\u00f3n m\u00e9dica, salarios perdidos, o angustia emocional, nuestro equipo est\u00e1 comprometido a luchar por la compensaci\u00f3n justa que necesita para recuperarse y seguir adelante. No espere para buscar la ayuda que necesita. P\u00f3ngase en contacto con nosotros hoy mismo para programar la revisi\u00f3n gratuita de su caso. Deje que Panchenko Law Firm defienda sus derechos y le ayude en el camino hacia la recuperaci\u00f3n.<\/p>\n","protected":false},"excerpt":{"rendered":"<p>Entendiendo la Ley de Lesiones Personales en Charlotte La ley de lesiones personales en Charlotte abarca una serie de principios legales dise\u00f1ados para proteger a las personas que han sufrido una lesi\u00f3n causada por la negligencia de otra persona. Esta \u00e1rea de la ley tiene como objetivo proporcionar a las partes lesionadas la oportunidad de [&hellip;]<\/p>\n","protected":false},"author":45,"featured_media":0,"parent":3663,"menu_order":0,"comment_status":"closed","ping_status":"closed","template":"","meta":{"_acf_changed":false,"anchor_text":"Personal Injury","footnotes":""},"class_list":["post-3681","page","type-page","status-publish","hentry"],"acf":[],"_links":{"self":[{"href":"https:\/\/bpcounsel.com\/es\/wp-json\/wp\/v2\/pages\/3681","targetHints":{"allow":["GET"]}}],"collection":[{"href":"https:\/\/bpcounsel.com\/es\/wp-json\/wp\/v2\/pages"}],"about":[{"href":"https:\/\/bpcounsel.com\/es\/wp-json\/wp\/v2\/types\/page"}],"author":[{"embeddable":true,"href":"https:\/\/bpcounsel.com\/es\/wp-json\/wp\/v2\/users\/45"}],"replies":[{"embeddable":true,"href":"https:\/\/bpcounsel.com\/es\/wp-json\/wp\/v2\/comments?post=3681"}],"version-history":[{"count":6,"href":"https:\/\/bpcounsel.com\/es\/wp-json\/wp\/v2\/pages\/3681\/revisions"}],"predecessor-version":[{"id":8197,"href":"https:\/\/bpcounsel.com\/es\/wp-json\/wp\/v2\/pages\/3681\/revisions\/8197"}],"up":[{"embeddable":true,"href":"https:\/\/bpcounsel.com\/es\/wp-json\/wp\/v2\/pages\/3663"}],"wp:attachment":[{"href":"https:\/\/bpcounsel.com\/es\/wp-json\/wp\/v2\/media?parent=3681"}],"curies":[{"name":"wp","href":"https:\/\/api.w.org\/{rel}","templated":true}]}}