{"id":3675,"date":"2026-01-20T08:44:16","date_gmt":"2026-01-20T13:44:16","guid":{"rendered":"https:\/\/bpcounsel.com\/charlotte\/abogado-de-accidentes-de-peatones-en-charlotte\/"},"modified":"2026-01-20T09:55:20","modified_gmt":"2026-01-20T14:55:20","slug":"abogado-de-accidentes-de-peatones-en-charlotte","status":"publish","type":"page","link":"https:\/\/bpcounsel.com\/es\/charlotte\/abogado-de-accidentes-de-peatones-en-charlotte\/","title":{"rendered":"Abogado de accidentes de peatones en Charlotte"},"content":{"rendered":"<h2>Abogados experimentados en accidentes de peatones en Charlotte, NC<\/h2>\n<p>En <a href=\"\/es\/\">Panchenko Law Firm<\/a>, entendemos los desaf\u00edos que enfrentan los peatones involucrados en accidentes. Nuestro equipo de abogados con experiencia en accidentes peatonales se dedica a defender los derechos de las personas lesionadas en accidentes peatonales en Charlotte y sus alrededores. Reconocemos que estos incidentes pueden causar lesiones graves, angustia emocional y cargas financieras. Cuando usted nos elige, usted obtiene acceso a un equipo que prioriza sus necesidades. Estamos comprometidos a proporcionar apoyo legal personalizado adaptado a su situaci\u00f3n \u00fanica. Nuestros abogados est\u00e1n bien versados en la ley de Carolina del Norte y entienden las complejidades de los casos de accidentes de peatones. Trabajamos diligentemente para reunir pruebas, evaluar sus lesiones, y construir un caso fuerte en su nombre. Nuestro objetivo es ayudarle a navegar por el proceso legal con confianza. Le guiaremos en cada paso del camino, asegur\u00e1ndonos de que entiende sus derechos y opciones legales. Si usted est\u00e1 tratando con las compa\u00f1\u00edas de seguros o la b\u00fasqueda de acciones legales contra un conductor negligente, estamos aqu\u00ed para apoyarle. En Panchenko Law Firm, creemos que cada v\u00edctima de accidente peatonal merece una compensaci\u00f3n justa por su sufrimiento. Al aprovechar nuestra amplia experiencia y conocimientos, nos esforzamos por maximizar su recuperaci\u00f3n y aliviar el estr\u00e9s que a menudo acompa\u00f1a a estas situaciones. Perm\u00edtanos ser sus defensores de confianza en este momento dif\u00edcil.<\/p>\n<h2>Sus derechos como v\u00edctima de un accidente peatonal<\/h2>\n<p>Como peat\u00f3n en Carolina del Norte, usted tiene derechos espec\u00edficos que le protegen en caso de accidente. Entender estos derechos es crucial, especialmente cuando se trata de las secuelas de un accidente causado por un conductor negligente. Bajo la ley de Carolina del Norte, los peatones tienen derecho a utilizar los pasos de peatones y las aceras de forma segura. Si se lesiona mientras sigue estas normas, puede tener derecho a una indemnizaci\u00f3n por sus lesiones. Esto incluye facturas m\u00e9dicas, salarios perdidos y dolor y sufrimiento. Es esencial saber que incluso si un conductor trata de culparlo por el accidente, usted todav\u00eda tiene opciones legales para obtener una indemnizaci\u00f3n.<\/p>\n<h3>Responsabilidad del conductor<\/h3>\n<p>En los casos en que un peat\u00f3n es atropellado por un veh\u00edculo, la ley exige que los conductores cedan el paso a los peatones en los pasos de peatones marcados. Si un conductor no lo hace, puede ser considerado responsable de las posibles lesiones. Adem\u00e1s, Carolina del Norte opera bajo una regla de negligencia contributiva. Esto significa que si usted es encontrado para ser incluso ligeramente culpable del accidente, usted podr\u00eda ser excluido de recuperar cualquier da\u00f1o. Por lo tanto, es vital reunir pruebas y buscar orientaci\u00f3n legal para proteger sus derechos de manera efectiva.<\/p>\n<p><img fetchpriority=\"high\" decoding=\"async\" class=\"alignnone wp-image-2648 size-full\" src=\"https:\/\/bpcounsel.com\/wp-content\/uploads\/2024\/12\/pedestrian-accident-3.webp\" alt=\"A distracted driver is about to run into a pedestrian in the crosswalk. Our Charlotte pedestrian accident lawyers are here to help you if you've been the victim of a pedestrian accident.\" width=\"500\" height=\"334\" srcset=\"https:\/\/bpcounsel.com\/wp-content\/uploads\/2024\/12\/pedestrian-accident-3.webp 500w, https:\/\/bpcounsel.com\/wp-content\/uploads\/2024\/12\/pedestrian-accident-3-300x200.webp 300w\" sizes=\"(max-width: 500px) 100vw, 500px\" \/><\/p>\n<h3>Documentar y reunir pruebas<\/h3>\n<p>Si se ve implicado en un accidente de peat\u00f3n, es fundamental documentarlo todo. Esto incluye tomar fotos de la escena, recoger declaraciones de testigos y obtener un informe policial. Toda esta informaci\u00f3n puede ser muy valiosa para apoyar su caso. Recuerde, usted no tiene que navegar por este proceso solo. Consultar con abogados expertos en accidentes de peatones en Charlotte puede ayudarle a entender sus derechos y opciones. Ellos pueden ayudarle a presentar una demanda por lesiones personales y guiarle a trav\u00e9s del proceso legal para buscar la compensaci\u00f3n que se merece.<\/p>\n<h2>B\u00fasqueda de compensaci\u00f3n por lesiones de accidentes de peatones<\/h2>\n<p>Despu\u00e9s de un accidente de peat\u00f3n, es crucial comprender sus derechos y las posibilidades de obtener una indemnizaci\u00f3n. Los peatones lesionados pueden enfrentarse a una serie de gastos, incluyendo atenci\u00f3n m\u00e9dica, p\u00e9rdida de salarios y dolor y sufrimiento. La b\u00fasqueda de una indemnizaci\u00f3n por estas lesiones no es s\u00f3lo para cubrir los costos inmediatos, se trata de asegurarse de que tiene los recursos para recuperarse y seguir adelante.<\/p>\n<h3>Lesiones cerebrales traum\u00e1ticas y otras lesiones<\/h3>\n<p>Cuando una persona es atropellada por un coche, ya sea debido a una conducci\u00f3n distra\u00edda o por caminar por pasos de peatones no se\u00f1alizados, puede sufrir lesiones catastr\u00f3ficas. Estas pueden ir desde lesiones de la m\u00e9dula espinal a da\u00f1os en los \u00f3rganos e incluso lesiones potencialmente mortales. La parte culpable a menudo culpar\u00e1 a los peatones por estar en la carretera, independientemente de cualquier se\u00f1al de tr\u00e1fico que indique lo contrario. Una de las causas m\u00e1s comunes de las colisiones de veh\u00edculos de motor con peatones es la conducci\u00f3n distra\u00edda. Las lesiones comunes de las colisiones con tr\u00e1fico en sentido contrario, como huesos rotos y lesiones en los \u00f3rganos, a menudo requieren que usted busque atenci\u00f3n m\u00e9dica y pueden ser extremadamente costosas. Si usted o un miembro de su familia necesita hacer una reclamaci\u00f3n al seguro despu\u00e9s de un accidente de peat\u00f3n, ponerse en contacto con un abogado de lesiones personales para una consulta legal gratuita es lo mejor para usted.<\/p>\n<h2>C\u00f3mo calcular su reclamaci\u00f3n: da\u00f1os econ\u00f3micos y no econ\u00f3micos<\/h2>\n<p><img decoding=\"async\" class=\"alignnone wp-image-3940 \" src=\"https:\/\/bpcounsel.com\/wp-content\/uploads\/2025\/01\/peaton.webp\" alt=\"peaton accidentes\" width=\"437\" height=\"542\" srcset=\"https:\/\/bpcounsel.com\/wp-content\/uploads\/2025\/01\/peaton.webp 800w, https:\/\/bpcounsel.com\/wp-content\/uploads\/2025\/01\/peaton-242x300.webp 242w, https:\/\/bpcounsel.com\/wp-content\/uploads\/2025\/01\/peaton-768x951.webp 768w\" sizes=\"(max-width: 437px) 100vw, 437px\" \/><\/p>\n<p>Al calcular su reclamaci\u00f3n, es esencial tener en cuenta tanto los da\u00f1os econ\u00f3micos como los no econ\u00f3micos. Los da\u00f1os econ\u00f3micos son costes tangibles. Entre ellos se incluyen:<\/p>\n<p><strong>Gastos m\u00e9dicos<\/strong>: Cubren las facturas hospitalarias, los gastos de rehabilitaci\u00f3n y la atenci\u00f3n m\u00e9dica continuada.<br \/>\n<strong>Salarios perdidos<\/strong>: Si sus lesiones le impiden trabajar, puede reclamar los ingresos perdidos por el tiempo que no pueda ganar.<br \/>\n<strong>Da\u00f1os materiales<\/strong>: Si en el accidente se da\u00f1\u00f3 alg\u00fan bien personal, puede reclamar una indemnizaci\u00f3n para repararlo o reponerlo.<\/p>\n<p>Los da\u00f1os no econ\u00f3micos son menos tangibles pero igualmente importantes. Pueden incluir<\/p>\n<p><strong>Dolor y sufrimiento<\/strong>: Da\u00f1os f\u00edsicos y emocionales causados por el accidente.<br \/>\n<strong>P\u00e9rdida del disfrute de la vida<\/strong>: Si sus lesiones afectan a su capacidad para disfrutar de las actividades cotidianas, puede tener derecho a una indemnizaci\u00f3n por esta p\u00e9rdida.<\/p>\n<h2>Negociar con las compa\u00f1\u00edas de seguros para obtener una indemnizaci\u00f3n justa<\/h2>\n<p>Negociar con las compa\u00f1\u00edas de seguros puede ser un reto. A menudo, su objetivo es reducir al m\u00ednimo los pagos, lo que puede dejar a los peatones lesionados luchando para cubrir sus gastos. Tener un abogado experto en accidentes de peatones en Charlotte de su lado puede marcar una diferencia significativa. Su abogado reunir\u00e1 pruebas, incluidos historiales m\u00e9dicos e informes de accidentes, para respaldar su reclamaci\u00f3n. Ellos abogar\u00e1n en su nombre, asegur\u00e1ndose de que la compa\u00f1\u00eda de seguros reconozca el alcance total de sus lesiones y p\u00e9rdidas. Con un abogado con experiencia, usted puede perseguir con confianza la compensaci\u00f3n que se merece, lo que le permite centrarse en su recuperaci\u00f3n sin el estr\u00e9s a\u00f1adido de navegar por las complejidades de las negociaciones de seguros. En Panchenko Law Firm, nos dedicamos a ayudar a las v\u00edctimas de accidentes de peatones en Charlotte a buscar la compensaci\u00f3n que necesitan para recuperarse por completo. Perm\u00edtanos ayudarle a dar el primer paso hacia la justicia y la curaci\u00f3n.<\/p>\n<p><img decoding=\"async\" class=\"alignnone wp-image-2647 size-full\" src=\"https:\/\/bpcounsel.com\/wp-content\/uploads\/2024\/12\/legal-representation.webp\" alt=\"A Charlotte pedestrian accident lawyer negotiates with a client's insurance company\" width=\"500\" height=\"333\" srcset=\"https:\/\/bpcounsel.com\/wp-content\/uploads\/2024\/12\/legal-representation.webp 500w, https:\/\/bpcounsel.com\/wp-content\/uploads\/2024\/12\/legal-representation-300x200.webp 300w\" sizes=\"(max-width: 500px) 100vw, 500px\" \/><\/p>\n<h2>\u00bfPor qu\u00e9 elegir a Panchenko Law Firm para ser sus abogados de accidentes de peatones en Charlotte?<\/h2>\n<p>Cuando se enfrenta a las secuelas de un accidente de peat\u00f3n, la elecci\u00f3n de la representaci\u00f3n legal adecuada puede afectar significativamente su viaje de recuperaci\u00f3n. Estamos aqu\u00ed para ayudarle con su demanda por accidente peatonal. Poniendo en com\u00fan nuestra experiencia combinada y luchando por usted. En Panchenko Law Firm, damos prioridad a sus necesidades y luchamos por sus derechos como v\u00edctima de un accidente peatonal. He aqu\u00ed por qu\u00e9 nos destacamos como su opci\u00f3n ideal en Charlotte, NC.<\/p>\n<h3>Historial Probado<\/h3>\n<p>Nuestra empresa tiene una historia de \u00e9xito en el manejo de casos de accidentes de peatones. Entendemos los desaf\u00edos \u00fanicos que enfrentan las v\u00edctimas de lesiones, desde el trato con las compa\u00f1\u00edas de seguros hasta la gesti\u00f3n de las facturas m\u00e9dicas. Con nuestra experiencia extensa, sabemos navegar el paisaje legal con eficacia.<\/p>\n<h3>Enfoque centrado en el cliente<\/h3>\n<p>Adoptamos un enfoque personalizado para cada caso. Su situaci\u00f3n es \u00fanica, y nos tomamos el tiempo para entender sus necesidades y preocupaciones espec\u00edficas. Esta dedicaci\u00f3n nos permite elaborar una estrategia que se alinea con sus objetivos, asegurando que usted reciba el apoyo que se merece durante todo el proceso legal.<\/p>\n<h3>Apoyo multiling\u00fce<\/h3>\n<p>Nuestro equipo habla varios idiomas, incluyendo ruso, ucraniano y espa\u00f1ol. Esta diversidad nos permite comunicarnos eficazmente con clientes de diversos or\u00edgenes, garantizando que las barreras ling\u00fc\u00edsticas no obstaculicen su acceso a la justicia.<\/p>\n<h3>Base de contingencia<\/h3>\n<p>Trabajamos con honorarios condicionales. Esto significa que usted no pagar\u00e1 ning\u00fan honorario legal a menos que obtengamos una indemnizaci\u00f3n para usted. Esta estructura no s\u00f3lo alivia el estr\u00e9s financiero, sino que tambi\u00e9n demuestra nuestro compromiso de luchar por sus derechos.<\/p>\n<h3>Defensa compasiva<\/h3>\n<p>En Panchenko Law Firm, somos celosos defensores de nuestros clientes. Entendemos que los accidentes de peatones pueden causar lesiones graves y angustia emocional. Nuestro equipo est\u00e1 aqu\u00ed para proporcionar apoyo compasivo mientras persigue agresivamente la compensaci\u00f3n que necesita para gastos m\u00e9dicos, salarios perdidos, y el dolor y el sufrimiento.<\/p>\n<h3>Consulta Gratuita<\/h3>\n<p>Ofrecemos una consulta gratuita para discutir su caso. Esta reuni\u00f3n inicial nos permite evaluar su situaci\u00f3n y explicar sus opciones legales sin ninguna obligaci\u00f3n. La elecci\u00f3n de Panchenko Law Firm significa elegir un equipo que se dedica a su recuperaci\u00f3n y se comprometi\u00f3 a obtener la justicia que se merece. Perm\u00edtanos ayudarle a navegar este momento dif\u00edcil y asegurar la compensaci\u00f3n que necesita para seguir adelante.<\/p>\n<p><a href=\"https:\/\/bpcounsel.com\/wp-content\/uploads\/2026\/01\/pedestrian-acc-v2-1.webp\"><img loading=\"lazy\" decoding=\"async\" class=\"alignnone wp-image-8188 size-full\" src=\"https:\/\/bpcounsel.com\/wp-content\/uploads\/2026\/01\/pedestrian-acc-v2-1.webp\" alt=\"Panchenko Law Firm - Pedestrian Accident Lawyers\" width=\"600\" height=\"400\" srcset=\"https:\/\/bpcounsel.com\/wp-content\/uploads\/2026\/01\/pedestrian-acc-v2-1.webp 600w, https:\/\/bpcounsel.com\/wp-content\/uploads\/2026\/01\/pedestrian-acc-v2-1-300x200.webp 300w\" sizes=\"(max-width: 600px) 100vw, 600px\" \/><\/a><\/p>\n<h2>Programe su consulta gratuita con Panchenko Law Firm hoy<\/h2>\n<p>Si usted o un ser querido ha estado involucrado en un accidente de peatones, dar el primer paso hacia la recuperaci\u00f3n es crucial. En Panchenko Law Firm, estamos comprometidos a ayudarle a navegar el proceso legal y asegurar la compensaci\u00f3n que se merece. Nuestro equipo de abogados con experiencia en accidentes de peatones en Charlotte est\u00e1 listo para escuchar su historia y brindarle el apoyo que necesita. Ofrecemos una consulta gratuita para discutir los detalles de su caso. Durante esta reuni\u00f3n, vamos a evaluar su situaci\u00f3n, explicar sus derechos, y esbozar las opciones legales disponibles para usted. No hay obligaciones ni honorarios por adelantado. Nuestros abogados trabajan sobre una base de contingencia, lo que significa que usted no paga nada a menos que recuperemos con \u00e9xito la compensaci\u00f3n en su nombre.<\/p>\n<h3>Dedicaci\u00f3n a nuestros clientes<\/h3>\n<p>No se demore en buscar la justicia que se merece. P\u00f3ngase en contacto con nosotros hoy para programar su consulta gratuita. Perm\u00edtanos ayudarle a dar el primer paso hacia la curaci\u00f3n y la recuperaci\u00f3n. Sus derechos importan, y estamos aqu\u00ed para abogar por usted en cada paso del camino. Llame <a href=\"tel:+17049007675\"><i class=\"fa fa-phone-alt\"><\/i>(704) 900-7675<\/a> o rellene nuestro formulario en l\u00ednea para empezar.<\/p>\n","protected":false},"excerpt":{"rendered":"<p>Abogados experimentados en accidentes de peatones en Charlotte, NC En Panchenko Law Firm, entendemos los desaf\u00edos que enfrentan los peatones involucrados en accidentes. Nuestro equipo de abogados con experiencia en accidentes peatonales se dedica a defender los derechos de las personas lesionadas en accidentes peatonales en Charlotte y sus alrededores. Reconocemos que estos incidentes pueden [&hellip;]<\/p>\n","protected":false},"author":45,"featured_media":0,"parent":3663,"menu_order":0,"comment_status":"closed","ping_status":"closed","template":"","meta":{"_acf_changed":false,"anchor_text":"","footnotes":""},"class_list":["post-3675","page","type-page","status-publish","hentry"],"acf":[],"_links":{"self":[{"href":"https:\/\/bpcounsel.com\/es\/wp-json\/wp\/v2\/pages\/3675","targetHints":{"allow":["GET"]}}],"collection":[{"href":"https:\/\/bpcounsel.com\/es\/wp-json\/wp\/v2\/pages"}],"about":[{"href":"https:\/\/bpcounsel.com\/es\/wp-json\/wp\/v2\/types\/page"}],"author":[{"embeddable":true,"href":"https:\/\/bpcounsel.com\/es\/wp-json\/wp\/v2\/users\/45"}],"replies":[{"embeddable":true,"href":"https:\/\/bpcounsel.com\/es\/wp-json\/wp\/v2\/comments?post=3675"}],"version-history":[{"count":5,"href":"https:\/\/bpcounsel.com\/es\/wp-json\/wp\/v2\/pages\/3675\/revisions"}],"predecessor-version":[{"id":8189,"href":"https:\/\/bpcounsel.com\/es\/wp-json\/wp\/v2\/pages\/3675\/revisions\/8189"}],"up":[{"embeddable":true,"href":"https:\/\/bpcounsel.com\/es\/wp-json\/wp\/v2\/pages\/3663"}],"wp:attachment":[{"href":"https:\/\/bpcounsel.com\/es\/wp-json\/wp\/v2\/media?parent=3675"}],"curies":[{"name":"wp","href":"https:\/\/api.w.org\/{rel}","templated":true}]}}