{"id":3672,"date":"2025-11-29T09:46:49","date_gmt":"2025-11-29T14:46:49","guid":{"rendered":"https:\/\/bpcounsel.com\/charlotte\/charlotte-abogado-de-accidente-de-motocicleta\/"},"modified":"2026-01-20T09:54:20","modified_gmt":"2026-01-20T14:54:20","slug":"charlotte-abogado-de-accidente-de-motocicleta","status":"publish","type":"page","link":"https:\/\/bpcounsel.com\/es\/charlotte\/charlotte-abogado-de-accidente-de-motocicleta\/","title":{"rendered":"Charlotte Abogado de Accidente de Motocicleta"},"content":{"rendered":"<h2>\u00bfPor qu\u00e9 elegir Panchenko Law Firm para su caso de accidente de motocicleta?<\/h2>\n<p>Cuando usted ha estado involucrado en un accidente de motocicleta, la selecci\u00f3n del abogado adecuado puede afectar significativamente su viaje de recuperaci\u00f3n. En Panchenko Law Firm, entendemos los desaf\u00edos \u00fanicos que enfrentan las v\u00edctimas de accidentes de motocicleta. Nuestros abogados de accidentes de motocicleta en Charlotte se dedican a proporcionarle el apoyo legal que necesita durante este dif\u00edcil momento. Una de las principales razones para elegirnos es nuestro profundo compromiso con la satisfacci\u00f3n del cliente. Damos prioridad a sus necesidades y preocupaciones, asegur\u00e1ndonos de que se sienta apoyado durante todo el proceso legal. Nuestros abogados expertos en accidentes de motocicleta poseen un amplio conocimiento de las leyes de motocicletas de Carolina del Norte y las complejidades que rodean las reclamaciones por accidentes de motocicleta. Esta experiencia nos permite navegar con eficacia el panorama jur\u00eddico en su nombre. Adem\u00e1s, reconocemos que cada caso es distinto. Nuestros abogados se toman el tiempo para escuchar su historia, evaluar los detalles de su accidente de motocicleta, y desarrollar una estrategia a medida destinada a garantizar el mejor resultado posible para usted. Vamos a trabajar con diligencia para reunir pruebas, construir un caso fuerte, y abogar ferozmente por sus derechos. Adem\u00e1s, nuestra firma ofrece servicios legales multiling\u00fces, atendiendo a las diversas comunidades en Charlotte.<\/p>\n<p>Si usted habla espa\u00f1ol, ruso o ucraniano, nos aseguramos de que las barreras del idioma no obstaculicen su capacidad para recibir representaci\u00f3n legal de primera categor\u00eda. Al elegir Panchenko Law Firm, usted gana un aliado de confianza que se ha comprometido a luchar por sus derechos. Entendemos el peaje f\u00edsico, emocional y financiero que los accidentes de motocicleta puede tener en las v\u00edctimas y sus familias. Perm\u00edtanos ayudarle a navegar su recuperaci\u00f3n y perseguir la compensaci\u00f3n que se merece.<\/p>\n<p><img fetchpriority=\"high\" decoding=\"async\" class=\"alignnone wp-image-2625 size-full\" src=\"https:\/\/bpcounsel.com\/wp-content\/uploads\/2024\/12\/motorcycle-accident-1.webp\" alt=\"A motorcycle lays on the pavement in front of a car after an accident. Panchenko Law Firm is your Charlotte motorcycle accident lawyer.\" width=\"500\" height=\"333\" srcset=\"https:\/\/bpcounsel.com\/wp-content\/uploads\/2024\/12\/motorcycle-accident-1.webp 500w, https:\/\/bpcounsel.com\/wp-content\/uploads\/2024\/12\/motorcycle-accident-1-300x200.webp 300w\" sizes=\"(max-width: 500px) 100vw, 500px\" \/><\/p>\n<h2>Entendiendo los Accidentes de Motocicleta en Charlotte<\/h2>\n<p>Los accidentes de moto pueden ocurrir por varias razones, y entender estos factores es crucial para cualquier motorista. En Charlotte, el paisaje del tr\u00e1fico contribuye a un mayor riesgo de incidentes. La conducci\u00f3n distra\u00edda sigue siendo una de las principales causas, ya que muchos conductores no se dan cuenta de que hay motociclistas compartiendo la carretera. Adem\u00e1s, el exceso de velocidad y la conducci\u00f3n temeraria aumentan la probabilidad de colisiones. Las condiciones meteorol\u00f3gicas, como la lluvia o la niebla, tambi\u00e9n pueden desempe\u00f1ar un papel importante en los accidentes, por lo que es esencial que los motoristas ajusten sus h\u00e1bitos de conducci\u00f3n en consecuencia. Las colisiones de motocicletas suelen provocar lesiones graves e incluso mortales. Los motoristas pueden sufrir lesiones cerebrales traum\u00e1ticas, lesiones medulares o fracturas \u00f3seas. La mayor\u00eda de los accidentes de motocicleta se definen por la falta de protecci\u00f3n que ofrecen las motocicletas en comparaci\u00f3n con los coches, lo que hace que los motoristas est\u00e9n mucho m\u00e1s expuestos a sufrir lesiones que los conductores implicados en accidentes de coche. Los conductores distra\u00eddos que ignoran las leyes de tr\u00e1fico a menudo pueden chocar negligentemente contra los motociclistas, haciendo que tengan que luchar con las facturas m\u00e9dicas y el proceso de reclamaciones de seguros. La comprensi\u00f3n de los tipos de lesiones sufridas en estos accidentes ayuda a las v\u00edctimas a buscar atenci\u00f3n m\u00e9dica adecuada y representaci\u00f3n legal. En Carolina del Norte, la regla de negligencia contributiva puede afectar a su demanda de colisi\u00f3n de motocicleta. Si se determina que usted tiene la culpa, aunque sea parcial, del accidente, es posible que se le proh\u00edba recuperar cualquier compensaci\u00f3n por su tratamiento m\u00e9dico o salarios perdidos. Esto hace que sea vital tener un abogado con experiencia en accidentes de motocicleta que puede navegar por estas complejidades y abogar por sus derechos durante su proceso de reclamaci\u00f3n de motocicleta. Saber c\u00f3mo se aplican estas leyes a su caso puede influir significativamente en el resultado de su reclamaci\u00f3n. Mediante la comprensi\u00f3n de las causas comunes, las posibles lesiones, y las implicaciones legales que rodean a los accidentes de motocicleta en Charlotte, usted puede prepararse mejor para los retos que se avecinan. Este conocimiento le permitir\u00e1 dar los pasos necesarios hacia la recuperaci\u00f3n y la obtenci\u00f3n de la compensaci\u00f3n que se merece.<\/p>\n<h2>Tras un accidente de moto<\/h2>\n<p><img decoding=\"async\" class=\"alignnone wp-image-3932 \" src=\"https:\/\/bpcounsel.com\/wp-content\/uploads\/2025\/01\/Panchenko-span-Motorcycle-copy.webp\" alt=\"motorcycle accidentes \" width=\"547\" height=\"684\" srcset=\"https:\/\/bpcounsel.com\/wp-content\/uploads\/2025\/01\/Panchenko-span-Motorcycle-copy.webp 1100w, https:\/\/bpcounsel.com\/wp-content\/uploads\/2025\/01\/Panchenko-span-Motorcycle-copy-240x300.webp 240w, https:\/\/bpcounsel.com\/wp-content\/uploads\/2025\/01\/Panchenko-span-Motorcycle-copy-819x1024.webp 819w, https:\/\/bpcounsel.com\/wp-content\/uploads\/2025\/01\/Panchenko-span-Motorcycle-copy-768x960.webp 768w\" sizes=\"(max-width: 547px) 100vw, 547px\" \/><\/p>\n<p>Tras un accidente de moto, los pasos que des pueden influir significativamente en el resultado de tu caso. Es crucial actuar r\u00e1pida y estrat\u00e9gicamente. Aqu\u00ed tienes una gu\u00eda sobre qu\u00e9 hacer tras un accidente de moto.<\/p>\n<h3>Medidas inmediatas tras un accidente de moto<\/h3>\n<p>Ante todo, d\u00e9 prioridad a su seguridad. Si puede, dir\u00edjase a un lugar seguro alejado del tr\u00e1fico. A continuaci\u00f3n, llame a los servicios de emergencia. Documente la escena del accidente haciendo fotos y recogiendo informaci\u00f3n de los testigos. Estas pruebas ser\u00e1n vitales para su reclamaci\u00f3n por accidente de moto. Si has sufrido lesiones, busca atenci\u00f3n m\u00e9dica de inmediato. Aunque te encuentres bien, algunas lesiones pueden no ser evidentes de inmediato. Un profesional m\u00e9dico puede evaluar su estado y proporcionarle el tratamiento necesario.<\/p>\n<h3>Importancia de buscar atenci\u00f3n m\u00e9dica<\/h3>\n<p>Su salud es primordial. Buscar atenci\u00f3n m\u00e9dica no s\u00f3lo aborda las posibles lesiones, sino que tambi\u00e9n crea un registro oficial, que es esencial para su caso. Si retrasa el tratamiento, la compa\u00f1\u00eda de seguros puede argumentar que sus lesiones son menos graves de lo que son. Documentar sus lesiones y su tratamiento reforzar\u00e1 su posici\u00f3n a la hora de reclamar una indemnizaci\u00f3n.<\/p>\n<h3>Recopilaci\u00f3n de pruebas para reforzar su caso<\/h3>\n<p>La recopilaci\u00f3n de pruebas es fundamental en la construcci\u00f3n de una fuerte demanda de accidente de motocicleta. Esto incluye fotograf\u00edas de la escena del accidente, da\u00f1os al veh\u00edculo, y cualquier lesi\u00f3n visible. Obtenga una copia del informe policial, ya que puede proporcionar un relato objetivo del incidente y de las partes implicadas. Las declaraciones de los testigos pueden apoyar a\u00fan m\u00e1s su caso. Lleve un registro detallado de todas las visitas m\u00e9dicas, gastos y correspondencia con las compa\u00f1\u00edas de seguros. Esta documentaci\u00f3n ser\u00e1 muy valiosa a la hora de reclamar una indemnizaci\u00f3n por las lesiones sufridas en un accidente de moto. Navegar por las secuelas de un accidente de moto puede resultar abrumador. Sin embargo, seguir estos pasos puede ayudarle a sentar las bases para una reclamaci\u00f3n exitosa. Si tiene preguntas o necesita ayuda, no dude en ponerse en contacto con un abogado experto en accidentes de motocicleta.<\/p>\n<h3>La b\u00fasqueda de una indemnizaci\u00f3n por las lesiones de su accidente de motocicleta<\/h3>\n<p>Si usted ha sufrido lesiones en un accidente de motocicleta, la comprensi\u00f3n de la compensaci\u00f3n que usted puede tener derecho a es crucial. Estamos dedicados a ayudar a las v\u00edctimas de accidentes de motocicleta a recuperar el apoyo financiero que necesitan para seguir adelante.<\/p>\n<p><img decoding=\"async\" class=\"alignnone wp-image-2623 size-full\" src=\"https:\/\/bpcounsel.com\/wp-content\/uploads\/2024\/12\/motorcycle-accident-3.webp\" alt=\"A motorcycle skidded across the pavement after an accident with another driver. Panchenko Law Firm can assist you in motorcycle accident cases.\" width=\"500\" height=\"313\" srcset=\"https:\/\/bpcounsel.com\/wp-content\/uploads\/2024\/12\/motorcycle-accident-3.webp 500w, https:\/\/bpcounsel.com\/wp-content\/uploads\/2024\/12\/motorcycle-accident-3-300x188.webp 300w\" sizes=\"(max-width: 500px) 100vw, 500px\" \/><\/p>\n<h2>Tipos de indemnizaci\u00f3n disponibles para las v\u00edctimas de accidentes de moto<\/h2>\n<p>Al interponer una demanda por accidente de motocicleta, las v\u00edctimas pueden solicitar varios tipos de indemnizaci\u00f3n. Esto incluye da\u00f1os econ\u00f3micos, que cubren p\u00e9rdidas tangibles. Por ejemplo, gastos m\u00e9dicos futuros por tratamiento, costes de rehabilitaci\u00f3n y salarios perdidos por ausencia del trabajo. Estas p\u00e9rdidas econ\u00f3micas pueden acumularse r\u00e1pidamente, por lo que es esencial documentar todos los gastos relacionados con su recuperaci\u00f3n. Adem\u00e1s, los da\u00f1os no econ\u00f3micos desempe\u00f1an un papel importante en la indemnizaci\u00f3n. Estos da\u00f1os abordan el dolor emocional y f\u00edsico que surge de las lesiones graves. Las v\u00edctimas pueden experimentar sufrimiento, ansiedad e incluso trastorno de estr\u00e9s postraum\u00e1tico despu\u00e9s de un accidente de motocicleta. Nuestros abogados trabajan diligentemente para cuantificar estos da\u00f1os y abogar por una compensaci\u00f3n justa.<\/p>\n<h2>C\u00f3mo nuestros abogados maximizan su compensaci\u00f3n<\/h2>\n<p>Nuestros abogados expertos en accidentes de motocicleta est\u00e1n comprometidos a maximizar su compensaci\u00f3n. Analizamos su caso a fondo, reuniendo todas las pruebas necesarias para apoyar su reclamo. Esto incluye registros m\u00e9dicos, declaraciones de testigos e informes de accidentes. Mediante la construcci\u00f3n de un caso fuerte, aumentamos sus posibilidades de recibir la compensaci\u00f3n m\u00e1xima disponible bajo la ley de Carolina del Norte. Adem\u00e1s, somos negociadores experimentados que entienden las t\u00e1cticas utilizadas por las compa\u00f1\u00edas de seguros. Luchamos para asegurarnos de que usted no sea defraudado en su acuerdo. Si es necesario, estamos preparados para llevar su caso a los tribunales para asegurar la compensaci\u00f3n financiera que se merece. Despu\u00e9s de un accidente de motocicleta, conc\u00e9ntrese en su recuperaci\u00f3n. Perm\u00edtanos manejar las complejidades legales y trabajar para obtener la compensaci\u00f3n que necesita para sanar y reconstruir su vida.<\/p>\n<h2>El proceso judicial: De la reclamaci\u00f3n al acuerdo<\/h2>\n<p>Cuando se producen accidentes de motocicleta, la comprensi\u00f3n del proceso legal es esencial para asegurar la compensaci\u00f3n que se merece. El viaje desde la presentaci\u00f3n de una reclamaci\u00f3n hasta llegar a un acuerdo puede parecer abrumador, pero con el abogado de accidentes de motocicleta adecuado a su lado, usted puede navegar por este proceso con confianza.<\/p>\n<h3>La construcci\u00f3n de un caso de accidente de motocicleta fuerte<\/h3>\n<p>El primer paso en su viaje legal implica la construcci\u00f3n de un caso convincente. Esto incluye la recopilaci\u00f3n de pruebas pertinentes, tales como informes policiales, registros m\u00e9dicos y declaraciones de testigos. Nuestros abogados expertos en accidentes de motocicleta analizar\u00e1n meticulosamente todos los aspectos de su caso para crear una base s\u00f3lida. Trabajaremos diligentemente para demostrar la negligencia del conductor culpable y c\u00f3mo contribuy\u00f3 a sus lesiones.<\/p>\n<h3>Negociaci\u00f3n con las compa\u00f1\u00edas de seguros<\/h3>\n<p>Una vez establecidos los detalles de su caso, la siguiente fase es la negociaci\u00f3n con las compa\u00f1\u00edas de seguros. Los ajustadores de seguros a menudo tratan de minimizar los pagos, lo que puede dar lugar a ofertas injustas. Nuestros abogados expertos en accidentes de motocicleta est\u00e1n bien versados en el tratamiento de estas t\u00e1cticas de reclamaci\u00f3n de seguros. Abogaremos por sus derechos y lucharemos para que usted recupere la compensaci\u00f3n que refleja sus gastos m\u00e9dicos, salarios perdidos, y dolor y sufrimiento.<\/p>\n<h3>Cu\u00e1ndo considerar un litigio<\/h3>\n<p>A veces, las negociaciones pueden no producir un resultado satisfactorio. Si la compa\u00f1\u00eda de seguros se niega a ofrecer un acuerdo justo, podemos recomendar la b\u00fasqueda de litigios. Esto implica la presentaci\u00f3n de una demanda por lesiones personales para buscar una compensaci\u00f3n a trav\u00e9s del sistema judicial. Nuestro equipo le guiar\u00e1 a trav\u00e9s de cada paso de este proceso, asegur\u00e1ndose de que est\u00e9 preparado para lo que le espera. En resumen, el proceso legal tras un accidente de moto puede ser complejo, pero no tiene por qu\u00e9 afrontarlo solo. Estamos dedicados a proporcionarle la representaci\u00f3n legal que necesita para recuperarse de sus lesiones y asegurar la compensaci\u00f3n que se merece. P\u00f3ngase en contacto con nosotros hoy para comenzar su viaje hacia la justicia.<\/p>\n<p><img loading=\"lazy\" decoding=\"async\" class=\"alignnone wp-image-2626 size-full\" src=\"https:\/\/bpcounsel.com\/wp-content\/uploads\/2024\/12\/litigation.webp\" alt=\"Lawyers litigate on behalf of their client who was involved in a motorcycle accident\" width=\"500\" height=\"333\" srcset=\"https:\/\/bpcounsel.com\/wp-content\/uploads\/2024\/12\/litigation.webp 500w, https:\/\/bpcounsel.com\/wp-content\/uploads\/2024\/12\/litigation-300x200.webp 300w\" sizes=\"(max-width: 500px) 100vw, 500px\" \/><\/p>\n<h2>Preguntas frecuentes sobre reclamaciones por accidentes de motocicleta<\/h2>\n<h3>\u00bfCu\u00e1nto tiempo tengo para presentar una reclamaci\u00f3n en Carolina del Norte?<\/h3>\n<p>En Carolina del Norte, el estatuto de limitaciones para presentar una demanda por lesiones personales, incluyendo accidentes de motocicleta, es generalmente de tres a\u00f1os a partir de la fecha del accidente. Esto significa que usted tiene tres a\u00f1os para iniciar una acci\u00f3n legal. Si no se presenta dentro de este plazo puede resultar en la p\u00e9rdida de su derecho a solicitar una indemnizaci\u00f3n. Es crucial consultar con un abogado con experiencia en accidentes de motocicleta en Charlotte con prontitud para asegurar que su reclamo sea presentado a tiempo y que toda la evidencia necesaria sea reunida.<\/p>\n<h3>\u00bfQu\u00e9 pasa si el conductor culpable no tiene seguro?<\/h3>\n<p>Si usted se encuentra en una situacion donde el conductor culpable no tiene seguro, usted todavia tiene opciones. La ley de Carolina del Norte requiere que todos los conductores tengan seguro de responsabilidad civil, pero por desgracia, no todos cumplen. Si usted tiene cobertura de motorista sin seguro como parte de su propia p\u00f3liza de seguro, usted puede ser capaz de presentar una reclamaci\u00f3n en virtud de esa cobertura. Adem\u00e1s, nuestros abogados expertos en accidentes de motocicleta en Charlotte pueden ayudar a identificar otras posibles fuentes de compensaci\u00f3n, como la protecci\u00f3n contra lesiones personales (PIP) u otras p\u00f3lizas de seguro que puedan aplicarse.<\/p>\n<h3>\u00bfC\u00f3mo puedo probar la negligencia en mi caso de accidente de moto?<\/h3>\n<p>Probar negligencia es esencial en cualquier demanda de accidente de motocicleta. Para establecer la negligencia, debe demostrar que el conductor culpable no actu\u00f3 con cuidado razonable, lo que llev\u00f3 al accidente y sus lesiones. Esto implica la recopilaci\u00f3n de pruebas, tales como informes policiales, declaraciones de testigos y registros m\u00e9dicos.<\/p>\n<h2>P\u00f3ngase en contacto con Panchenko Law Firm hoy para una consulta legal gratuita<\/h2>\n<p>Si usted o un ser querido ha estado involucrado en un accidente de motocicleta reciente en Charlotte, Carolina del Norte, llegar a Panchenko Law Firm para una consulta legal gratuita es un paso crucial. Nuestro equipo de abogados de lesiones personales tiene a\u00f1os de experiencia legal combinada con casos de lesiones personales y las leyes de tr\u00e1fico. Ofrecemos una consulta gratuita para discutir los detalles de su caso de accidente de motocicleta en Carolina del Norte y delinear sus opciones para seguir adelante. Durante esta consulta, nuestros abogados experimentados en accidentes de motocicleta escuchar\u00e1n su historia, evaluar\u00e1n las circunstancias que rodearon su accidente y le explicar\u00e1n c\u00f3mo podemos ayudarle a obtener la compensaci\u00f3n que merece. Entendemos la urgencia de su situaci\u00f3n y nos comprometemos a responder r\u00e1pidamente a sus consultas.<\/p>\n<p><a href=\"https:\/\/bpcounsel.com\/wp-content\/uploads\/2026\/01\/motorcycle-acc-v2-1.webp\"><img loading=\"lazy\" decoding=\"async\" class=\"alignnone wp-image-8185 size-full\" src=\"https:\/\/bpcounsel.com\/wp-content\/uploads\/2026\/01\/motorcycle-acc-v2-1.webp\" alt=\"Let Panchenko Law Firm fight for you\" width=\"600\" height=\"400\" srcset=\"https:\/\/bpcounsel.com\/wp-content\/uploads\/2026\/01\/motorcycle-acc-v2-1.webp 600w, https:\/\/bpcounsel.com\/wp-content\/uploads\/2026\/01\/motorcycle-acc-v2-1-300x200.webp 300w\" sizes=\"(max-width: 600px) 100vw, 600px\" \/><\/a><\/p>\n<p>Trabajar con un bufete de abogados de confianza en Carolina del Norte y abogados de accidentes de motocicleta en Charlotte<\/p>\n<p>Nuestros experimentados abogados trabajar\u00e1n diligentemente para recopilar y analizar toda la informaci\u00f3n relevante, ayudando a construir un caso s\u00f3lido que apoye su reclamo de compensaci\u00f3n. Estamos comprometidos a abogar por sus derechos y asegurar que los responsables de sus lesiones rindan cuentas. Nuestros experimentados abogados de lesiones personales operan con una garant\u00eda sin honorarios. Esto significa que usted no pagar\u00e1 honorarios legales a menos que obtengamos una indemnizaci\u00f3n para usted. Este enfoque le permite centrarse en su recuperaci\u00f3n sin la carga financiera a\u00f1adida de los costes legales por adelantado. No espere para buscar la ayuda que necesita. P\u00f3ngase en contacto con nosotros hoy mismo para programar su consulta gratuita. Deje que nuestros expertos abogados le gu\u00eden a trav\u00e9s del proceso legal y defiendan sus derechos. Su viaje a la recuperaci\u00f3n comienza con una simple llamada telef\u00f3nica a <a href=\"tel:+17049007675\"><i class=\"fa fa-phone-alt\"><\/i>(704) 900-7675<\/a>.<\/p>\n<p>&nbsp;<\/p>\n<p>&nbsp;<\/p>\n<p>&nbsp;<\/p>\n","protected":false},"excerpt":{"rendered":"<p>\u00bfPor qu\u00e9 elegir Panchenko Law Firm para su caso de accidente de motocicleta? Cuando usted ha estado involucrado en un accidente de motocicleta, la selecci\u00f3n del abogado adecuado puede afectar significativamente su viaje de recuperaci\u00f3n. En Panchenko Law Firm, entendemos los desaf\u00edos \u00fanicos que enfrentan las v\u00edctimas de accidentes de motocicleta. Nuestros abogados de accidentes [&hellip;]<\/p>\n","protected":false},"author":45,"featured_media":0,"parent":3663,"menu_order":0,"comment_status":"closed","ping_status":"closed","template":"","meta":{"_acf_changed":false,"anchor_text":"","footnotes":""},"class_list":["post-3672","page","type-page","status-publish","hentry"],"acf":[],"_links":{"self":[{"href":"https:\/\/bpcounsel.com\/es\/wp-json\/wp\/v2\/pages\/3672","targetHints":{"allow":["GET"]}}],"collection":[{"href":"https:\/\/bpcounsel.com\/es\/wp-json\/wp\/v2\/pages"}],"about":[{"href":"https:\/\/bpcounsel.com\/es\/wp-json\/wp\/v2\/types\/page"}],"author":[{"embeddable":true,"href":"https:\/\/bpcounsel.com\/es\/wp-json\/wp\/v2\/users\/45"}],"replies":[{"embeddable":true,"href":"https:\/\/bpcounsel.com\/es\/wp-json\/wp\/v2\/comments?post=3672"}],"version-history":[{"count":6,"href":"https:\/\/bpcounsel.com\/es\/wp-json\/wp\/v2\/pages\/3672\/revisions"}],"predecessor-version":[{"id":8186,"href":"https:\/\/bpcounsel.com\/es\/wp-json\/wp\/v2\/pages\/3672\/revisions\/8186"}],"up":[{"embeddable":true,"href":"https:\/\/bpcounsel.com\/es\/wp-json\/wp\/v2\/pages\/3663"}],"wp:attachment":[{"href":"https:\/\/bpcounsel.com\/es\/wp-json\/wp\/v2\/media?parent=3672"}],"curies":[{"name":"wp","href":"https:\/\/api.w.org\/{rel}","templated":true}]}}