{"id":3669,"date":"2025-11-11T08:30:27","date_gmt":"2025-11-11T13:30:27","guid":{"rendered":"https:\/\/bpcounsel.com\/charlotte\/charlotte-abogado-de-accidente-de-coche\/"},"modified":"2026-01-20T09:53:27","modified_gmt":"2026-01-20T14:53:27","slug":"charlotte-abogado-de-accidente-de-coche","status":"publish","type":"page","link":"https:\/\/bpcounsel.com\/es\/charlotte\/charlotte-abogado-de-accidente-de-coche\/","title":{"rendered":"Charlotte Abogado de Accidente de Coche"},"content":{"rendered":"<h2>\u00bfPor qu\u00e9 elegir Panchenko Law Firm para su caso de accidente de coche?<\/h2>\n<p>Cuando se enfrentan a las consecuencias de un accidente de coche, la elecci\u00f3n de la representaci\u00f3n legal adecuada es crucial. En Panchenko Law Firm, estamos dispuestos a apoyarle en cada paso de su demanda por lesiones personales. Nuestro equipo de abogados dedicados se especializa en casos de accidentes de coche, asegurando que usted reciba la atenci\u00f3n y la experiencia necesaria para navegar por las complejidades de su situaci\u00f3n. Entendemos que cada caso de accidente de coche es \u00fanico, y adaptamos nuestro enfoque para satisfacer sus necesidades espec\u00edficas. Nuestro compromiso con una filosof\u00eda centrada en el cliente significa que damos prioridad a su bienestar y nos esforzamos por lograr el resultado m\u00e1s beneficioso posible para usted. Nuestro equipo legal no s\u00f3lo est\u00e1 bien informado; nos apasiona luchar por los derechos de las v\u00edctimas de accidentes automovil\u00edsticos en Charlotte.<\/p>\n<p><img fetchpriority=\"high\" decoding=\"async\" class=\"alignnone wp-image-2603 size-full\" src=\"https:\/\/bpcounsel.com\/wp-content\/uploads\/2024\/12\/car-accident-2.webp\" alt=\"Panchenko Law Firm is your Charlotte Car Accident Lawyer\" width=\"500\" height=\"333\" srcset=\"https:\/\/bpcounsel.com\/wp-content\/uploads\/2024\/12\/car-accident-2.webp 500w, https:\/\/bpcounsel.com\/wp-content\/uploads\/2024\/12\/car-accident-2-300x200.webp 300w\" sizes=\"(max-width: 500px) 100vw, 500px\" \/><\/p>\n<p>Con un historial probado de \u00e9xito, nuestra firma se ha ganado la reputaci\u00f3n de ofrecer resultados excepcionales. Estamos orgullosos de nuestra capacidad para comunicarnos eficazmente con nuestros clientes, proporcionando actualizaciones y respondiendo a cualquier pregunta que pueda tener durante todo el proceso legal. Esta transparencia ayuda a construir la confianza y asegura que usted se sienta apoyado durante lo que puede ser un momento dif\u00edcil. Adem\u00e1s de nuestra experiencia y dedicaci\u00f3n, aprovechamos nuestra comprensi\u00f3n del sistema legal de Carolina del Norte para abogar eficazmente en su nombre. Sabemos c\u00f3mo tratar con las compa\u00f1\u00edas de seguros, asegurando que no se aprovechan de usted en las negociaciones. Al elegirnos, usted obtiene acceso a un equipo que est\u00e1 comprometido a asegurar la compensaci\u00f3n que merece por sus gastos m\u00e9dicos, salarios perdidos, y el dolor y el sufrimiento. En resumen, si usted est\u00e1 buscando un abogado de accidente de coche Charlotte, no busque m\u00e1s all\u00e1 de Panchenko Law Firm. Estamos aqu\u00ed para ayudarle a recuperarse y reconstruir su vida despu\u00e9s de un accidente de coche. Perm\u00edtanos ser sus defensores de confianza en este viaje.<\/p>\n<h2>Apoyo legal integral para las v\u00edctimas de accidentes de coche<\/h2>\n<p>Panchenko Law Firm reconoce que los accidentes de coche pueden dejar a las v\u00edctimas frente a una multitud de desaf\u00edos. Desde la angustia emocional y lesiones a efectos duraderos como lesiones cerebrales traum\u00e1ticas y trastorno de estr\u00e9s postraum\u00e1tico, navegar por las secuelas de un accidente de veh\u00edculo de motor puede ser extremadamente dif\u00edcil. Nuestro equipo especializado ofrece apoyo jur\u00eddico integral adaptado a sus necesidades espec\u00edficas. Desde el momento en que se ponga en contacto con nosotros, daremos prioridad a su recuperaci\u00f3n y trabajaremos con diligencia para conseguir la indemnizaci\u00f3n que se merece. Cuando usted elige nuestra firma, usted puede esperar una evaluaci\u00f3n completa de su situaci\u00f3n. Reuniremos pruebas esenciales, incluyendo informes policiales y declaraciones de testigos, para construir un caso s\u00f3lido en su nombre. Nuestros experimentados abogados son expertos en el trato con las compa\u00f1\u00edas de seguros, asegur\u00e1ndose de que su reclamo se maneja con eficacia y eficiencia. Entendemos la angustia emocional y la carga financiera que un accidente de coche puede causar. Es por eso que nos centramos en proporcionar apoyo compasivo mientras persigue agresivamente sus derechos. Si usted est\u00e1 tratando con las facturas m\u00e9dicas, salarios perdidos, o el dolor de las lesiones por accidente de coche grave, nuestro equipo est\u00e1 aqu\u00ed para ayudarle a navegar por estos desaf\u00edos. Nuestro apoyo legal se extiende m\u00e1s all\u00e1 de la simple presentaci\u00f3n de una reclamaci\u00f3n. Le guiaremos a trav\u00e9s de cada paso del proceso, desde las consultas iniciales hasta las negociaciones con los ajustadores de seguros. Nuestro objetivo es aliviar el estr\u00e9s asociado con su caso, lo que le permite concentrarse en la recuperaci\u00f3n. Si usted o un ser querido ha estado involucrado en un accidente de coche en Charlotte, no dude en ponerse en contacto. Nuestro equipo est\u00e1 listo para proporcionar la asistencia jur\u00eddica que necesita para seguir adelante.<\/p>\n<p><img decoding=\"async\" class=\"alignnone wp-image-2605 size-full\" src=\"https:\/\/bpcounsel.com\/wp-content\/uploads\/2024\/12\/paralegal-work.webp\" alt=\"A lawyer and paralegal discuss a client's case\" width=\"500\" height=\"333\" srcset=\"https:\/\/bpcounsel.com\/wp-content\/uploads\/2024\/12\/paralegal-work.webp 500w, https:\/\/bpcounsel.com\/wp-content\/uploads\/2024\/12\/paralegal-work-300x200.webp 300w\" sizes=\"(max-width: 500px) 100vw, 500px\" \/><\/p>\n<h2>Nuestro enfoque para asegurar la m\u00e1xima compensaci\u00f3n<\/h2>\n<p>Damos prioridad a su recuperaci\u00f3n y trabajamos diligentemente para asegurar la m\u00e1xima compensaci\u00f3n que se merece despu\u00e9s de un accidente de coche. Nuestros experimentados abogados de accidentes automovil\u00edsticos en Charlotte est\u00e1n comprometidos a guiarlo a trav\u00e9s de cada paso del proceso legal. Entendemos que cada caso es \u00fanico, y adaptamos nuestro enfoque para satisfacer sus necesidades espec\u00edficas. Desde el momento en que usted se pone en contacto con nosotros, nos centramos en reunir todas las pruebas pertinentes. Esto incluye informes policiales, registros m\u00e9dicos y declaraciones de testigos. Nuestro equipo legal analiza meticulosamente estos detalles para construir un caso s\u00f3lido en su nombre. Sabemos que la documentaci\u00f3n exhaustiva es crucial para establecer la responsabilidad y demostrar el alcance de sus lesiones. La negociaci\u00f3n es un componente cr\u00edtico de nuestra estrategia. Nos comprometemos con la compa\u00f1\u00eda de seguros del otro conductor para abogar por una compensaci\u00f3n justa. Nuestros abogados son h\u00e1biles negociadores que entienden las t\u00e1cticas utilizadas por los ajustadores de seguros para minimizar los pagos. No nos conformaremos con menos de lo que usted se merece. Si es necesario, estamos preparados para llevar su caso a los tribunales para luchar por sus derechos. A lo largo de este proceso, mantenemos una comunicaci\u00f3n abierta con usted. Creemos que la comprensi\u00f3n de sus opciones legales y el estado de su caso es esencial. Nuestro compromiso con la transparencia significa que siempre estar\u00e1 informado y capacitado para tomar decisiones sobre su caso. En resumen, nuestro enfoque para asegurar la m\u00e1xima compensaci\u00f3n se basa en una investigaci\u00f3n exhaustiva, una negociaci\u00f3n agresiva y un apoyo inquebrantable. Conf\u00ede en Panchenko Law Firm para ser su defensor dedicado en su caso de accidente de coche.<\/p>\n<h2>El coste de contratar a un abogado de accidentes de coche en Charlotte<\/h2>\n<p>Al considerar la representaci\u00f3n legal despu\u00e9s de un accidente de coche, la comprensi\u00f3n de cu\u00e1nto cuesta un abogado de accidente de coche es crucial. Nuestra empresa opera sobre una base de honorarios de contingencia. Esto significa que usted no paga honorarios por adelantado o cargos por hora. Nuestro pago depende de ganar su caso. Si no aseguramos la compensaci\u00f3n para usted, usted no nos debe nada. Esta estructura permite a las v\u00edctimas de accidentes de coche para buscar la justicia sin la carga de la tensi\u00f3n financiera inmediata. Creemos que todo el mundo merece tener acceso a una representaci\u00f3n legal de calidad, independientemente de su situaci\u00f3n financiera actual. Nuestro modelo de honorarios de contingencia cubre varios gastos relacionados con su caso. Estos pueden incluir los costos de los honorarios de presentaci\u00f3n, recuperaci\u00f3n de registros m\u00e9dicos, y otros gastos necesarios. Usted no ser\u00e1 responsable de estos costos a menos que ganemos su caso. La elecci\u00f3n de un abogado de Charlotte accidente de auto no debe a\u00f1adir a su estr\u00e9s. Con nuestra firma, usted puede concentrarse en su recuperaci\u00f3n mientras nosotros nos encargamos de las complejidades de su demanda por lesiones personales. Estamos comprometidos a luchar por la m\u00e1xima compensaci\u00f3n posible mientras nos aseguramos de que usted no tenga ning\u00fan riesgo financiero en el proceso.<\/p>\n<h2>Pasos a seguir despu\u00e9s de un accidente de coche en Charlotte, Carolina del Norte<\/h2>\n<p>Sufrir un accidente de coche puede ser abrumador. Desde accidentes por exceso de velocidad hasta conductores ebrios, cualquier colisi\u00f3n entre veh\u00edculos puede sacudir a las v\u00edctimas y hacerles dif\u00edcil concentrarse. Sin embargo, conocer los pasos correctos a tomar inmediatamente despu\u00e9s puede hacer una diferencia significativa en su recuperaci\u00f3n y potencial demanda legal. Esto es lo que debe hacer para proteger sus derechos y sentar las bases de una s\u00f3lida demanda por lesiones personales.<\/p>\n<h3>Medidas inmediatas para proteger sus derechos<\/h3>\n<p>En primer lugar, compruebe si hay heridos. Aseg\u00farese de que usted y los dem\u00e1s implicados est\u00e1n a salvo. Si alguien est\u00e1 herido, llame al 911 de inmediato. Es crucial obtener asistencia m\u00e9dica lo antes posible. Aunque las lesiones parezcan leves, es aconsejable solicitar una evaluaci\u00f3n m\u00e9dica. Algunas lesiones pueden no ser evidentes de inmediato, pero pueden tener efectos a largo plazo. A continuaci\u00f3n, si es posible, trasl\u00e1date a un lugar seguro. Esto ayuda a evitar m\u00e1s accidentes. Enciende las luces de emergencia y coloca bengalas si las tienes. Si puedes hacerlo sin peligro, intercambia informaci\u00f3n con el otro conductor. Recopila nombres, datos de contacto, informaci\u00f3n del seguro y datos del veh\u00edculo. No admitas la culpa en el lugar de los hechos. Aunque creas que puedes haber sido parcialmente responsable, es esencial que evites hacer declaraciones que puedan ser utilizadas en tu contra m\u00e1s adelante.<\/p>\n<h3>Documentaci\u00f3n del lugar del accidente y recogida de pruebas<\/h3>\n<p>Despu\u00e9s de garantizar la seguridad, docum\u00e9ntalo todo. Utiliza tu tel\u00e9fono para hacer fotos del lugar del accidente, los da\u00f1os del veh\u00edculo y las lesiones visibles. Capta las condiciones de la carretera, las se\u00f1ales de tr\u00e1fico y cualquier marca de derrape o escombros. Estas pruebas pueden ser muy valiosas para apoyar tu reclamaci\u00f3n. Si hay testigos, p\u00eddales sus datos de contacto. Sus testimonios pueden aportar nuevas perspectivas sobre el accidente. Adem\u00e1s, presente un informe policial si a\u00fan no lo ha hecho. Este informe suele ser una prueba fundamental en los casos de accidentes de tr\u00e1fico. Por \u00faltimo, lleve un registro de todos los tratamientos y gastos m\u00e9dicos. Esto incluye visitas al m\u00e9dico, medicamentos y rehabilitaci\u00f3n. Estos registros respaldar\u00e1n su reclamaci\u00f3n de indemnizaci\u00f3n. Tomar estas medidas inmediatamente despu\u00e9s de un accidente de coche puede influir significativamente en el resultado de su caso. Si usted tiene preguntas o necesita ayuda, considere la posibilidad de llegar a un abogado de accidente de coche Charlotte. Ellos pueden guiarle a trav\u00e9s del proceso y ayudarle a proteger sus derechos.<\/p>\n<p><img decoding=\"async\" class=\"alignnone wp-image-2607 size-full\" src=\"https:\/\/bpcounsel.com\/wp-content\/uploads\/2024\/12\/car-wreck-evidence-2.webp\" alt=\"A woman takes pictures of a car wreck caused by a negligent driver\" width=\"500\" height=\"333\" srcset=\"https:\/\/bpcounsel.com\/wp-content\/uploads\/2024\/12\/car-wreck-evidence-2.webp 500w, https:\/\/bpcounsel.com\/wp-content\/uploads\/2024\/12\/car-wreck-evidence-2-300x200.webp 300w\" sizes=\"(max-width: 500px) 100vw, 500px\" \/><\/p>\n<h2>Preguntas frecuentes sobre casos de accidentes de tr\u00e1fico<\/h2>\n<p><img loading=\"lazy\" decoding=\"async\" class=\"alignnone wp-image-3928 \" src=\"https:\/\/bpcounsel.com\/wp-content\/uploads\/2025\/01\/CarAccident-copy.webp\" alt=\"car accidentes\" width=\"498\" height=\"746\" srcset=\"https:\/\/bpcounsel.com\/wp-content\/uploads\/2025\/01\/CarAccident-copy.webp 800w, https:\/\/bpcounsel.com\/wp-content\/uploads\/2025\/01\/CarAccident-copy-200x300.webp 200w, https:\/\/bpcounsel.com\/wp-content\/uploads\/2025\/01\/CarAccident-copy-684x1024.webp 684w, https:\/\/bpcounsel.com\/wp-content\/uploads\/2025\/01\/CarAccident-copy-768x1150.webp 768w\" sizes=\"(max-width: 498px) 100vw, 498px\" \/><\/p>\n<p>Cuando usted se encuentra en las secuelas de un accidente de coche, es natural tener preguntas. A menudo, las v\u00edctimas de la negligencia de otra persona se quedan enojados y tienen lesiones graves, mientras que frente a la posibilidad de p\u00e9rdida de ingresos. Esta es la raz\u00f3n por Panchenko Law Firm hace hincapi\u00e9 en un enfoque compasivo y se esfuerza por ofrecer una comunicaci\u00f3n r\u00e1pida con nuestros clientes. La comprensi\u00f3n de sus derechos y el proceso legal puede hacer una diferencia significativa en la forma de navegar la situaci\u00f3n. Aqu\u00ed hay algunas preguntas frecuentes con respecto a los casos de accidentes automovil\u00edsticos en Charlotte, Carolina del Norte.<\/p>\n<h3>\u00bfC\u00f3mo elijo el abogado adecuado para un accidente automovil\u00edstico?<\/h3>\n<p>Seleccionar un abogado de accidentes automovil\u00edsticos en Charlotte, Carolina del Norte puede sentirse abrumador. Busque un abogado de accidentes automovil\u00edsticos que se especializa en la ley de lesiones personales. Tenga en cuenta su experiencia, comentarios de los clientes, y el historial de casos ganados. Un buen abogado debe comunicarse con claridad y estar dedicado a sus mejores intereses. La comunicaci\u00f3n r\u00e1pida y asesoramiento jur\u00eddico directo son de suma importancia cuando se trata de elegir un abogado para su accidente de lesiones personales.<\/p>\n<h3>\u00bfQu\u00e9 debo hacer si sufro lesiones en un accidente de tr\u00e1fico?<\/h3>\n<p>Si resulta herido, su prioridad inmediata debe ser buscar atenci\u00f3n m\u00e9dica. Despu\u00e9s de garantizar su seguridad, documente el lugar del accidente. Tome fotos, re\u00fana la informaci\u00f3n de contacto de los testigos y obtenga una copia del informe policial. Esta informaci\u00f3n ser\u00e1 crucial para su demanda por lesiones personales en Charlotte. En la mayor\u00eda de los casos de lesiones personales, la persona con m\u00e1s pruebas de apoyo se ve favorecida en los tribunales.<\/p>\n<h3>\u00bfTendr\u00e9 que ir a la corte por mi caso de accidente de auto?<\/h3>\n<p>No todos los casos de accidentes de coche van a juicio. Muchos se resuelven a trav\u00e9s de negociaciones con las compa\u00f1\u00edas de seguros. Sin embargo, si no se puede llegar a un acuerdo justo, su abogado puede recomendar emprender acciones legales. Ellos le guiar\u00e1n a trav\u00e9s del proceso y representar sus intereses en los tribunales si es necesario.<\/p>\n<h3>\u00bfCu\u00e1nto tiempo tengo para presentar una reclamaci\u00f3n?<\/h3>\n<p>En Carolina del Norte, normalmente tiene tres a\u00f1os a partir de la fecha del accidente de autom\u00f3vil para presentar una demanda en un caso de lesiones personales. Sin embargo, es aconsejable iniciar el proceso lo antes posible. Los retrasos pueden dar lugar a complicaciones y pueden poner en peligro sus posibilidades de ser capaz de recuperar una indemnizaci\u00f3n.<\/p>\n<h3>\u00bfQu\u00e9 indemnizaci\u00f3n puedo esperar?<\/h3>\n<p>La indemnizaci\u00f3n var\u00eda en funci\u00f3n de las caracter\u00edsticas espec\u00edficas de su caso. Las formas comunes de compensaci\u00f3n incluyen facturas m\u00e9dicas, salarios perdidos, dolor y sufrimiento, y da\u00f1os a la propiedad. Su abogado de lesiones personales en Charlotte le ayudar\u00e1 a evaluar su situaci\u00f3n y buscar la m\u00e1xima compensaci\u00f3n basada en sus p\u00e9rdidas.<\/p>\n<h3>\u00bfQu\u00e9 pasa si soy parcialmente culpable?<\/h3>\n<p>Carolina del Norte sigue una regla de negligencia contribuyente. Esto significa que si se encuentra que incluso el 1% de culpa por el accidente, puede ser excluido de la recuperaci\u00f3n de cualquier compensaci\u00f3n. Es crucial contar con un abogado con experiencia en lesiones que pueda defender su caso con eficacia y proteger sus derechos. Estas respuestas deben proporcionar claridad a medida que navegan las secuelas de un accidente de coche. Si tiene m\u00e1s preguntas o necesita asistencia legal, p\u00f3ngase en contacto con Panchenko Law Firm para una consulta legal gratuita. Estamos aqu\u00ed para ayudarle a entender sus opciones y abogar por sus derechos.<\/p>\n<h2>P\u00f3ngase en contacto con Panchenko Law Firm para una consulta gratuita<\/h2>\n<p>Si usted ha estado involucrado en un accidente de coche en Charlotte, Carolina del Norte, llegar a Panchenko Law Firm es un paso crucial. Nuestro equipo de abogados dedicados a lesiones personales en Charlotte tiene una vasta cantidad de experiencia legal combinada en accidentes automovil\u00edsticos frontales, demandas por homicidio culposo y casos de lesiones personales. Entendemos los desaf\u00edos que enfrenta despu\u00e9s de un accidente, y estamos comprometidos a ayudarle a navegar por las complejidades de su caso. Nuestros abogados est\u00e1n autorizados para ejercer en Carolina del Norte, Carolina del Sur y Florida, y estamos dedicados a proporcionar representaci\u00f3n legal con experiencia con prontitud y compasi\u00f3n.<\/p>\n<p><a href=\"https:\/\/bpcounsel.com\/wp-content\/uploads\/2026\/01\/car-acc-v2.webp\"><img loading=\"lazy\" decoding=\"async\" class=\"alignnone wp-image-8182 size-full\" src=\"https:\/\/bpcounsel.com\/wp-content\/uploads\/2026\/01\/car-acc-v2.webp\" alt=\"Panchenko Law Firm | Your Charlotte Car Accident Attorneys\" width=\"600\" height=\"400\" \/><\/a><\/p>\n<p>Cuando se ponga en contacto con nosotros, puede esperar una consulta gratuita donde evaluaremos su situaci\u00f3n. Esta reuni\u00f3n sin compromiso le permite discutir los detalles de su accidente y entender sus opciones legales. Nuestros abogados experimentados en accidentes automovil\u00edsticos en Charlotte escuchar\u00e1n sus preocupaciones, responder\u00e1n a sus preguntas, y esbozar\u00e1n los pasos que podemos tomar juntos para obtener una compensaci\u00f3n justa por cualquier lesi\u00f3n grave y da\u00f1os. Nuestra firma se enorgullece de un enfoque centrado en el cliente. Damos prioridad a la comunicaci\u00f3n r\u00e1pida, asegurando que usted reciba actualizaciones sobre su caso y respuestas a sus preguntas a medida que surgen. Creemos que la transparencia es clave para construir la confianza con nuestros clientes. No dude en ponerse en contacto con nosotros. Programe la evaluaci\u00f3n gratuita de su caso hoy mismo y d\u00e9 el primer paso para obtener el apoyo legal que necesita. En Panchenko Law Firm, estamos listos para defender sus derechos y ayudarle a recuperar la compensaci\u00f3n que se merece.<\/p>\n","protected":false},"excerpt":{"rendered":"<p>\u00bfPor qu\u00e9 elegir Panchenko Law Firm para su caso de accidente de coche? Cuando se enfrentan a las consecuencias de un accidente de coche, la elecci\u00f3n de la representaci\u00f3n legal adecuada es crucial. En Panchenko Law Firm, estamos dispuestos a apoyarle en cada paso de su demanda por lesiones personales. Nuestro equipo de abogados dedicados [&hellip;]<\/p>\n","protected":false},"author":45,"featured_media":0,"parent":3663,"menu_order":0,"comment_status":"closed","ping_status":"closed","template":"","meta":{"_acf_changed":false,"anchor_text":"","footnotes":""},"class_list":["post-3669","page","type-page","status-publish","hentry"],"acf":[],"_links":{"self":[{"href":"https:\/\/bpcounsel.com\/es\/wp-json\/wp\/v2\/pages\/3669","targetHints":{"allow":["GET"]}}],"collection":[{"href":"https:\/\/bpcounsel.com\/es\/wp-json\/wp\/v2\/pages"}],"about":[{"href":"https:\/\/bpcounsel.com\/es\/wp-json\/wp\/v2\/types\/page"}],"author":[{"embeddable":true,"href":"https:\/\/bpcounsel.com\/es\/wp-json\/wp\/v2\/users\/45"}],"replies":[{"embeddable":true,"href":"https:\/\/bpcounsel.com\/es\/wp-json\/wp\/v2\/comments?post=3669"}],"version-history":[{"count":4,"href":"https:\/\/bpcounsel.com\/es\/wp-json\/wp\/v2\/pages\/3669\/revisions"}],"predecessor-version":[{"id":8183,"href":"https:\/\/bpcounsel.com\/es\/wp-json\/wp\/v2\/pages\/3669\/revisions\/8183"}],"up":[{"embeddable":true,"href":"https:\/\/bpcounsel.com\/es\/wp-json\/wp\/v2\/pages\/3663"}],"wp:attachment":[{"href":"https:\/\/bpcounsel.com\/es\/wp-json\/wp\/v2\/media?parent=3669"}],"curies":[{"name":"wp","href":"https:\/\/api.w.org\/{rel}","templated":true}]}}