{"id":3666,"date":"2024-12-12T15:42:32","date_gmt":"2024-12-12T20:42:32","guid":{"rendered":"https:\/\/bpcounsel.com\/charlotte\/charlotte-abogado-de-accidente-de-bicicleta\/"},"modified":"2025-01-29T15:40:53","modified_gmt":"2025-01-29T20:40:53","slug":"charlotte-abogado-de-accidente-de-bicicleta","status":"publish","type":"page","link":"https:\/\/bpcounsel.com\/es\/charlotte\/charlotte-abogado-de-accidente-de-bicicleta\/","title":{"rendered":"Charlotte Abogado de Accidente de Bicicleta"},"content":{"rendered":"<h2>Entendiendo los accidentes de bicicleta en Charlotte<\/h2>\n<p>Los accidentes de bicicleta en Charlotte presentan desaf\u00edos \u00fanicos para los ciclistas. Cada a\u00f1o, numerosos ciclistas se enfrentan a incidentes que pueden conducir a lesiones graves o incluso mortales. Comprender la din\u00e1mica de estos accidentes es esencial tanto para los ciclistas como para los automovilistas. En Charlotte, la prevalencia de los carriles bici y la mayor concienciaci\u00f3n sobre la seguridad ciclista no han eliminado los riesgos que supone para los ciclistas el tr\u00e1fico en sentido contrario. Son muchos los factores que contribuyen a la frecuencia de los accidentes de bicicleta, entre ellos la conducci\u00f3n distra\u00edda y el comportamiento de los conductores de veh\u00edculos a motor. Los ciclistas suelen compartir la carretera con otros automovilistas, lo que los hace especialmente vulnerables. Adem\u00e1s de los peligros f\u00edsicos, las secuelas de un accidente de bicicleta pueden ser abrumadoras. Las v\u00edctimas pueden experimentar no s\u00f3lo dolor f\u00edsico, sino tambi\u00e9n trastornos emocionales. Los gastos m\u00e9dicos pueden acumularse, y los salarios perdidos por faltar al trabajo pueden a\u00f1adirse a la carga financiera. Creemos que las v\u00edctimas de accidentes de bicicleta deben entender sus derechos y opciones legales. Adem\u00e1s, los accidentes de bicicleta difieren significativamente de los accidentes de coche. Las leyes que rigen los ciclistas y las responsabilidades de todos los usuarios de la carretera son \u00fanicas. La comprensi\u00f3n de estos matices puede ayudar a las v\u00edctimas a navegar por las complejidades de sus casos. Para los heridos en un accidente de bicicleta, la b\u00fasqueda de orientaci\u00f3n de un abogado con experiencia en accidentes de bicicleta en Charlotte puede hacer una diferencia significativa en la b\u00fasqueda de la justicia y la recuperaci\u00f3n de la indemnizaci\u00f3n. En resumen, estar informado sobre la realidad de los accidentes de bicicleta en Charlotte es vital tanto para los ciclistas como para los conductores. La conciencia puede conducir a carreteras m\u00e1s seguras y mejores resultados para las v\u00edctimas, y un abogado de accidentes de bicicleta en Charlotte puede ayudarle si usted es v\u00edctima de un accidente.<\/p>\n<p><img fetchpriority=\"high\" decoding=\"async\" class=\"alignnone wp-image-2591 size-full\" src=\"https:\/\/bpcounsel.com\/wp-content\/uploads\/2024\/12\/bicycle-crash-2.webp\" alt=\"A cyclist is hit on the road by a car and may be eligible for compensation\" width=\"500\" height=\"333\" srcset=\"https:\/\/bpcounsel.com\/wp-content\/uploads\/2024\/12\/bicycle-crash-2.webp 500w, https:\/\/bpcounsel.com\/wp-content\/uploads\/2024\/12\/bicycle-crash-2-300x200.webp 300w\" sizes=\"(max-width: 500px) 100vw, 500px\" \/><\/p>\n<h2>Navegando por las leyes de Carolina del Norte para ciclistas<\/h2>\n<p>Comprender las leyes de Carolina del Norte sobre bicicletas es crucial para todo ciclista. Estas leyes est\u00e1n dise\u00f1adas para proteger tanto a los ciclistas como a los dem\u00e1s usuarios de la carretera. Familiarizarse con estas normas puede ayudarle a circular de forma segura y responsable.<\/p>\n<h3>Leyes clave sobre bicicletas que todo ciclista debe conocer<\/h3>\n<p>En Carolina del Norte, los ciclistas tienen los mismos derechos y responsabilidades que los conductores de veh\u00edculos de motor. Esto significa que debe obedecer las se\u00f1ales de tr\u00e1fico. Adem\u00e1s, es obligatorio circular por el lado derecho de la carretera, lo que permite un flujo de tr\u00e1fico m\u00e1s fluido. Los ciclistas tambi\u00e9n deben utilizar los carriles bici cuando est\u00e9n disponibles y hacer siempre se\u00f1ales con la mano al cambiar de carril o girar, incluso en los aparcamientos. Si no hay carril expl\u00edcitamente para una bicicleta, debe circular lo m\u00e1s cerca posible del borde derecho de la calzada. Adem\u00e1s, el uso del casco es muy recomendable, sobre todo para los ciclistas m\u00e1s j\u00f3venes. Aunque no es obligatorio para los adultos, es una medida sencilla que puede reducir significativamente el riesgo de lesiones graves en la cabeza en caso de accidente. Adem\u00e1s, el uso de luces y reflectores cuando se circula de noche es esencial para la visibilidad y la seguridad. Como las bicicletas no tienen cinturones de seguridad, los motoristas deben tomar otras medidas para protegerse.<\/p>\n<h3>Derechos y responsabilidades de los ciclistas<\/h3>\n<p>Como ciclista, puede compartir la calzada con los veh\u00edculos de motor. Sin embargo, este derecho conlleva la responsabilidad de respetar todas las leyes de tr\u00e1fico. Esto incluye ceder el paso a los peatones y se\u00f1alizar los giros. Ser consciente del entorno y anticiparse a las acciones de otros conductores puede ayudar a evitar accidentes. Debe conocer sus derechos si sufre un accidente de bicicleta. Si la culpa es de otra persona, puede tener derecho a una indemnizaci\u00f3n por gastos m\u00e9dicos, p\u00e9rdida de ingresos y dolor y sufrimiento. La comprensi\u00f3n de estas leyes puede capacitarle para abogar por s\u00ed mismo con eficacia. Navegar por las leyes de Carolina del Norte en bicicleta puede parecer complejo, pero estar informado puede marcar una diferencia significativa. Mant\u00e9ngase siempre al d\u00eda sobre las regulaciones locales para garantizar su seguridad y protecci\u00f3n legal como ciclista en Charlotte.<\/p>\n<h2>Lesiones comunes en accidentes de bicicleta<\/h2>\n<p>Los accidentes de bicicleta pueden provocar una variedad de lesiones graves. Estas lesiones a menudo se derivan de la menor protecci\u00f3n que ofrecen las bicicletas en comparaci\u00f3n con los ocupantes de veh\u00edculos de motor. Cuando se produce una colisi\u00f3n, el impacto puede resultar en da\u00f1os corporales significativos.<\/p>\n<h3>Lesiones graves y su impacto en las v\u00edctimas<\/h3>\n<p><img decoding=\"async\" class=\"alignnone wp-image-3924\" src=\"https:\/\/bpcounsel.com\/wp-content\/uploads\/2025\/01\/Panchenko-Span-Bike-.webp\" alt=\"bicycle accidents\" width=\"400\" height=\"500\" srcset=\"https:\/\/bpcounsel.com\/wp-content\/uploads\/2025\/01\/Panchenko-Span-Bike-.webp 1100w, https:\/\/bpcounsel.com\/wp-content\/uploads\/2025\/01\/Panchenko-Span-Bike--240x300.webp 240w, https:\/\/bpcounsel.com\/wp-content\/uploads\/2025\/01\/Panchenko-Span-Bike--819x1024.webp 819w, https:\/\/bpcounsel.com\/wp-content\/uploads\/2025\/01\/Panchenko-Span-Bike--768x960.webp 768w\" sizes=\"(max-width: 400px) 100vw, 400px\" \/><\/p>\n<p>Entre las lesiones m\u00e1s comunes se encuentran los traumatismos craneoencef\u00e1licos, que pueden ir desde conmociones cerebrales hasta lesiones cerebrales traum\u00e1ticas. Estas lesiones pueden afectar a las capacidades cognitivas de la v\u00edctima y a su calidad de vida en general durante a\u00f1os. Adem\u00e1s, las fracturas \u00f3seas son frecuentes en los accidentes de bicicleta. Las fracturas, sobre todo en brazos, piernas y mu\u00f1ecas, pueden requerir tratamiento m\u00e9dico y rehabilitaci\u00f3n prolongados. Las lesiones medulares son otra consecuencia grave. Pueden provocar una discapacidad permanente y requerir cuidados de por vida. Las v\u00edctimas tambi\u00e9n pueden sufrir lesiones de tejidos blandos, como esguinces y distensiones, que pueden ser dolorosas y debilitantes.<\/p>\n<p><img decoding=\"async\" class=\"alignnone wp-image-2592 size-full\" src=\"https:\/\/bpcounsel.com\/wp-content\/uploads\/2024\/12\/bicycle-crash-1.webp\" alt=\"A bicyclist is hit by a car and is injured, laying on the pavement. He may be eligible for compensation.\" width=\"500\" height=\"333\" srcset=\"https:\/\/bpcounsel.com\/wp-content\/uploads\/2024\/12\/bicycle-crash-1.webp 500w, https:\/\/bpcounsel.com\/wp-content\/uploads\/2024\/12\/bicycle-crash-1-300x200.webp 300w\" sizes=\"(max-width: 500px) 100vw, 500px\" \/><\/p>\n<h3>Consecuencias a largo plazo de los accidentes de bicicleta<\/h3>\n<p>Las secuelas de un accidente de bicicleta a menudo van m\u00e1s all\u00e1 de las lesiones f\u00edsicas inmediatas. Las v\u00edctimas pueden sufrir angustia emocional, ansiedad y depresi\u00f3n mientras se recuperan. La carga financiera tambi\u00e9n puede ser abrumadora. Las facturas m\u00e9dicas, la p\u00e9rdida de ingresos y los gastos de rehabilitaci\u00f3n pueden acumularse r\u00e1pidamente. Los ciclistas lesionados pueden estar de baja durante largos periodos, lo que afecta a su estabilidad financiera. La combinaci\u00f3n de desaf\u00edos f\u00edsicos, emocionales y monetarios subraya la importancia de buscar asistencia legal. Si usted o un ser querido ha estado involucrado en un accidente de bicicleta, la comprensi\u00f3n de las posibles lesiones y sus consecuencias puede ayudarle a tomar las medidas necesarias hacia la recuperaci\u00f3n. Consultar con un abogado con experiencia en accidentes de bicicleta en Charlotte puede proporcionar la orientaci\u00f3n que necesita para navegar por este momento dif\u00edcil.<\/p>\n<h2>Buscando Compensaci\u00f3n Despu\u00e9s de un Accidente de Bicicleta<\/h2>\n<p>Si usted ha sido lesionado en un accidente de bicicleta en Charlotte, la comprensi\u00f3n de sus opciones de compensaci\u00f3n es crucial. Los ciclistas lesionados pueden buscar varios tipos de compensaci\u00f3n que cubran sus necesidades inmediatas y a largo plazo.<\/p>\n<h3>Tipos de indemnizaci\u00f3n para ciclistas lesionados<\/h3>\n<p>Las v\u00edctimas de accidentes de bicicleta pueden tener derecho a varias formas de compensaci\u00f3n, incluyendo:<\/p>\n<ul>\n<li><strong>Gastos m\u00e9dicos<\/strong>: Los gastos m\u00e9dicos incluyen facturas de hospital, costes de rehabilitaci\u00f3n y cualquier tratamiento continuo que pueda necesitar.<\/li>\n<li><strong>P\u00e9rdida de salario<\/strong>: Si sus lesiones le impiden trabajar, puede solicitar una indemnizaci\u00f3n por los ingresos perdidos durante su recuperaci\u00f3n.<\/li>\n<li><strong>Da\u00f1os materiales<\/strong>: La indemnizaci\u00f3n puede cubrir la reparaci\u00f3n o sustituci\u00f3n de su bicicleta y cualquier otro bien personal da\u00f1ado en el accidente.<\/li>\n<li><strong>Dolor y sufrimiento<\/strong>: Los da\u00f1os y perjuicios no econ\u00f3micos cubren el dolor f\u00edsico, la angustia emocional y la p\u00e9rdida del disfrute de la vida que suelen seguir a las lesiones graves.<\/li>\n<li><strong>Incapacidad permanente<\/strong>: Si tus lesiones te provocan una incapacidad permanente o de larga duraci\u00f3n, puedes reclamar una indemnizaci\u00f3n por futuros cuidados m\u00e9dicos y p\u00e9rdida de capacidad de ganancia.<\/li>\n<\/ul>\n<h2>Entendiendo Negligencia Contribuyente en Carolina del Norte<\/h2>\n<p>Carolina del Norte sigue una regla de negligencia contributiva. Como tal, si usted es encontrado para ser incluso parcialmente culpable del accidente, usted puede ser prohibido de recuperar cualquier compensaci\u00f3n. Es por eso que usted debe trabajar con un abogado experto en accidentes de bicicleta que puede ayudar a navegar por este complejo panorama jur\u00eddico. Ellos evaluar\u00e1n las circunstancias de su caso y reunir\u00e1n pruebas para establecer la responsabilidad de la otra parte, garantizando la protecci\u00f3n de sus derechos. Tras un accidente de bicicleta, buscar una indemnizaci\u00f3n puede resultar abrumador. Sin embargo, conocer sus derechos y los tipos de indemnizaci\u00f3n disponibles es el primer paso hacia la recuperaci\u00f3n. Busque apoyo legal para ayudarle a navegar este proceso con eficacia.<\/p>\n<h2>Por qu\u00e9 necesita un abogado con experiencia en accidentes de bicicleta en Charlotte<\/h2>\n<h3>La importancia de la representaci\u00f3n legal<\/h3>\n<p>Tener un abogado bien informado que represente sus intereses puede hacer una diferencia significativa cuando usted ha estado involucrado en un accidente de bicicleta. Navegar por las secuelas de un accidente de bicicleta puede ser abrumador. El panorama jur\u00eddico est\u00e1 lleno de matices que pueden afectar a su caso. Un abogado con experiencia en accidentes de bicicleta en Charlotte entiende estas complejidades y puede guiarle a trav\u00e9s del proceso. Defender\u00e1 sus derechos y se asegurar\u00e1 de que reciba un trato justo por parte de las compa\u00f1\u00edas de seguros y otras partes implicadas.<\/p>\n<h3>C\u00f3mo puede ayudarle un abogado a recuperar la m\u00e1xima indemnizaci\u00f3n<\/h3>\n<p>Un abogado experto sabe c\u00f3mo evaluar su situaci\u00f3n a fondo. Pueden identificar todas las posibles fuentes de compensaci\u00f3n, incluidos los gastos m\u00e9dicos, los salarios perdidos y el dolor y el sufrimiento. Con su experiencia, pueden construir un caso convincente y poner de relieve el alcance total de sus da\u00f1os. Esto es crucial en Carolina del Norte, donde las leyes relativas a la negligencia contribuyente pueden complicar las reclamaciones. Un abogado trabajar\u00e1 diligentemente para contrarrestar cualquier intento de la parte culpable de echarle la culpa a usted. Ellos tienen la intenci\u00f3n de asegurar la mayor compensaci\u00f3n posible, lo que le permite centrarse en su recuperaci\u00f3n sin el estr\u00e9s a\u00f1adido de las cargas financieras. En resumen, la contrataci\u00f3n de un abogado con experiencia en accidentes de bicicleta en Charlotte es esencial para navegar por las complejidades de su caso y asegurar que usted reciba la compensaci\u00f3n que se merece.<\/p>\n<h2>La elecci\u00f3n de Panchenko Law Firm como su abogado de accidente de bicicleta Charlotte<\/h2>\n<p>Cuando se enfrentan a las secuelas de un accidente de bicicleta, la selecci\u00f3n de la representaci\u00f3n legal adecuada es crucial. Las leyes civiles de Carolina del Norte son complejas, y las leyes de tr\u00e1fico para los ciclistas son tan complejas como para los conductores negligentes. Si usted est\u00e1 buscando una demanda por lesiones personales por un accidente de tr\u00e1fico que involucra a su bicicleta y un automovilista, estamos aqu\u00ed para ayudar. En Panchenko Law Firm, nos destacamos como una opci\u00f3n dedicada para aquellos que buscan justicia en Charlotte. Nuestra atenci\u00f3n se centra en usted, el cliente. Entendemos que cada caso es \u00fanico y requiere un enfoque personalizado. Las colisiones de bicicletas pueden conducir a lesiones catastr\u00f3ficas, y usted merece una compensaci\u00f3n justa por su dolor y sufrimiento.<\/p>\n<h3>Nuestro enfoque centrado en el cliente y el compromiso con la justicia<\/h3>\n<p>Damos prioridad a una filosof\u00eda centrada en el cliente. Esto significa que escuchamos sus necesidades y preocupaciones. Desde el momento en que usted nos contacta, nos comprometemos a brindarle un servicio excepcional. Nuestros abogados son defensores celosos que trabajan incansablemente para proteger sus derechos. Entendemos los desaf\u00edos que enfrenta despu\u00e9s de un accidente de bicicleta y estamos aqu\u00ed para guiarlo a trav\u00e9s del proceso legal con compasi\u00f3n y experiencia.<\/p>\n<h3>Conozca a nuestro equipo de abogados celosos<\/h3>\n<p>Nuestro equipo est\u00e1 formado por abogados con experiencia que se especializan en la ley de lesiones personales. Cada miembro aporta experiencia, conocimiento y un fuerte compromiso para luchar por sus derechos. Trabajamos en colaboraci\u00f3n para asegurar que su caso reciba la atenci\u00f3n que merece. Con nuestra experiencia combinada, podemos navegar eficazmente las complejidades de las reclamaciones de accidentes de bicicleta y perseguir la compensaci\u00f3n que necesita.<\/p>\n<p><a href=\"https:\/\/bpcounsel.com\/wp-content\/uploads\/2025\/01\/charlotte-bike-acc4a.webp\"><img loading=\"lazy\" decoding=\"async\" class=\"alignnone wp-image-3284 size-full\" src=\"https:\/\/bpcounsel.com\/wp-content\/uploads\/2025\/01\/charlotte-bike-acc4a.webp\" alt=\"Your Charlotte Bicycle Accident Lawyers\" width=\"500\" height=\"334\" srcset=\"https:\/\/bpcounsel.com\/wp-content\/uploads\/2025\/01\/charlotte-bike-acc4a.webp 500w, https:\/\/bpcounsel.com\/wp-content\/uploads\/2025\/01\/charlotte-bike-acc4a-300x200.webp 300w\" sizes=\"(max-width: 500px) 100vw, 500px\" \/><\/a><\/p>\n<h3>Asistencia multiling\u00fce y sin honorarios por adelantado<\/h3>\n<p>En Panchenko Law Firm, creemos en la accesibilidad. Nuestro personal habla varios idiomas, incluyendo ruso, ucraniano y espa\u00f1ol, asegurando que la comunicaci\u00f3n nunca sea una barrera. Adem\u00e1s, operamos sobre una base de contingencia, lo que significa que usted no paga honorarios por adelantado. Usted s\u00f3lo paga si ganamos su caso. Esto le permite centrarse en su recuperaci\u00f3n, mientras que nosotros nos encargamos de las complejidades legales. La elecci\u00f3n de Panchenko Law Firm significa ir con un socio dedicado a su \u00e9xito. Estamos aqu\u00ed para ayudarle a navegar por los retos que se avecinan y luchar por la compensaci\u00f3n m\u00e1xima que se merece. P\u00f3ngase en contacto hoy para dar el primer paso hacia la justicia.<\/p>\n<h2>Pasos a seguir tras un accidente de bicicleta<\/h2>\n<h3>Acciones inmediatas para proteger sus derechos<\/h3>\n<p>Despu\u00e9s de un accidente de bicicleta, sus acciones inmediatas pueden tener un impacto significativo en su capacidad para obtener una indemnizaci\u00f3n. En primer lugar, garantice su seguridad y busque atenci\u00f3n m\u00e9dica si es necesario. Incluso si se siente bien, algunas lesiones pueden no ser evidentes de inmediato. Documente el lugar del accidente haciendo fotos de su bicicleta, de los veh\u00edculos implicados y de la zona circundante. Estas pruebas pueden ser cruciales para su caso. A continuaci\u00f3n, intercambia informaci\u00f3n con las partes implicadas. Recopila los nombres, datos de contacto e informaci\u00f3n sobre el seguro de los conductores de los veh\u00edculos. Si hay testigos, recopile tambi\u00e9n su informaci\u00f3n de contacto. Esta informaci\u00f3n ser\u00e1 vital para su abogado a la hora de construir su caso.<\/p>\n<h3>Recopilaci\u00f3n de pruebas y construcci\u00f3n de un caso s\u00f3lido<\/h3>\n<p>La recopilaci\u00f3n de pruebas es esencial para establecer la responsabilidad en su caso de accidente de bicicleta. Obtenga una copia del informe policial, ya que puede contener detalles importantes sobre el accidente. Lleve un registro de todos los historiales m\u00e9dicos, facturas y correspondencia con las compa\u00f1\u00edas de seguros. Documente sus lesiones, tratamientos y cualquier impacto en su vida diaria. Esta documentaci\u00f3n le ayudar\u00e1 a demostrar el alcance de sus lesiones y la indemnizaci\u00f3n que puede solicitar. Considere la posibilidad de ponerse en contacto con un abogado especializado en accidentes de bicicleta en Charlotte lo antes posible. Una representaci\u00f3n legal con experiencia puede guiarle a trav\u00e9s de las complejidades de la ley de Carolina del Norte. Ellos pueden ayudarle a navegar por el proceso de reclamaciones de seguros y proteger sus derechos. Al tomar estos pasos, usted puede fortalecer su caso y trabajar para obtener la compensaci\u00f3n que se merece.<\/p>\n<p><img loading=\"lazy\" decoding=\"async\" class=\"alignnone wp-image-2593 size-full\" src=\"https:\/\/bpcounsel.com\/wp-content\/uploads\/2024\/12\/Legal-advice.webp\" alt=\"A personal injury lawyer gives advice to a client injured in a bicycle accident\" width=\"500\" height=\"333\" srcset=\"https:\/\/bpcounsel.com\/wp-content\/uploads\/2024\/12\/Legal-advice.webp 500w, https:\/\/bpcounsel.com\/wp-content\/uploads\/2024\/12\/Legal-advice-300x200.webp 300w\" sizes=\"(max-width: 500px) 100vw, 500px\" \/><\/p>\n<h3>Programe su consulta legal gratuita hoy mismo<\/h3>\n<p>Si usted ha estado involucrado en un accidente de bicicleta en Charlotte, comience por tomar las medidas adecuadas para proteger sus derechos y obtener la compensaci\u00f3n que se merece. Nuestros abogados con experiencia en accidentes de bicicleta en Panchenko Law Firm entienden las complejidades de los casos de accidentes de bicicleta y est\u00e1n aqu\u00ed para guiarlo a trav\u00e9s del proceso. Nuestra firma se especializa en leyes de tr\u00e1fico y casos de lesiones personales, y muchos clientes conf\u00edan en nosotros para que los representemos en su lucha por un acuerdo justo y una compensaci\u00f3n financiera. P\u00f3ngase en contacto con nosotros hoy para una consulta legal gratuita. Durante esta evaluaci\u00f3n gratuita del caso, vamos a discutir los detalles de su accidente, evaluar su caso, y delinear sus opciones legales. Nuestro experimentado equipo se dedica a ayudar a las v\u00edctimas de accidentes de bicicleta navegar por las secuelas de sus calvarios. Le proporcionaremos el apoyo que necesita para tomar decisiones informadas sobre su futuro. No lo dude. Cuanto antes se ponga en contacto con nosotros, mejor podr\u00e1n ayudarle nuestros abogados expertos en accidentes de bicicleta a construir un caso s\u00f3lido. Nuestros abogados est\u00e1n listos para luchar por sus derechos y asegurarse de que reciba la m\u00e1xima compensaci\u00f3n. Programe su consulta gratuita ahora y d\u00e9 el primer paso hacia la justicia.<\/p>\n","protected":false},"excerpt":{"rendered":"<p>Entendiendo los accidentes de bicicleta en Charlotte Los accidentes de bicicleta en Charlotte presentan desaf\u00edos \u00fanicos para los ciclistas. Cada a\u00f1o, numerosos ciclistas se enfrentan a incidentes que pueden conducir a lesiones graves o incluso mortales. Comprender la din\u00e1mica de estos accidentes es esencial tanto para los ciclistas como para los automovilistas. En Charlotte, la [&hellip;]<\/p>\n","protected":false},"author":45,"featured_media":0,"parent":3663,"menu_order":0,"comment_status":"closed","ping_status":"closed","template":"","meta":{"_acf_changed":false,"anchor_text":"","footnotes":""},"class_list":["post-3666","page","type-page","status-publish","hentry"],"acf":[],"_links":{"self":[{"href":"https:\/\/bpcounsel.com\/es\/wp-json\/wp\/v2\/pages\/3666","targetHints":{"allow":["GET"]}}],"collection":[{"href":"https:\/\/bpcounsel.com\/es\/wp-json\/wp\/v2\/pages"}],"about":[{"href":"https:\/\/bpcounsel.com\/es\/wp-json\/wp\/v2\/types\/page"}],"author":[{"embeddable":true,"href":"https:\/\/bpcounsel.com\/es\/wp-json\/wp\/v2\/users\/45"}],"replies":[{"embeddable":true,"href":"https:\/\/bpcounsel.com\/es\/wp-json\/wp\/v2\/comments?post=3666"}],"version-history":[{"count":4,"href":"https:\/\/bpcounsel.com\/es\/wp-json\/wp\/v2\/pages\/3666\/revisions"}],"predecessor-version":[{"id":3927,"href":"https:\/\/bpcounsel.com\/es\/wp-json\/wp\/v2\/pages\/3666\/revisions\/3927"}],"up":[{"embeddable":true,"href":"https:\/\/bpcounsel.com\/es\/wp-json\/wp\/v2\/pages\/3663"}],"wp:attachment":[{"href":"https:\/\/bpcounsel.com\/es\/wp-json\/wp\/v2\/media?parent=3666"}],"curies":[{"name":"wp","href":"https:\/\/api.w.org\/{rel}","templated":true}]}}