{"id":3663,"date":"2024-12-09T13:21:43","date_gmt":"2024-12-09T18:21:43","guid":{"rendered":"https:\/\/bpcounsel.com\/charlotte\/"},"modified":"2025-01-27T16:51:48","modified_gmt":"2025-01-27T21:51:48","slug":"charlotte","status":"publish","type":"page","link":"https:\/\/bpcounsel.com\/es\/charlotte\/","title":{"rendered":"Charlotte"},"content":{"rendered":"<p>Charlotte, Carolina del Norte, a menudo llamada la \u00abCiudad Reina\u00bb, es una metr\u00f3polis vibrante y de r\u00e1pido crecimiento en el sureste de Estados Unidos. Charlotte, la ciudad m\u00e1s grande de Carolina del Norte, posee una din\u00e1mica mezcla de modernidad y encanto sure\u00f1o, lo que la convierte en un lugar deseable para vivir, trabajar y visitar.<\/p>\n<p>Charlotte es un importante centro financiero, sede del Bank of America e importante centro de operaciones de Wells Fargo, lo que consolida su reputaci\u00f3n como potencia del sector bancario. El distrito Uptown de la ciudad es una animada zona repleta de rascacielos, atracciones culturales y pr\u00f3speros negocios. Los visitantes pueden explorar el Sal\u00f3n de la Fama de NASCAR, en honor a la profunda conexi\u00f3n de la ciudad con los deportes de motor, o disfrutar de una tarde en Discovery Place Science, un museo interactivo perfecto para familias.<\/p>\n<p>El panorama art\u00edstico y cultural de la ciudad es igualmente impresionante, con instituciones como el Mint Museum, el Levine Museum of the New South y el Blumenthal Performing Arts Center, que muestran la dedicaci\u00f3n de Charlotte a la creatividad y la historia. Los entusiastas del deporte pueden animar a los Carolina Panthers de la NFL, a los Charlotte Hornets de la NBA o al equipo de f\u00fatbol Charlotte FC, fomentando una apasionada afici\u00f3n local.<\/p>\n<p>Gracias a su s\u00f3lida econom\u00eda, su rica oferta cultural y su acogedora comunidad, Charlotte sigue atrayendo a personas de todo el mundo. Tanto si busca una nueva oportunidad profesional, una escapada de fin de semana o un lugar al que llamar hogar, Charlotte tiene algo que ofrecer a todo el mundo.<\/p>\n","protected":false},"excerpt":{"rendered":"<p>Charlotte, Carolina del Norte, a menudo llamada la \u00abCiudad Reina\u00bb, es una metr\u00f3polis vibrante y de r\u00e1pido crecimiento en el sureste de Estados Unidos. Charlotte, la ciudad m\u00e1s grande de Carolina del Norte, posee una din\u00e1mica mezcla de modernidad y encanto sure\u00f1o, lo que la convierte en un lugar deseable para vivir, trabajar y visitar. [&hellip;]<\/p>\n","protected":false},"author":22,"featured_media":3403,"parent":0,"menu_order":0,"comment_status":"closed","ping_status":"closed","template":"","meta":{"_acf_changed":false,"anchor_text":"","footnotes":""},"class_list":["post-3663","page","type-page","status-publish","has-post-thumbnail","hentry"],"acf":[],"_links":{"self":[{"href":"https:\/\/bpcounsel.com\/es\/wp-json\/wp\/v2\/pages\/3663","targetHints":{"allow":["GET"]}}],"collection":[{"href":"https:\/\/bpcounsel.com\/es\/wp-json\/wp\/v2\/pages"}],"about":[{"href":"https:\/\/bpcounsel.com\/es\/wp-json\/wp\/v2\/types\/page"}],"author":[{"embeddable":true,"href":"https:\/\/bpcounsel.com\/es\/wp-json\/wp\/v2\/users\/22"}],"replies":[{"embeddable":true,"href":"https:\/\/bpcounsel.com\/es\/wp-json\/wp\/v2\/comments?post=3663"}],"version-history":[{"count":4,"href":"https:\/\/bpcounsel.com\/es\/wp-json\/wp\/v2\/pages\/3663\/revisions"}],"predecessor-version":[{"id":3914,"href":"https:\/\/bpcounsel.com\/es\/wp-json\/wp\/v2\/pages\/3663\/revisions\/3914"}],"wp:featuredmedia":[{"embeddable":true,"href":"https:\/\/bpcounsel.com\/es\/wp-json\/wp\/v2\/media\/3403"}],"wp:attachment":[{"href":"https:\/\/bpcounsel.com\/es\/wp-json\/wp\/v2\/media?parent=3663"}],"curies":[{"name":"wp","href":"https:\/\/api.w.org\/{rel}","templated":true}]}}