{"id":3637,"date":"2020-12-08T16:33:50","date_gmt":"2020-12-08T21:33:50","guid":{"rendered":"https:\/\/bpcounsel.com\/dmitriy-panchenko\/"},"modified":"2025-01-22T10:34:03","modified_gmt":"2025-01-22T15:34:03","slug":"dmitriy-panchenko","status":"publish","type":"page","link":"https:\/\/bpcounsel.com\/es\/dmitriy-panchenko\/","title":{"rendered":"Dmitriy Panchenko"},"content":{"rendered":"\t\t<div data-elementor-type=\"wp-page\" data-elementor-id=\"3637\" class=\"elementor elementor-3637 elementor-51\" data-elementor-post-type=\"page\">\n\t\t\t\t<div class=\"elementor-element elementor-element-1e2e84c5 e-flex e-con-boxed e-con e-parent\" data-id=\"1e2e84c5\" data-element_type=\"container\" data-e-type=\"container\">\n\t\t\t\t\t<div class=\"e-con-inner\">\n\t\t\t\t<div class=\"elementor-element elementor-element-684f1d2 elementor-blockquote--skin-boxed elementor-widget elementor-widget-blockquote\" data-id=\"684f1d2\" data-element_type=\"widget\" data-e-type=\"widget\" data-widget_type=\"blockquote.default\">\n\t\t\t\t\t\t\t<blockquote class=\"elementor-blockquote\">\n\t\t\t<p class=\"elementor-blockquote__content\">\n\t\t\t\t\"No hay norma jur\u00eddica m\u00e1s elevada que comprometerse a perseguir la justicia a pesar de la oposici\u00f3n\"\t\t\t<\/p>\n\t\t\t\t\t\t\t<div class=\"e-q-footer\">\n\t\t\t\t\t\t\t\t\t\t\t<cite class=\"elementor-blockquote__author\">Dmitriy Panchenko<\/cite>\n\t\t\t\t\t\t\t\t\t\t\t\t\t\t<\/div>\n\t\t\t\t\t<\/blockquote>\n\t\t\t\t\t\t<\/div>\n\t\t\t\t<div class=\"elementor-element elementor-element-48fba9f0 elementor-widget elementor-widget-text-editor\" data-id=\"48fba9f0\" data-element_type=\"widget\" data-e-type=\"widget\" data-widget_type=\"text-editor.default\">\n\t\t\t\t\t\t\t\t\t<p>Navegar por el proceso judicial, ya sea civil o penal, puede ser desalentador e incierto. Dmitriy Panchenko reconoce estos retos y pone mucho \u00e9nfasis en mantener una comunicaci\u00f3n abierta y r\u00e1pida con sus clientes, proporcion\u00e1ndoles orientaci\u00f3n paso a paso para aliviar sus preocupaciones. Cree firmemente que cada caso merece una defensa exhaustiva y que cada cliente tiene derecho a una dedicaci\u00f3n inquebrantable y a una atenci\u00f3n personal.<\/p>\n<p>La trayectoria acad\u00e9mica de Dmitriy comenz\u00f3 en <a href=\"https:\/\/www.charlotte.edu\/\" target=\"_blank\" rel=\"noopener\">la UNC de Charlotte<\/a>, donde se licenci\u00f3 Magna Cum Laude en Finanzas. Se licenci\u00f3 en Derecho Cum Laude en la Facultad de Derecho de Charlotte, quedando entre el 10% de los mejores de su promoci\u00f3n. Durante su estancia all\u00ed, prest\u00f3 sus servicios a la comunidad como Pasante Jur\u00eddico Certificado, adquiriendo una experiencia pr\u00e1ctica que dio forma a su enfoque de la defensa centrada en el cliente. Tras aprobar el Colegio de Abogados de Carolina del Norte, Dmitriy puso en marcha su propio bufete de abogados en Charlotte, impulsado por su compromiso con el servicio personalizado. Fuera de su trabajo jur\u00eddico, Dmitriy disfruta pasando tiempo de calidad con su familia, manteni\u00e9ndose activo mediante el fitness, explorando nuevos destinos y contribuyendo a la comunidad de su iglesia local.<\/p>\n\t\t\t\t\t\t\t\t<\/div>\n\t\t\t\t<div class=\"elementor-element elementor-element-cff661e elementor-widget elementor-widget-heading\" data-id=\"cff661e\" data-element_type=\"widget\" data-e-type=\"widget\" data-widget_type=\"heading.default\">\n\t\t\t\t\t<h3 class=\"elementor-heading-title elementor-size-default\">Educaci\u00f3n<\/h3>\t\t\t\t<\/div>\n\t\t\t\t<div class=\"elementor-element elementor-element-38da1cd elementor-widget-divider--view-line elementor-widget elementor-widget-divider\" data-id=\"38da1cd\" data-element_type=\"widget\" data-e-type=\"widget\" data-widget_type=\"divider.default\">\n\t\t\t\t\t\t\t<div class=\"elementor-divider\">\n\t\t\t<span class=\"elementor-divider-separator\">\n\t\t\t\t\t\t<\/span>\n\t\t<\/div>\n\t\t\t\t\t\t<\/div>\n\t\t\t\t<div class=\"elementor-element elementor-element-5dac906 elementor-widget elementor-widget-text-editor\" data-id=\"5dac906\" data-element_type=\"widget\" data-e-type=\"widget\" data-widget_type=\"text-editor.default\">\n\t\t\t\t\t\t\t\t\t<ul>\n<li>Universidad de Carolina del Norte en Charlotte: Licenciada en Administraci\u00f3n de Empresas &#8211; Finanzas (Magna Cum Laude).<\/li>\n<li>Facultad de Derecho de Charlotte: Doctorado en Derecho (Cum Laude \/ 10% mejor de la clase)<\/li>\n<\/ul>\n\t\t\t\t\t\t\t\t<\/div>\n\t\t\t\t<div class=\"elementor-element elementor-element-422c2e3 elementor-widget elementor-widget-heading\" data-id=\"422c2e3\" data-element_type=\"widget\" data-e-type=\"widget\" data-widget_type=\"heading.default\">\n\t\t\t\t\t<h3 class=\"elementor-heading-title elementor-size-default\">Acceso a la abogac\u00eda<\/h3>\t\t\t\t<\/div>\n\t\t\t\t<div class=\"elementor-element elementor-element-5f39f45 elementor-widget-divider--view-line elementor-widget elementor-widget-divider\" data-id=\"5f39f45\" data-element_type=\"widget\" data-e-type=\"widget\" data-widget_type=\"divider.default\">\n\t\t\t\t\t\t\t<div class=\"elementor-divider\">\n\t\t\t<span class=\"elementor-divider-separator\">\n\t\t\t\t\t\t<\/span>\n\t\t<\/div>\n\t\t\t\t\t\t<\/div>\n\t\t\t\t<div class=\"elementor-element elementor-element-fe334ce elementor-widget elementor-widget-text-editor\" data-id=\"fe334ce\" data-element_type=\"widget\" data-e-type=\"widget\" data-widget_type=\"text-editor.default\">\n\t\t\t\t\t\t\t\t\t<ul>\n<li>Estado &#8211; Colegio de Abogados de Carolina del Norte<\/li>\n<li>Federal &#8211; Distrito Oeste de Carolina del Norte<\/li>\n<li>Estado &#8211; Colegio de Abogados de Carolina del Sur<\/li>\n<li>Colegio de Abogados del Condado de Mecklenburg<\/li>\n<\/ul>\n\t\t\t\t\t\t\t\t<\/div>\n\t\t\t\t<div class=\"elementor-element elementor-element-9e13849 elementor-widget elementor-widget-heading\" data-id=\"9e13849\" data-element_type=\"widget\" data-e-type=\"widget\" data-widget_type=\"heading.default\">\n\t\t\t\t\t<h3 class=\"elementor-heading-title elementor-size-default\">Admitido a ejercer<\/h3>\t\t\t\t<\/div>\n\t\t\t\t<div class=\"elementor-element elementor-element-ad2fedf elementor-widget-divider--view-line elementor-widget elementor-widget-divider\" data-id=\"ad2fedf\" data-element_type=\"widget\" data-e-type=\"widget\" data-widget_type=\"divider.default\">\n\t\t\t\t\t\t\t<div class=\"elementor-divider\">\n\t\t\t<span class=\"elementor-divider-separator\">\n\t\t\t\t\t\t<\/span>\n\t\t<\/div>\n\t\t\t\t\t\t<\/div>\n\t\t\t\t<div class=\"elementor-element elementor-element-f8f506c elementor-widget elementor-widget-text-editor\" data-id=\"f8f506c\" data-element_type=\"widget\" data-e-type=\"widget\" data-widget_type=\"text-editor.default\">\n\t\t\t\t\t\t\t\t\t<ul>\n<li>Carolina del Norte Ubicaci\u00f3n &#8211; Matthews\/Charlotte (Principal)<\/li>\n<li>Ubicaci\u00f3n en Carolina del Sur &#8211; Spartanburg\/Greenville (Con cita previa)x<\/li>\n<\/ul>\n\t\t\t\t\t\t\t\t<\/div>\n\t\t\t\t<div class=\"elementor-element elementor-element-b360639 elementor-widget elementor-widget-heading\" data-id=\"b360639\" data-element_type=\"widget\" data-e-type=\"widget\" data-widget_type=\"heading.default\">\n\t\t\t\t\t<h3 class=\"elementor-heading-title elementor-size-default\">Premios y reconocimientos<\/h3>\t\t\t\t<\/div>\n\t\t\t\t<div class=\"elementor-element elementor-element-76a8b92 elementor-widget-divider--view-line elementor-widget elementor-widget-divider\" data-id=\"76a8b92\" data-element_type=\"widget\" data-e-type=\"widget\" data-widget_type=\"divider.default\">\n\t\t\t\t\t\t\t<div class=\"elementor-divider\">\n\t\t\t<span class=\"elementor-divider-separator\">\n\t\t\t\t\t\t<\/span>\n\t\t<\/div>\n\t\t\t\t\t\t<\/div>\n\t\t\t\t<div class=\"elementor-element elementor-element-c1bf836 elementor-widget elementor-widget-text-editor\" data-id=\"c1bf836\" data-element_type=\"widget\" data-e-type=\"widget\" data-widget_type=\"text-editor.default\">\n\t\t\t\t\t\t\t\t\t<ul>\n<li>Premio CALI &#8211; Facultad de Derecho de Charlotte, 2015<\/li>\n<li>Orden de la Corona &#8211; Facultad de Derecho de Charlotte, 2014<\/li>\n<\/ul>\n\t\t\t\t\t\t\t\t<\/div>\n\t\t<div class=\"elementor-element elementor-element-d7c3c17 e-con-full e-flex e-con e-child\" data-id=\"d7c3c17\" data-element_type=\"container\" data-e-type=\"container\">\n\t\t<div class=\"elementor-element elementor-element-b4cb6e3 e-con-full e-flex e-con e-child\" data-id=\"b4cb6e3\" data-element_type=\"container\" data-e-type=\"container\">\n\t\t\t\t<div class=\"elementor-element elementor-element-95d8220 elementor-widget elementor-widget-image\" data-id=\"95d8220\" data-element_type=\"widget\" data-e-type=\"widget\" data-widget_type=\"image.default\">\n\t\t\t\t\t\t\t\t\t\t\t\t\t\t\t\t<a href=\"https:\/\/www.elitelawyer.com\/profile\/11983-dimitriy-panchenko\" target=\"_blank\" rel=\"noopener\">\n\t\t\t\t\t\t\t<img fetchpriority=\"high\" decoding=\"async\" width=\"250\" height=\"244\" src=\"https:\/\/bpcounsel.com\/wp-content\/uploads\/2024\/12\/elite-pi-2024-copy.webp\" class=\"attachment-large size-large wp-image-3469\" alt=\"\" \/>\t\t\t\t\t\t\t\t<\/a>\n\t\t\t\t\t\t\t\t\t\t\t\t\t\t\t<\/div>\n\t\t\t\t<\/div>\n\t\t<div class=\"elementor-element elementor-element-2c4278b e-con-full elementor-hidden-mobile e-flex e-con e-child\" data-id=\"2c4278b\" data-element_type=\"container\" data-e-type=\"container\">\n\t\t\t\t<\/div>\n\t\t<div class=\"elementor-element elementor-element-1d1525f e-con-full elementor-hidden-mobile e-flex e-con e-child\" data-id=\"1d1525f\" data-element_type=\"container\" data-e-type=\"container\">\n\t\t\t\t<\/div>\n\t\t<div class=\"elementor-element elementor-element-2dafc0e e-con-full elementor-hidden-mobile e-flex e-con e-child\" data-id=\"2dafc0e\" data-element_type=\"container\" data-e-type=\"container\">\n\t\t\t\t<\/div>\n\t\t\t\t<\/div>\n\t\t\t\t\t<\/div>\n\t\t\t\t<\/div>\n\t\t\t\t<\/div>\n\t\t","protected":false},"excerpt":{"rendered":"<p>\u00abNo hay norma jur\u00eddica m\u00e1s elevada que comprometerse a perseguir la justicia a pesar de la oposici\u00f3n\u00bb Dmitriy Panchenko Navegar por el proceso judicial, ya sea civil o penal, puede ser desalentador e incierto. Dmitriy Panchenko reconoce estos retos y pone mucho \u00e9nfasis en mantener una comunicaci\u00f3n abierta y r\u00e1pida con sus clientes, proporcion\u00e1ndoles orientaci\u00f3n [&hellip;]<\/p>\n","protected":false},"author":22,"featured_media":3614,"parent":0,"menu_order":0,"comment_status":"closed","ping_status":"closed","template":"","meta":{"_acf_changed":false,"anchor_text":"","footnotes":""},"class_list":["post-3637","page","type-page","status-publish","has-post-thumbnail","hentry"],"acf":[],"_links":{"self":[{"href":"https:\/\/bpcounsel.com\/es\/wp-json\/wp\/v2\/pages\/3637","targetHints":{"allow":["GET"]}}],"collection":[{"href":"https:\/\/bpcounsel.com\/es\/wp-json\/wp\/v2\/pages"}],"about":[{"href":"https:\/\/bpcounsel.com\/es\/wp-json\/wp\/v2\/types\/page"}],"author":[{"embeddable":true,"href":"https:\/\/bpcounsel.com\/es\/wp-json\/wp\/v2\/users\/22"}],"replies":[{"embeddable":true,"href":"https:\/\/bpcounsel.com\/es\/wp-json\/wp\/v2\/comments?post=3637"}],"version-history":[{"count":1,"href":"https:\/\/bpcounsel.com\/es\/wp-json\/wp\/v2\/pages\/3637\/revisions"}],"predecessor-version":[{"id":3638,"href":"https:\/\/bpcounsel.com\/es\/wp-json\/wp\/v2\/pages\/3637\/revisions\/3638"}],"wp:featuredmedia":[{"embeddable":true,"href":"https:\/\/bpcounsel.com\/es\/wp-json\/wp\/v2\/media\/3614"}],"wp:attachment":[{"href":"https:\/\/bpcounsel.com\/es\/wp-json\/wp\/v2\/media?parent=3637"}],"curies":[{"name":"wp","href":"https:\/\/api.w.org\/{rel}","templated":true}]}}